{"id":168,"date":"2022-10-27T22:33:40","date_gmt":"2022-10-27T22:33:40","guid":{"rendered":"https:\/\/urbanbeautyonline.com\/de\/?post_type=product&#038;p=168"},"modified":"2023-01-19T22:11:47","modified_gmt":"2023-01-19T22:11:47","slug":"beauty-focus-collagen","status":"publish","type":"product","link":"https:\/\/urbanbeautyonline.com\/de\/nuskin\/beauty-focus-collagen\/","title":{"rendered":"Beauty Focus Collagen+"},"content":{"rendered":"<h3>BEAUTY FOCUS COLLAGEN+ PULVER COLLAGEN+ PLUS KAUFEN<\/h3>\n<div class=\"su-youtube su-u-responsive-media-yes\"><iframe loading=\"lazy\" width=\"600\" height=\"400\" src=\"https:\/\/www.youtube.com\/embed\/90vfYwldxEg?\" frameborder=\"0\" allowfullscreen allow=\"autoplay; encrypted-media; picture-in-picture\" title=\"BEAUTY FOCUS COLLAGEN+ PULVER COLLAGEN+ PLUS KAUFEN\"><\/iframe><\/div>\n<div class=\"su-spoiler su-spoiler-style-simple su-spoiler-icon-plus su-spoiler-closed\" data-scroll-offset=\"0\" data-anchor-in-url=\"no\"><div class=\"su-spoiler-title\" tabindex=\"0\" role=\"button\"><span class=\"su-spoiler-icon\"><\/span>NICHT UMSONST EIN FAVORIT!<\/div><div class=\"su-spoiler-content su-u-clearfix su-u-trim\">\n<div class=\"su-row\">\n<div class=\"su-column su-column-size-1-5\"><div class=\"su-column-inner su-u-clearfix su-u-trim\">\n<p><center><img decoding=\"async\" src=\"https:\/\/i0.wp.com\/urbanbeautyonline.com\/de\/wp-content\/uploads\/2022\/10\/skin-elasticity.png.webp?resize=50%2C50&#038;ssl=1\" alt=\"BEAUTY FOCUS COLLAGEN+ PULVER COLLAGEN+ PLUS KAUFEN\" width=\"50\" height=\"50\" title=\"\" data-recalc-dims=\"1\"><br \/>\nBewahrt die Elastizit\u00e4t der Haut.<\/center><\/div><\/div>\n<div class=\"su-column su-column-size-1-5\"><div class=\"su-column-inner su-u-clearfix su-u-trim\">\n<p><center><img decoding=\"async\" src=\"https:\/\/i0.wp.com\/urbanbeautyonline.com\/de\/wp-content\/uploads\/2022\/10\/radiance.png.webp?resize=50%2C50&#038;ssl=1\" alt=\"BEAUTY FOCUS COLLAGEN+ PULVER COLLAGEN+ PLUS KAUFEN\" width=\"50\" height=\"50\" title=\"\" data-recalc-dims=\"1\"><br \/>\nWirkt sich positiv auf strahlende Haut aus.<\/center><\/div><\/div>\n<div class=\"su-column su-column-size-1-5\"><div class=\"su-column-inner su-u-clearfix su-u-trim\">\n<p><center><img decoding=\"async\" src=\"https:\/\/i0.wp.com\/urbanbeautyonline.com\/de\/wp-content\/uploads\/2022\/10\/skin-texture.png.webp?resize=50%2C50&#038;ssl=1\" alt=\"BEAUTY FOCUS COLLAGEN+ PULVER COLLAGEN+ PLUS KAUFEN\" width=\"50\" height=\"50\" title=\"\" data-recalc-dims=\"1\"><br \/>\nErh\u00e4lt die normale Struktur der Haut.<\/center><\/div><\/div>\n<div class=\"su-column su-column-size-1-5\"><div class=\"su-column-inner su-u-clearfix su-u-trim\">\n<p><center><img decoding=\"async\" src=\"https:\/\/i0.wp.com\/urbanbeautyonline.com\/de\/wp-content\/uploads\/2022\/10\/eye-wrinkle.png.webp?resize=50%2C50&#038;ssl=1\" alt=\"BEAUTY FOCUS COLLAGEN+ PULVER COLLAGEN+ PLUS KAUFEN\" width=\"50\" height=\"50\" title=\"\" data-recalc-dims=\"1\"><br \/>\n17 % Milderung von F\u00e4ltchen im Augenbereich nach 8 Wochen. <strong>(1)<\/strong><\/center><\/div><\/div>\n<div class=\"su-column su-column-size-1-5\"><div class=\"su-column-inner su-u-clearfix su-u-trim\">\n<p><center><img decoding=\"async\" src=\"https:\/\/i0.wp.com\/urbanbeautyonline.com\/de\/wp-content\/uploads\/2022\/10\/lumi-spa.png.webp?resize=50%2C50&#038;ssl=1\" alt=\"BEAUTY FOCUS COLLAGEN+ PULVER COLLAGEN+ PLUS KAUFEN\" width=\"50\" height=\"50\" title=\"\" data-recalc-dims=\"1\"><br \/>\nUnterst\u00fctzt klinisch nachweislich die Vorteile des LumiSpa-Hautpflegesystems (Ausstrahlung, Textur und Gesamterscheinung der Haut).<\/center><\/div><\/div>\n<\/div>\n<p><strong>(1) Hautpharmakologische physiol. klinische Studie mit 114 Frauen im Alter zwischen 45 und 65 Jahren, die 8 Wochen lang 2,5 g Kollagenpeptid einnahmen (n = 57). Die Kontrollgruppe (n = 57) erhielt ein Placebo<\/strong><br \/>\n<\/div><\/div>\n<div class=\"su-spoiler su-spoiler-style-simple su-spoiler-icon-plus su-spoiler-closed\" data-scroll-offset=\"0\" data-anchor-in-url=\"no\"><div class=\"su-spoiler-title\" tabindex=\"0\" role=\"button\"><span class=\"su-spoiler-icon\"><\/span>ANWENDUNG<\/div><div class=\"su-spoiler-content su-u-clearfix su-u-trim\">\n<p><center><img decoding=\"async\" src=\"https:\/\/i0.wp.com\/urbanbeautyonline.com\/de\/wp-content\/uploads\/2022\/10\/collagen-how-to.gif?resize=300%2C300&#038;ssl=1\" alt=\"BEAUTY FOCUS COLLAGEN+ PULVER COLLAGEN+ PLUS KAUFEN\" width=\"300\" height=\"300\" title=\"\" data-recalc-dims=\"1\"><br \/>\nEinen Portionsbeutel in 100 ml Wasser aufl\u00f6sen. Gleich nach dem Anr\u00fchren konsumieren. Einmal t\u00e4glich einnehmen.<\/center><\/p>\n<p><strong>SCHON GEWUSST \u2026?<\/strong><br \/>\nWenn du Beauty Focus Collagen+ pulver in deinem JVi Getr\u00e4nkt aufl\u00f6st, profitieren deine Haut wie dein K\u00f6rper!<br \/>\n<\/div><\/div>\n<div class=\"su-spoiler su-spoiler-style-simple su-spoiler-icon-plus su-spoiler-closed\" data-scroll-offset=\"0\" data-anchor-in-url=\"no\"><div class=\"su-spoiler-title\" tabindex=\"0\" role=\"button\"><span class=\"su-spoiler-icon\"><\/span>WICHTIGE INHALTSSTOFFE<\/div><div class=\"su-spoiler-content su-u-clearfix su-u-trim\">\n<h3>BEAUTY FOCUS COLLAGEN+ INHALTSSTOFFE<\/h3>\n<p><strong>Mit Kollagenpeptiden formuliert:<\/strong><br \/>\nKollagenpeptide werden aus Kollagen gewonnen, und sind doch ganz anders.<\/p>\n<ul>\n<li>Kollagenpeptide werden besser aufgenommen<\/li>\n<li>Kollagenpeptide sind gut verdaulich<\/li>\n<li>Kollagenpeptide verteilen sich leicht im ganzen K\u00f6rper<\/li>\n<\/ul>\n<div class=\"su-row\">\n<div class=\"su-column su-column-size-1-3\"><div class=\"su-column-inner su-u-clearfix su-u-trim\">\n<p><center><img decoding=\"async\" src=\"https:\/\/i0.wp.com\/urbanbeautyonline.com\/de\/wp-content\/uploads\/2022\/10\/ingredient-collagen-2.webp?resize=80%2C80&#038;ssl=1\" alt=\"BEAUTY FOCUS COLLAGEN+ PULVER COLLAGEN+ PLUS KAUFEN\" width=\"80\" height=\"80\" title=\"\" data-recalc-dims=\"1\"><br \/>\n<strong>Kollagenhydrolysat:<\/strong> Nu Skin Beauty Focus Collagen+ wird von unserem Lieferanten w\u00e4hrend der Hydrolyse besonders kontrolliert mit dem Ziel, das richtige Kollagenpeptidprofil bzw. den passgenauen Peptid-\u201eFingerabdruck\u201c f\u00fcr Sch\u00f6nheitszwecke zu erhalten \u2013 belegt durch klinische Studien am Menschen, die eine Verbesserung des Hautbildes nahelegen.<\/center><\/div><\/div>\n<div class=\"su-column su-column-size-1-3\"><div class=\"su-column-inner su-u-clearfix su-u-trim\">\n<p><center><img decoding=\"async\" src=\"https:\/\/i0.wp.com\/urbanbeautyonline.com\/de\/wp-content\/uploads\/2022\/10\/ingredient-wheat-oil-extract.webp?resize=80%2C80&#038;ssl=1\" alt=\"BEAUTY FOCUS COLLAGEN+ PULVER COLLAGEN+ PLUS KAUFEN\" width=\"80\" height=\"80\" title=\"\" data-recalc-dims=\"1\"><br \/>\n<strong>Weizenkeimextrakt:<\/strong> Gewonnen aus den N\u00e4hrstoffreserven des Weizens, dem f\u00fcr die Menschheitsgeschichte so bedeutsamen alten Getreide. Weizenkeimextrakt ist eine hochwertige pflanzliche Ceramidquelle, eine Klasse von Lipiden, die einen wichtigen Beitrag zur Versch\u00f6nerung der Haut leisten.<\/center><\/div><\/div>\n<div class=\"su-column su-column-size-1-3\"><div class=\"su-column-inner su-u-clearfix su-u-trim\">\n<p><center><img decoding=\"async\" src=\"https:\/\/i0.wp.com\/urbanbeautyonline.com\/de\/wp-content\/uploads\/2022\/10\/ingredient-marigold-flower-lutein.webp?resize=80%2C80&#038;ssl=1\" alt=\"BEAUTY FOCUS COLLAGEN+ PULVER COLLAGEN+ PLUS KAUFEN\" width=\"80\" height=\"80\" title=\"\" data-recalc-dims=\"1\"><br \/>\n<strong>Lutein:<\/strong> Lutein wird aus Ringelblumen mit orangefarbenen Bl\u00fctenbl\u00e4ttern gewonnen, der Farbe des Sonnenscheins, die sich im Farbton von Beauty Focus Collagen+ widerspiegelt.<\/center><\/div><\/div>\n<\/div>\n<p><strong>INHALTSSTOFFE:<\/strong><br \/>\nKollagenhydrolysat 2.500 mg\/Beutel, Geschmacksverst\u00e4rker: Citronens\u00e4ure, nat\u00fcrliches Aroma, Lutein 5 mg\/Beutel, Weizenkeimextrakt (Triticum aestivum L.) (Gluten) 70 mg\/Beutel, S\u00fc\u00dfungsmittel: Steviolglycoside aus Stevia, Trennmittel: Siliciumdioxid, Farbstoff: Carotin.<\/p>\n<p><strong>Allergiehinweis:<\/strong> Allergene sind fettgedruckt. Kann Fisch, Milch, Soja, Sellerie, Senf, Schwefeldioxid und Sulfite enthalten.<\/p>\n<p><strong>MENGE PRO PORTION IN 1 BEUTEL:<\/strong><\/p>\n<ol>\n<li><strong>Kollagenhydrolysat:<\/strong> 2.500 mg<\/li>\n<li><strong>Weizenkeimextrakt (enth\u00e4lt Ceramide):<\/strong> 70 mg<\/li>\n<li><strong>Lutein (aus Ringelblumenextrakt):<\/strong> 5 mg<\/li>\n<\/ol>\n<\/div><\/div>\n<div class=\"su-spoiler su-spoiler-style-simple su-spoiler-icon-plus su-spoiler-closed\" data-scroll-offset=\"0\" data-anchor-in-url=\"no\"><div class=\"su-spoiler-title\" tabindex=\"0\" role=\"button\"><span class=\"su-spoiler-icon\"><\/span>SCHON GEWUSST \u2026?<\/div><div class=\"su-spoiler-content su-u-clearfix su-u-trim\">\n<h3>BEAUTY FOCUS COLLAGEN+ VIDEO<\/h3>\n<p>Unsere Kollagenpeptide weisen ein sehr spezifisches Peptidprofil oder einen Peptid-&#8220;Fingerabdruck&#8221; auf, der sie f\u00fcr die Sch\u00f6nheit optimiert, wie klinische Studien am Menschen zeigen, die eine Verbesserung des Erscheinungsbildes der Hautmerkmale belegen.<br \/>\n<\/div><\/div>\n<div class=\"su-spoiler su-spoiler-style-simple su-spoiler-icon-plus su-spoiler-closed\" data-scroll-offset=\"0\" data-anchor-in-url=\"no\"><div class=\"su-spoiler-title\" tabindex=\"0\" role=\"button\"><span class=\"su-spoiler-icon\"><\/span>H\u00c4UFIGE FRAGEN<\/div><div class=\"su-spoiler-content su-u-clearfix su-u-trim\">\n<h3>BEAUTY FOCUS COLLAGEN+ H\u00c4UFIGE FRAGEN<\/h3>\n<p><strong>Was ist Kollagen?<\/strong><br \/>\nKollagen ist ein Strukturprotein der Haut im menschlichen K\u00f6rper. Sicher haben viele schon von Kollagen im Zusammenhang mit Sch\u00f6nheit und seiner Rolle bei der Reduzierung der sichtbaren Zeichen der Hautalterung geh\u00f6rt. Kollagen spielt im Alterungsprozess eine wichtige Rolle, was das Erscheinungsbild feiner Linien, F\u00e4ltchen und anderer sichtbarer Zeichen der Hautalterung angeht.<\/p>\n<p><strong>Was ist Beauty Focus Collagen+?<\/strong><br \/>\nBeauty Focus Collagen+ ist ein Beauty-Nahrungserg\u00e4nzungsmittel (Nutrikosmetik) mit sachkundig ausgew\u00e4hlten Inhaltsstoffen, die nachgewiesene Anti-Aging-Vorteile bieten. Jeder Beutel unseres Collagen+ enth\u00e4lt Kollagenhydrolysat und Weizenkeimextrakt. Ein weiterer Inhaltsstoff ist Lutein. Beauty Focus Collagen+ unterst\u00fctzt nachweislich verschiedene wichtige Bereiche der Hautsch\u00f6nheit. Es tr\u00e4gt dazu bei, die Elastizit\u00e4t der haut zu erhalten, ihre Strahlkraft positiv zu beeinflussen, ihre normale Struktur zu bewahren und nach 4 Monaten der Anwendung F\u00e4ltchen im Augenbereich zu mildern.<\/p>\n<p><strong>Woher kommen die Kollagenpeptide in Collagen+?<\/strong><br \/>\nUnsere Kollagenpeptide stammen aus Rinderkollagen vom Typ I, deren Quelle vorwiegend K\u00fchen aus Weidehaltung sind, die sich von Gras oder gemischtem Gem\u00fcse ern\u00e4hren. Zur Gewinnung von Peptidsequenzen kann jeder Kollagentyp verwendet werden, solange das Kollagen das spezielle Hydrolyseverfahren durchl\u00e4uft.<\/p>\n<p><strong>Stammt das Beauty Focus Collagen+ von K\u00fchen aus Weidehaltung, die sich von Gras ern\u00e4hren?<\/strong><br \/>\nDas Kollagenhydrolysat stammt vorwiegend von K\u00fchen as Weidehaltung, die sich von Gras oder gemischtem Gem\u00fcse ern\u00e4hren. (Hinweis: Das gilt f\u00fcr den Gro\u00dfteil, uns liegen keine Angaben zum Rest vor.)<\/p>\n<p><strong>Was macht die Peptide in Collagen+ so besonders?<\/strong><br \/>\nDas Kollagen in Collagen+ wird von unserem Lieferanten w\u00e4hrend der Hydrolyse besonders kontrolliert, mit dem Ziel, ein optimales Kollagenpeptidprofil bzw. den optimalen Peptid-, \u201cFingerabdruck\u201d zu erhalten, was sich in der Verbesserung des Hautbildes zeigt.<\/p>\n<p><strong>Ist Collagen+ vegan oder vegetarisch?<\/strong><br \/>\nBeauty Focus Collagen+ enth\u00e4lt aus Rinderhaut gewonnene Kollagenpeptide. Ublicherweise wird das Kollagen in Nahrungserg\u00e4nzungsmitteln aus Rind, Schwein oder maritimen Quellen gewonnen. Die spezifische Quelle in Collagen+ hat sich bei Einnahme in der empfohlenen Dosierung als besonders sch\u00f6nheitsf\u00f6rdernderwiesen.<\/p>\n<p>Wir wisen, dass Wissenschaftler Wege zur Herstellung von veganem Kollagen entwickelt haben. Das in Collagen+ verwendete Kollagen ist jedoch nach wie vor eine der am besten erforschten Formen von Kollagen, das f\u00fcr Sch\u00f6nheitszwecke verwendet wird.<\/p>\n<p><strong>Ist Collagen+ glutenfrei?<\/strong><br \/>\nJa. Nach den gesetzlichen Vorgaben der EU d\u00fcrfen Produkte mit einem Glutengehalt unter 20 ppm als glutenfrei bezeichnet werden. Da der Weizenkeimextrakt in Beauty Focus Collagen+ jedoch bis zu 3 ppm Gluten enth\u00e4lt, wird entsprechend der Vorgaben zur Lebensmittelkennzeichnung &#8220;Weizen&#8221; als Allergen af unserer Verpackung ausgewiesen.<\/p>\n<p><strong>Enth\u00e4lt Beauty Focus Collagen+ Fructose?<\/strong><br \/>\nNein, Beauty Focus Collagen+ enth\u00e4lt keine Fructose. Es enth\u00e4lt jedoch Stevia als S\u00fc\u00dfstoff.<br \/>\n<\/div><\/div>\n","protected":false},"excerpt":{"rendered":"<p><strong>Beauty Focus Collagen+ (Plus):<\/strong><br \/>\n<select id=\"level1\" style=\"width: 100%;\" name=\"level1\" onchange=\"showDropdown()\"><option value=\"\">Typ | Land w\u00e4hlen . . .<\/option><option value=\"\"><\/option><option value=\"COLLAGEN EU\">Collagen+<\/option><option value=\"COLLAGEN EU SUBSCRIPTION PACK\">Collagen+ ADR-Abo<\/option><\/select><\/p>\n<p><select id=\"level2\" style=\"width: 100%; display: none;\" name=\"level2\" onchange=\"showDropdown()\"><br \/>\n<\/select><\/p>\n[sc name=\"new_info_german\" ][\/sc]\n<p>Nu <a style=\"text-decoration: none;\" href=\"https:\/\/www.webmd.com\/skin-problems-and-treatments\/picture-of-the-skin\" target=\"_blank\" rel=\"noopener\">Skin<\/a> <a style=\"text-decoration: none;\" href=\"https:\/\/urbanbeautyonline.com\/de\/nuskin\/beauty-focus-collagen\/\" target=\"_blank\" rel=\"noopener\">Beauty Focus Collagen+<\/a> pulver ist ein innovatives Sch\u00f6nheit-Nahrungserg\u00e4nzungsmittel und besteht aus einer einzigartigen Kombination von Kollagenhydrolysat, Weizenkeimextrakt und Lutein. Diese Wirkstoffkombination bietet klinisch erwiesen Anti-Aging-Vorteile. Ublicherweise wird das Kollagen in Nahrungserg\u00e4nzungsmitteln aus Rind, Schwein oder maritimen Quellen gewonnen. Beauty Focus Collagen+ plus enth\u00e4lt aus Rinderhaut gewonnene Kollagenpeptide.<\/p>\n[sc name=\"below-buy-now-button-german\" ][\/sc]\n","protected":false},"featured_media":170,"comment_status":"open","ping_status":"closed","template":"","meta":[],"product_cat":[39],"product_tag":[],"class_list":["post-168","product","type-product","status-publish","has-post-thumbnail","hentry","product_cat-beauty-focus-collagen"],"_links":{"self":[{"href":"https:\/\/urbanbeautyonline.com\/de\/wp-json\/wp\/v2\/product\/168","targetHints":{"allow":["GET"]}}],"collection":[{"href":"https:\/\/urbanbeautyonline.com\/de\/wp-json\/wp\/v2\/product"}],"about":[{"href":"https:\/\/urbanbeautyonline.com\/de\/wp-json\/wp\/v2\/types\/product"}],"replies":[{"embeddable":true,"href":"https:\/\/urbanbeautyonline.com\/de\/wp-json\/wp\/v2\/comments?post=168"}],"wp:featuredmedia":[{"embeddable":true,"href":"https:\/\/urbanbeautyonline.com\/de\/wp-json\/wp\/v2\/media\/170"}],"wp:attachment":[{"href":"https:\/\/urbanbeautyonline.com\/de\/wp-json\/wp\/v2\/media?parent=168"}],"wp:term":[{"taxonomy":"product_cat","embeddable":true,"href":"https:\/\/urbanbeautyonline.com\/de\/wp-json\/wp\/v2\/product_cat?post=168"},{"taxonomy":"product_tag","embeddable":true,"href":"https:\/\/urbanbeautyonline.com\/de\/wp-json\/wp\/v2\/product_tag?post=168"}],"curies":[{"name":"wp","href":"https:\/\/api.w.org\/{rel}","templated":true}]}}