{"id":196,"date":"2022-10-30T16:00:21","date_gmt":"2022-10-30T16:00:21","guid":{"rendered":"https:\/\/urbanbeautyonline.com\/de\/?post_type=product&#038;p=196"},"modified":"2023-01-19T22:02:06","modified_gmt":"2023-01-19T22:02:06","slug":"jvi-beauty-focus-collagen-adr","status":"publish","type":"product","link":"https:\/\/urbanbeautyonline.com\/de\/nuskin\/jvi-beauty-focus-collagen-adr\/","title":{"rendered":"JVi Beauty Focus Collagen+ ADR-Pakete"},"content":{"rendered":"<h3>JVi Beauty Focus Collagen+ ADR-Pakete 1<\/h3>\n<div class=\"su-spoiler su-spoiler-style-simple su-spoiler-icon-plus su-spoiler-closed\" data-scroll-offset=\"0\" data-anchor-in-url=\"no\"><div class=\"su-spoiler-title\" tabindex=\"0\" role=\"button\"><span class=\"su-spoiler-icon\"><\/span>JVI<\/div><div class=\"su-spoiler-content su-u-clearfix su-u-trim\">\n<strong>DOSIERUNG:<\/strong><br \/>\nVor Gebrauch gut sch\u00fctteln. Morgens und abends jeweils 60 ml zu den Mahlzeiten trinken.<\/p>\n<p><strong>INHALTSSTOFFE:<\/strong><br \/>\nWasser; Fruchtsaftkonzentrat: Wei\u00dfe Traube (5 %), Karotte (5 %), Sanddornbeere, Tomate (4 %), Birne (4 %), Apfel, Acerola, Wassermelone, Rote Traube, Goji-Beere (1 %), Mango; Oliven\u00f6l; nat\u00fcrliches Aroma; S\u00e4ureregulator (Citronens\u00e4ure); Verdickungsmittel (Pektin; Xanthan); Konservierungsstoff (Natriumbenzoat).<\/p>\n<p><strong>WARNHINWEISE:<\/strong><br \/>\nVor W\u00e4rme, Feuchtigkeit und Licht sch\u00fctzen. Nach dem \u00d6ffnen k\u00fchl aufbewahren und innerhalb von 14 Tagen verbrauchen. F\u00fcr Erwachsene und Kinder ab 6 Jahren. Nicht verwenden bei besch\u00e4digtem oder fehlendem Schraubverschluss.<\/p>\n<p>Die Verpackung des Produkts, das du erh\u00e4ltst, kann von den hier gezeigten Bildern abweichen und etwas anders aussehen, da die Flaschenfarbe zeitweise von transparent zu gr\u00fcn ge\u00e4ndert wurde. Dein JVi Drink schmeckt und ist aber genau wie immer.<\/p>\n<p><strong>Informationen zum Hersteller\/Importeur:<\/strong><br \/>\nHergestellt in den USA<br \/>\nNSE Products Europe BV, Da Vincilaan 9, 1930 Zaventem, Belgien<br \/>\n<\/div><\/div>\n<div class=\"su-spoiler su-spoiler-style-simple su-spoiler-icon-plus su-spoiler-closed\" data-scroll-offset=\"0\" data-anchor-in-url=\"no\"><div class=\"su-spoiler-title\" tabindex=\"0\" role=\"button\"><span class=\"su-spoiler-icon\"><\/span>BEAUTY FOCUS COLLAGEN+<\/div><div class=\"su-spoiler-content su-u-clearfix su-u-trim\">\n<h3>JVi Beauty Focus Collagen+ ADR-Pakete 2<\/h3>\n<div class=\"su-row\">\n<div class=\"su-column su-column-size-1-5\"><div class=\"su-column-inner su-u-clearfix su-u-trim\"><center><img decoding=\"async\" width=\"50\" height=\"50\" src=\"https:\/\/i0.wp.com\/urbanbeautyonline.com\/de\/wp-content\/uploads\/2022\/10\/skin-elasticity.png.webp?resize=50%2C50&#038;ssl=1\" alt=\"JVi Beauty Focus Collagen+ ADR-Pakete\" title=\"\" data-recalc-dims=\"1\"><br \/>\nBewahrt die Elastizit\u00e4t der Haut.<\/center><\/div><\/div>\n<div class=\"su-column su-column-size-1-5\"><div class=\"su-column-inner su-u-clearfix su-u-trim\"><center><img decoding=\"async\" width=\"50\" height=\"50\" src=\"https:\/\/i0.wp.com\/urbanbeautyonline.com\/de\/wp-content\/uploads\/2022\/10\/radiance.png.webp?resize=50%2C50&#038;ssl=1\" alt=\"JVi Beauty Focus Collagen+ ADR-Pakete\" title=\"\" data-recalc-dims=\"1\"><br \/>\nWirkt sich positiv auf strahlende Haut aus.<\/center><\/div><\/div>\n<div class=\"su-column su-column-size-1-5\"><div class=\"su-column-inner su-u-clearfix su-u-trim\"><center><img decoding=\"async\" width=\"50\" height=\"50\" src=\"https:\/\/i0.wp.com\/urbanbeautyonline.com\/de\/wp-content\/uploads\/2022\/10\/skin-texture.png.webp?resize=50%2C50&#038;ssl=1\" alt=\"JVi Beauty Focus Collagen+ ADR-Pakete\" title=\"\" data-recalc-dims=\"1\"><br \/>\nErh\u00e4lt die normale Struktur der Haut.<\/center><\/div><\/div>\n<div class=\"su-column su-column-size-1-5\"><div class=\"su-column-inner su-u-clearfix su-u-trim\"><center><img decoding=\"async\" width=\"50\" height=\"50\" src=\"https:\/\/i0.wp.com\/urbanbeautyonline.com\/de\/wp-content\/uploads\/2022\/10\/eye-wrinkle.png.webp?resize=50%2C50&#038;ssl=1\" alt=\"JVi Beauty Focus Collagen+ ADR-Pakete\" title=\"\" data-recalc-dims=\"1\"><br \/>\n17 % Milderung von F\u00e4ltchen im Augenbereich nach 8 Wochen. (1) <\/center><\/div><\/div>\n<div class=\"su-column su-column-size-1-5\"><div class=\"su-column-inner su-u-clearfix su-u-trim\"><center><img decoding=\"async\" width=\"50\" height=\"50\" src=\"https:\/\/i0.wp.com\/urbanbeautyonline.com\/de\/wp-content\/uploads\/2022\/10\/lumi-spa.png.webp?resize=50%2C50&#038;ssl=1\" alt=\"JVi Beauty Focus Collagen+ ADR-Pakete\" title=\"\" data-recalc-dims=\"1\"><br \/>\nUnterst\u00fctzt klinisch nachweislich die Vorteile des LumiSpa-Hautpflegesystems (Ausstrahlung, Textur und Gesamterscheinung der Haut).(2)<\/center><\/div><\/div>\n<\/div>\n<p><em>(1) Proksch E, Schunck M, Zague V, Segger D, Degwert J, Oesser S. (2014). Hautpharmakologische physiol. klinische Studie mit 114 Frauen im Alter zwischen 45 und 65 Jahren, die 8 Wochen lang 2,5 g Kollagenpeptid einnahmen (n = 57). Die Kontrollgruppe (n = 57) erhielt ein Placebo.<\/p>\n<p>(2) Hester N, Wood S, Gray R, Kern D, O\u2019Donnell R, Draelos Z, (2021). JOJ Dermatology &#038; Cosmetics. Eine Kombination von Kollagenpeptiden, Lutein und Weizenkeimextrakt als Nahrungserg\u00e4nzung verbessert die Hauteigenschaften. In einer randomisierten, Placebo-kontrollierten Studie mit 60 M\u00e4nnern und Frauen im Alter zwischen 40 und 60 Jahren sollte ermittelt werden, welche Wirkung die Einnahme eines Nahrungserg\u00e4nzungsmittels \u00fcber 120 Tage mit einer einzigartigen Kombination aus Kollagenpeptiden, Lutein und Weizenkeimextrakt auf das Hautbild und die Hauteigenschaften hat. Nahrungserg\u00e4nzungsmittel n = 40, Placebo n = 20. Dar\u00fcber hinaus sollte die Studie bestimmen, ob die Verwendung eines Gesichtsreinigungsger\u00e4tes bei gleichzeitiger Einnahme des Nahrungserg\u00e4nzungsmittels zus\u00e4tzliche Vorteile f\u00fcr das Hautbild bewirkt.<\/em><\/p>\n<p><strong>WICHTIGE INHALTSSTOFFE:<\/strong><br \/>\n<div class=\"su-row\">\n<div class=\"su-column su-column-size-1-3\"><div class=\"su-column-inner su-u-clearfix su-u-trim\"><center><img decoding=\"async\" width=\"80\" height=\"80\" src=\"https:\/\/i0.wp.com\/urbanbeautyonline.com\/de\/wp-content\/uploads\/2022\/10\/ingredient-collagen-2.webp?resize=80%2C80&#038;ssl=1\" alt=\"JVi Beauty Focus Collagen+ ADR-Pakete\" title=\"\" data-recalc-dims=\"1\"><br \/>\n<strong>Kollagenhydrolysat:<\/strong> Nu Skin Beauty Focus Collagen+ wird von unserem Lieferanten w\u00e4hrend der Hydrolyse besonders kontrolliert mit dem Ziel, das richtige Kollagenpeptidprofil bzw. den passgenauen Peptid-\u201eFingerabdruck\u201c f\u00fcr Sch\u00f6nheitszwecke zu erhalten \u2013 belegt durch klinische Studien am Menschen, die eine Verbesserung des Hautbildes nahelegen.<\/center><\/div><\/div>\n<div class=\"su-column su-column-size-1-3\"><div class=\"su-column-inner su-u-clearfix su-u-trim\"><center><img decoding=\"async\" width=\"80\" height=\"80\" src=\"https:\/\/i0.wp.com\/urbanbeautyonline.com\/de\/wp-content\/uploads\/2022\/10\/ingredient-wheat-oil-extract.webp?resize=80%2C80&#038;ssl=1\" alt=\"JVi Beauty Focus Collagen+ ADR-Pakete\" title=\"\" data-recalc-dims=\"1\"><br \/>\n<strong>Weizenkeimextrakt:<\/strong> Gewonnen aus den N\u00e4hrstoffreserven des Weizens, dem f\u00fcr die Menschheitsgeschichte so bedeutsamen alten Getreide. Weizenkeimextrakt ist eine hochwertige pflanzliche Ceramidquelle, eine Klasse von Lipiden, die einen wichtigen Beitrag zur Versch\u00f6nerung der Haut leisten.<\/center><\/div><\/div>\n<div class=\"su-column su-column-size-1-3\"><div class=\"su-column-inner su-u-clearfix su-u-trim\"><center><img decoding=\"async\" width=\"80\" height=\"80\" src=\"https:\/\/i0.wp.com\/urbanbeautyonline.com\/de\/wp-content\/uploads\/2022\/10\/ingredient-marigold-flower-lutein.webp?resize=80%2C80&#038;ssl=1\" alt=\"JVi Beauty Focus Collagen+ ADR-Pakete\" title=\"\" data-recalc-dims=\"1\"><br \/>\n<strong>Lutein:<\/strong> Lutein wird aus Ringelblumen mit orangefarbenen Bl\u00fctenbl\u00e4ttern gewonnen, der Farbe des Sonnenscheins, die sich im Farbton von Beauty Focus Collagen+ widerspiegelt.<\/center><\/div><\/div>\n<\/div>\n<p><strong>INHALTSSTOFFE:<\/strong><br \/>\nKollagenhydrolysat 2.500 mg\/Beutel, Geschmacksverst\u00e4rker: Citronens\u00e4ure, nat\u00fcrliches Aroma, Lutein 5 mg\/Beutel, Weizenkeimextrakt (Triticum aestivum L.) (Gluten) 70 mg\/Beutel, S\u00fc\u00dfungsmittel: Steviolglycoside aus Stevia, Trennmittel: Siliciumdioxid, Farbstoff: Carotin.<\/p>\n<p><strong>Allergiehinweis:<\/strong> Allergene sind fettgedruckt. Kann Fisch, Milch, Soja, Sellerie, Senf, Schwefeldioxid und Sulfite enthalten.<br \/>\n<\/div><\/div>\n","protected":false},"excerpt":{"rendered":"<p><strong>JVi Beauty Focus Collagen+ ADR-Pakete:<\/strong><br \/>\n<select style=\"width: 100%;\" name=\"menu1\" onchange=\"location = this.value;\"><option value=\"\">Typ | Land w\u00e4hlen . . .<\/option><option value=\"\"><\/option><option value=\"https:\/\/nskn.co\/LN6GdQ\">\ud83c\udde7\ud83c\uddea Belgi\u00eb<\/option><option value=\"https:\/\/nskn.co\/TxZnJU\">\ud83c\udde8\ud83c\uddff \u010cesk\u00e1 Republika<\/option><option value=\"https:\/\/nskn.co\/5jbw5W\">\ud83c\udde9\ud83c\uddf0 Danmark (med Tegreen)<\/option><option value=\"https:\/\/nskn.co\/mxxR4g\">\ud83c\udde9\ud83c\uddea Deutschland<\/option><option value=\"https:\/\/nskn.co\/zNgnZZ\">\ud83c\uddea\ud83c\uddf8 Espa\u00f1a<\/option><option value=\"https:\/\/nskn.co\/qdUJGU\">\ud83c\uddeb\ud83c\uddf7 France<\/option><option value=\"https:\/\/nskn.co\/ZEV0LF\">\ud83c\uddee\ud83c\uddea Ireland<\/option><option value=\"https:\/\/nskn.co\/oDRrcy\">\ud83c\uddee\ud83c\uddf8 \u00cdsland<\/option><option value=\"https:\/\/nskn.co\/SWG84w\">\ud83c\uddee\ud83c\uddf9 Italia<\/option><option value=\"https:\/\/nskn.co\/RnxBPY\">\ud83c\uddf1\ud83c\uddfa L\u00ebtzebuerg<\/option><option value=\"https:\/\/nskn.co\/XhUiNq\">\ud83c\udded\ud83c\uddfa Magyarorsz\u00e1g<\/option><option value=\"https:\/\/nskn.co\/jYmxST\">\ud83c\uddf3\ud83c\uddf1 Netherlands<\/option><option value=\"https:\/\/nskn.co\/ow37Lj\">\ud83c\uddf3\ud83c\uddf4 Norge<\/option><option value=\"https:\/\/nskn.co\/f03NAA\">\ud83c\udde6\ud83c\uddf9 \u00d6sterreich<\/option><option value=\"https:\/\/nskn.co\/iuoQZh\">\ud83c\uddf5\ud83c\uddf1 Polska<\/option><option value=\"https:\/\/nskn.co\/RoZDag\">\ud83c\uddf5\ud83c\uddf9 Portugal<\/option><option value=\"https:\/\/nskn.co\/l4ZAKg\">\ud83c\uddf7\ud83c\uddf4 Rom\u00e2nia<\/option><option value=\"https:\/\/nskn.co\/A3dONJ\">\ud83c\udde8\ud83c\udded Schweiz<\/option><option value=\"https:\/\/nskn.co\/ZsWByY\">\ud83c\uddf8\ud83c\uddf0 Slovensko<\/option><option value=\"https:\/\/nskn.co\/ZFwuNj\">\ud83c\uddeb\ud83c\uddee Suomi<\/option><option value=\"https:\/\/nskn.co\/kISjCZ\">\ud83c\uddf8\ud83c\uddea Sverige<\/option><option value=\"https:\/\/nskn.co\/OLGSNI\">\ud83c\uddec\ud83c\udde7 United Kingdom<\/option><\/select><\/p>\n[sc name=\"new_info_german\" ][\/sc]\n<p>Beauty Focus Collagen+ ist <a href=\"https:\/\/www.collinsdictionary.com\/dictionary\/english\/eine\" target=\"_blank\" style=\"text-decoration: none; cursor:text; color:#402d25; font-weight: normal;\" rel=\"noopener\">eine<\/a> innovative Nahrungserg\u00e4nzung mit Kollagen, die von Experten ausgew\u00e4hlte Beauty-Inhaltsstoffe enth\u00e4lt und verschiedene Funktionen einer sch\u00f6nen Haut unterst\u00fctzt. JVi ist ein Getr\u00e4nk mit zw\u00f6lf leckeren und sorgf\u00e4ltig ausgew\u00e4hlten Obst- und Gem\u00fcsesorten, um die Geschmacksnerven zu verw\u00f6hnen. Es enth\u00e4lt Carotinoide und ist ein guter Vitamin C-Lieferant. Mische es mit Collagen+, um noch mehr aus deinem JVi Getr\u00e4nk herauszuholen und eine Vielzahl an Anti-Aging-Vorteilen f\u00fcr dich zu nutzen. Noch besser wird es mit dem <a href=\"https:\/\/urbanbeautyonline.com\/de\/nuskin\/jvi-beauty-focus-collagen-adr\/\" target=\"_blank\" style=\"text-decoration: none; cursor:text; color:#402d25; font-weight: normal;\" rel=\"noopener\">JVi Beauty Focus Collagen+ ADR-Paket<\/a>: Spare 10 % bei monatlichen ADR-Bestellungen und erhalte f\u00fcr die ersten zw\u00f6lf (12) monatlichen Bestellungen 20 % des SV-Bestellwerts der ADR-Bestellung und 30 % ab der dreizehnten (13.) monatlichen ADR-Lieferung.<\/p>\n[su_spoiler title=\"VERPACKUNGSINHALT\"]<br \/>\n<strong>In diesem Set enthalten - JVi Beauty Focus Collagen+ ADR-Pakete: <\/strong><br \/>\n1 x Beauty Focus Collagen+<br \/>\n1 x JVi Packung von 2 Flaschen<br \/>\n[\/su_spoiler]\n","protected":false},"featured_media":197,"comment_status":"open","ping_status":"closed","template":"","meta":[],"product_cat":[39,42,36],"product_tag":[],"class_list":["post-196","product","type-product","status-publish","has-post-thumbnail","hentry","product_cat-beauty-focus-collagen","product_cat-jvi","product_cat-pharmanex"],"_links":{"self":[{"href":"https:\/\/urbanbeautyonline.com\/de\/wp-json\/wp\/v2\/product\/196","targetHints":{"allow":["GET"]}}],"collection":[{"href":"https:\/\/urbanbeautyonline.com\/de\/wp-json\/wp\/v2\/product"}],"about":[{"href":"https:\/\/urbanbeautyonline.com\/de\/wp-json\/wp\/v2\/types\/product"}],"replies":[{"embeddable":true,"href":"https:\/\/urbanbeautyonline.com\/de\/wp-json\/wp\/v2\/comments?post=196"}],"wp:featuredmedia":[{"embeddable":true,"href":"https:\/\/urbanbeautyonline.com\/de\/wp-json\/wp\/v2\/media\/197"}],"wp:attachment":[{"href":"https:\/\/urbanbeautyonline.com\/de\/wp-json\/wp\/v2\/media?parent=196"}],"wp:term":[{"taxonomy":"product_cat","embeddable":true,"href":"https:\/\/urbanbeautyonline.com\/de\/wp-json\/wp\/v2\/product_cat?post=196"},{"taxonomy":"product_tag","embeddable":true,"href":"https:\/\/urbanbeautyonline.com\/de\/wp-json\/wp\/v2\/product_tag?post=196"}],"curies":[{"name":"wp","href":"https:\/\/api.w.org\/{rel}","templated":true}]}}