{"id":205,"date":"2022-10-31T20:00:22","date_gmt":"2022-10-31T20:00:22","guid":{"rendered":"https:\/\/urbanbeautyonline.com\/de\/?post_type=product&#038;p=205"},"modified":"2023-01-19T21:59:49","modified_gmt":"2023-01-19T21:59:49","slug":"collagen-und-lumispa-cleanser","status":"publish","type":"product","link":"https:\/\/urbanbeautyonline.com\/de\/nuskin\/collagen-und-lumispa-cleanser\/","title":{"rendered":"Beauty Focus Collagen+ und LumiSpa Cleanser im ADR-Paket"},"content":{"rendered":"<h3>Beauty Focus Collagen+ und LumiSpa Cleanser im ADR-Paket<\/h3>\n<div class=\"su-spoiler su-spoiler-style-simple su-spoiler-icon-plus su-spoiler-closed\" data-scroll-offset=\"0\" data-anchor-in-url=\"no\"><div class=\"su-spoiler-title\" tabindex=\"0\" role=\"button\"><span class=\"su-spoiler-icon\"><\/span>BEAUTY FOCUS COLLAGEN+<\/div><div class=\"su-spoiler-content su-u-clearfix su-u-trim\">\n<div class=\"su-row\">\n<div class=\"su-column su-column-size-1-5\"><div class=\"su-column-inner su-u-clearfix su-u-trim\">\n<p><center><img decoding=\"async\" src=\"https:\/\/i0.wp.com\/urbanbeautyonline.com\/de\/wp-content\/uploads\/2022\/10\/skin-elasticity.png.webp?resize=50%2C50&#038;ssl=1\" alt=\"Beauty Focus Collagen+ und LumiSpa Cleanser im ADR-Paket\" width=\"50\" height=\"50\" title=\"\" data-recalc-dims=\"1\"><br \/>\nBewahrt die Elastizit\u00e4t der Haut.<\/center><\/div><\/div>\n<div class=\"su-column su-column-size-1-5\"><div class=\"su-column-inner su-u-clearfix su-u-trim\">\n<p><center><img decoding=\"async\" src=\"https:\/\/i0.wp.com\/urbanbeautyonline.com\/de\/wp-content\/uploads\/2022\/10\/radiance.png.webp?resize=50%2C50&#038;ssl=1\" alt=\"Beauty Focus Collagen+ und LumiSpa Cleanser im ADR-Paket\" width=\"50\" height=\"50\" title=\"\" data-recalc-dims=\"1\"><br \/>\nWirkt sich positiv auf strahlende Haut aus.<\/center><\/div><\/div>\n<div class=\"su-column su-column-size-1-5\"><div class=\"su-column-inner su-u-clearfix su-u-trim\">\n<p><center><img decoding=\"async\" src=\"https:\/\/i0.wp.com\/urbanbeautyonline.com\/de\/wp-content\/uploads\/2022\/10\/skin-texture.png.webp?resize=50%2C50&#038;ssl=1\" alt=\"Beauty Focus Collagen+ und LumiSpa Cleanser im ADR-Paket\" width=\"50\" height=\"50\" title=\"\" data-recalc-dims=\"1\"><br \/>\nErh\u00e4lt die normale Struktur der Haut.<\/center><\/div><\/div>\n<div class=\"su-column su-column-size-1-5\"><div class=\"su-column-inner su-u-clearfix su-u-trim\">\n<p><center><img decoding=\"async\" src=\"https:\/\/i0.wp.com\/urbanbeautyonline.com\/de\/wp-content\/uploads\/2022\/10\/eye-wrinkle.png.webp?resize=50%2C50&#038;ssl=1\" alt=\"Beauty Focus Collagen+ und LumiSpa Cleanser im ADR-Paket\" width=\"50\" height=\"50\" title=\"\" data-recalc-dims=\"1\"><br \/>\n17 % Milderung von F\u00e4ltchen im Augenbereich nach 8 Wochen. (1)<\/center><\/div><\/div>\n<div class=\"su-column su-column-size-1-5\"><div class=\"su-column-inner su-u-clearfix su-u-trim\">\n<p><center><img decoding=\"async\" src=\"https:\/\/i0.wp.com\/urbanbeautyonline.com\/de\/wp-content\/uploads\/2022\/10\/lumi-spa.png.webp?resize=50%2C50&#038;ssl=1\" alt=\"Beauty Focus Collagen+ und LumiSpa Cleanser im ADR-Paket\" width=\"50\" height=\"50\" title=\"\" data-recalc-dims=\"1\"><br \/>\nUnterst\u00fctzt klinisch nachweislich die Vorteile des LumiSpa-Hautpflegesystems (Ausstrahlung, Textur und Gesamterscheinung der Haut).(2)<\/center><\/div><\/div>\n<\/div>\n<p>&nbsp;<\/p>\n<ol>\n<li style=\"list-style-type: none;\">\n<ol>\n<li>Proksch E, Schunck M, Zague V, Segger D, Degwert J, Oesser S. (2014). Hautpharmakologische physiol. klinische Studie mit 114 Frauen im Alter zwischen 45 und 65 Jahren, die 8 Wochen lang 2,5 g Kollagenpeptid einnahmen (n = 57). Die Kontrollgruppe (n = 57) erhielt ein Placebo.<\/li>\n<li>Hester N, Wood S, Gray R, Kern D, O\u2019Donnell R, Draelos Z, (2021). JOJ Dermatology &amp; Cosmetics. Eine Kombination von Kollagenpeptiden, Lutein und Weizenkeimextrakt als Nahrungserg\u00e4nzung verbessert die Hauteigenschaften. In einer randomisierten, Placebo-kontrollierten Studie mit 60 M\u00e4nnern und Frauen im Alter zwischen 40 und 60 Jahren sollte ermittelt werden, welche Wirkung die Einnahme eines Nahrungserg\u00e4nzungsmittels \u00fcber 120 Tage mit einer einzigartigen Kombination aus Kollagenpeptiden, Lutein und Weizenkeimextrakt auf das Hautbild und die Hauteigenschaften hat.Nahrungserg\u00e4nzungsmittel n = 40, Placebo n = 20. Dar\u00fcber hinaus sollte die Studie bestimmen, ob die Verwendung eines Gesichtsreinigungsger\u00e4tes bei gleichzeitiger Einnahme des Nahrungserg\u00e4nzungsmittels zus\u00e4tzliche Vorteile f\u00fcr das Hautbild bewirkt.<\/li>\n<\/ol>\n<\/li>\n<\/ol>\n<p>&nbsp;<\/p>\n<p><strong>WICHTIGE INHALTSSTOFFE:<\/strong><br \/>\n<div class=\"su-row\">\n<div class=\"su-column su-column-size-1-3\"><div class=\"su-column-inner su-u-clearfix su-u-trim\">\n<p><center><img decoding=\"async\" src=\"https:\/\/i0.wp.com\/urbanbeautyonline.com\/de\/wp-content\/uploads\/2022\/10\/ingredient-collagen-2.webp?resize=80%2C80&#038;ssl=1\" alt=\"Beauty Focus Collagen+ und LumiSpa Cleanser im ADR-Paket\" width=\"80\" height=\"80\" title=\"\" data-recalc-dims=\"1\"><br \/>\n<strong>Kollagenhydrolysat:<\/strong> Nu Skin Beauty Focus Collagen+ wird von unserem Lieferanten w\u00e4hrend der Hydrolyse besonders kontrolliert mit dem Ziel, das richtige Kollagenpeptidprofil bzw. den passgenauen Peptid-\u201eFingerabdruck\u201c f\u00fcr Sch\u00f6nheitszwecke zu erhalten \u2013 belegt durch klinische Studien am Menschen, die eine Verbesserung des Hautbildes nahelegen.<\/center><\/div><\/div>\n<div class=\"su-column su-column-size-1-3\"><div class=\"su-column-inner su-u-clearfix su-u-trim\">\n<p><center><img decoding=\"async\" src=\"https:\/\/i0.wp.com\/urbanbeautyonline.com\/de\/wp-content\/uploads\/2022\/10\/ingredient-wheat-oil-extract.webp?resize=80%2C80&#038;ssl=1\" alt=\"Beauty Focus Collagen+ und LumiSpa Cleanser im ADR-Paket\" width=\"80\" height=\"80\" title=\"\" data-recalc-dims=\"1\"><br \/>\n<strong>Weizenkeimextrakt:<\/strong> Gewonnen aus den N\u00e4hrstoffreserven des Weizens, dem f\u00fcr die Menschheitsgeschichte so bedeutsamen alten Getreide. Weizenkeimextrakt ist eine hochwertige pflanzliche Ceramidquelle, eine Klasse von Lipiden, die einen wichtigen Beitrag zur Versch\u00f6nerung der Haut leisten.<\/center><\/div><\/div>\n<div class=\"su-column su-column-size-1-3\"><div class=\"su-column-inner su-u-clearfix su-u-trim\">\n<p><center><img decoding=\"async\" src=\"https:\/\/i0.wp.com\/urbanbeautyonline.com\/de\/wp-content\/uploads\/2022\/10\/ingredient-marigold-flower-lutein.webp?resize=80%2C80&#038;ssl=1\" alt=\"Beauty Focus Collagen+ und LumiSpa Cleanser im ADR-Paket\" width=\"80\" height=\"80\" title=\"\" data-recalc-dims=\"1\"><br \/>\n<strong>Lutein:<\/strong> Lutein wird aus Ringelblumen mit orangefarbenen Bl\u00fctenbl\u00e4ttern gewonnen, der Farbe des Sonnenscheins, die sich im Farbton von Beauty Focus Collagen+ widerspiegelt.<\/center><\/div><\/div>\n<\/div>\n<p><strong>INHALTSSTOFFE:<\/strong><br \/>\nKollagenhydrolysat 2.500 mg\/Beutel, Geschmacksverst\u00e4rker: Citronens\u00e4ure, nat\u00fcrliches Aroma, Lutein 5 mg\/Beutel, Weizenkeimextrakt (Triticum aestivum L.) (Gluten) 70 mg\/Beutel, S\u00fc\u00dfungsmittel: Steviolglycoside aus Stevia, Trennmittel: Siliciumdioxid, Farbstoff: Carotin.<\/p>\n<p><strong>Allergiehinweis:<\/strong> Allergene sind fettgedruckt. Kann Fisch, Milch, Soja, Sellerie, Senf, Schwefeldioxid und Sulfite enthalten.<br \/>\n<\/div><\/div>\n<div class=\"su-spoiler su-spoiler-style-simple su-spoiler-icon-plus su-spoiler-closed\" data-scroll-offset=\"0\" data-anchor-in-url=\"no\"><div class=\"su-spoiler-title\" tabindex=\"0\" role=\"button\"><span class=\"su-spoiler-icon\"><\/span>LUMISPA CLEANSER<\/div><div class=\"su-spoiler-content su-u-clearfix su-u-trim\">\n<h3>Beauty Focus Collagen+ und LumiSpa Cleanser im ADR-Paket<\/h3>\n<div class=\"su-row\">\n<div class=\"su-column su-column-size-1-4\"><div class=\"su-column-inner su-u-clearfix su-u-trim\">\n<p><center><img decoding=\"async\" src=\"https:\/\/i0.wp.com\/urbanbeautyonline.com\/de\/wp-content\/uploads\/2022\/10\/nu-skin-lumispa-smooth-skin.png.webp?resize=50%2C50&#038;ssl=1\" alt=\"Beauty Focus Collagen+ und LumiSpa Cleanser im ADR-Paket\" width=\"50\" height=\"50\" title=\"\" data-recalc-dims=\"1\"><br \/>\n100 % der Anwender*innen hatten eine weichere, geschmeidigere Haut*<\/center><\/div><\/div>\n<div class=\"su-column su-column-size-1-4\"><div class=\"su-column-inner su-u-clearfix su-u-trim\">\n<p><center><img decoding=\"async\" src=\"https:\/\/i0.wp.com\/urbanbeautyonline.com\/de\/wp-content\/uploads\/2022\/10\/nu-skin-lumispa-radiance.png.webp?resize=50%2C50&#038;ssl=1\" alt=\"Beauty Focus Collagen+ und LumiSpa Cleanser im ADR-Paket\" width=\"50\" height=\"50\" title=\"\" data-recalc-dims=\"1\"><br \/>\n62 % eine strahlendere Haut**<\/center><\/div><\/div>\n<div class=\"su-column su-column-size-1-4\"><div class=\"su-column-inner su-u-clearfix su-u-trim\">\n<p><center><img decoding=\"async\" src=\"https:\/\/i0.wp.com\/urbanbeautyonline.com\/de\/wp-content\/uploads\/2022\/10\/nu-skin-lumispa-cleaner-skin.png.webp?resize=50%2C50&#038;ssl=1\" alt=\"Beauty Focus Collagen+ und LumiSpa Cleanser im ADR-Paket\" width=\"50\" height=\"50\" title=\"\" data-recalc-dims=\"1\"><br \/>\n100 % der Anwender*innen hatten eine sichtbar reinere Haut*<\/center><\/div><\/div>\n<div class=\"su-column su-column-size-1-4\"><div class=\"su-column-inner su-u-clearfix su-u-trim\">\n<p><center><img decoding=\"async\" src=\"https:\/\/i0.wp.com\/urbanbeautyonline.com\/de\/wp-content\/uploads\/2022\/10\/nu-skin-lumispa-pores.png.webp?resize=50%2C50&#038;ssl=1\" alt=\"Beauty Focus Collagen+ und LumiSpa Cleanser im ADR-Paket\" width=\"50\" height=\"50\" title=\"\" data-recalc-dims=\"1\"><br \/>\n52 % der Anwender*innen hatten ein feineres Hautbild*<\/center><\/div><\/div>\n<\/div>\n<p><strong>VORTEIL DER ANWENDUNG:<\/strong><\/p>\n<ol>\n<li style=\"list-style-type: none;\">\n<ol>\n<li style=\"list-style-type: none;\">\n<ul>\n<li>F\u00fcr ein sauberes, frisches Gef\u00fchl<\/li>\n<li>Hinterl\u00e4sst einen strahlenden Teint<\/li>\n<li>Beg\u00fcnstigt eine jugendlich aussehende Haut<\/li>\n<li>Entfernt effektiv alle Spuren von Make-up, Schmutz, Talg und t\u00e4glichen Verunreinigungen.<\/li>\n<\/ul>\n<\/li>\n<\/ol>\n<\/li>\n<\/ol>\n<p>Es ist klinisch erwiesen, dass LumiSpa deine Haut strahlender macht und dein nat\u00fcrliches Hautmikrobiom nicht aus dem Gleichgewicht bringt.* Vielleicht fragst du dich, was ein nat\u00fcrliches Mikrobiom ist? Deine Haut beherbergt eine Vielzahl von Mikroorganismen, die zusammen das nat\u00fcrliche Mikrobiom deiner Haut bilden. Sie geh\u00f6ren zum unsichtbaren \u00d6kosystem, das auf deiner Haut lebt und daf\u00fcr sorgt, dass du dich gesund und erfrischt f\u00fchlst. Das unsichtbare nat\u00fcrliche Mikrobiom der Haut spielt eine wichtige Rolle beim Schutz und der Interaktion deines K\u00f6rpers mit der Au\u00dfenwelt.<br \/>\n<\/div><\/div>\n","protected":false},"excerpt":{"rendered":"<p><strong>Beauty Focus Collagen+ und LumiSpa Cleanser:<\/strong><br \/>\n<select id=\"level1\" style=\"width: 100%;\" name=\"level1\" onchange=\"showDropdown()\"><option value=\"\">Typ | Land w\u00e4hlen . . .<\/option><option value=\"\"><\/option><option value=\"COLLAGEN NORMAL\">Collagen+ &amp; normale bis Mischhaut<\/option><option value=\"COLLAGEN SENSITIVE\">Collagen+ &amp; empfindliche Haut<\/option><option value=\"COLLAGEN OILY\">Collagen+ &amp; fettige Haut<\/option><option value=\"COLLAGEN DRY\">Collagen+ &amp; trockene Haut<\/option><option value=\"COLLAGEN BLEMISH\">Collagen+ &amp; Unreinheiten neigende Haut<\/option><\/select><\/p>\n<p><select id=\"level2\" style=\"width: 100%; display: none;\" name=\"level2\" onchange=\"showDropdown()\"><br \/>\n<\/select><\/p>\n[sc name=\"new_info_german\" ][\/sc]\n<p>Beauty Focus Collagen+ ist <a style=\"text-decoration: none; cursor: text; color: #402d25; font-weight: normal;\" href=\"https:\/\/www.collinsdictionary.com\/dictionary\/english\/eine\" target=\"_blank\" rel=\"noopener\">eine<\/a> innovative Nahrungserg\u00e4nzung mit Kollagen, die von Experten ausgew\u00e4hlte Beauty-Inhaltsstoffe enth\u00e4lt und verschiedene Funktionen einer sch\u00f6nen Haut unterst\u00fctzt. Der ageLOC <a style=\"text-decoration: none; cursor: text; color: #402d25; font-weight: normal;\" href=\"https:\/\/urbanbeautyonline.com\/de\/nuskin\/collagen-und-lumispa-cleanser\/\">LumiSpa Activating Cleanser<\/a> ist ein wichtiger Teil deines ageLOC LumiSpa Systems und die perfekte Erg\u00e4nzung f\u00fcr dein Ger\u00e4t. Er bietet den n\u00f6tigen Halt und die Polsterung, damit dein LumiSpa Ger\u00e4t sich sanft und effektiv \u00fcber die Haut bewegt. Die Haut sieht weich, glatt und jugendlich aus.<\/p>\n[su_spoiler title=\"COLLAGEN+ UND LUMISPA CLEANSER ADR PAKET ENTH\u00c4LT:\"]<br \/>\n<strong>IN DIESEM SET ENTHALTEN:<\/strong><br \/>\n1x ageLOC LumiSpa Activating Face Cleanser<br \/>\n1 x Beauty Focus Collagen+<br \/>\n[\/su_spoiler]\n","protected":false},"featured_media":206,"comment_status":"open","ping_status":"closed","template":"","meta":[],"product_cat":[39,23],"product_tag":[],"class_list":["post-205","product","type-product","status-publish","has-post-thumbnail","hentry","product_cat-beauty-focus-collagen","product_cat-cleanser"],"_links":{"self":[{"href":"https:\/\/urbanbeautyonline.com\/de\/wp-json\/wp\/v2\/product\/205","targetHints":{"allow":["GET"]}}],"collection":[{"href":"https:\/\/urbanbeautyonline.com\/de\/wp-json\/wp\/v2\/product"}],"about":[{"href":"https:\/\/urbanbeautyonline.com\/de\/wp-json\/wp\/v2\/types\/product"}],"replies":[{"embeddable":true,"href":"https:\/\/urbanbeautyonline.com\/de\/wp-json\/wp\/v2\/comments?post=205"}],"wp:featuredmedia":[{"embeddable":true,"href":"https:\/\/urbanbeautyonline.com\/de\/wp-json\/wp\/v2\/media\/206"}],"wp:attachment":[{"href":"https:\/\/urbanbeautyonline.com\/de\/wp-json\/wp\/v2\/media?parent=205"}],"wp:term":[{"taxonomy":"product_cat","embeddable":true,"href":"https:\/\/urbanbeautyonline.com\/de\/wp-json\/wp\/v2\/product_cat?post=205"},{"taxonomy":"product_tag","embeddable":true,"href":"https:\/\/urbanbeautyonline.com\/de\/wp-json\/wp\/v2\/product_tag?post=205"}],"curies":[{"name":"wp","href":"https:\/\/api.w.org\/{rel}","templated":true}]}}