{"id":215,"date":"2022-10-29T22:53:53","date_gmt":"2022-10-29T22:53:53","guid":{"rendered":"https:\/\/urbanbeautyonline.com\/de\/?post_type=product&#038;p=215"},"modified":"2023-01-04T11:32:16","modified_gmt":"2023-01-04T11:32:16","slug":"ageloc-lumispa-geratesystems","status":"publish","type":"product","link":"https:\/\/urbanbeautyonline.com\/de\/nuskin\/ageloc-lumispa-geratesystems\/","title":{"rendered":"ageLOC LumiSpa Ger\u00e4tesystems"},"content":{"rendered":"<h3>ageLOC LumiSpa Ger\u00e4tesystems angebot kaufen<\/h3>\n<div class=\"su-spoiler su-spoiler-style-simple su-spoiler-icon-plus su-spoiler-closed\" data-scroll-offset=\"0\" data-anchor-in-url=\"no\"><div class=\"su-spoiler-title\" tabindex=\"0\" role=\"button\"><span class=\"su-spoiler-icon\"><\/span>VORTEILE<\/div><div class=\"su-spoiler-content su-u-clearfix su-u-trim\">\n<ul>\n<li><span class=\"clinicals\"><strong>37 %<\/strong><\/span> ebenm\u00e4\u00dfigere Haut nach nur einer Anwendung3.<\/li>\n<li><span class=\"clinicals\"><strong>37 %<\/strong><\/span> geschmeidigere Haut nach nur einer Anwendung3.<\/li>\n<li>Zu <span class=\"clinicals\"><strong>62 %<\/strong><\/span> strahlenderer Teint nach 12 Wochen4.<\/li>\n<li>Sichtbar zweifach reinere Haut nach 12 Wochen4.<\/li>\n<li>Klarer, strahlend ebenm\u00e4\u00dfiger Hautton.<\/li>\n<li>Verfeinerte Poren.<\/li>\n<li>Sichtbar erfrischter Teint.<\/li>\n<\/ul>\n<\/div><\/div>\n<div class=\"su-spoiler su-spoiler-style-simple su-spoiler-icon-plus su-spoiler-closed\" data-scroll-offset=\"0\" data-anchor-in-url=\"no\"><div class=\"su-spoiler-title\" tabindex=\"0\" role=\"button\"><span class=\"su-spoiler-icon\"><\/span>ACTIVATING CLEANSER<\/div><div class=\"su-spoiler-content su-u-clearfix su-u-trim\">\n<center><img decoding=\"async\" width=\"900\" height=\"162\" src=\"https:\/\/i0.wp.com\/urbanbeautyonline.com\/de\/wp-content\/uploads\/2022\/10\/Lumispa-Cleanser-Type.webp?resize=900%2C162&#038;ssl=1\" alt=\"ageLOC LumiSpa Ger\u00e4tesystems\" title=\"\" data-recalc-dims=\"1\"><\/center><br \/>\nFormulierung f\u00fcr Mischhaut, trockene, normale, fettige, empfindliche und zu Unreinheiten neigende Haut und, um die f\u00fcr das Ger\u00e4t n\u00f6tige, verw\u00f6hnende und reinigende Wirkung zu erm\u00f6glichen. Jeder Cleanser enth\u00e4lt unseren ageLOC Komplex, um den Ursachen der sichtbaren Alterserscheinungen gezielt entgegenzuwirken.<br \/>\n<\/div><\/div>\n<div class=\"su-spoiler su-spoiler-style-simple su-spoiler-icon-plus su-spoiler-closed\" data-scroll-offset=\"0\" data-anchor-in-url=\"no\"><div class=\"su-spoiler-title\" tabindex=\"0\" role=\"button\"><span class=\"su-spoiler-icon\"><\/span>WIE FUNKTIONIERT AGELOC LUMISPA?<\/div><div class=\"su-spoiler-content su-u-clearfix su-u-trim\">\nMit dem weichen Silikonaufsatz und dank der exklusiven Two-Sense-Motion-Technologie von ageLOC LumiSpa Ger\u00e4tesystems l\u00e4sst sich das Ger\u00e4t mit genau der richtigen Frequenz bewegen, um eine glattere und weichere Haut bereits nach der ersten Anwendung zu verleihen.<br \/>\n<\/div><\/div>\n<div class=\"su-spoiler su-spoiler-style-simple su-spoiler-icon-plus su-spoiler-closed\" data-scroll-offset=\"0\" data-anchor-in-url=\"no\"><div class=\"su-spoiler-title\" tabindex=\"0\" role=\"button\"><span class=\"su-spoiler-icon\"><\/span>ANWENDUNG<\/div><div class=\"su-spoiler-content su-u-clearfix su-u-trim\">\n<div class=\"su-row\">\n<div class=\"su-column su-column-size-1-3\"><div class=\"su-column-inner su-u-clearfix su-u-trim\"><center><img decoding=\"async\" width=\"150\" height=\"150\" src=\"https:\/\/i0.wp.com\/urbanbeautyonline.com\/de\/wp-content\/uploads\/2022\/10\/Lumispa-Geratesystems-step1.webp?resize=150%2C150&#038;ssl=1\" alt=\"ageLOC LumiSpa Ger\u00e4tesystems\" title=\"\" data-recalc-dims=\"1\"><br \/>\nDas Gesicht mit warmem Wasser befeuchten und den Activating Cleanser auf die Haut auftragen, der sich optimal f\u00fcr deine Haut eignet. Den Silikonaufsatz anfeuchten und das Ger\u00e4t einschalten.<\/center><\/div><\/div>\n<div class=\"su-column su-column-size-1-3\"><div class=\"su-column-inner su-u-clearfix su-u-trim\"><center><img decoding=\"async\" width=\"150\" height=\"150\" src=\"https:\/\/i0.wp.com\/urbanbeautyonline.com\/de\/wp-content\/uploads\/2022\/10\/Lumispa-Geratesystems-step3.webp?resize=150%2C150&#038;ssl=1\" alt=\"ageLOC LumiSpa Ger\u00e4tesystems\" title=\"\" data-recalc-dims=\"1\"><br \/>\nIn breiten Z\u00fcgen langsam \u00fcber dein Gesicht gleiten lassen. Nicht reiben oder zu fest andr\u00fccken. Das Ger\u00e4t h\u00e4lt bei nicht richtiger Anwendung an.<br \/>\nEs stoppt alle 30 Sekunden. Dann ist eine andere Gesichtspartie dran. Nach 2 Minuten schaltet sich das Ger\u00e4t ab.<\/center><\/div><\/div>\n<div class=\"su-column su-column-size-1-3\"><div class=\"su-column-inner su-u-clearfix su-u-trim\"><center><img decoding=\"async\" width=\"150\" height=\"150\" src=\"https:\/\/i0.wp.com\/urbanbeautyonline.com\/de\/wp-content\/uploads\/2022\/10\/Lumispa-Geratesystems-step2.webp?resize=150%2C150&#038;ssl=1\" alt=\"ageLOC LumiSpa Ger\u00e4tesystems\" title=\"\" data-recalc-dims=\"1\"><br \/>\nDas Gesicht mit Wasser absp\u00fclen und sanft trocken tupfen, die Pflege mit einem Produkt deiner Wahl abrunden. F\u00fcr optimalen Effekt das ageLOC LumiSpa System zwei Minuten zweimal t\u00e4glich anwenden.<\/center><\/div><\/div>\n<\/div>\n<p><strong>NICHT VERGESSEN:<\/strong><\/p>\n<ul>\n<li>Das Ger\u00e4t nach dem Gebrauch reinigen und trocknen lassen.<\/li>\n<li>Den Silikonaufsatz f\u00fcr ein optimales Ergebnis und aus Hygienegr\u00fcnden alle drei Monate austauschen.<\/li>\n<\/ul>\n<\/div><\/div>\n<div class=\"su-spoiler su-spoiler-style-simple su-spoiler-icon-plus su-spoiler-closed\" data-scroll-offset=\"0\" data-anchor-in-url=\"no\"><div class=\"su-spoiler-title\" tabindex=\"0\" role=\"button\"><span class=\"su-spoiler-icon\"><\/span>WEITER MIT DER AUGENPFLEGE<\/div><div class=\"su-spoiler-content su-u-clearfix su-u-trim\">\n<center><img decoding=\"async\" width=\"301\" height=\"301\" src=\"https:\/\/i0.wp.com\/urbanbeautyonline.com\/de\/wp-content\/uploads\/2022\/10\/LumiSpa-device-Normal-Cleanser-Accent-Head-IdealEyes-cream_Opaque-Blue.webp?resize=301%2C301&#038;ssl=1\" alt=\"ageLOC LumiSpa Ger\u00e4tesystems\" title=\"\" data-recalc-dims=\"1\"><\/center><br \/>\nHautpflege h\u00f6rt nicht mit der Reinigung auf. Runde deine Routine ab und g\u00f6nne der zarten Haut unter den und um die Augen besondere Pflege. Verwende ageLOC LumiSpa Accent Head &#038; IdealEyes mit deinem Ger\u00e4t f\u00fcr ein Peeling und verw\u00f6hne die Haut an den Augen mit sanft belebender Pflege.<br \/>\n<\/div><\/div>\n<div class=\"su-spoiler su-spoiler-style-simple su-spoiler-icon-plus su-spoiler-closed\" data-scroll-offset=\"0\" data-anchor-in-url=\"no\"><div class=\"su-spoiler-title\" tabindex=\"0\" role=\"button\"><span class=\"su-spoiler-icon\"><\/span>SCHON GEWUSST ...?<\/div><div class=\"su-spoiler-content su-u-clearfix su-u-trim\">\nDas ageLOC LumiSpa Ger\u00e4t ist wasserfest, um es auch unter der Dusche zu verwenden. Zudem stoppt es automatisch f\u00fcr wenige Sekunden, wenn du zu viel Druck auf deine Haut aus\u00fcbst, und schaltet sich nach der zweimin\u00fctigen Anwendung automatisch aus. So wird deine Hautpflege praktischer als je zuvor! Verwende das Ger\u00e4t mit dem ageLOC Activating Cleanser deiner Wahl.<br \/>\n<\/div><\/div>\n<div class=\"su-spoiler su-spoiler-style-simple su-spoiler-icon-plus su-spoiler-closed\" data-scroll-offset=\"0\" data-anchor-in-url=\"no\"><div class=\"su-spoiler-title\" tabindex=\"0\" role=\"button\"><span class=\"su-spoiler-icon\"><\/span>H\u00c4UFIG GESTELLTE FRAGEN (FAQ)<\/div><div class=\"su-spoiler-content su-u-clearfix su-u-trim\">\n<ol>\n<li><strong>Ist ageLOC LumiSpa Ger\u00e4tesystems ein Reinigungsger\u00e4t?<\/strong><br \/>\nDas ageLOC LumiSpa Ger\u00e4t in Verbindung mit den ageLOC LumiSpa Activating Cleansern ist ein System, das Wirksamkeit und Innovation vereint. Es schenkt eine strahlende, jugendlich und gesund aussehende Haut und bietet in erweitertes Reinigungsergebnis. Der Ger\u00e4teaufsatz aus Silikon verf\u00fcgt \u00fcber nicht abrasive Oberfl\u00e4chen, die hygienisch und im Allgemeinen einfacher zu reinigen sind, als andere auf dem Markt erh\u00e4ltliche Aufs\u00e4tze. Die ageLOC\u00ae LumiSpa\u2122 Activating Cleanser enthalten den ageLOC\u00ae Wirkstoffkomplex, der die Ursachen f\u00fcr sichtbare Zeichen der Hautalterung bek\u00e4mpft, um ein jugendliches Aussehen zu erzielen.<\/li>\n<li><strong>F\u00fcr wen eignet sich ageLOC LumiSpa Ger\u00e4tesystems?<\/strong><br \/>\nDas ageLOC LumiSpa Ger\u00e4tesystems eignet sich f\u00fcr alle Erwachsenen, die Ihrer Haut etwas gutes tun m\u00f6chten und nach M\u00f6glichkeiten suchen, sichtbare Zeichen der Hautalterung zu minimieren oder eine jugendlich aussehende Haut zu bewahren.<\/li>\n<li><strong>K\u00f6nnen Teenager das ageLOC LumiSpa Ger\u00e4tesystems verwenden?<\/strong><br \/>\nDas ageLOC LumiSpa Ger\u00e4tesystems wurde f\u00fcr alle Erwachsenen entwickelt, die Ihrer Haut etwas gutes tun m\u00f6chten und nach M\u00f6glichkeiten suchen, sichtbare Zeichen der Hautalterung zu minimieren oder eine gesund aussehende Haut zu bewahren und zu f\u00f6rdern) Jugandliche \u00fcber 16 Jahre k\u00f6nnen das Ger\u00e4t benutzen, vorausgesetzt, Sie werden dabei beaufsichtig ode haben eine Einweisung f\u00fcr die sichere Anwendung des Ger\u00e4ts erhalten und verstehen die damit verbundenen Gefahren.<\/li>\n<\/ol>\n<\/div><\/div>\n","protected":false},"excerpt":{"rendered":"<p><strong>ageLOC LumiSpa Ger\u00e4tesystems:<\/strong><br \/>\n<select id=\"level1\" style=\"width: 100%;\" name=\"level1\" onchange=\"showDropdown()\"><option value=\"\">Typ | Land w\u00e4hlen . . .<\/option><option><\/option><option value=\"Lumispa Normal\">Normal\/Normales\/Normale<\/option><option value=\"Lumispa Sensitive\">Sensitive\/Sensibles\/Empfindliche<\/option><option value=\"Lumispa Oily\">Oily\/Grasses\/Fettige<\/option><option value=\"Lumispa Dry\">Dry\/S\u00e8ches\/Trockene<\/option><option value=\"Lumispa Blemish\">Blemish\/R\u00e9actives\/Unreinheiten<\/option><\/select><\/p>\n<p><select id=\"level2\" style=\"width: 100%; display: none;\" name=\"level2\" onchange=\"showDropdown()\"><\/select><\/p>\n[sc name=\"new_info_german\" ][\/sc]\n<p><a href=\"https:\/\/de.wikipedia.org\/wiki\/Hautpflege\" target=\"_blank\" style=\"text-decoration: none; cursor:text; color:#402d25; font-weight: normal;\" rel=\"noopener\">Hautpflege<\/a> ist so wichtig, aber nicht immer einfach. <a href=\"https:\/\/urbanbeautyonline.com\/de\/nuskin\/ageloc-lumispa-geratesystems\/\" target=\"_blank\" style=\"text-decoration: none; cursor:text; color:#402d25; font-weight: normal;\" rel=\"noopener\">ageLOC LumiSpa Ger\u00e4tesystems<\/a> fasst die t\u00e4gliche Gesichtspflege in einem einfachen, kompakten Ger\u00e4t zusammen. Zweimal am Tag mit dem passenden Activating Cleanser angewendet, erlebst du in nur zwei Minuten sieben gro\u00dfartige Vorteile, die \u00fcber eine einfache Reinigung hinausgehen. Das Ergebnis? Bereits nach der ersten Anwendung sichtbar geschmeidigere, weichere Haut und bei regelm\u00e4\u00dfiger Anwendung ein jugendliches Aussehen mit strahlendem Teint.<\/p>\n","protected":false},"featured_media":221,"comment_status":"open","ping_status":"closed","template":"","meta":[],"product_cat":[43],"product_tag":[],"class_list":["post-215","product","type-product","status-publish","has-post-thumbnail","hentry","product_cat-ageloc-lumispa"],"_links":{"self":[{"href":"https:\/\/urbanbeautyonline.com\/de\/wp-json\/wp\/v2\/product\/215","targetHints":{"allow":["GET"]}}],"collection":[{"href":"https:\/\/urbanbeautyonline.com\/de\/wp-json\/wp\/v2\/product"}],"about":[{"href":"https:\/\/urbanbeautyonline.com\/de\/wp-json\/wp\/v2\/types\/product"}],"replies":[{"embeddable":true,"href":"https:\/\/urbanbeautyonline.com\/de\/wp-json\/wp\/v2\/comments?post=215"}],"wp:featuredmedia":[{"embeddable":true,"href":"https:\/\/urbanbeautyonline.com\/de\/wp-json\/wp\/v2\/media\/221"}],"wp:attachment":[{"href":"https:\/\/urbanbeautyonline.com\/de\/wp-json\/wp\/v2\/media?parent=215"}],"wp:term":[{"taxonomy":"product_cat","embeddable":true,"href":"https:\/\/urbanbeautyonline.com\/de\/wp-json\/wp\/v2\/product_cat?post=215"},{"taxonomy":"product_tag","embeddable":true,"href":"https:\/\/urbanbeautyonline.com\/de\/wp-json\/wp\/v2\/product_tag?post=215"}],"curies":[{"name":"wp","href":"https:\/\/api.w.org\/{rel}","templated":true}]}}