{"id":226,"date":"2022-11-01T20:00:47","date_gmt":"2022-11-01T20:00:47","guid":{"rendered":"https:\/\/urbanbeautyonline.com\/de\/?post_type=product&#038;p=226"},"modified":"2023-01-19T21:58:10","modified_gmt":"2023-01-19T21:58:10","slug":"kollagen-lumispa-system","status":"publish","type":"product","link":"https:\/\/urbanbeautyonline.com\/de\/nuskin\/kollagen-lumispa-system\/","title":{"rendered":"Better Together Kollagen+ LumiSpa System"},"content":{"rendered":"<h3>Better Together Kollagen+ LumiSpa System<\/h3>\n<div class=\"su-spoiler su-spoiler-style-simple su-spoiler-icon-plus su-spoiler-closed\" data-scroll-offset=\"0\" data-anchor-in-url=\"no\"><div class=\"su-spoiler-title\" tabindex=\"0\" role=\"button\"><span class=\"su-spoiler-icon\"><\/span>BETTER TOGETHER KOLLAGEN+<\/div><div class=\"su-spoiler-content su-u-clearfix su-u-trim\">\n<div class=\"su-youtube su-u-responsive-media-yes\"><iframe loading=\"lazy\" width=\"600\" height=\"400\" src=\"https:\/\/www.youtube.com\/embed\/90vfYwldxEg?\" frameborder=\"0\" allowfullscreen allow=\"autoplay; encrypted-media; picture-in-picture\" title=\"BEAUTY FOCUS COLLAGEN+ PULVER COLLAGEN+ PLUS KAUFEN\"><\/iframe><\/div>\n<p><strong>VORTEILE:<\/strong><br \/>\nSind Sie bereit, Ihren Weg zu atemberaubenden Ergebnissen zu trinken? Starten Sie Ihre Reise zu wundersch\u00f6ner Haut mit Beauty Focus Collagen+. Unser innovatives Collagen-Beauty-Supplement enth\u00e4lt Collagen-Hydrolysat, Weizen\u00f6l-Extrakt und Lutein. Mit all diesen Inhaltsstoffen bietet Collagen+ eine Vielzahl von Vorteilen f\u00fcr ein strahlendes Hautbild und eine Verringerung des Volumens der Augenfalten.<\/p>\n<p><strong>ANWENDUNG:<\/strong><\/p>\n<p><center><img decoding=\"async\" src=\"https:\/\/i0.wp.com\/urbanbeautyonline.com\/de\/wp-content\/uploads\/2022\/10\/collagen-how-to.gif?resize=300%2C300&#038;ssl=1\" alt=\"Better Together Kollagen+ LumiSpa System\" width=\"300\" height=\"300\" title=\"\" data-recalc-dims=\"1\"><\/center><br \/>\nEine Stick-Packung in 100 ml Wasser einr\u00fchren. Innerhalb der ersten Minuten nach dem Mischen verzehren. Einmal t\u00e4glich einnehmen.<\/p>\n<p><strong>WUSSTEN SIE DAS?:<\/strong><br \/>\nUnsere Kollagenpeptide weisen ein sehr spezifisches Peptidprofil oder einen Peptid-&#8220;Fingerabdruck&#8221; auf, der sie f\u00fcr die Sch\u00f6nheit optimiert, wie klinische Studien am Menschen zeigen, die eine Verbesserung des Erscheinungsbildes der Hautmerkmale belegen.<br \/>\n<\/div><\/div>\n<div class=\"su-spoiler su-spoiler-style-simple su-spoiler-icon-plus su-spoiler-closed\" data-scroll-offset=\"0\" data-anchor-in-url=\"no\"><div class=\"su-spoiler-title\" tabindex=\"0\" role=\"button\"><span class=\"su-spoiler-icon\"><\/span>AGELOC LUMISPA<\/div><div class=\"su-spoiler-content su-u-clearfix su-u-trim\">\n<div class=\"su-youtube su-u-responsive-media-yes\"><iframe loading=\"lazy\" width=\"600\" height=\"400\" src=\"https:\/\/www.youtube.com\/embed\/kraAhM9i24o?\" frameborder=\"0\" allowfullscreen allow=\"autoplay; encrypted-media; picture-in-picture\" title=\"AGELOC LUMISPA KAUFEN\"><\/iframe><\/div>\n<h3>Better Together Kollagen+ LumiSpa System<\/h3>\n<p>Nu Skin wurde von Euromonitor* zur weltweiten Nr. 1 im Bereich Beauty-Ger\u00e4te-Systeme zur Heimanwendung 2017 und 2018 ernannt und dieses wiederaufladbare, wasserdichte Hautpflege-Ger\u00e4t befl\u00fcgelt dein Erlebnis bei der Gesichtsreinigung und Augenpflege. Es punktet mit der patentierten Two-Sense Motion Technologie, die beim Reinigen die Haut stimuliert und dabei dank der pr\u00e4zisen Bewegung und Schwingungszahl optimal mit unseren Activating Cleansern und IdealEyes (wir berichten gleich dar\u00fcber) zusammenwirkt.<\/p>\n<p><strong>VORTEILE:<\/strong><br \/>\nJugendlich aussehende Haut beginnt mit gr\u00fcndlicher Reinigung. Das ageLOC LumiSpa ageLOC LumiSpa ist daf\u00fcr eine gro\u00dfartige Wahl, aber es bietet noch so viel mehr. Zweimal am Tag \u2013 jeweils nur zwei Minuten \u2013 mit einem unserer Activating Cleanser angewendet, genie\u00dft du schon nach kurzer Zeit 7 umwerfende Ergebnisse, die eine normale Gesichtsreinigung bei weitem \u00fcbersteigen:<\/p>\n<ol>\n<li><span class=\"clinicals\"><strong>37 %<\/strong><\/span> glattere Haut nach nur einer Anwendung*<\/li>\n<li><span class=\"clinicals\"><strong>37 %<\/strong><\/span> geschmeidigere Haut nach nur einer Anwendung*<\/li>\n<li><span class=\"clinicals\"><strong>62 %<\/strong><\/span> strahlenderer Teint nach 12 Wochen**<\/li>\n<li><span class=\"clinicals\"><strong>2 x<\/strong><\/span> sichtbar reinere Haut nach 12 Wochen**<\/li>\n<li>Verfeinerte Poren.<\/li>\n<li>Klarerer, gleichm\u00e4\u00dfiger Hautton.<\/li>\n<li>Sichtbar frischerer Teint.<\/li>\n<\/ol>\n<p><em><strong>Die oben gemachten Aussagen sind das Ergebnis einer unabh\u00e4ngigen professionellen Bewertung, einschlie\u00dflich der Beurteilung einer klinischen Fachkraft:<\/strong><\/em><\/p>\n<ul>\n<li>*Die Ergebnisse basieren auf einer vierw\u00f6chigen In-Vivo-Verbraucherstudie an 80 Teilnehmern mit empfindlicher Haut, die ageLOC LumiSpa verwendeten Activating Cleanser f\u00fcr normale bis Mischhaut mit dem harten Silikonaufsatz.<\/li>\n<li>**Die Ergebnisse basieren auf einer zw\u00f6lfw\u00f6chigen In-Vivo-Verbraucherstudie an 150 Teilnehmerinnen mit unterschiedlichen Hauttypen. Die oben genannten Ergebnisse wurden durch Tests an Teilnehmern mit normaler bis Mischhaut erreicht. Diese Personen wurden angewiesen, anstelle ihrer normalen Gesichtsreinigung morgens und abends ageLOC LumiSpa mit dem normalen Silikonaufsatz und ageLOC LumiSpa Activating Cleanser f\u00fcr normale bis Mischhaut zu verwenden.<\/li>\n<\/ul>\n<p>&nbsp;<\/p>\n<p><strong>ANWENDUNG:<\/strong><\/p>\n<p><center><img decoding=\"async\" src=\"https:\/\/i0.wp.com\/urbanbeautyonline.com\/de\/wp-content\/uploads\/2022\/10\/Better-Together-Kollagen-LumiSpa-System-anwendung-usage.webp?resize=708%2C235&#038;ssl=1\" alt=\"Better Together Kollagen+ LumiSpa System\" width=\"708\" height=\"235\" title=\"\" data-recalc-dims=\"1\"><\/center><br \/>\nBefeuchten Sie Ihr Gesicht mit warmem Wasser und tragen Sie eine gro\u00dfz\u00fcgige Menge des Reinigungsmittels auf Ihre Haut auf, wobei Sie die Augenpartie aussparen. Befeuchten Sie den Kopf des Ger\u00e4ts und schalten Sie es ein. Gleiten Sie mit dem Ger\u00e4t in langsamen, breiten Bewegungen \u00fcber Ihr Gesicht. Schrubben Sie nicht und dr\u00fccken Sie nicht fest. Alle 30 Sekunden macht das Ger\u00e4t eine Pause, damit Sie zu einer anderen Gesichtspartie wechseln k\u00f6nnen. Nach der Anwendung sp\u00fclen Sie Ihr Gesicht ab und tupfen es trocken.<\/p>\n<p><strong>WUSSTEN SIE DAS?:<\/strong><br \/>\nIhr ageLOC LumiSpa Ger\u00e4t ist wasserdicht, so dass f\u00fcr die Verwendung in der Dusche geeignet ist. Au\u00dferdem ist es hochgradig automatisiert &#8211; Das Ger\u00e4t macht eine Pause, um Sie zu warnen, wenn Sie es falsch anwenden, und schaltet sich am Ende des Zyklus automatisch aus. So wird Ihre Hautpflege-Routine bequemer als je zuvor! Kaufen Sie das Ger\u00e4t zusammen mit Ihrem ageLOC Activating Cleanser Ihrer Wahl.<br \/>\n<\/div><\/div>\n","protected":false},"excerpt":{"rendered":"<p><strong>Better Together Kollagen+ LumiSpa System:<\/strong><br \/>\n<select id=\"level1\" style=\"width: 100%;\" name=\"level1\" onchange=\"showDropdown()\"><option value=\"\">Typ | Land w\u00e4hlen . . .<\/option><option value=\"\"><\/option><option value=\"LUMISPA NORMAL COLLAGEN EU\">Normale bis Mischhaut<\/option><option value=\"LUMISPA SENSITIVE COLLAGEN EU\">Empfindliche Haut<\/option><option value=\"LUMISPA OILY COLLAGEN EU\">Fettige Haut<\/option><option value=\"LUMISPA DRY COLLAGEN EU\">Trockene Haut<\/option><option value=\"LUMISPA ACNE COLLAGEN EU\">zu Unreinheiten neigende Haut<\/option><option value=\"\"><\/option><\/select><\/p>\n<p><select id=\"level2\" style=\"width: 100%; display: none;\" name=\"level2\" onchange=\"showDropdown()\"><br \/>\n<\/select><\/p>\n[sc name=\"new_info_german\" ][\/sc]\n<p>Beauty Focus <a style=\"text-decoration: none; cursor: text; color: #402d25; font-weight: normal;\" href=\"https:\/\/en.wikipedia.org\/wiki\/Collagen\" target=\"_blank\" rel=\"noopener\">Kollagen<\/a>+ ist eine innovative Nahrungserg\u00e4nzung mit Kollagen, die von Experten ausgew\u00e4hlte Beauty-Inhaltsstoffe enth\u00e4lt und verschiedene Funktionen einer sch\u00f6nen Haut unterst\u00fctzt. ageLOC LumiSpa ist ein preisgekr\u00f6ntes Beauty-Tool \u2013 es ist nicht nur \u00e4u\u00dferst effektiv, sondern bietet auch viele zus\u00e4tzliche Pflegevorteile f\u00fcr die Haut. Es ist klinisch best\u00e4tigt, dass <a style=\"text-decoration: none; cursor: text; color: #402d25; font-weight: normal;\" href=\"https:\/\/urbanbeautyonline.com\/de\/nuskin\/kollagen-lumispa-system\/\" target=\"_blank\" rel=\"noopener\">Better Together Kollagen+ LumiSpa System<\/a> gemeinsam besser wirken. Bei der dermatologischen Bewertung zeigt sich, dass sich bei Teilnehmer*innen, die sowohl ageLOC LumiSpa verwendeten als auch Beauty Focus Kollagen+ f\u00fcr vier Monate t\u00e4glich* einnahmen, das sichtbare Gesamterscheinungsbild um 43 %, die Hautbeschaffenheit um 79 % und die Strahlkraft der Haut um 47 % verbessert hatte.<\/p>\n[su_spoiler title=\"Better Together Kollagen+ LumiSpa System\"]<br \/>\n<strong>In diesem Set enthalten: <\/strong><br \/>\n1 x ageLOC LumiSpa Beauty Device Gesichtsreinigungskit<br \/>\n1 x Beauty Focus Kollagen+<br \/>\n[\/su_spoiler]\n","protected":false},"featured_media":227,"comment_status":"open","ping_status":"closed","template":"","meta":[],"product_cat":[39,43],"product_tag":[],"class_list":["post-226","product","type-product","status-publish","has-post-thumbnail","hentry","product_cat-beauty-focus-collagen","product_cat-ageloc-lumispa"],"_links":{"self":[{"href":"https:\/\/urbanbeautyonline.com\/de\/wp-json\/wp\/v2\/product\/226","targetHints":{"allow":["GET"]}}],"collection":[{"href":"https:\/\/urbanbeautyonline.com\/de\/wp-json\/wp\/v2\/product"}],"about":[{"href":"https:\/\/urbanbeautyonline.com\/de\/wp-json\/wp\/v2\/types\/product"}],"replies":[{"embeddable":true,"href":"https:\/\/urbanbeautyonline.com\/de\/wp-json\/wp\/v2\/comments?post=226"}],"wp:featuredmedia":[{"embeddable":true,"href":"https:\/\/urbanbeautyonline.com\/de\/wp-json\/wp\/v2\/media\/227"}],"wp:attachment":[{"href":"https:\/\/urbanbeautyonline.com\/de\/wp-json\/wp\/v2\/media?parent=226"}],"wp:term":[{"taxonomy":"product_cat","embeddable":true,"href":"https:\/\/urbanbeautyonline.com\/de\/wp-json\/wp\/v2\/product_cat?post=226"},{"taxonomy":"product_tag","embeddable":true,"href":"https:\/\/urbanbeautyonline.com\/de\/wp-json\/wp\/v2\/product_tag?post=226"}],"curies":[{"name":"wp","href":"https:\/\/api.w.org\/{rel}","templated":true}]}}