{"id":232,"date":"2022-11-02T20:00:57","date_gmt":"2022-11-02T20:00:57","guid":{"rendered":"https:\/\/urbanbeautyonline.com\/de\/?post_type=product&#038;p=232"},"modified":"2023-01-19T21:57:27","modified_gmt":"2023-01-19T21:57:27","slug":"pharmanex-tegreen","status":"publish","type":"product","link":"https:\/\/urbanbeautyonline.com\/de\/nuskin\/pharmanex-tegreen\/","title":{"rendered":"Pharmanex Tegreen"},"content":{"rendered":"<h3>Pharmanex Tegreen (30 | 120 Kapseln)<\/h3>\n<div class=\"su-spoiler su-spoiler-style-simple su-spoiler-icon-plus su-spoiler-closed\" data-scroll-offset=\"0\" data-anchor-in-url=\"no\"><div class=\"su-spoiler-title\" tabindex=\"0\" role=\"button\"><span class=\"su-spoiler-icon\"><\/span>VORTEILE<\/div><div class=\"su-spoiler-content su-u-clearfix su-u-trim\">\nEiner der st\u00e4rksten Gr\u00fcntee-Extrakte auf dem Markt. Seit Tausenden von Jahren wird gr\u00fcner Tee wegen seiner unglaublichen gesundheitlichen Vorteile verwendet. T\u0113green 97 macht sich die Kraft des gr\u00fcnen Tees zunutze und setzt sein volles Potenzial frei.<\/p>\n<p>Mit Hilfe spezieller Beschaffungs- und Verarbeitungstechniken ist dieser gesch\u00fctzte, hochkonzentrierte Gr\u00fcntee-Extrakt eine reichhaltige Quelle standardisierter antioxidativer Catechine, die dazu beitragen, die langfristige Zellgesundheit zu f\u00f6rdern und die Stoffwechselrate des K\u00f6rpers durch Thermogenese zu erh\u00f6hen &#8211; und das alles bei minimalem Koffeingehalt und verbesserter Bioverf\u00fcgbarkeit und antioxidativer Kapazit\u00e4t im Vergleich zum Trinken von gr\u00fcnem oder schwarzem Tee.*<\/p>\n<div class=\"su-row\">\n<div class=\"su-column su-column-size-1-3\"><div class=\"su-column-inner su-u-clearfix su-u-trim\"><center><img decoding=\"async\" width=\"50\" height=\"50\" src=\"https:\/\/i0.wp.com\/urbanbeautyonline.com\/de\/wp-content\/uploads\/2022\/10\/icon-propietary-extraction-techniques.webp?resize=50%2C50&#038;ssl=1\" alt=\"Pharmanex Tegreen (30 | 120 Kapseln)\" title=\"\" data-recalc-dims=\"1\"><br \/>\nPropriet\u00e4re Extraktionsverfahren*<\/center><\/div><\/div>\n<div class=\"su-column su-column-size-1-3\"><div class=\"su-column-inner su-u-clearfix su-u-trim\"><center><img decoding=\"async\" width=\"50\" height=\"50\" src=\"https:\/\/i0.wp.com\/urbanbeautyonline.com\/de\/wp-content\/uploads\/2022\/10\/icon-potent-antioxidant-protection.webp?resize=50%2C50&#038;ssl=1\" alt=\"Pharmanex Tegreen (30 | 120 Kapseln)\" title=\"\" data-recalc-dims=\"1\"><br \/>\nStarker antioxidativer Schutz*<\/center><\/div><\/div>\n<div class=\"su-column su-column-size-1-3\"><div class=\"su-column-inner su-u-clearfix su-u-trim\"><center><img decoding=\"async\" width=\"50\" height=\"50\" src=\"https:\/\/i0.wp.com\/urbanbeautyonline.com\/de\/wp-content\/uploads\/2022\/10\/icon-thermogenic-benefits.webp?resize=50%2C50&#038;ssl=1\" alt=\"Pharmanex Tegreen (30 | 120 Kapseln)\" title=\"\" data-recalc-dims=\"1\"><br \/>\nThermogenetische Vorteile*<\/center><\/div><\/div>\n<\/div>\n<ul>\n<li>Ein gesch\u00fctzter Gr\u00fcntee-Extrakt, der 97% Polyphenole enth\u00e4lt, von denen 65% starke Katechine sind.<\/li>\n<li>Hat die antioxidative Kraft von sieben Tassen Tee pro Kapsel und ist zu 99,5% koffeinfrei.<\/li>\n<li>Unterst\u00fctzt die gesunde Zellfunktion und hilft, die Zellstrukturen, einschlie\u00dflich der DNA, zu sch\u00fctzen.<\/li>\n<li>Enth\u00e4lt starke Antioxidantien, die helfen, freie Radikale auf zellul\u00e4rer Ebene abzuwehren.<\/li>\n<li>Standardisiert f\u00fcr konsistente und starke Vorteile.<\/li>\n<li>Die thermogene Wirkung erh\u00f6ht die Stoffwechselrate des K\u00f6rpers.<\/li>\n<li>Die firmeneigene Extraktion von T\u0113green 97 gew\u00e4hrleistet einen h\u00f6heren Gehalt an Wirkstoffen als die meisten Gr\u00fcnteeprodukte.<\/li>\n<li>Klinisch erwiesenerma\u00dfen bessere Bioverf\u00fcgbarkeit und antioxidative Kapazit\u00e4t als der Konsum von gr\u00fcnem oder schwarzem Tee.*<\/li>\n<\/ul>\n<\/div><\/div>\n<div class=\"su-spoiler su-spoiler-style-simple su-spoiler-icon-plus su-spoiler-closed\" data-scroll-offset=\"0\" data-anchor-in-url=\"no\"><div class=\"su-spoiler-title\" tabindex=\"0\" role=\"button\"><span class=\"su-spoiler-icon\"><\/span>T\u00c4GLICHE EINNAHME<\/div><div class=\"su-spoiler-content su-u-clearfix su-u-trim\">\nMorgens zum Fr\u00fchst\u00fcck eine (1) Kapsel mit Fl\u00fcssigkeit einnehmen.<br \/>\n<\/div><\/div>\n<div class=\"su-spoiler su-spoiler-style-simple su-spoiler-icon-plus su-spoiler-closed\" data-scroll-offset=\"0\" data-anchor-in-url=\"no\"><div class=\"su-spoiler-title\" tabindex=\"0\" role=\"button\"><span class=\"su-spoiler-icon\"><\/span>HAFTUNGSAUSSCHLUSS<\/div><div class=\"su-spoiler-content su-u-clearfix su-u-trim\">\nEinige Pharmanex Produkte sind in teegr\u00fcnen Flaschen, andere in olivgr\u00fcnen verpackt. Der Inhalt ist garantiert der gleiche.<br \/>\n<\/div><\/div>\n<div class=\"su-spoiler su-spoiler-style-simple su-spoiler-icon-plus su-spoiler-closed\" data-scroll-offset=\"0\" data-anchor-in-url=\"no\"><div class=\"su-spoiler-title\" tabindex=\"0\" role=\"button\"><span class=\"su-spoiler-icon\"><\/span>INHALTSSTOFFE<\/div><div class=\"su-spoiler-content su-u-clearfix su-u-trim\">\n<center><img decoding=\"async\" width=\"228\" height=\"228\" src=\"https:\/\/i0.wp.com\/urbanbeautyonline.com\/de\/wp-content\/uploads\/2022\/10\/ingredient-tegreen.webp?resize=228%2C228&#038;ssl=1\" alt=\"Pharmanex Tegreen (30 | 120 Kapseln)\" title=\"\" data-recalc-dims=\"1\"><br \/>\n<strong>Gr\u00fcner Tee Blattextrakt<\/strong><br \/>\nDer Extrakt aus gr\u00fcnen Teebl\u00e4ttern (Camellia Sinensis) besteht zu 97% aus leistungsstarken Antioxidantien, den so genannten Polyphenolen, von denen 65% starke Catechine sind. Diese Katechine sind besonders wirksam bei der Neutralisierung freier Radikale auf zellul\u00e4rer Ebene und haben nachweislich einen thermogenen Effekt, der die Stoffwechselrate des K\u00f6rpers erh\u00f6ht.*<\/center><\/p>\n<p>Extrakt aus Bl\u00e4ttern des Gr\u00fcnen Tees (Camellia sinensis (L.) Kuntze) (69 % \u2013 250 mg\/Kaps.), Kapsel (Gelatine), F\u00fcllstoff: mikrokristalline Cellulose, Trennmittel (Fetts\u00e4uren, Siliciumdioxid), Calcium-L-ascorbat<br \/>\n<\/div><\/div>\n<div class=\"su-spoiler su-spoiler-style-simple su-spoiler-icon-plus su-spoiler-closed\" data-scroll-offset=\"0\" data-anchor-in-url=\"no\"><div class=\"su-spoiler-title\" tabindex=\"0\" role=\"button\"><span class=\"su-spoiler-icon\"><\/span>WARNHINWEISE<\/div><div class=\"su-spoiler-content su-u-clearfix su-u-trim\">\nDie empfohlene Tagesdosis nicht \u00fcberschreiten. Eine abwechslungsreiche und ausgewogene Ern\u00e4hrung und eine gesunde Lebensweise sind wichtig. Nahrungserg\u00e4nzungsmittel sind kein Ersatz f\u00fcr eine abwechslungsreiche und ausgewogene Ern\u00e4hrung und eine gesunde Lebensweise. Nicht verwenden bei besch\u00e4digtem oder fehlendem Sicherheitssiegel. Vor W\u00e4rme und Feuchtigkeit sch\u00fctzen. Au\u00dferhalb der Reichweite von Kleinkindern lagern. Bei Einnahme von Medikamenten bitte vor der Anwendung dieses Produktes einen Arzt konsultieren. Nicht empfohlen f\u00fcr Kinder, Jugendliche oder Frauen in der Schwangerschaft und w\u00e4hrend der Stillzeit. Nicht ohne Mahlzeiten einnehmen. Nicht gleichzeitig mit anderen Gr\u00fcntee-Produkten verwenden.<br \/>\n<\/div><\/div>\n<div class=\"su-spoiler su-spoiler-style-simple su-spoiler-icon-plus su-spoiler-closed\" data-scroll-offset=\"0\" data-anchor-in-url=\"no\"><div class=\"su-spoiler-title\" tabindex=\"0\" role=\"button\"><span class=\"su-spoiler-icon\"><\/span>INFORMATIONEN ZUM HERSTELLER\/IMPORTEUR<\/div><div class=\"su-spoiler-content su-u-clearfix su-u-trim\">\nHergestellt in der Schweiz exklusiv f\u00fcr: NSE Products, Inc., Provo, Utah, 84601, USA<\/p>\n<p><strong>Imp.:<\/strong> NSE Products Europe BV, Da Vincilaan 9, 1930 Zaventem, Belgien.<br \/>\nGr\u00fcntee-Extrakt, hergestellt in Frankreich mit gr\u00fcnem Tee aus China.<br \/>\n<\/div><\/div>\n","protected":false},"excerpt":{"rendered":"<p><strong>Pharmanex Tegreen (30 | 120 Kapseln):<\/strong><br \/>\n<select id=\"level1\" style=\"width: 100%;\" name=\"level1\" onchange=\"showDropdown()\"><option value=\"\">Typ | Land w\u00e4hlen . . .<\/option><option value=\"\"><\/option><option value=\"Tegreen 30 Capsules\">30 Kapseln<\/option><option value=\"Tegreen 120 Capsules\">120 Kapseln<\/option><\/select><\/p>\n<p><select id=\"level2\" style=\"width: 100%; display: none;\" name=\"level2\" onchange=\"showDropdown()\"><\/select><\/p>\n[sc name=\"new_info_german\" ][\/sc]\n<p>Die V\u00f6lker <a href=\"https:\/\/en.wikipedia.org\/wiki\/China\" target=\"_blank\" style=\"text-decoration: none; cursor:text; color:#402d25; font-weight: normal;\" rel=\"noopener\">Chinas<\/a> und Indiens verwenden diese Bl\u00e4tter schon seit Jahrhunderten und genie\u00dfen ihre vielen Vorz\u00fcge. Wir wollten diese Tradition aufgreifen. Daher enth\u00e4lt unser <a href=\"https:\/\/urbanbeautyonline.com\/de\/nuskin\/pharmanex-tegreen\/\" target=\"_blank\" style=\"text-decoration: none; cursor:text; color:#402d25; font-weight: normal;\" rel=\"noopener\">Pharmanex T\u0113green<\/a> Nahrungserg\u00e4nzungsmittel einen Gr\u00fcntee-Extrakt aus diesen Bl\u00e4ttern und beschert dir so all die hochwertigen Antioxidantien aus gr\u00fcnem Tee. In seiner Zusammensetzung ist gr\u00fcner Tee ziemlich komplex. Die Bl\u00e4tter enthalten Antioxidantien, die dazu beitragen, deine Zellen vor oxidativem Stress zu sch\u00fctzen.<\/p>\n[sc name=\"below-buy-now-button-german\" ][\/sc]\n","protected":false},"featured_media":233,"comment_status":"open","ping_status":"closed","template":"","meta":[],"product_cat":[36],"product_tag":[],"class_list":["post-232","product","type-product","status-publish","has-post-thumbnail","hentry","product_cat-pharmanex"],"_links":{"self":[{"href":"https:\/\/urbanbeautyonline.com\/de\/wp-json\/wp\/v2\/product\/232","targetHints":{"allow":["GET"]}}],"collection":[{"href":"https:\/\/urbanbeautyonline.com\/de\/wp-json\/wp\/v2\/product"}],"about":[{"href":"https:\/\/urbanbeautyonline.com\/de\/wp-json\/wp\/v2\/types\/product"}],"replies":[{"embeddable":true,"href":"https:\/\/urbanbeautyonline.com\/de\/wp-json\/wp\/v2\/comments?post=232"}],"wp:featuredmedia":[{"embeddable":true,"href":"https:\/\/urbanbeautyonline.com\/de\/wp-json\/wp\/v2\/media\/233"}],"wp:attachment":[{"href":"https:\/\/urbanbeautyonline.com\/de\/wp-json\/wp\/v2\/media?parent=232"}],"wp:term":[{"taxonomy":"product_cat","embeddable":true,"href":"https:\/\/urbanbeautyonline.com\/de\/wp-json\/wp\/v2\/product_cat?post=232"},{"taxonomy":"product_tag","embeddable":true,"href":"https:\/\/urbanbeautyonline.com\/de\/wp-json\/wp\/v2\/product_tag?post=232"}],"curies":[{"name":"wp","href":"https:\/\/api.w.org\/{rel}","templated":true}]}}