{"id":239,"date":"2022-11-03T20:00:52","date_gmt":"2022-11-03T20:00:52","guid":{"rendered":"https:\/\/urbanbeautyonline.com\/de\/?post_type=product&#038;p=239"},"modified":"2023-01-19T21:56:26","modified_gmt":"2023-01-19T21:56:26","slug":"pharmanex-eye-formula","status":"publish","type":"product","link":"https:\/\/urbanbeautyonline.com\/de\/nuskin\/pharmanex-eye-formula\/","title":{"rendered":"Eye Formula"},"content":{"rendered":"<h3>Pharmanex Eye Formula Nu Skin<\/h3>\n<div class=\"su-spoiler su-spoiler-style-simple su-spoiler-icon-plus su-spoiler-closed\" data-scroll-offset=\"0\" data-anchor-in-url=\"no\"><div class=\"su-spoiler-title\" tabindex=\"0\" role=\"button\"><span class=\"su-spoiler-icon\"><\/span>VORTEILE<\/div><div class=\"su-spoiler-content su-u-clearfix su-u-trim\">\n<strong>Vorteil der Anwendung:<\/strong><\/p>\n<ul>\n<li>Zink tr\u00e4gt zum Erhalt der normalen Sehkraft bei<\/li>\n<li>Zink, Selen, Kupfer und Vitamin C tragen zus\u00e4tzlich dazu bei, dass unser Immunsystem zuverl\u00e4ssig funktioniert<\/li>\n<li>Selen, Kupfer und die Vitamine C und E sind Antioxidantien, die Zellen vor oxidativem Stress sch\u00fctzen<\/li>\n<\/ul>\n<\/div><\/div>\n<div class=\"su-spoiler su-spoiler-style-simple su-spoiler-icon-plus su-spoiler-closed\" data-scroll-offset=\"0\" data-anchor-in-url=\"no\"><div class=\"su-spoiler-title\" tabindex=\"0\" role=\"button\"><span class=\"su-spoiler-icon\"><\/span>ANWENDUNGS-TIPP:<\/div><div class=\"su-spoiler-content su-u-clearfix su-u-trim\">\nEinmal t\u00e4glich eine (1) Kapsel mit Fl\u00fcssigkeit zu einer Mahlzeit einnehmen.<br \/>\n<\/div><\/div>\n<div class=\"su-spoiler su-spoiler-style-simple su-spoiler-icon-plus su-spoiler-closed\" data-scroll-offset=\"0\" data-anchor-in-url=\"no\"><div class=\"su-spoiler-title\" tabindex=\"0\" role=\"button\"><span class=\"su-spoiler-icon\"><\/span>SCHON GEWUSST \u2026?<\/div><div class=\"su-spoiler-content su-u-clearfix su-u-trim\">\nPharmanex Eye Formula ist der ideale Begleiter von Pharmanex Marine Omega, einem Nahrungserg\u00e4nzungsmittel, das 250 mg DHA enth\u00e4lt und bei t\u00e4glicher Einnahme die Aufrechterhaltung der normalen Hirnfunktion und des Sehverm\u00f6gens unterst\u00fctzt. Fisch\u00f6l hilft unseren K\u00f6rper auch dabei, \u00f6ll\u00f6sliche Vitamine wie etwa das in der Eye Formula enthaltene Vitamin E aufzunehmen, wodurch es zu einer sehr effektiven Kombination wird.<\/p>\n<p>Wir empfehlen die Anwendung in Kombination mit Nutricentials Day Dream Protective Cream oder Protective Lotion, sodass du deine Haut sowohl von innen als auch von au\u00dfen gegen die negativen Auswirkungen von zu viel Zeit vor dem Bildschirm sch\u00fctzen kannst!<br \/>\n<\/div><\/div>\n<div class=\"su-spoiler su-spoiler-style-simple su-spoiler-icon-plus su-spoiler-closed\" data-scroll-offset=\"0\" data-anchor-in-url=\"no\"><div class=\"su-spoiler-title\" tabindex=\"0\" role=\"button\"><span class=\"su-spoiler-icon\"><\/span>INHALTSSTOFFE<\/div><div class=\"su-spoiler-content su-u-clearfix su-u-trim\">\nLutein, L-Ascorbins\u00e4ure, Kapsel (Gelatine), Zinkgluconat, D-alpha-Tocopherylacetat, F\u00fcllstoff: Mikrokristalline Cellulose, Trennmittel: Fetts\u00e4uren, Zeaxanthin, Trennmittel: Siliciumdioxid, L-Selenomethionin, Trennmittel: Magnesiumsalze der Speisefetts\u00e4uren, Kupfergluconat.<br \/>\n<\/div><\/div>\n<div class=\"su-spoiler su-spoiler-style-simple su-spoiler-icon-plus su-spoiler-closed\" data-scroll-offset=\"0\" data-anchor-in-url=\"no\"><div class=\"su-spoiler-title\" tabindex=\"0\" role=\"button\"><span class=\"su-spoiler-icon\"><\/span>INFORMATIONEN ZUM HERSTELLER\/IMPORTEUR<\/div><div class=\"su-spoiler-content su-u-clearfix su-u-trim\">\n<strong>Hergestellt in den USA exklusiv f\u00fcr:<\/strong> NSE Products, Inc., Provo, Utah, 84601, USA<br \/>\n<strong>Imp.:<\/strong> Nu Skin Netherlands B.V., Amundsenweg 2, 5928 LT Venlo, Niederlande<br \/>\n<\/div><\/div>\n<div class=\"su-spoiler su-spoiler-style-simple su-spoiler-icon-plus su-spoiler-closed\" data-scroll-offset=\"0\" data-anchor-in-url=\"no\"><div class=\"su-spoiler-title\" tabindex=\"0\" role=\"button\"><span class=\"su-spoiler-icon\"><\/span>WARNHINWEISE<\/div><div class=\"su-spoiler-content su-u-clearfix su-u-trim\">\nDie empfohlene Tagesdosis nicht \u00fcberschreiten. Eine abwechslungsreiche und ausgewogene Ern\u00e4hrung und eine gesunde Lebensweise sind wichtig. Nahrungserg\u00e4nzungsmittel sind kein Ersatz f\u00fcr eine abwechslungsreiche und ausgewogene Ern\u00e4hrung und eine gesunde Lebensweise. Nicht verwenden bei besch\u00e4digtem oder fehlendem Sicherheitssiegel. Vor W\u00e4rme und Feuchtigkeit sch\u00fctzen. Au\u00dferhalb der Reichweite von Kleinkindern lagern. Bei Schwangerschaft und w\u00e4hrend der Stillzeit sowie bei Einnahme von Medikamenten bitte vor der Anwendung dieses Produktes einen Arzt konsultieren.<br \/>\n<\/div><\/div>\n<div class=\"su-spoiler su-spoiler-style-simple su-spoiler-icon-plus su-spoiler-closed\" data-scroll-offset=\"0\" data-anchor-in-url=\"no\"><div class=\"su-spoiler-title\" tabindex=\"0\" role=\"button\"><span class=\"su-spoiler-icon\"><\/span>MEHR LERNEN<\/div><div class=\"su-spoiler-content su-u-clearfix su-u-trim\">\n<strong>Ist Pharmanex Eye Formula Nu Skin sicher?<\/strong><br \/>\nJa. Pharmanex Eye Formula Nu Skin ist in der empfohlenen Dosierung sicher und gut vertr\u00e4glich. Pharmanex Eye Formula enth\u00e4lt Vitamine und Mineralstoffe, die in klinischen Studien nachgewiesen wurden und die Strukturen des Auges unterst\u00fctzen. Zus\u00e4tzlich zu den Vitaminen und Mineralstoffen enth\u00e4lt Eye Formula die Makula-Carotinoide Lutein und Zeaxanthin. Jeder der Inhaltsstoffe von Eye Formula ist ein \u00fcblicher Bestandteil der menschlichen Ern\u00e4hrung, doch durch die Ern\u00e4hrung allein erhalten wir m\u00f6glicherweise nicht genug von all diesen N\u00e4hrstoffen, weshalb eine Supplementierung so wichtig ist.<\/p>\n<p><strong>Warum ist Eye Formula scannerzertifiziert?<\/strong><br \/>\nEine Tagesdosis von Pharmanex\u00ae Eye Formula enth\u00e4lt 10 mg Lutein und 2 mg Zeaxanthin. Zusammen bieten diese beiden Carotinoide eine ausreichende antioxidative Unterst\u00fctzung, um erh\u00f6hte Scannerwerte zu garantieren. Lutein und Zeaxanthin spielen eine wichtige Rolle beim Schutz der Strukturen des Auges, geh\u00f6ren aber auch zu den Carotinoiden, die im Hautgewebe vorkommen. Obwohl die Scannerwerte die Carotinoidkonzentrationen in der Haut messen, k\u00f6nnen sie in dem Ma\u00dfe, wie sie vom Vorhandensein von Lutein und Zeaxanthin in der Haut beeinflusst werden, auch den Carotinoidstatus der Makula widerspiegeln.<\/p>\n<p><strong>Was ist so schlimm an blauem Licht?<\/strong><br \/>\nViele von uns wissen wahrscheinlich \u00fcber die Gefahren von ultraviolettem Licht Bescheid, aber blaues Licht wird in der heutigen Welt zu einem immer gr\u00f6\u00dferen Problem. Blaues Licht ist ein Teil des sichtbaren Lichtspektrums zwischen 400 und 780 nm. Was bedeutet das? Das Licht, das wir sehen k\u00f6nnen, unterscheidet sich vom ultravioletten Licht (280 bis 400 nm) und den weniger energiereichen Infrarot-Wellenl\u00e4ngen (780 nm bis 1 mm). Von allen verschiedenen Farben des sichtbaren Lichts ist blaues Licht die energiereichste Wellenl\u00e4nge. Das bedeutet, dass es das gr\u00f6\u00dfte Potenzial hat, die Makula des Auges zu sch\u00e4digen und die Bildung reaktiver Sauerstoffspezies (ROS) zu verursachen. Und erh\u00f6hte ROS k\u00f6nnen zu erheblichen Sch\u00e4den an den Zellstrukturen f\u00fchren. Grunds\u00e4tzlich ist eine \u00fcberm\u00e4\u00dfige Exposition gegen\u00fcber blauem Licht eine schlechte Nachricht f\u00fcr Ihre Augen.<\/p>\n<p><strong>Wurde Pharmanex Eye Formula nach den neuesten Erkenntnissen der Forschung formuliert?<\/strong><br \/>\nAuf jeden Fall. In einer bahnbrechenden klinischen Studie, die als AREDS bekannt ist, wurden die Fortschritte von Personen, die ein Nahrungserg\u00e4nzungsmittel zur Unterst\u00fctzung der Augengesundheit einnahmen, \u00fcber einen Zeitraum von durchschnittlich 6,3 Jahren beobachtet. Auf der Grundlage der Ergebnisse von AREDS f\u00fchrte das National Eye Institute AREDS2 mit ver\u00e4nderten N\u00e4hrstoffmengen und zus\u00e4tzlichen Inhaltsstoffen ein. In \u00dcbereinstimmung mit AREDS2 liefert eine Tagesdosis von Eye Formula die Makula-Carotinoide Lutein und Zeaxanthin in klinisch wirksamen Dosen (10 mg bzw. 2 mg), die zum Schutz Ihrer Augen beitragen.<br \/>\n<\/div><\/div>\n","protected":false},"excerpt":{"rendered":"<p><strong>Pharmanex Eye Formula Nu Skin:<\/strong><br \/>\n<select style=\"width: 100%;\" name=\"menu1\" onchange=\"location = this.value;\"><option value=\"\">Typ | Land w\u00e4hlen . . .<\/option><option value=\"\"><\/option><option value=\"https:\/\/nskn.co\/KQzSVE\">\ud83c\udde7\ud83c\uddea Belgi\u00eb<\/option><option value=\"https:\/\/nskn.co\/kQTTpP\">\ud83c\udde8\ud83c\uddff \u010cesk\u00e1 Republika<\/option><option value=\"https:\/\/nskn.co\/eugYpB\">\ud83c\udde9\ud83c\uddf0 Danmark<\/option><option value=\"https:\/\/nskn.co\/PiVa4e\">\ud83c\udde9\ud83c\uddea Deutschland<\/option><option value=\"https:\/\/nskn.co\/Ob61YV\">\ud83c\uddea\ud83c\uddf8 Espa\u00f1a<\/option><option value=\"https:\/\/nskn.co\/wTxhcm\">\ud83c\uddeb\ud83c\uddf7 France<\/option><option value=\"https:\/\/nskn.co\/sJH7gO\">\ud83c\uddee\ud83c\uddea Ireland<\/option><option value=\"https:\/\/nskn.co\/guUn29\">\ud83c\uddee\ud83c\uddf8 \u00cdsland<\/option><option value=\"https:\/\/nskn.co\/PJcaAL\">\ud83c\uddee\ud83c\uddf9 Italia<\/option><option value=\"https:\/\/nskn.co\/pNTd1I\">\ud83c\uddf1\ud83c\uddfa L\u00ebtzebuerg<\/option><option value=\"https:\/\/nskn.co\/v9SumT\">\ud83c\udded\ud83c\uddfa Magyarorsz\u00e1g<\/option><option value=\"https:\/\/nskn.co\/1LADaE\">\ud83c\uddf3\ud83c\uddf1 Netherlands<\/option><option value=\"https:\/\/nskn.co\/8u1M3R\">\ud83c\uddf3\ud83c\uddf4 Norge<\/option><option value=\"https:\/\/nskn.co\/9IzBmd\">\ud83c\udde6\ud83c\uddf9 \u00d6sterreich<\/option><option value=\"https:\/\/nskn.co\/IRb8Jw\">\ud83c\uddf7\ud83c\uddfa \u0420\u043e\u0441\u0441\u0438\u044f<\/option><option value=\"https:\/\/nskn.co\/7VmwH7\">\ud83c\uddf5\ud83c\uddf1 Polska<\/option><option value=\"https:\/\/nskn.co\/oGCz5D\">\ud83c\uddf5\ud83c\uddf9 Portugal<\/option><option value=\"https:\/\/nskn.co\/LmEJVC\">\ud83c\uddf7\ud83c\uddf4 Rom\u00e2nia<\/option><option value=\"https:\/\/nskn.co\/pkypJb\">\ud83c\udde8\ud83c\udded Schweiz<\/option><option value=\"https:\/\/nskn.co\/lA5D7p\">\ud83c\uddf8\ud83c\uddf0 Slovensko<\/option><option value=\"https:\/\/nskn.co\/ExOtrM\">\ud83c\uddeb\ud83c\uddee Suomi<\/option><option value=\"https:\/\/nskn.co\/iKrdIl\">\ud83c\uddf8\ud83c\uddea Sverige<\/option><option value=\"https:\/\/nskn.co\/c1HxVI\">\ud83c\uddec\ud83c\udde7 United Kingdom<\/option><option value=\"\"><\/option><option value=\"https:\/\/nskn.co\/LBvLUB\">\ud83c\uddfa\ud83c\uddf8 United States<\/option><option value=\"https:\/\/nskn.co\/JBy0Yf\">\ud83c\udde8\ud83c\udde6 Canada<\/option><option value=\"\"><\/option><option value=\"https:\/\/nskn.co\/62vNwX\">\ud83c\udde6\ud83c\uddfa Australia<\/option><option value=\"https:\/\/nskn.co\/xlaKcF\">\ud83c\uddf3\ud83c\uddff New Zealand<\/option><option value=\"\"><\/option><\/select><\/p>\n[sc name=\"new_info_german\" ][\/sc]\n<p>Die <a href=\"https:\/\/www.merriam-webster.com\/dictionary\/gesundheit\" target=\"_blank\" rel=\"noopener\" style=\"text-decoration: none; cursor:text; color:#402d25; font-weight: normal;\">Gesundheit<\/a> Ihrer Augen zu sch\u00fctzen war noch nie so wichtig wie heute. Von der Sonne \u00fcber Smartphones und Fernseher bis hin zu LED-Licht &#8211; Ihre Augen sind t\u00e4glich blauem Licht ausgesetzt. Gl\u00fccklicherweise enth\u00e4lt <a href=\"https:\/\/urbanbeautyonline.com\/de\/nuskin\/pharmanex-eye-formula\/\" target=\"_blank\" style=\"text-decoration: none; cursor:text; color:#402d25; font-weight: normal;\" rel=\"noopener\">Pharmanex Eye Formula<\/a> klinisch wirksame Dosen von Lutein und Zeaxanthin &#8211; zwei leistungsstarke Carotinoide, die helfen, Ihre Augen vor sch\u00e4dlichem blauem Licht zu sch\u00fctzen.<\/p>\n[sc name=\"below-buy-now-button-german\" ][\/sc]\n","protected":false},"featured_media":289,"comment_status":"open","ping_status":"closed","template":"","meta":[],"product_cat":[36],"product_tag":[],"class_list":["post-239","product","type-product","status-publish","has-post-thumbnail","hentry","product_cat-pharmanex"],"_links":{"self":[{"href":"https:\/\/urbanbeautyonline.com\/de\/wp-json\/wp\/v2\/product\/239","targetHints":{"allow":["GET"]}}],"collection":[{"href":"https:\/\/urbanbeautyonline.com\/de\/wp-json\/wp\/v2\/product"}],"about":[{"href":"https:\/\/urbanbeautyonline.com\/de\/wp-json\/wp\/v2\/types\/product"}],"replies":[{"embeddable":true,"href":"https:\/\/urbanbeautyonline.com\/de\/wp-json\/wp\/v2\/comments?post=239"}],"wp:featuredmedia":[{"embeddable":true,"href":"https:\/\/urbanbeautyonline.com\/de\/wp-json\/wp\/v2\/media\/289"}],"wp:attachment":[{"href":"https:\/\/urbanbeautyonline.com\/de\/wp-json\/wp\/v2\/media?parent=239"}],"wp:term":[{"taxonomy":"product_cat","embeddable":true,"href":"https:\/\/urbanbeautyonline.com\/de\/wp-json\/wp\/v2\/product_cat?post=239"},{"taxonomy":"product_tag","embeddable":true,"href":"https:\/\/urbanbeautyonline.com\/de\/wp-json\/wp\/v2\/product_tag?post=239"}],"curies":[{"name":"wp","href":"https:\/\/api.w.org\/{rel}","templated":true}]}}