{"id":244,"date":"2022-11-04T20:00:34","date_gmt":"2022-11-04T20:00:34","guid":{"rendered":"https:\/\/urbanbeautyonline.com\/de\/?post_type=product&#038;p=244"},"modified":"2023-02-09T21:01:37","modified_gmt":"2023-02-09T21:01:37","slug":"pharmanex-bone-formula","status":"publish","type":"product","link":"https:\/\/urbanbeautyonline.com\/de\/nuskin\/pharmanex-bone-formula\/","title":{"rendered":"Bone Formula"},"content":{"rendered":"<h3>Pharmanex Bone Formula<\/h3>\n<div class=\"su-spoiler su-spoiler-style-simple su-spoiler-icon-plus su-spoiler-closed\" data-scroll-offset=\"0\" data-anchor-in-url=\"no\"><div class=\"su-spoiler-title\" tabindex=\"0\" role=\"button\"><span class=\"su-spoiler-icon\"><\/span>VORTEILE<\/div><div class=\"su-spoiler-content su-u-clearfix su-u-trim\">\n<ul>\n<li>Reich an Calcium, Magnesium und Zink, was zum Erhalt normaler Knochen beitr\u00e4gt.<\/li>\n<li>Liefert eine umfassende Mischung an Vitaminen und Mineralien, um den Erhalt der richtigen Knochenstruktur und Funktion zu unterst\u00fctzen.<\/li>\n<li>Liefert Mangan, das sich auf die normale Bindegewebsbildung konzentriert und zum Erhalt normaler Knochen beitr\u00e4gt.<\/li>\n<li>Reich an Vitamin C tr\u00e4gt es zur normalen Kollagenbildung f\u00fcr das normale Funktionieren der Knochen bei. <\/li>\n<li>Bietet einen hohen Gehalt an Vitamin D und Vitamin K, die zusammen wirken, um eine effiziente Nutzung von Calcium f\u00fcr die Knochengesundheit zu erm\u00f6glichen.<\/li>\n<\/ul>\n<\/div><\/div>\n<div class=\"su-spoiler su-spoiler-style-simple su-spoiler-icon-plus su-spoiler-closed\" data-scroll-offset=\"0\" data-anchor-in-url=\"no\"><div class=\"su-spoiler-title\" tabindex=\"0\" role=\"button\"><span class=\"su-spoiler-icon\"><\/span>WER SOLLTE DIESES PRODUKT VERWENDEN?<\/div><div class=\"su-spoiler-content su-u-clearfix su-u-trim\">\nDieses Produkt ist f\u00fcr Personen bestimmt, die die richtige Struktur und Funktion gesunder Knochen erhalten wollen. Eine angemessene Kalziumzufuhr steht im Zusammenhang mit einer guten Knochengesundheit, da sie den Knochenabbau bei Frauen in den Wechseljahren oder im mittleren Alter, bei Personen mit einer famili\u00e4ren Vorbelastung f\u00fcr die Knochengesundheit und bei \u00e4lteren M\u00e4nnern und Frauen verlangsamt.<br \/>\n<\/div><\/div>\n<div class=\"su-spoiler su-spoiler-style-simple su-spoiler-icon-plus su-spoiler-closed\" data-scroll-offset=\"0\" data-anchor-in-url=\"no\"><div class=\"su-spoiler-title\" tabindex=\"0\" role=\"button\"><span class=\"su-spoiler-icon\"><\/span>ANWENDUNG<\/div><div class=\"su-spoiler-content su-u-clearfix su-u-trim\">\nNehmen Sie zweimal t\u00e4glich drei (3) Kapseln mit Fl\u00fcssigkeit zu einer Mahlzeit ein.<br \/>\n<\/div><\/div>\n<div class=\"su-spoiler su-spoiler-style-simple su-spoiler-icon-plus su-spoiler-closed\" data-scroll-offset=\"0\" data-anchor-in-url=\"no\"><div class=\"su-spoiler-title\" tabindex=\"0\" role=\"button\"><span class=\"su-spoiler-icon\"><\/span>BESTANDTEILE<\/div><div class=\"su-spoiler-content su-u-clearfix su-u-trim\">\n<strong>ZUTATEN:<\/strong> Calciumcarbonat\/Magnesiumcarbonat, Magnesiumsalze der Zitronens\u00e4ure, Kapsel (Gelatine, Wasser), Magnesium Bisglycinat, Calciummalat, Calcium-L-Ascorbat, F\u00fcllstoff: Vernetzte Natriumcarboxymethylcellulose, Trennstoff: Fetts\u00e4uren, Zinkgluconat, Menaquinon, Trennstoff: Siliziumdioxid, Manganbisglycinat, F\u00fcllstoff: Mikrokristalline Cellulose, Cholecalciferol, Kupfergluconat.<br \/>\n<\/div><\/div>\n<div class=\"su-spoiler su-spoiler-style-simple su-spoiler-icon-plus su-spoiler-closed\" data-scroll-offset=\"0\" data-anchor-in-url=\"no\"><div class=\"su-spoiler-title\" tabindex=\"0\" role=\"button\"><span class=\"su-spoiler-icon\"><\/span>WARNHINWEISE<\/div><div class=\"su-spoiler-content su-u-clearfix su-u-trim\">\n\u00dcberschreiten Sie nicht die empfohlene Tagesdosis. Eine abwechslungsreiche und ausgewogene Ern\u00e4hrung und eine gesunde Lebensweise sind wichtig. Nahrungserg\u00e4nzungsmittel sind kein Ersatz f\u00fcr eine ausgewogene Ern\u00e4hrung. Nicht verwenden bei besch\u00e4digtem oder fehlendem Sicherheitssiegel. Au\u00dferhalb der Reichweite von Kleinkinder lagern. Konsultieren Sie bitte vor dem Verzehr dieses Produkts einen Arzt, wenn Sie schwanger sind, stillen oder Medikamente einnehmen. Belgium: Nicht zu empfehlen f\u00fcr Personen die Cumarin-Antikoagulanzien einnehmen. Germany: Patientinnen und Patienten, die Antikoagulantien einnehmen, sollten vor der Einnahme von Vitamin K-Pr\u00e4paraten ihre \u00c4rztin oder ihren Arzt konsultieren. Luxembourg: Bei gleichzeitiger Behandlung mit Gerinnungshemmern konsultiere bitte deinen Arzt. Switzerland and Austria: Patientinnen und Patienten, die Antikoagulantien einnehmen, sollten vor der Einnahme von Vitamin K-Pr\u00e4paraten ihre \u00c4rztin oder ihren Arzt konsultieren. Magnesium-Pr\u00e4parate k\u00f6nnen abf\u00fchrend wirken.<br \/>\n<\/div><\/div>\n<div class=\"su-spoiler su-spoiler-style-simple su-spoiler-icon-plus su-spoiler-closed\" data-scroll-offset=\"0\" data-anchor-in-url=\"no\"><div class=\"su-spoiler-title\" tabindex=\"0\" role=\"button\"><span class=\"su-spoiler-icon\"><\/span>INFORMATIONEN ZUM HERSTELLER\/IMPORTEUR<\/div><div class=\"su-spoiler-content su-u-clearfix su-u-trim\">\n<strong>Hergestellt in den USA exklusiv f\u00fcr:<\/strong> NSE Products, Inc., Provo, Utah, 84601, USA<br \/>\n<strong>Imp.:<\/strong> Nu Skin Netherlands B.V., Amundsenweg 2, 5928 LT Venlo, Niederlande<br \/>\n<\/div><\/div>\n<div class=\"su-spoiler su-spoiler-style-simple su-spoiler-icon-plus su-spoiler-closed\" data-scroll-offset=\"0\" data-anchor-in-url=\"no\"><div class=\"su-spoiler-title\" tabindex=\"0\" role=\"button\"><span class=\"su-spoiler-icon\"><\/span>MEHR LERNEN<\/div><div class=\"su-spoiler-content su-u-clearfix su-u-trim\">\n<strong>Ist Pharmanex Bone Formula sicher?<\/strong><br \/>\nPharmanex Bone Formula ist sicher und es sind keine unerw\u00fcnschten Wirkungen bekannt, wenn es in der empfohlenen Dosierung eingenommen wird.<\/p>\n<p><strong>Welche Rolle spielt das Magnesium in Pharmanex Bone Formula?<\/strong><br \/>\nMagnesium ist das am zweith\u00e4ufigsten vorkommende Knochenmineral und scheint f\u00fcr die Knochengesundheit ebenso wichtig zu sein wie Kalzium, zumal eine geringe oder unzureichende Magnesiumzufuhr in den USA ein gro\u00dfes Problem darstellt. Magnesium ist an der Regulierung des Kalziumtransports und -stoffwechsels beteiligt und spielt somit eine Schl\u00fcsselrolle bei der Knochenbildung.<\/p>\n<p><strong>Welche Rolle spielt das Vitamin K2 in Pharmanex Bone Formula?<\/strong><br \/>\nPharmanex Bone Formula enth\u00e4lt eine spezielle Form von Vitamin K, das sogenannte Menachinon oder Vitamin K2. Studien haben gezeigt, dass K2 bei der Erhaltung der Knochengesundheit aktiver ist als Vitamin K1. Vitamin K2 bietet auch Vorteile f\u00fcr das Herz-Kreislauf-System, was bei normalem Vitamin K1 nicht der Fall ist.* In einer k\u00fcrzlich durchgef\u00fchrten Studie wurde die Wirkung von Vitamin K1 im Vergleich zu Vitamin K2 in zwei europ\u00e4ischen Bev\u00f6lkerungsgruppen untersucht; die Gruppe, die Vitamin K2 zu sich nahm, zeigte Vorteile f\u00fcr die Knochengesundheit, die w\u00e4hrend der gesamten Studie anhielten, w\u00e4hrend die Wirksamkeit von K1 innerhalb weniger Tage abnahm.<br \/>\n<\/div><\/div>\n<div class=\"su-spoiler su-spoiler-style-simple su-spoiler-icon-plus su-spoiler-closed\" data-scroll-offset=\"0\" data-anchor-in-url=\"no\"><div class=\"su-spoiler-title\" tabindex=\"0\" role=\"button\"><span class=\"su-spoiler-icon\"><\/span>VIDEO<\/div><div class=\"su-spoiler-content su-u-clearfix su-u-trim\">\n<div class=\"su-youtube su-u-responsive-media-yes\"><iframe loading=\"lazy\" width=\"600\" height=\"400\" src=\"https:\/\/www.youtube.com\/embed\/cNZmVuIX7BU?autoplay=1\" frameborder=\"0\" allowfullscreen allow=\"autoplay; encrypted-media; picture-in-picture\" title=\"Pharmanex Bone Formula\"><\/iframe><\/div>\n<\/div><\/div>\n","protected":false},"excerpt":{"rendered":"<p><strong>Pharmanex Bone Formula:<\/strong><br \/>\n<select style=\"width: 100%;\" name=\"menu1\" onchange=\"location = this.value;\"><option value=\"\">Typ | Land w\u00e4hlen . . .<\/option><option><\/option><option value=\"https:\/\/nskn.co\/MiRNLh\">\ud83c\udde7\ud83c\uddea Belgi\u00eb<\/option><option value=\"https:\/\/nskn.co\/7RpYYi\">\ud83c\udde8\ud83c\uddff \u010cesk\u00e1 Republika<\/option><option value=\"https:\/\/nskn.co\/OjtncA\">\ud83c\udde9\ud83c\uddf0 Danmark<\/option><option value=\"https:\/\/nskn.co\/W2xxKf\">\ud83c\udde9\ud83c\uddea Deutschland<\/option><option value=\"https:\/\/nskn.co\/HZjmLu\">\ud83c\uddea\ud83c\uddf8 Espa\u00f1a<\/option><option value=\"https:\/\/nskn.co\/RX0D5w\">\ud83c\uddeb\ud83c\uddf7 France<\/option><option value=\"https:\/\/nskn.co\/TVQ959\">\ud83c\uddee\ud83c\uddea Ireland<\/option><option value=\"http:\/\/nskn.co\/2vWmDD\">\ud83c\uddee\ud83c\uddf8 \u00cdsland<\/option><option value=\"https:\/\/nskn.co\/UViWZR\">\ud83c\uddee\ud83c\uddf9 Italia<\/option><option value=\"https:\/\/nskn.co\/Cpw2Cc\">\ud83c\uddf1\ud83c\uddfa L\u00ebtzebuerg<\/option><option value=\"https:\/\/nskn.co\/hp7ud6\">\ud83c\udded\ud83c\uddfa Magyarorsz\u00e1g<\/option><option value=\"https:\/\/nskn.co\/QWcD94\">\ud83c\uddf3\ud83c\uddf1 Netherlands<\/option><option value=\"https:\/\/nskn.co\/Sx0bcq\">\ud83c\uddf3\ud83c\uddf4 Norge<\/option><option value=\"https:\/\/nskn.co\/aMeM4u\">\ud83c\udde6\ud83c\uddf9 \u00d6sterreich<\/option><option value=\"https:\/\/nskn.co\/T26qze\">\ud83c\uddf7\ud83c\uddfa \u0420\u043e\u0441\u0441\u0438\u044f<\/option><option value=\"https:\/\/nskn.co\/7I2OG6\">\ud83c\uddf5\ud83c\uddf1 Polska<\/option><option value=\"https:\/\/nskn.co\/3q2gye\">\ud83c\uddf5\ud83c\uddf9 Portugal<\/option><option value=\"https:\/\/nskn.co\/ayhlxt\">\ud83c\uddf7\ud83c\uddf4 Rom\u00e2nia<\/option><option value=\"https:\/\/nskn.co\/gi2YSV\">\ud83c\udde8\ud83c\udded Schweiz<\/option><option value=\"https:\/\/nskn.co\/0PApC2\">\ud83c\uddf8\ud83c\uddf0 Slovensko<\/option><option value=\"http:\/\/nskn.co\/pHkJrO\">\ud83c\uddeb\ud83c\uddee Suomi<\/option><option value=\"https:\/\/nskn.co\/xp9RtC\">\ud83c\uddf8\ud83c\uddea Sverige<\/option><option value=\"https:\/\/nskn.co\/JTZjt8\">\ud83c\uddfa\ud83c\udde6 \u0423\u043a\u0440\u0430\u0457\u043d\u0430<\/option><option value=\"http:\/\/nskn.co\/iMpySy\">\ud83c\uddec\ud83c\udde7 United Kingdom<\/option><option><\/option><option value=\"http:\/\/nskn.co\/Voe7B8\">\ud83c\uddff\ud83c\udde6 South Africa<\/option><option><\/option><option value=\"https:\/\/nskn.co\/pLIPNd\">\ud83c\uddfa\ud83c\uddf8 United States<\/option><option value=\"https:\/\/nskn.co\/x9e5dz\">\ud83c\udde8\ud83c\udde6 Canada<\/option><option><\/option><option value=\"https:\/\/nskn.co\/SOoeOb\">\ud83c\udde6\ud83c\uddfa Australia (Flex Formula)<\/option><option value=\"https:\/\/nskn.co\/F77tlq\">\ud83c\uddf3\ud83c\uddff New Zealand (Flex Formula)<\/option><option value=\"https:\/\/nskn.co\/m26v8C\">\ud83c\uddf3\ud83c\udde8 Nouvelle-Cal\u00e9donie (Flex Formula)<\/option><option value=\"\">\ud83c\uddf5\ud83c\uddeb Polyn\u00e9sie Fran\u00e7aise (Pas disponible.)<\/option><option><\/option><option value=\"https:\/\/nskn.co\/2l0DPK\">\ud83c\udded\ud83c\uddf0 Hong Kong<\/option><option value=\"https:\/\/nskn.co\/Y9YAub\">\ud83c\uddf8\ud83c\uddec Singapore<\/option><\/select><\/p>\n[sc name=\"new_info_german\" ][\/sc]\n<p>Der <a href=\"https:\/\/en.wikipedia.org\/wiki\/Helmut_Knochen\" target=\"_blank\" style=\"text-decoration: none; cursor:text; color:#402d25; font-weight: normal;\" rel=\"noopener\">Knochen<\/a> ist ein lebendiges, wachsendes Gewebe, das sich im Laufe unseres Lebens ver\u00e4ndert. Es ist wichtig, sich weiterhin auf die Erhaltung unserer normalen Knochen zu konzentrieren. In <a href=\"https:\/\/urbanbeautyonline.com\/de\/nuskin\/pharmanex-bone-formula\/\" target=\"_blank\" style=\"text-decoration: none; cursor:text; color:#402d25; font-weight: normal;\" rel=\"noopener\">Pharmanex Bone Formula<\/a> finden Sie Kalzium sowie eine Auswahl an Vitaminen und anderen Mineralien wie Vitamin D, Vitamin K2, Magnesium und Mangan, die alle zur Erhaltung normaler Knochen beitragen.<\/p>\n[sc name=\"below-buy-now-button-german\" ][\/sc]\n","protected":false},"featured_media":245,"comment_status":"open","ping_status":"closed","template":"","meta":[],"product_cat":[36],"product_tag":[],"class_list":["post-244","product","type-product","status-publish","has-post-thumbnail","hentry","product_cat-pharmanex"],"_links":{"self":[{"href":"https:\/\/urbanbeautyonline.com\/de\/wp-json\/wp\/v2\/product\/244","targetHints":{"allow":["GET"]}}],"collection":[{"href":"https:\/\/urbanbeautyonline.com\/de\/wp-json\/wp\/v2\/product"}],"about":[{"href":"https:\/\/urbanbeautyonline.com\/de\/wp-json\/wp\/v2\/types\/product"}],"replies":[{"embeddable":true,"href":"https:\/\/urbanbeautyonline.com\/de\/wp-json\/wp\/v2\/comments?post=244"}],"wp:featuredmedia":[{"embeddable":true,"href":"https:\/\/urbanbeautyonline.com\/de\/wp-json\/wp\/v2\/media\/245"}],"wp:attachment":[{"href":"https:\/\/urbanbeautyonline.com\/de\/wp-json\/wp\/v2\/media?parent=244"}],"wp:term":[{"taxonomy":"product_cat","embeddable":true,"href":"https:\/\/urbanbeautyonline.com\/de\/wp-json\/wp\/v2\/product_cat?post=244"},{"taxonomy":"product_tag","embeddable":true,"href":"https:\/\/urbanbeautyonline.com\/de\/wp-json\/wp\/v2\/product_tag?post=244"}],"curies":[{"name":"wp","href":"https:\/\/api.w.org\/{rel}","templated":true}]}}