{"id":250,"date":"2022-11-06T20:00:10","date_gmt":"2022-11-06T20:00:10","guid":{"rendered":"https:\/\/urbanbeautyonline.com\/de\/?post_type=product&#038;p=250"},"modified":"2023-01-19T22:09:52","modified_gmt":"2023-01-19T22:09:52","slug":"pharmanex-pro-b","status":"publish","type":"product","link":"https:\/\/urbanbeautyonline.com\/de\/nuskin\/pharmanex-pro-b\/","title":{"rendered":"Pharmanex Pro-B Nu Skin"},"content":{"rendered":"<h3>Pharmanex Pro-B Nu Skin<\/h3>\n<div class=\"su-spoiler su-spoiler-style-simple su-spoiler-icon-plus su-spoiler-closed\" data-scroll-offset=\"0\" data-anchor-in-url=\"no\"><div class=\"su-spoiler-title\" tabindex=\"0\" role=\"button\"><span class=\"su-spoiler-icon\"><\/span>ANWENDUNG<\/div><div class=\"su-spoiler-content su-u-clearfix su-u-trim\">\nT\u00e4glich eine Kapsel mit Fl\u00fcssigkeit zu einer Mahlzeit einnehmen.<br \/>\n<\/div><\/div>\n<div class=\"su-spoiler su-spoiler-style-simple su-spoiler-icon-plus su-spoiler-closed\" data-scroll-offset=\"0\" data-anchor-in-url=\"no\"><div class=\"su-spoiler-title\" tabindex=\"0\" role=\"button\"><span class=\"su-spoiler-icon\"><\/span>SCHON GEWUSST ...?<\/div><div class=\"su-spoiler-content su-u-clearfix su-u-trim\">\nUnser Magen kann auch eine H\u00fcrde darstellen. Dieser robuste Stamm hat sich als so widerstandsf\u00e4hig erwiesen, dass er seine Reise durch den Verdauungstrakt gut \u00fcberleben kann.<br \/>\n<\/div><\/div>\n<div class=\"su-spoiler su-spoiler-style-simple su-spoiler-icon-plus su-spoiler-closed\" data-scroll-offset=\"0\" data-anchor-in-url=\"no\"><div class=\"su-spoiler-title\" tabindex=\"0\" role=\"button\"><span class=\"su-spoiler-icon\"><\/span>INHALTSSTOFFE<\/div><div class=\"su-spoiler-content su-u-clearfix su-u-trim\">\nF\u00fcllstoff: Microcrystalline cellulose, Lactobacillus fermentum PCC 30 &#8211; 90 mg (min. 2 B cfu\/caps.), Capsule (Hydroxypropyl methylcellulose), Anti-caking agent: Fatty acids, Silicon dioxide.<br \/>\n<\/div><\/div>\n<div class=\"su-spoiler su-spoiler-style-simple su-spoiler-icon-plus su-spoiler-closed\" data-scroll-offset=\"0\" data-anchor-in-url=\"no\"><div class=\"su-spoiler-title\" tabindex=\"0\" role=\"button\"><span class=\"su-spoiler-icon\"><\/span>INFORMATIONEN ZUM HERSTELLER\/IMPORTEUR<\/div><div class=\"su-spoiler-content su-u-clearfix su-u-trim\">\nHergestellt in den USA<br \/>\nNSE Products Europe BVBA, Da Vincilaan 9, 1930 Zaventem, Belgien<br \/>\n<\/div><\/div>\n<div class=\"su-spoiler su-spoiler-style-simple su-spoiler-icon-plus su-spoiler-closed\" data-scroll-offset=\"0\" data-anchor-in-url=\"no\"><div class=\"su-spoiler-title\" tabindex=\"0\" role=\"button\"><span class=\"su-spoiler-icon\"><\/span>WARNHINWEISE<\/div><div class=\"su-spoiler-content su-u-clearfix su-u-trim\">\nDie empfohlene Tagesdosis nicht \u00fcberschreiten. Eine abwechslungsreiche und ausgewogene Ern\u00e4hrung und eine gesunde Lebensweise sind wichtig. Nahrungserg\u00e4nzungsmittel sind kein Ersatz f\u00fcr eine ausgewogene Ern\u00e4hrung. Nicht verwenden bei besch\u00e4digtem oder fehlendem Sicherheitssiegel. F\u00fcr Kleinkinder unzug\u00e4nglich aufbewahren. Bei Schwangerschaft und w\u00e4hrend der Stillzeit sowie bei Einnahme von Medikamenten bitte vor der Anwendung dieses Produktes einen Arzt konsultieren.<\/p>\n<p>Pro-B bei Raumtemperatur sowie vor W\u00e4rme, Licht und Feuchtigkeit gesch\u00fctzt aufbewahren. Es wird empfohlen, das Produkt unter 20 \u00b0C zu lagern.<br \/>\n<\/div><\/div>\n<div class=\"su-spoiler su-spoiler-style-simple su-spoiler-icon-plus su-spoiler-closed\" data-scroll-offset=\"0\" data-anchor-in-url=\"no\"><div class=\"su-spoiler-title\" tabindex=\"0\" role=\"button\"><span class=\"su-spoiler-icon\"><\/span>H\u00c4UFIG GESTELLTE FRAGEN<\/div><div class=\"su-spoiler-content su-u-clearfix su-u-trim\">\n<strong>Was ist Pharmanex Pro-B?<\/strong><br \/>\nPharmanex Pro-B ist ein probiotisches Nahrungserg\u00e4nzungsmittel, das zwei Milliarden CFUs (koloniebildende Einheiten) eines einzigartigen Lactobacillus-Stammes enth\u00e4lt.<\/p>\n<p><strong>Wie wirkt Pharmanex Pro-B?<\/strong><br \/>\nEs ist klinisch erwiesen, dass Pharmanex Pro-B die Vermehrung gesunder probiotischer Bakterien im unteren Verdauungstrakt f\u00f6rdert und so zur St\u00e4rkung des nat\u00fcrlichen Abwehrsystems des Verdauungssystems beitr\u00e4gt. Durch die aktive Besiedlung des unteren Verdauungstraktes kann Pharmanex Pro-B die Entwicklung unerw\u00fcnschter Mikroorganismen hemmen.<\/p>\n<p><strong>Warum ist Pharmanex Pro-B einzigartig?<\/strong><br \/>\nPharmanex Pro-B wurde mit Hilfe wissenschaftlicher und analytischer Methoden entwickelt, um sicherzustellen, dass das Produkt die auf dem Etikett angegebenen Lebendkulturen (CFUs) am Ende der Haltbarkeitsdauer einh\u00e4lt &#8211; ein validerer Indikator f\u00fcr die Wirksamkeit als die Angabe der Anzahl der Lebendkulturen bei der Herstellung. Der einzigartige Lactobacillus-Stamm von Pharmanex wurde von einer schwedischen Frau isoliert, die eine au\u00dfergew\u00f6hnliche Widerstandsf\u00e4higkeit gegen\u00fcber unerw\u00fcnschten Organismen zeigte. Dieser einzigartige Lactobacillus-Stamm namens Lactobacillus fermentum hat die F\u00e4higkeit, die Passage durch die raue Umgebung des Magens zu \u00fcberleben und sich im Darm anzusiedeln. Bei der Entwicklung von Pharmanex Pro-B hat sich Pharmanex an die probiotischen Richtlinien gehalten, die von der FAO\/WHO-Expertenkonsultation f\u00fcr pH-\u00dcberleben, Kolonisierung, Identit\u00e4t und Dosierung aufgestellt wurden.<\/p>\n<p><strong>Ist Pharmanex Pro-B sicher?<\/strong><br \/>\nPharmanex Pro-B ist in der empfohlenen Dosierung sicher und gut vertr\u00e4glich. Laktobazillen werden seit langem als Probiotika verwendet, ohne dass ein Risiko f\u00fcr den Menschen festgestellt wurde. Dies ist nach wie vor der beste Beweis f\u00fcr die Sicherheit. Wenn Sie schwanger sind oder stillen, oder wenn Sie ein verschreibungspflichtiges Medikament einnehmen, konsultieren Sie vor der Einnahme einen Arzt. Es sind keine Nebenwirkungen bei der empfohlenen Dosierung bekannt.<br \/>\n<\/div><\/div>\n","protected":false},"excerpt":{"rendered":"<p><strong>Pharmanex Pro-B Nu Skin:<\/strong><br \/>\n<select style=\"width: 100%;\" name=\"menu1\" onchange=\"location = this.value;\"><option value=\"\">Typ | Land w\u00e4hlen . . .<\/option><option value=\"\"><\/option><option value=\"https:\/\/nskn.co\/pImlIA\">\ud83c\udde7\ud83c\uddea Belgi\u00eb<\/option><option value=\"https:\/\/nskn.co\/Ujx5Og\">\ud83c\udde8\ud83c\uddff \u010cesk\u00e1 Republika<\/option><option value=\"https:\/\/www.nuskin.com\/content\/nuskin\/da_DK\/personal-offer.html?userId=BE3316065&#038;pitchId=-LjTlmNliBTyzllp_IDP\">\ud83c\udde9\ud83c\uddf0 Danmark<\/option><option value=\"https:\/\/nskn.co\/XD8On9\">\ud83c\udde9\ud83c\uddea Deutschland<\/option><option value=\"https:\/\/nskn.co\/XLn8hG\">\ud83c\uddea\ud83c\uddf8 Espa\u00f1a<\/option><option value=\"https:\/\/nskn.co\/0NJqI8\">\ud83c\uddeb\ud83c\uddf7 France<\/option><option value=\"https:\/\/www.nuskin.com\/content\/nuskin\/en_IE\/personal-offer.html?userId=BE3316065&#038;pitchId=-LjTlmNliBTyzllp_IDP\">\ud83c\uddee\ud83c\uddea Ireland<\/option><option value=\"http:\/\/nskn.co\/e67d2T\">\ud83c\uddee\ud83c\uddf8 \u00cdsland<\/option><option value=\"https:\/\/nskn.co\/IfFDHg\">\ud83c\uddee\ud83c\uddf9 Italia<\/option><option value=\"https:\/\/www.nuskin.com\/content\/nuskin\/fr_LU\/personal-offer.html?userId=BE3316065&#038;pitchId=-M2UrDZpLQT9KkhAewF-\">\ud83c\uddf1\ud83c\uddfa L\u00ebtzebuerg<\/option><option value=\"https:\/\/nskn.co\/DmJytt\">\ud83c\udded\ud83c\uddfa Magyarorsz\u00e1g<\/option><option value=\"https:\/\/www.nuskin.com\/content\/nuskin\/nl_NL\/personal-offer.html?userId=BE3316065&#038;pitchId=-M2UrDZpLQT9KkhAewF-\">\ud83c\uddf3\ud83c\uddf1 Netherlands<\/option><option value=\"https:\/\/nskn.co\/NurQK3\">\ud83c\uddf3\ud83c\uddf4 Norge<\/option><option value=\"https:\/\/nskn.co\/YG2hu8\">\ud83c\udde6\ud83c\uddf9 \u00d6sterreich<\/option><option value=\"https:\/\/nskn.co\/2vhVrm\">\ud83c\uddf5\ud83c\uddf1 Polska<\/option><option value=\"https:\/\/nskn.co\/vEgJ7H\">\ud83c\uddf5\ud83c\uddf9 Portugal<\/option><option value=\"https:\/\/nskn.co\/WA05Ix\">\ud83c\uddf7\ud83c\uddf4 Rom\u00e2nia<\/option><option value=\"https:\/\/nskn.co\/5HayVt\">\ud83c\udde8\ud83c\udded Schweiz<\/option><option value=\"https:\/\/nskn.co\/H0TqRD\">\ud83c\uddf8\ud83c\uddf0 Slovensko<\/option><option value=\"http:\/\/nskn.co\/pkLXQ7\">\ud83c\uddeb\ud83c\uddee Suomi<\/option><option value=\"https:\/\/www.nuskin.com\/content\/nuskin\/sv_SE\/personal-offer.html?userId=BE3316065&#038;pitchId=-LjTm_kkKGIHO-4CPZPX\">\ud83c\uddf8\ud83c\uddea Sverige<\/option><option value=\"http:\/\/nskn.co\/eYQ1zr\">\ud83c\uddec\ud83c\udde7 United Kingdom<\/option><option value=\"\"><\/option><option value=\"https:\/\/nskn.co\/oYhhnk\">\ud83c\uddfa\ud83c\uddf8 United States<\/option><option value=\"https:\/\/nskn.co\/4ePRzY\">\ud83c\udde8\ud83c\udde6 Canada<\/option><option value=\"\"><\/option><option value=\"https:\/\/nskn.co\/hl9utg\">\ud83c\udde6\ud83c\uddfa Australia<\/option><option value=\"https:\/\/nskn.co\/LkcU51\">\ud83c\uddf3\ud83c\uddff New Zealand<\/option><option value=\"https:\/\/nskn.co\/gohQ1y\">\ud83c\uddf3\ud83c\udde8 Nouvelle-Cal\u00e9donie<\/option><option value=\"https:\/\/nskn.co\/LeOvCn\">\ud83c\uddf5\ud83c\uddeb Polyn\u00e9sie Fran\u00e7aise<\/option><option value=\"\"><\/option><option value=\"https:\/\/nskn.co\/YKoC8b\">\ud83c\udded\ud83c\uddf0 Hong Kong<\/option><\/select><\/p>\n[sc name=\"new_info_german\" ][\/sc]\n<p>Pharmanex Pro-B Nu Skin ist ein Nahrungserg\u00e4nzungsmittel, das 2 Milliarden KBE (<a href=\"https:\/\/de.wikipedia.org\/wiki\/Koloniebildende_Einheit\" target=\"_blank\" style=\"text-decoration: none; cursor:text; color:#402d25; font-weight: normal;\" rel=\"noopener\">Koloniebildende<\/a> Einheiten) eines einzigartigen Stammes des Lactobacillus fermentum (PCC) pro Kapsel enth\u00e4lt. Dieser robuste Stamm hat sich als so widerstandsf\u00e4hig bewiesen, dass er seine Reise durch den Verdauungstrakt gut \u00fcberleben kann. Bei der Entwicklung von <a href=\"https:\/\/urbanbeautyonline.com\/de\/nuskin\/pharmanex-pro-b\/\" target=\"_blank\" style=\"text-decoration: none; cursor:text; color:#402d25; font-weight: normal;\" rel=\"noopener\">Pharmanex Pro-B Nu Skin<\/a> haben sich unsere Wissenschaftler an den Richtlinien und Mindestanforderungen f\u00fcr pH-Resistenz orientiert, um sowohl sicherzustellen, dass das Produkt die Angaben zu den lebenden Kulturen (KBE) auf dem Etikett auch am Ende des Mindesthaltbarkeitsdatums erf\u00fcllt, sowie um zu gew\u00e4hrleisten, dass die in Pharmanex Pro-B enthaltenen Bakterien den Darm lebendig erreichen.<\/p>\n[sc name=\"below-buy-now-button-german\" ][\/sc]\n","protected":false},"featured_media":251,"comment_status":"open","ping_status":"closed","template":"","meta":[],"product_cat":[36],"product_tag":[],"class_list":["post-250","product","type-product","status-publish","has-post-thumbnail","hentry","product_cat-pharmanex"],"_links":{"self":[{"href":"https:\/\/urbanbeautyonline.com\/de\/wp-json\/wp\/v2\/product\/250","targetHints":{"allow":["GET"]}}],"collection":[{"href":"https:\/\/urbanbeautyonline.com\/de\/wp-json\/wp\/v2\/product"}],"about":[{"href":"https:\/\/urbanbeautyonline.com\/de\/wp-json\/wp\/v2\/types\/product"}],"replies":[{"embeddable":true,"href":"https:\/\/urbanbeautyonline.com\/de\/wp-json\/wp\/v2\/comments?post=250"}],"wp:featuredmedia":[{"embeddable":true,"href":"https:\/\/urbanbeautyonline.com\/de\/wp-json\/wp\/v2\/media\/251"}],"wp:attachment":[{"href":"https:\/\/urbanbeautyonline.com\/de\/wp-json\/wp\/v2\/media?parent=250"}],"wp:term":[{"taxonomy":"product_cat","embeddable":true,"href":"https:\/\/urbanbeautyonline.com\/de\/wp-json\/wp\/v2\/product_cat?post=250"},{"taxonomy":"product_tag","embeddable":true,"href":"https:\/\/urbanbeautyonline.com\/de\/wp-json\/wp\/v2\/product_tag?post=250"}],"curies":[{"name":"wp","href":"https:\/\/api.w.org\/{rel}","templated":true}]}}