{"id":255,"date":"2022-11-07T20:00:19","date_gmt":"2022-11-07T20:00:19","guid":{"rendered":"https:\/\/urbanbeautyonline.com\/de\/?post_type=product&#038;p=255"},"modified":"2023-01-19T22:08:52","modified_gmt":"2023-01-19T22:08:52","slug":"pharmanex-flexcreme","status":"publish","type":"product","link":"https:\/\/urbanbeautyonline.com\/de\/nuskin\/pharmanex-flexcreme\/","title":{"rendered":"Pharmanex FlexCr\u00e8me"},"content":{"rendered":"<h3>Pharmanex FlexCr\u00e8me Nu Skin<\/h3>\n<div class=\"su-spoiler su-spoiler-style-simple su-spoiler-icon-plus su-spoiler-closed\" data-scroll-offset=\"0\" data-anchor-in-url=\"no\"><div class=\"su-spoiler-title\" tabindex=\"0\" role=\"button\"><span class=\"su-spoiler-icon\"><\/span>VORTEILE<\/div><div class=\"su-spoiler-content su-u-clearfix su-u-trim\">\n<ul>\n<li>Einfach anzuwenden und zieht schnell in die Haut ein.<\/li>\n<li>Beruhigender und erfrischender Effekt durch Menthol.<\/li>\n<li>Kann auch die Elastizit\u00e4t und den Tonus der Haut verbessern.<\/li>\n<\/ul>\n<\/div><\/div>\n<div class=\"su-spoiler su-spoiler-style-simple su-spoiler-icon-plus su-spoiler-closed\" data-scroll-offset=\"0\" data-anchor-in-url=\"no\"><div class=\"su-spoiler-title\" tabindex=\"0\" role=\"button\"><span class=\"su-spoiler-icon\"><\/span>ANWENDUNG<\/div><div class=\"su-spoiler-content su-u-clearfix su-u-trim\">\nDie schnell einziehende Creme sanft in die Haut einmassieren und den erfrischenden Effekt genie\u00dfen. Nicht auf gereizte oder verletzte Haut auftragen. H\u00f6chstens vier Mal pro Tag anwenden. F\u00fcr Erwachsene und Kinder ab 12 Jahren.<br \/>\n<\/div><\/div>\n<div class=\"su-spoiler su-spoiler-style-simple su-spoiler-icon-plus su-spoiler-closed\" data-scroll-offset=\"0\" data-anchor-in-url=\"no\"><div class=\"su-spoiler-title\" tabindex=\"0\" role=\"button\"><span class=\"su-spoiler-icon\"><\/span>SCHON GEWUSST ...?<\/div><div class=\"su-spoiler-content su-u-clearfix su-u-trim\">\nPharmanex FlexCr\u00e8me enth\u00e4lt Menthol, das f\u00fcr seine k\u00fchlenden und beruhigenden Eigenschaften bekannt ist. Und nat\u00fcrlich den herrlichen Minzduft!<br \/>\n<\/div><\/div>\n<div class=\"su-spoiler su-spoiler-style-simple su-spoiler-icon-plus su-spoiler-closed\" data-scroll-offset=\"0\" data-anchor-in-url=\"no\"><div class=\"su-spoiler-title\" tabindex=\"0\" role=\"button\"><span class=\"su-spoiler-icon\"><\/span>INHALTSSTOFFE<\/div><div class=\"su-spoiler-content su-u-clearfix su-u-trim\">\nAqua, Cetyl Tallowate, Glycerin, Cetearyl Olivate, Olea Europaea Fruit Oil, Sorbitan Olivate, Mentha Piperita Oil, Tocopheryl Acetate,  L-Menthol, Cyclopentasiloxane, Cyclohexasiloxane, Canola Oil, Sodium Polyacrylate, Xanthan Gum, Tocopherol, Phenoxyethanol, Chlorphenesin, Limonene, Linalool.<br \/>\n<\/div><\/div>\n<div class=\"su-spoiler su-spoiler-style-simple su-spoiler-icon-plus su-spoiler-closed\" data-scroll-offset=\"0\" data-anchor-in-url=\"no\"><div class=\"su-spoiler-title\" tabindex=\"0\" role=\"button\"><span class=\"su-spoiler-icon\"><\/span>MEHR LERNEN<\/div><div class=\"su-spoiler-content su-u-clearfix su-u-trim\">\n<strong>Wie funktioniert dieses Produkt?<\/strong><br \/>\nPharmanex FlexCr\u00e8me wirkt, indem es Beschwerden lindert und die Mobilit\u00e4t f\u00f6rdert. Sie bietet eine schnelle und lokalisierte Linderung.<\/p>\n<p><strong>Welche Rolle spielen Pfefferminz\u00f6l und Menthol in Pharmanex FlexCr\u00e8me?<\/strong><br \/>\nMenthol ist eine Verbindung, die normalerweise aus Pfefferminz\u00f6l oder anderen Minz\u00f6len gewonnen wird. Studien zeigen, dass Pfefferminz\u00f6l die K\u00e4lterezeptoren auf der Haut stimuliert, was letztlich zu einem K\u00e4ltegef\u00fchl f\u00fchrt. Dies hat sich als vorteilhaft f\u00fcr schmerzende K\u00f6rperstellen erwiesen und kann Beschwerden lindern.<\/p>\n<p><strong>Welche Rolle spielt Cetyltallowat in Pharmanex FlexCr\u00e8me?<\/strong><br \/>\nDie topische Anwendung von cetylierten Fetts\u00e4uren, wie sie in Cetyltallowat enthalten sind, erh\u00f6ht nachweislich das Gef\u00fchl der Fl\u00fcssigkeit bei Bewegung.<\/p>\n<p><strong>Wie oft sollte Pharmanex FlexCr\u00e8me angewendet werden?<\/strong><br \/>\nMenthol (aus Pfefferminz\u00f6l) ist ein Hauptbestandteil von Pharmanex FlexCr\u00e8me. Menthol sollte nicht \u00f6fter als viermal t\u00e4glich angewendet werden, da es bei zu h\u00e4ufiger Anwendung zu Hautreizungen f\u00fchren kann. Abgesehen von Hautreizungen gibt es keine Sicherheitsbedenken.<\/p>\n<p><strong>Ist Pharmanex FlexCr\u00e8me sicher?<\/strong><br \/>\nEs sind weder Wechselwirkungen mit anderen Arzneimitteln noch Gegenanzeigen bei der Anwendung von FlexCr\u00e8me bekannt. FlexCr\u00e8me hat sich bei der Einnahme von verschreibungspflichtigen Medikamenten gegen Arthritis und andere Erkrankungen des Bewegungsapparates als wirksam und sicher erwiesen und hat keine bekannten Nebenwirkungen, wenn es gem\u00e4\u00df den Empfehlungen auf dem Etikett verwendet wird. Pharmanex FlexCr\u00e8me ist nur zur \u00e4u\u00dferlichen Anwendung bestimmt. Der Kontakt mit den Augen ist zu vermeiden. Eltern sollten einen Arzt konsultieren, bevor sie Pharmanex FlexCr\u00e8me bei Kindern unter zwei Jahren anwenden.<br \/>\n<\/div><\/div>\n","protected":false},"excerpt":{"rendered":"<p><strong>Pharmanex FlexCr\u00e8me Nu Skin:<\/strong><br \/>\n<select style=\"width: 100%;\" name=\"menu1\" onchange=\"location = this.value;\"><option value=\"\">Typ | Land w\u00e4hlen . . .<\/option><option value=\"\"><\/option><option value=\"https:\/\/www.nuskin.com\/content\/nuskin\/nl_BE\/personal-offer.html?userId=BE3316065&#038;pitchId=-M4QOyo7YU84g4nlf1R9\">\ud83c\udde7\ud83c\uddea Belgi\u00eb<\/option><option value=\"https:\/\/www.nuskin.com\/content\/nuskin\/cs_CZ\/personal-offer.html?userId=BE3316065&#038;pitchId=-M4QOyo7YU84g4nlf1R9\">\ud83c\udde8\ud83c\uddff \u010cesk\u00e1 Republika<\/option><option value=\"https:\/\/www.nuskin.com\/content\/nuskin\/da_DK\/personal-offer.html?userId=BE3316065&#038;pitchId=-M4QOyo7YU84g4nlf1R9\">\ud83c\udde9\ud83c\uddf0 Danmark<\/option><option value=\"https:\/\/www.nuskin.com\/content\/nuskin\/de_DE\/personal-offer.html?userId=BE3316065&#038;pitchId=-M4QOyo7YU84g4nlf1R9\">\ud83c\udde9\ud83c\uddea Deutschland<\/option><option value=\"https:\/\/www.nuskin.com\/content\/nuskin\/es_ES\/personal-offer.html?userId=BE3316065&#038;pitchId=-M4QOyo7YU84g4nlf1R9\">\ud83c\uddea\ud83c\uddf8 Espa\u00f1a<\/option><option value=\"https:\/\/www.nuskin.com\/content\/nuskin\/fr_FR\/personal-offer.html?userId=BE3316065&#038;pitchId=-M4QOyo7YU84g4nlf1R9\">\ud83c\uddeb\ud83c\uddf7 France<\/option><option value=\"https:\/\/www.nuskin.com\/content\/nuskin\/en_IE\/personal-offer.html?userId=BE3316065&#038;pitchId=-M4QOyo7YU84g4nlf1R9\">\ud83c\uddee\ud83c\uddea Ireland<\/option><option value=\"https:\/\/www.nuskin.com\/content\/nuskin\/en_IS\/personal-offer.html?userId=BE3316065&#038;pitchId=-M4QOyo7YU84g4nlf1R9\">\ud83c\uddee\ud83c\uddf8 \u00cdsland<\/option><option value=\"https:\/\/www.nuskin.com\/content\/nuskin\/it_IT\/personal-offer.html?userId=BE3316065&#038;pitchId=-M4QOyo7YU84g4nlf1R9\">\ud83c\uddee\ud83c\uddf9 Italia<\/option><option value=\"https:\/\/www.nuskin.com\/content\/nuskin\/fr_LU\/personal-offer.html?userId=BE3316065&#038;pitchId=-M4QOyo7YU84g4nlf1R9\">\ud83c\uddf1\ud83c\uddfa L\u00ebtzebuerg<\/option><option value=\"https:\/\/www.nuskin.com\/content\/nuskin\/hu_HU\/personal-offer.html?userId=BE3316065&#038;pitchId=-M4QOyo7YU84g4nlf1R9\">\ud83c\udded\ud83c\uddfa Magyarorsz\u00e1g<\/option><option value=\"https:\/\/www.nuskin.com\/content\/nuskin\/nl_NL\/personal-offer.html?userId=BE3316065&#038;pitchId=-M4QOyo7YU84g4nlf1R9\">\ud83c\uddf3\ud83c\uddf1 Netherlands<\/option><option value=\"https:\/\/www.nuskin.com\/content\/nuskin\/no_NO\/personal-offer.html?userId=BE3316065&#038;pitchId=-M4QOyo7YU84g4nlf1R9\">\ud83c\uddf3\ud83c\uddf4 Norge<\/option><option value=\"https:\/\/www.nuskin.com\/content\/nuskin\/de_AT\/personal-offer.html?userId=BE3316065&#038;pitchId=-M4QOyo7YU84g4nlf1R9\">\ud83c\udde6\ud83c\uddf9 \u00d6sterreich<\/option><option value=\"https:\/\/nskn.co\/WXIOuX\">\ud83c\uddf5\ud83c\uddf1 Polska<\/option><option value=\"https:\/\/nskn.co\/SIMumq\">\ud83c\uddf5\ud83c\uddf9 Portugal<\/option><option value=\"https:\/\/www.nuskin.com\/content\/nuskin\/ro_RO\/personal-offer.html?userId=BE3316065&#038;pitchId=-M4QOyo7YU84g4nlf1R9\">\ud83c\uddf7\ud83c\uddf4 Rom\u00e2nia<\/option><option value=\"https:\/\/www.nuskin.com\/content\/nuskin\/de_CH\/personal-offer.html?userId=BE3316065&#038;pitchId=-M4QOyo7YU84g4nlf1R9\">\ud83c\udde8\ud83c\udded Schweiz<\/option><option value=\"https:\/\/www.nuskin.com\/content\/nuskin\/sk_SK\/personal-offer.html?userId=BE3316065&#038;pitchId=-M4QOyo7YU84g4nlf1R9\">\ud83c\uddf8\ud83c\uddf0 Slovensko<\/option><option value=\"https:\/\/www.nuskin.com\/content\/nuskin\/fi_FI\/personal-offer.html?userId=BE3316065&#038;pitchId=-M4QOyo7YU84g4nlf1R9\">\ud83c\uddeb\ud83c\uddee Suomi<\/option><option value=\"https:\/\/www.nuskin.com\/content\/nuskin\/sv_SE\/personal-offer.html?userId=BE3316065&#038;pitchId=-M4QOyo7YU84g4nlf1R9\">\ud83c\uddf8\ud83c\uddea Sverige<\/option><option value=\"https:\/\/nskn.co\/nHbk0H\">\ud83c\uddec\ud83c\udde7 United Kingdom<\/option><option value=\"\"><\/option><option value=\"https:\/\/nskn.co\/wdhvn0\">\ud83c\uddfa\ud83c\uddf8 United States<\/option><option value=\"\"><\/option><option value=\"https:\/\/nskn.co\/wT2Kds\">\ud83c\udde6\ud83c\uddfa Australia<\/option><option value=\"https:\/\/nskn.co\/Hghrvy\">\ud83c\uddf3\ud83c\uddff New Zealand<\/option><option value=\"\"><\/option><option value=\"https:\/\/nskn.co\/XC48BD\">\ud83c\uddf8\ud83c\uddec Singapore<\/option><\/select><\/p>\n[sc name=\"new_info_german\" ][\/sc]\n<p>Wir alle kennen das <a href=\"https:\/\/www.collinsdictionary.com\/de\/worterbuch\/deutsch-englisch\/gefuhl\" target=\"_blank\" style=\"text-decoration: none; cursor:text; color:#402d25; font-weight: normal;\" rel=\"noopener\">Gef\u00fchl<\/a>. Alles, was du nach einem langen, anstrengenden Tag brauchst, ist etwas Entspannung. Wir sagen: Na dann mal los \u2013 du hast es dir verdient! <a href=\"https:\/\/urbanbeautyonline.com\/de\/nuskin\/pharmanex-flexcreme\/\" style=\"text-decoration: none; cursor:text; color:#402d25; font-weight: normal;\">Pharmanex FlexCr\u00e8me<\/a> ist eine wohltuende Creme f\u00fcr den K\u00f6rper, die sich ebenso gut anf\u00fchlt, wie sie riecht. Damit bleibst du noch eine ganze Weile minzfrisch! Dank ihrer einzigartigen Rezeptur l\u00e4sst sie sich einfach auftragen und zieht schnell ein. So entfalten sich im Nu die hautberuhigende Wirkung und der erfrischende Effekt von Menthol. Und noch ein Plus: Die Formel kann auch die Elastizit\u00e4t der Haut verbessern.<\/p>\n[sc name=\"below-buy-now-button-german\" ][\/sc]\n","protected":false},"featured_media":258,"comment_status":"open","ping_status":"closed","template":"","meta":[],"product_cat":[36],"product_tag":[],"class_list":["post-255","product","type-product","status-publish","has-post-thumbnail","hentry","product_cat-pharmanex"],"_links":{"self":[{"href":"https:\/\/urbanbeautyonline.com\/de\/wp-json\/wp\/v2\/product\/255","targetHints":{"allow":["GET"]}}],"collection":[{"href":"https:\/\/urbanbeautyonline.com\/de\/wp-json\/wp\/v2\/product"}],"about":[{"href":"https:\/\/urbanbeautyonline.com\/de\/wp-json\/wp\/v2\/types\/product"}],"replies":[{"embeddable":true,"href":"https:\/\/urbanbeautyonline.com\/de\/wp-json\/wp\/v2\/comments?post=255"}],"wp:featuredmedia":[{"embeddable":true,"href":"https:\/\/urbanbeautyonline.com\/de\/wp-json\/wp\/v2\/media\/258"}],"wp:attachment":[{"href":"https:\/\/urbanbeautyonline.com\/de\/wp-json\/wp\/v2\/media?parent=255"}],"wp:term":[{"taxonomy":"product_cat","embeddable":true,"href":"https:\/\/urbanbeautyonline.com\/de\/wp-json\/wp\/v2\/product_cat?post=255"},{"taxonomy":"product_tag","embeddable":true,"href":"https:\/\/urbanbeautyonline.com\/de\/wp-json\/wp\/v2\/product_tag?post=255"}],"curies":[{"name":"wp","href":"https:\/\/api.w.org\/{rel}","templated":true}]}}