{"id":296,"date":"2022-11-06T15:11:02","date_gmt":"2022-11-06T15:11:02","guid":{"rendered":"https:\/\/urbanbeautyonline.com\/de\/?post_type=product&#038;p=296"},"modified":"2023-01-19T21:52:48","modified_gmt":"2023-01-19T21:52:48","slug":"pharmanex-bioginkgo","status":"publish","type":"product","link":"https:\/\/urbanbeautyonline.com\/de\/nuskin\/pharmanex-bioginkgo\/","title":{"rendered":"Bioginkgo"},"content":{"rendered":"<h3>PHARMANEX BIOGINKGO<\/h3>\n<div class=\"su-spoiler su-spoiler-style-simple su-spoiler-icon-plus su-spoiler-closed\" data-scroll-offset=\"0\" data-anchor-in-url=\"no\"><div class=\"su-spoiler-title\" tabindex=\"0\" role=\"button\"><span class=\"su-spoiler-icon\"><\/span>VORTEILE<\/div><div class=\"su-spoiler-content su-u-clearfix su-u-trim\">\n<ul>\n<li>Eisen unterst\u00fctzt die nat\u00fcrliche Funktion des Immunsystems und spielt eine wichtige Roll bei der Zellteilung.<\/li>\n<li>Eisen tr\u00e4gt zu weniger Erm\u00fcdungs- und Ersch\u00f6pfungserscheinungen sowie einem gesunden, energiereichen Stoffwechsel bei.<\/li>\n<li>Eisen tr\u00e4gt zur gesunden Funktion de Sauerstofftransports sowie kognitiver F\u00e4higkeiten bei und spilt eine wichtige Rolle bei der Bildung von roten Blutk\u00f6rperchen und H\u00e4moglobin.<\/li>\n<li>Ginkgo biloba enth\u00e4lt nat\u00fcrliche Antioxidationsmittel, um Zellen und Gewebe vor oxidativem Stress zu sch\u00fctzen.(*)<\/li>\n<li>Ginkgo biloba spielt eine wichtige Rolle bei der Erhaltung des kognitiven Wohlbefindens und der geistigen Leistungsf\u00e4higkeit. (*)<\/li>\n<\/ul>\n<p><em>(*) Aussage wird gepr\u00fcft.<\/em>\n<\/ul>\n<\/div><\/div>\n<h3>PHARMANEX BIOGINKGO T\u00c4GLICHE ANWENDUNG<\/h3>\n<div class=\"su-spoiler su-spoiler-style-simple su-spoiler-icon-plus su-spoiler-closed\" data-scroll-offset=\"0\" data-anchor-in-url=\"no\"><div class=\"su-spoiler-title\" tabindex=\"0\" role=\"button\"><span class=\"su-spoiler-icon\"><\/span>T\u00c4GLICHE ANWENDUNG<\/div><div class=\"su-spoiler-content su-u-clearfix su-u-trim\">\nEine (1) Tablette zweimal t\u00e4glich zu den Mahlzeiten einnehmen.<\/p>\n<p><strong>WARNHINWEISE<\/strong><br \/>\nDie empfohlene Tagesdosis nicht \u00fcberschreiten. Eine abwechslungsreiche und ausgewogene Ern\u00e4hrung und eine gesunde Lebensweise sind wichtig. Ein Nahrungserg\u00e4nzungsmittel ist kein Ersatz f\u00fcr eine ausgewogene Ern\u00e4hrung. Nicht verwenden, wenn das Sicherheitssiegel aufgebrochen, besch\u00e4digt ist oder fehlt. Von Hitze und Feuchtigkeit fernhalten. Au\u00dferhalb der Reichweite von Kleinkindern lager. Konsultiere einen Arzt, bevor du dieses Produkt einnimmst, wenn du schwanger bist, stillst oder Antithrombotika einnimmst: Thrombozytenaggregationshemmer (z. B. Aspirin), Antikoagulanzien, oder wenn du in \u00e4rztlicher Behandlung bist. Informiere deinen Arzt \u00fcber die Einnahme von Ginkgo biloba rechtzeitig vor chirurgischen Eingriffen. Bitte beachte, ass einige EU-Mitgliedsstaaten entsprechend ihrer nationalen Gesetzgebung weitere Spezifikationen aufweisen. Wo dies zutrifft, erf\u00e4hrst du in den l\u00e4nderspezifischen Ausf\u00fchrungen dieses Dokuments in der\/den entsprechenden Landessprache(n).<br \/>\n<\/div><\/div>\n<h3>PHARMANEX BIOGINKGO INHALTSSTOFFE<\/h3>\n<div class=\"su-spoiler su-spoiler-style-simple su-spoiler-icon-plus su-spoiler-closed\" data-scroll-offset=\"0\" data-anchor-in-url=\"no\"><div class=\"su-spoiler-title\" tabindex=\"0\" role=\"button\"><span class=\"su-spoiler-icon\"><\/span>INHALTSSTOFFE<\/div><div class=\"su-spoiler-content su-u-clearfix su-u-trim\">\nF\u00fcllstoff: Mikrokristalline Cellulose, Dextrose, Ginkgo biloba L. Blattauszug (19,5 % &#8211; 105 mg\/2 Tabletten) Maltodextrin, Eisenbisglycinat (4,2 mg\/2 Tabletten- 30 % DRI*), F\u00fcllstoff: vernetzte Natrium-Carboxymethy|cellulose, Trennmittel: Siliciumdioxid, F\u00fcllstoff: Natrium-Carboxy-Methylcellulose, Dextrin, Emulator: Lecithine (Soja), Stabilisator: Natriumcitrate, Trennmittel: Magnesiumsalze der Speisefetts\u00e4uren, \u00dcberzugsmittel: Methy|cellulose, Glycerin.<\/p>\n<p><em>*T\u00e4gliche Referenzmengen (f\u00fcr Erwachsene)<\/em><br \/>\n<\/div><\/div>\n<div class=\"su-spoiler su-spoiler-style-simple su-spoiler-icon-plus su-spoiler-closed\" data-scroll-offset=\"0\" data-anchor-in-url=\"no\"><div class=\"su-spoiler-title\" tabindex=\"0\" role=\"button\"><span class=\"su-spoiler-icon\"><\/span>F\u00dcR WEN IST DIESES PRODUKT GEEIGNET?<\/div><div class=\"su-spoiler-content su-u-clearfix su-u-trim\">\nBioGinkgo wird empfohlen f\u00fcr Erwachsene ab 18 Jahren, die ihre t\u00e4gliche Ern\u00e4hrung mit einem Nahrungserg\u00e4nzungsmittel erg\u00e4nzen m\u00f6chten.<br \/>\n<\/div><\/div>\n<div class=\"su-spoiler su-spoiler-style-simple su-spoiler-icon-plus su-spoiler-closed\" data-scroll-offset=\"0\" data-anchor-in-url=\"no\"><div class=\"su-spoiler-title\" tabindex=\"0\" role=\"button\"><span class=\"su-spoiler-icon\"><\/span>H\u00c4UFIG GESTELLTE FRAGEN<\/div><div class=\"su-spoiler-content su-u-clearfix su-u-trim\">\n<strong>Was ist Ginkgo biloba?<\/strong><br \/>\nGinkgo biloba ist die \u00e4lteste bekannte lebende Baumart und l\u00e4sst sich mehr al 200 Millionen Jahre zur\u00fcckverfolgen. Die erste traditionelle Anwendung von Ginkgo wurde 2800 v. Chr. beschrieben. Heute ist Ginkgo biloba als pflanzlicher Inhaltsstoff in Nahrungserg\u00e4nzungsmitteln zu finden.<\/p>\n<p><strong>Warm ist Eisen f\u00fcr den Menschen wichtig?<\/strong><br \/>\nIn der Nahrung findet sich Eisen in Produkten tierischen und pflanzlichen Ursprungs wie Fleisch, Fisch, Huhn,<br \/>\nVollkornprodukten, N\u00fcssen und gr\u00fcnem Gem\u00fcse (Spinat). Eisen ist f\u00fcr mehrere Funktionen ein essenzielles Mineral. Beim Menschen ist Eisen im H\u00e4moglobin enthalten, wodurch es Sauerstoff reversibel binden kann. H\u00e4moglobin transportiert den Sauerstoff in den roten Blutk\u00f6rperchen zu den Geweben. Eine weitere Aufgabe von Eisen ist die nat\u00fcrliche Energiegewinnung, auch bekannt als ATP, und die Immunabwehr des K\u00f6rpers. Wie alle essenziellen N\u00e4hrstoffe, ist Eisen f\u00fcr die Zellteilung notwendig.<\/p>\n<p><strong>Eisen und M\u00fcdigkeit<\/strong><br \/>\nEisen ist an wichtigen Stoffwechselfunktionen beteiligt, unter anderem am Sauerstofftransport in unserem gesamten K\u00f6rper und am Energiestoffwechsel. Mit anderen Worten: Es spilt eine Rolle beim Transport von Sauerstoff zu unseen Zellen, tr\u00e4gt so zur Verringerung von M\u00fcdigkeit bei und beeinflusst den Energiestoffwechsel.<\/p>\n<p><strong>Eisen und kognitive F\u00e4higkeiten<\/strong><br \/>\nUnser Gehirn ist wie in Kontrollturm am Flughafen &#8211; ein komplexes Organ, das die Abl\u00e4ufe in unserem K\u00f6rper kontrolliert. Um gut zu funktionieren, braucht das Gehirn Sauerstoff und die Nachfrage ist beachtlich. Eisen spielt erwiesenermafsen eine wesentliche Roll beim Sauerstofftransport und unterst\u00fctzt damit die kognitiven F\u00e4higkeiten.<br \/>\n<\/div><\/div>\n","protected":false},"excerpt":{"rendered":"<p><strong>Pharmanex Bioginkgo (EU):<\/strong><br \/>\n<select style=\"width: 100%;\" name=\"menu1\" onchange=\"location = this.value;\"><option value=\"\">W\u00e4hlen Sie Ihr Land &#8230;<\/option><option value=\"\"><\/option><option value=\"https:\/\/nskn.co\/wRZO4V\">\ud83c\udde7\ud83c\uddea Belgi\u00eb<\/option><option value=\"https:\/\/nskn.co\/lClBIX\">\ud83c\udde8\ud83c\uddff \u010cesk\u00e1 Republika<\/option><option value=\"https:\/\/nskn.co\/4mOpDs\">\ud83c\udde9\ud83c\uddf0 Danmark<\/option><option value=\"https:\/\/nskn.co\/oIFWXd\">\ud83c\udde9\ud83c\uddea Deutschland<\/option><option value=\"https:\/\/nskn.co\/f43QZz\">\ud83c\uddea\ud83c\uddf8 Espa\u00f1a<\/option><option value=\"https:\/\/nskn.co\/c2wm8w\">\ud83c\uddeb\ud83c\uddf7 France<\/option><option value=\"https:\/\/nskn.co\/BZZTMh\">\ud83c\uddee\ud83c\uddf8 \u00cdsland<\/option><option value=\"https:\/\/nskn.co\/NaKC82\">\ud83c\uddee\ud83c\uddf9 Italia<\/option><option value=\"https:\/\/nskn.co\/EXLdkZ\">\ud83c\uddf1\ud83c\uddfa L\u00ebtzebuerg<\/option><option value=\"https:\/\/nskn.co\/DFf077\">\ud83c\udded\ud83c\uddfa Magyarorsz\u00e1g<\/option><option value=\"https:\/\/nskn.co\/KWS7FX\">\ud83c\uddf3\ud83c\uddf1 Netherlands<\/option><option value=\"https:\/\/nskn.co\/O3fGs6\">\ud83c\udde6\ud83c\uddf9 \u00d6sterreich<\/option><option value=\"https:\/\/nskn.co\/Z5Zzqb\">\ud83c\uddf7\ud83c\uddf4 Rom\u00e2nia<\/option><option value=\"https:\/\/nskn.co\/n9DT2O\">\ud83c\uddf8\ud83c\uddf0 Slovensko<\/option><option value=\"https:\/\/nskn.co\/RC6ecw\">\ud83c\uddec\ud83c\udde7 United Kingdom<\/option><\/select><\/p>\n[sc name=\"new_info_german\" ][\/sc]\n<p><a href=\"https:\/\/de.wiktionary.org\/wiki\/der\" target=\"_blank\" style=\"text-decoration: none; cursor:text; color:#402d25; font-weight: normal;\" rel=\"noopener\">Der<\/a> in <a href=\"https:\/\/urbanbeautyonline.com\/de\/nuskin\/pharmanex-bioginkgo\/\" target=\"_blank\" style=\"text-decoration: none; cursor:text; color:#402d25; font-weight: normal;\" rel=\"noopener\">Pharmanex BioGinkgo<\/a> enthaltene Ginkgo biloba-Extrakt unterst\u00fctzt die Ged\u00e4chtnisleistung und erh\u00e4lt kognitive F\u00e4higkeiten. Zudem unterst\u00fctzt Eisen die Bildung roter Blutk\u00f6rperchen und wirkt sich positiv auf eine normale Funktion des Sauerstofftransports im K\u00f6rper und auf das Immunsystem aus.<\/p>\n[sc name=\"below-buy-now-button-german\" ][\/sc]\n","protected":false},"featured_media":297,"comment_status":"open","ping_status":"closed","template":"","meta":[],"product_cat":[36],"product_tag":[],"class_list":["post-296","product","type-product","status-publish","has-post-thumbnail","hentry","product_cat-pharmanex"],"_links":{"self":[{"href":"https:\/\/urbanbeautyonline.com\/de\/wp-json\/wp\/v2\/product\/296","targetHints":{"allow":["GET"]}}],"collection":[{"href":"https:\/\/urbanbeautyonline.com\/de\/wp-json\/wp\/v2\/product"}],"about":[{"href":"https:\/\/urbanbeautyonline.com\/de\/wp-json\/wp\/v2\/types\/product"}],"replies":[{"embeddable":true,"href":"https:\/\/urbanbeautyonline.com\/de\/wp-json\/wp\/v2\/comments?post=296"}],"wp:featuredmedia":[{"embeddable":true,"href":"https:\/\/urbanbeautyonline.com\/de\/wp-json\/wp\/v2\/media\/297"}],"wp:attachment":[{"href":"https:\/\/urbanbeautyonline.com\/de\/wp-json\/wp\/v2\/media?parent=296"}],"wp:term":[{"taxonomy":"product_cat","embeddable":true,"href":"https:\/\/urbanbeautyonline.com\/de\/wp-json\/wp\/v2\/product_cat?post=296"},{"taxonomy":"product_tag","embeddable":true,"href":"https:\/\/urbanbeautyonline.com\/de\/wp-json\/wp\/v2\/product_tag?post=296"}],"curies":[{"name":"wp","href":"https:\/\/api.w.org\/{rel}","templated":true}]}}