{"id":300,"date":"2022-11-10T20:00:34","date_gmt":"2022-11-10T20:00:34","guid":{"rendered":"https:\/\/urbanbeautyonline.com\/de\/?post_type=product&#038;p=300"},"modified":"2023-01-06T21:16:32","modified_gmt":"2023-01-06T21:16:32","slug":"pharmanex-jvi-saft","status":"publish","type":"product","link":"https:\/\/urbanbeautyonline.com\/de\/nuskin\/pharmanex-jvi-saft\/","title":{"rendered":"JVi\u00ae"},"content":{"rendered":"<h3>PHARMANEX JVI NU SKIN<\/h3>\n<div class=\"su-youtube su-u-responsive-media-yes\"><iframe loading=\"lazy\" width=\"600\" height=\"400\" src=\"https:\/\/www.youtube.com\/embed\/Nq0DDI7IhNw?\" frameborder=\"0\" allowfullscreen allow=\"autoplay; encrypted-media; picture-in-picture\" title=\"PHARMANEX JVI NU SKIN\"><\/iframe><\/div>\n<div class=\"su-spoiler su-spoiler-style-simple su-spoiler-icon-plus su-spoiler-closed\" data-scroll-offset=\"0\" data-anchor-in-url=\"no\"><div class=\"su-spoiler-title\" tabindex=\"0\" role=\"button\"><span class=\"su-spoiler-icon\"><\/span>PRODUKTINFORMATION<\/div><div class=\"su-spoiler-content su-u-clearfix su-u-trim\">\nPharmanex JVi ist ein Getr\u00e4nk mit zw\u00f6lf leckeren und sorgf\u00e4ltig ausgew\u00e4hlten Obst- und Gem\u00fcsesorten, um die Geschmacksnerven zu verw\u00f6hnen. Mit JVi und der Kombination aus den edelsten Obst- und Gem\u00fcsesorten Europas mit exotischen Fr\u00fcchten, wie Goji-Beere, Sanddorn und Acerola, wirst du alle begeistern.<\/p>\n<p><strong>WICHTIGSTE EIGENSCHAFTEN UND VORTEILE<\/strong><br \/>\nIn JVI enthaltenes Obst und Gem\u00fcse:<\/p>\n<ul>\n<li>Karottensaftkonzentrat<\/li>\n<li>Natives Oliven\u00f6l<\/li>\n<li>Apfelsaftkonzentrat<\/li>\n<li>Tomatenmark (Solanum lycopersicum)<\/li>\n<li>Weikes Traubensaftkonzentrat<\/li>\n<li>Acerola-Saft (M. glabra)<\/li>\n<li>Sanddornsaft (H. rhamnoides)<\/li>\n<li>Birnensaftkonzentrat<\/li>\n<li>Wassermelonensaftkonzentrat<\/li>\n<li>Bocksdornsaftkonzentrat (L. barbarum)<\/li>\n<li>Rotes Traubensaftkonzentrat<\/li>\n<li>Mangop\u00fcreekonzentrat<\/li>\n<\/ul>\n<\/div><\/div>\n<div class=\"su-spoiler su-spoiler-style-simple su-spoiler-icon-plus su-spoiler-closed\" data-scroll-offset=\"0\" data-anchor-in-url=\"no\"><div class=\"su-spoiler-title\" tabindex=\"0\" role=\"button\"><span class=\"su-spoiler-icon\"><\/span>DOSIERUNG<\/div><div class=\"su-spoiler-content su-u-clearfix su-u-trim\">\nVor dem \u00d6ffnen gut sch\u00fctteln. Morgens und abends 60 ml JVi zu den Mahlzeiten trinken.<\/p>\n<p><em>*Erwachsene und Kinder ab 6 Jahren.<\/em><br \/>\n<\/div><\/div>\n<div class=\"su-spoiler su-spoiler-style-simple su-spoiler-icon-plus su-spoiler-closed\" data-scroll-offset=\"0\" data-anchor-in-url=\"no\"><div class=\"su-spoiler-title\" tabindex=\"0\" role=\"button\"><span class=\"su-spoiler-icon\"><\/span>INHALTSSTOFFE<\/div><div class=\"su-spoiler-content su-u-clearfix su-u-trim\">\nWasser; Fruchtsaftkonzentrat: Wei\u00dfe Traube (5 %), Karotte (5 %), Sanddornbeere, Tomate (4 %), Birne (4 %), Apfel, Acerola, Wassermelone, Rote Traube, Goji-Beere (1 %), Mango; Oliven\u00f6l; nat\u00fcrliches Aroma; S\u00e4ureregulator (Citronens\u00e4ure); Verdickungsmittel (Pektin; Xanthan); Konservierungsstoff (Natriumbenzoat).<br \/>\n<\/div><\/div>\n<div class=\"su-spoiler su-spoiler-style-simple su-spoiler-icon-plus su-spoiler-closed\" data-scroll-offset=\"0\" data-anchor-in-url=\"no\"><div class=\"su-spoiler-title\" tabindex=\"0\" role=\"button\"><span class=\"su-spoiler-icon\"><\/span>WARNHINWEISE<\/div><div class=\"su-spoiler-content su-u-clearfix su-u-trim\">\nVor W\u00e4rme, Feuchtigkeit und Licht sch\u00fctzen. Nach dem \u00d6ffnen k\u00fchl aufbewahren und innerhalb von 14 Tagen verbrauchen. F\u00fcr Erwachsene und Kinder ab 6 Jahren. Nicht verwenden bei besch\u00e4digtem oder fehlendem Schraubverschluss.<\/p>\n<p>Die Verpackung des Produkts, das du erh\u00e4ltst, kann von den hier gezeigten Bildern abweichen und etwas anders aussehen, da die Flaschenfarbe zeitweise von transparent zu gr\u00fcn ge\u00e4ndert wurde. Dein JVi Drink schmeckt und ist aber genau wie immer.<br \/>\n<\/div><\/div>\n<div class=\"su-spoiler su-spoiler-style-simple su-spoiler-icon-plus su-spoiler-closed\" data-scroll-offset=\"0\" data-anchor-in-url=\"no\"><div class=\"su-spoiler-title\" tabindex=\"0\" role=\"button\"><span class=\"su-spoiler-icon\"><\/span>SCHON GEWUSST ...?<\/div><div class=\"su-spoiler-content su-u-clearfix su-u-trim\">\nDie kr\u00e4ftige Farbe bei JVi kommt von den Carotinoiden.<br \/>\n<\/div><\/div>\n<div class=\"su-spoiler su-spoiler-style-simple su-spoiler-icon-plus su-spoiler-closed\" data-scroll-offset=\"0\" data-anchor-in-url=\"no\"><div class=\"su-spoiler-title\" tabindex=\"0\" role=\"button\"><span class=\"su-spoiler-icon\"><\/span>INFORMATIONEN ZUM HERSTELLER\/IMPORTEUR<\/div><div class=\"su-spoiler-content su-u-clearfix su-u-trim\">\nHergestellt in den USA<br \/>\nNSE Products Europe BV, Da Vincilaan 9, 1930 Zaventem, Belgien<br \/>\n<\/div><\/div>\n<div class=\"su-spoiler su-spoiler-style-simple su-spoiler-icon-plus su-spoiler-closed\" data-scroll-offset=\"0\" data-anchor-in-url=\"no\"><div class=\"su-spoiler-title\" tabindex=\"0\" role=\"button\"><span class=\"su-spoiler-icon\"><\/span>H\u00c4UFIG GESTELLTE FRAGEN<\/div><div class=\"su-spoiler-content su-u-clearfix su-u-trim\">\n<strong>Kann Pharmanex JVi Saft die t\u00e4gliche Zufuhr von Obst und Gem\u00fcse ersetzen?<\/strong><br \/>\nNein, Pharmanex JVi kann keine ausgewogene Ern\u00e4hrung ersetzen.<\/p>\n<p>Pharmanex JVi enth\u00e4lt eine Kombination aus 12 Obst- und Gem\u00fcsesorten mit Vitaminen, Mineralstoffen und pflanzlichen N\u00e4hrstoffen, die eine gute Erg\u00e4nzung f\u00fcr die Ern\u00e4hrung und Quelle f\u00fcr Vitamin C bilden. Aber das Trinken von JVi sollte nicht als Ersatz daf\u00fcr dienen, t\u00e4glich 400 g Obst und Gem\u00fcse zu sich zu nehmen, gem\u00e4\u00df den Empfehlungen der Weltgesundheitsorganisation (WHO) (Kartoffeln und andere st\u00e4rkehaltige Knollengew\u00e4chse ausgenommen). Eine ausgewogene Ern\u00e4hrung bietet alle erforderlichen N\u00e4hrstoffe.<\/p>\n<p><strong>Was ist Vitamin C und warum ist es f\u00fcr den K\u00f6rper wichtig?<\/strong><br \/>\nVitamin C tr\u00e4gt zum Schutz der Zellen vor oxidativem Stress, zur gesunden Funktion des Immunsystems und zur Kollagenbildung f\u00fcr die Schutzbarriere der Haut bei.<\/p>\n<p><strong>Was sind exotische Fr\u00fcchte und warum gibt es sie in Pharmanex JVi?<\/strong><br \/>\nExotische Fr\u00fcchte werden seit Jahrhunderten in s\u00fcdamerikanischen und asiatischen Kulturen verwendet. Mit dem Begriff &#8220;exotisch&#8221; teilt Nu Skin diese besonderen Fr\u00fcchte in eine Kategorie ein. Aber heute sind Bocksdorn, Sanddorn und Acerola in der ganzen Welt bekannt.<\/p>\n<ul>\n<li>Acerola ist eine s\u00fc\u00dfsaure Frucht, die in der Karibik heimisch ist und angeblich aus Yukatan stammt. Die tieforange-bis rotfarbenen Fr\u00fcchte haben die Form von Kirschen und werden seit Jahrhunderten in den mexikanischen Kulturen verwendet.<\/li>\n<li>Bocksdorn (auch als Goji bekannt) ist eine orange-rote ellipsenf\u00f6rmige Beere. Sie wird traditionell in Asien und S\u00fcdosteuropa verwendet. Die Beeren sind eine beliebte Zutat in der chinesischen K\u00fcche.<\/li>\n<li>Sanddorn ist eine orangefarbene Beere, die seit der Antike in der tibetischen und mongolischen Kultur verwendet wird. Nur die weiblichen Pflanzen produzieren die zarten, saftigen und \u00f6lhaltigen beerenartigen Fr\u00fcchte.<\/li>\n<\/ul>\n<\/div><\/div>\n","protected":false},"excerpt":{"rendered":"<p><strong>Pharmanex Jvi Saft Nu Skin:<\/strong><br \/>\n<select style=\"width: 100%;\" name=\"menu1\" onchange=\"location = this.value;\"><option value=\"\">W\u00e4hlen Sie Ihr Land . . . <\/option><option value=\"\"><\/option><option value=\"https:\/\/nskn.co\/kM5a0c\">\ud83c\udde7\ud83c\uddea Belgi\u00eb<\/option><option value=\"https:\/\/nskn.co\/kYBHqq\">\ud83c\udde8\ud83c\uddff \u010cesk\u00e1 Republika<\/option><option value=\"https:\/\/nskn.co\/Cr6oue\">\ud83c\udde9\ud83c\uddf0 Danmark<\/option><option value=\"https:\/\/nskn.co\/AcrtzZ\">\ud83c\udde9\ud83c\uddea Deutschland<\/option><option value=\"https:\/\/nskn.co\/BV15KG\">\ud83c\uddea\ud83c\uddf8 Espa\u00f1a<\/option><option value=\"https:\/\/nskn.co\/IqPj1T\">\ud83c\uddeb\ud83c\uddf7 France<\/option><option value=\"https:\/\/nskn.co\/s3EZmE\">\ud83c\uddee\ud83c\uddea Ireland<\/option><option value=\"https:\/\/nskn.co\/ZrpUfZ\">\ud83c\uddee\ud83c\uddf8 \u00cdsland<\/option><option value=\"https:\/\/nskn.co\/VarYng\">\ud83c\uddee\ud83c\uddf9 Italia<\/option><option value=\"https:\/\/nskn.co\/upZcWN\">\ud83c\uddf1\ud83c\uddfa L\u00ebtzebuerg<\/option><option value=\"https:\/\/nskn.co\/huWCJ2\">\ud83c\udded\ud83c\uddfa Magyarorsz\u00e1g<\/option><option value=\"https:\/\/nskn.co\/0dYnAO\">\ud83c\uddf3\ud83c\uddf1 Netherlands<\/option><option value=\"https:\/\/nskn.co\/DUOm7p\">\ud83c\uddf3\ud83c\uddf4 Norge<\/option><option value=\"https:\/\/nskn.co\/UDRK6k\">\ud83c\udde6\ud83c\uddf9 \u00d6sterreich<\/option><option value=\"https:\/\/nskn.co\/ajkExl\">\ud83c\uddf5\ud83c\uddf1 Polska<\/option><option value=\"https:\/\/nskn.co\/oMhGUP\">\ud83c\uddf5\ud83c\uddf9 Portugal<\/option><option value=\"https:\/\/nskn.co\/1YTlG7\">\ud83c\uddf7\ud83c\uddf4 Rom\u00e2nia<\/option><option value=\"https:\/\/nskn.co\/UApuVQ\">\ud83c\udde8\ud83c\udded Schweiz<\/option><option value=\"https:\/\/nskn.co\/0ndC37\">\ud83c\uddf8\ud83c\uddf0 Slovensko<\/option><option value=\"https:\/\/nskn.co\/Sx4uc4\">\ud83c\uddeb\ud83c\uddee Suomi<\/option><option value=\"https:\/\/nskn.co\/laMlTw\">\ud83c\uddf8\ud83c\uddea Sverige<\/option><option value=\"https:\/\/nskn.co\/XHOKmD\">\ud83c\uddec\ud83c\udde7 United Kingdom<\/option><\/select><\/p>\n[sc name=\"new_info_german\" ][\/sc]\n<p>Das orangefarbene <a href=\"https:\/\/de.wikipedia.org\/wiki\/Getr%C3%A4nk\" target=\"_blank\" style=\"text-decoration: none; cursor:text; color:#402d25; font-weight: normal;\" rel=\"noopener\">Getr\u00e4nk<\/a>, <a href=\"https:\/\/urbanbeautyonline.com\/de\/nuskin\/pharmanex-jvi-saft\/\" target=\"_blank\" style=\"text-decoration: none; cursor:text; color:#402d25; font-weight: normal;\" rel=\"noopener\">Pharmanex JVi<\/a> Saft enth\u00e4lt Carotinoide und Vitamin C, um den Oxidationsschutz zu optimieren, die gesunde Funktion des Immunsystems zu st\u00e4rken und die nat\u00fcrliche Kollagenbildung f\u00fcr die Schutzbarriere der Haut anzuregen. Mit all diesen guten Eigenschaften in einem praktischen Getr\u00e4nk erweist sich JVi als dealer Partner f\u00fcr eine gesunde Ern\u00e4hrung und Lebensweise.<\/p>\n[sc name=\"below-buy-now-button-german\" ][\/sc]\n","protected":false},"featured_media":483,"comment_status":"open","ping_status":"closed","template":"","meta":[],"product_cat":[36,42],"product_tag":[],"class_list":["post-300","product","type-product","status-publish","has-post-thumbnail","hentry","product_cat-pharmanex","product_cat-jvi"],"_links":{"self":[{"href":"https:\/\/urbanbeautyonline.com\/de\/wp-json\/wp\/v2\/product\/300","targetHints":{"allow":["GET"]}}],"collection":[{"href":"https:\/\/urbanbeautyonline.com\/de\/wp-json\/wp\/v2\/product"}],"about":[{"href":"https:\/\/urbanbeautyonline.com\/de\/wp-json\/wp\/v2\/types\/product"}],"replies":[{"embeddable":true,"href":"https:\/\/urbanbeautyonline.com\/de\/wp-json\/wp\/v2\/comments?post=300"}],"wp:featuredmedia":[{"embeddable":true,"href":"https:\/\/urbanbeautyonline.com\/de\/wp-json\/wp\/v2\/media\/483"}],"wp:attachment":[{"href":"https:\/\/urbanbeautyonline.com\/de\/wp-json\/wp\/v2\/media?parent=300"}],"wp:term":[{"taxonomy":"product_cat","embeddable":true,"href":"https:\/\/urbanbeautyonline.com\/de\/wp-json\/wp\/v2\/product_cat?post=300"},{"taxonomy":"product_tag","embeddable":true,"href":"https:\/\/urbanbeautyonline.com\/de\/wp-json\/wp\/v2\/product_tag?post=300"}],"curies":[{"name":"wp","href":"https:\/\/api.w.org\/{rel}","templated":true}]}}