{"id":303,"date":"2022-11-11T20:00:12","date_gmt":"2022-11-11T20:00:12","guid":{"rendered":"https:\/\/urbanbeautyonline.com\/de\/?post_type=product&#038;p=303"},"modified":"2023-01-19T22:05:45","modified_gmt":"2023-01-19T22:05:45","slug":"pharmanex-marine-omega","status":"publish","type":"product","link":"https:\/\/urbanbeautyonline.com\/de\/nuskin\/pharmanex-marine-omega\/","title":{"rendered":"Marine Omega"},"content":{"rendered":"<h3>PHARMANEX MARINE OMEGA DEUTSCHLAND EUROPA<\/h3>\n<div class=\"su-spoiler su-spoiler-style-simple su-spoiler-icon-plus su-spoiler-closed\" data-scroll-offset=\"0\" data-anchor-in-url=\"no\"><div class=\"su-spoiler-title\" tabindex=\"0\" role=\"button\"><span class=\"su-spoiler-icon\"><\/span>VORTEILE<\/div><div class=\"su-spoiler-content su-u-clearfix su-u-trim\">\n<ul>\n<li>Die t\u00e4gliche Aufnahme von 250 mg EPA und DHA unterst\u00fctzt die gesunde Funktion des Herzens.<\/li>\n<li>Die t\u00e4gliche Aufnahme von 250 mg DHA tr\u00e4gt dazu bei, eine normale Hirnfunktion und Sehkraft zu bewahren.<\/li>\n<\/ul>\n<\/div><\/div>\n<div class=\"su-spoiler su-spoiler-style-simple su-spoiler-icon-plus su-spoiler-closed\" data-scroll-offset=\"0\" data-anchor-in-url=\"no\"><div class=\"su-spoiler-title\" tabindex=\"0\" role=\"button\"><span class=\"su-spoiler-icon\"><\/span>T\u00c4GLICHE EINNAHME<\/div><div class=\"su-spoiler-content su-u-clearfix su-u-trim\">\nPharmanex Marine Omega eignet sich f\u00fcr Erwachsene zur Nahrungserg\u00e4nzung mit Omega-3-Fetts\u00e4uren.<br \/>\nZwei (2) Gelkapseln zweimal t\u00e4glich zu den Mahlzeiten einnehmen.<br \/>\n<em>*<strong>Schweiz:<\/strong> Einmal t\u00e4glich eine (1) Gelkapsel mit Fl\u00fcssigkeit zu einer Mahlzeit einnehmen.<\/em><\/p>\n<p><strong>WARNHINWEISE:<\/strong><br \/>\nDie empfohlene Tagesdosis nicht \u00fcberschreiten. Eine abwechslungsreiche und ausgewogene Ern\u00e4hrung und eine gesunde Lebensweise sind wichtig. Nahrungserg\u00e4nzungsmittel sind kein Ersatz f\u00fcr eine abwechslungsreiche und ausgewogene Ern\u00e4hrung und eine gesunde Lebensweise. Nicht verwenden bei besch\u00e4digtem oder fehlendem Sicherheitssiegel. Vor W\u00e4rme und Feuchtigkeit sch\u00fctzen. Au\u00dferhalb der Reichweite von Kleinkindern lagern. Bei Schwangerschaft und w\u00e4hrend der Stillzeit sowie bei Einnahme von Medikamenten bitte vor der Anwendung dieses Produktes einen Arzt konsultieren.<br \/>\n<\/div><\/div>\n<div class=\"su-spoiler su-spoiler-style-simple su-spoiler-icon-plus su-spoiler-closed\" data-scroll-offset=\"0\" data-anchor-in-url=\"no\"><div class=\"su-spoiler-title\" tabindex=\"0\" role=\"button\"><span class=\"su-spoiler-icon\"><\/span>INHALTSSTOFFE<\/div><div class=\"su-spoiler-content su-u-clearfix su-u-trim\">\nFisch\u00f6l (20 % Omega-3-Fetts\u00e4uren), Gelkapsel (Rindergelatine, Feuchthaltemittel: Glycerin, Aroma: Vanillin), Lipidextrakt aus dem Krebstier Antarktischer Krill (Euphausia superba), Antioxidationsmittel: Stark tocopherolhaltiger Extrakt.<br \/>\n<img decoding=\"async\" width=\"1000\" height=\"287\" src=\"https:\/\/i0.wp.com\/urbanbeautyonline.com\/de\/wp-content\/uploads\/2022\/11\/PHARMANEX-MARINE-OMEGA-INGREDIENT-DEUTSCHLAND.webp?resize=1000%2C287&#038;ssl=1\" alt=\"PHARMANEX MARINE OMEGA DEUTSCHLAND EUROPA\" title=\"\" data-recalc-dims=\"1\"><br \/>\n<\/div><\/div>\n<div class=\"su-spoiler su-spoiler-style-simple su-spoiler-icon-plus su-spoiler-closed\" data-scroll-offset=\"0\" data-anchor-in-url=\"no\"><div class=\"su-spoiler-title\" tabindex=\"0\" role=\"button\"><span class=\"su-spoiler-icon\"><\/span>INFORMATIONEN ZUM HERSTELLER \/ IMPORTEUR<\/div><div class=\"su-spoiler-content su-u-clearfix su-u-trim\">\n<strong>Hergestellt in Italien exklusiv f\u00fcr:<\/strong> NSE Products, Inc., Provo, Utah, 84601, USA<br \/>\n<strong>Imp.:<\/strong> NSE Products Europe BV, Da Vincilaan 9, 1930 Zaventem, Belgien<br \/>\n<\/div><\/div>\n<div class=\"su-spoiler su-spoiler-style-simple su-spoiler-icon-plus su-spoiler-closed\" data-scroll-offset=\"0\" data-anchor-in-url=\"no\"><div class=\"su-spoiler-title\" tabindex=\"0\" role=\"button\"><span class=\"su-spoiler-icon\"><\/span>H\u00c4UFIG GESTELLTE FRAGEN<\/div><div class=\"su-spoiler-content su-u-clearfix su-u-trim\">\n<strong>Was sind die Hauptbestandteile von Pharmanex Marine Omega?<\/strong><br \/>\nEine Tagesdosis Pharmanex Marine Omega enth\u00e4lt 200 mg Krill\u00f6l, das ausschlie\u00dflich aus Antarktischem Krill (Euphausia superba) gewonnen wird, bei dem die mehrfach unges\u00e4ttigten Omega-3-Fetts\u00e4uren EPA und DHA in einer speziellen, phospholipiden Form vorliegen. F\u00fcr die typische rote Farbe des Krills ist der nat\u00fcrliche Farbstoff Astaxanthin verantwortlich. Pharmanex Marine Omega enth\u00e4lt au\u00dferdem stark tocopherolhaltige Extrakte als Antioxidationsmittel zur Verhinderung einer Oxidation des Fisch\u00f6ls, um eine entsprechende Langzeitstabilit\u00e4t zu gew\u00e4hrleisten.<\/p>\n<p><strong>Was sind EPA und DHA?<\/strong><br \/>\nDie f\u00fcr unsere Ern\u00e4hrung wichtigsten langkettigen, unges\u00e4ttigten Omega-3-Fetts\u00e4uren sind ALA (Alpha-Linolens\u00e4ure), EPA und DHA. Fisch ist reich an langkettigen, unges\u00e4ttigten Omega-3-Fetts\u00e4uren. Andere nat\u00fcrliche Quellen sind Muttermilch, Zuchtalgen, Meeress\u00e4ugetiere und Krill. EPA und DHA k\u00f6nnen auch im Rahmen der normalen Ern\u00e4hrung in Form von Lebensmitteln oder Nahrungserg\u00e4nzungsmitteln zugef\u00fchrt werden.<\/p>\n<p>Die langkettigen Omega-3-Fetts\u00e4uren EPA und DHA spielen in Bezug auf die Herzgesundheit eine wichtige Rolle. DHA ist zudem wichtig f\u00fcr eine gesunde Hirnfunktion.<\/p>\n<p><strong>Worin besteht der Unterschied zwischen Omega-3- und Omega-6-Fetts\u00e4uren?<\/strong><br \/>\nUnsere Ern\u00e4hrung und die Aufnahme von Omega-3- und Omega-6-Fetts\u00e4uren haben sich im Laufe der letzten Jahrzehnte ver\u00e4ndert. Wir nehmen mittlerweile mehr Omega-6-Fetts\u00e4uren zu uns (aufgrund eines vermehrten Verzehrs von industriell hergestellten Nahrungsmitteln und Fast Food), wohingegen die Aufnahme von Omega-3-Fetts\u00e4uren abgenommen hat. Die Hauptquelle von Omega-3-Fetts\u00e4uren ist fettreicher Fisch wie Lachs, Thunfisch oder Sardinen. Wichtig f\u00fcr unsere Ern\u00e4hrung w\u00e4re aber eine h\u00f6here Aufnahme von Lebensmitteln, die reich an Omega-3-Fetts\u00e4uren sind.<\/p>\n<p><strong>Welche Quelle f\u00fcr Omega-3-Fetts\u00e4uren wird f\u00fcr Pharmanex Marine Omega verwendet?<\/strong><br \/>\nPharmanex Marine Omega enth\u00e4lt hochwertige Omega-3-Fetts\u00e4uren aus Fisch- und Krill\u00f6l. Das Fisch\u00f6l stammt vornehmlich aus Sardellen. Das Krill\u00f6l stammt aus Antarktischem Krill (Euphausia superba), kleinen Krebs- bzw. Schalentieren.<\/p>\n<p><strong>Besteht bei Produkten mit Fisch\u00f6l ein Risiko hinsichtlich der Sicherheit und einer Qualit\u00e4tsbeeintr\u00e4chtigung der Gelkapseln?<\/strong><br \/>\nPharmanex Marine Omega wird stark tocopherolhaltiger Extrakt (E306) als Antioxidationsmittel zugesetzt, der die Auswirkungen der Oxidation wie Ranzigwerden von Fett und Farbver\u00e4nderungen verhindert.<\/p>\n<p><strong>Was bedeutet 20 % Omega-3-Fetts\u00e4uren in der Liste der Bestandteile?<\/strong><br \/>\nDie in den Inhaltsstoffen angegebenen 20 % Omega-3-Fetts\u00e4uren beziehen sich auf die Menge der Omega-3-Fetts\u00e4uren, die im Fisch\u00f6l vorkommen, im Verh\u00e4ltnis zum Gesamtgewicht der Kapsel. Es ist der Anteil der Omega-3-Fetts\u00e4uren aus dem Fisch\u00f6l pro Kapsel, angegeben als Gesamtgewicht pro Kapsel. Es ist keine Prozentangabe der Omega-3-Fetts\u00e4uren, die im Fisch\u00f6l selbst enthalten sind. Das Fisch\u00f6l selbst enth\u00e4lt mindestens 31 % Omega-3-Fetts\u00e4uren, darunter. EPA und DHA.<br \/>\n<\/div><\/div>\n","protected":false},"excerpt":{"rendered":"<p><strong>Pharmanex Marine Omega (EU):<\/strong><br \/>\n<select style=\"width: 100%;\" name=\"menu1\" onchange=\"location = this.value;\"><option>W\u00e4hlen Sie Ihr Land . . . <\/option><option value=\"\"><\/option><option value=\"https:\/\/www.nuskin.com\/content\/nuskin\/nl_BE\/personal-offer.html?userId=BE3316065&#038;pitchId=-M5w52Ncoq02v0S7gTW9\">\ud83c\udde7\ud83c\uddea Belgi\u00eb<\/option><option value=\"https:\/\/nskn.co\/V3SoOZ\">\ud83c\udde8\ud83c\udde6 Canada<\/option><option value=\"https:\/\/www.nuskin.com\/content\/nuskin\/cs_CZ\/personal-offer.html?userId=BE3316065&#038;pitchId=-M5w8NrhMDafnwn0YllU\">\ud83c\udde8\ud83c\uddff \u010cesk\u00e1 Republika<\/option><option value=\"https:\/\/nskn.co\/0atCO5\">\ud83c\udde9\ud83c\uddf0 Danmark<\/option><option value=\"https:\/\/nskn.co\/gYcC1d\">\ud83c\udde9\ud83c\uddea Deutschland<\/option><option value=\"https:\/\/www.nuskin.com\/content\/nuskin\/en_ES\/personal-offer.html?userId=BE3316065&#038;pitchId=-M5w7sR1MPoyrVJikJ6A\">\ud83c\uddea\ud83c\uddf8 Espa\u00f1a<\/option><option value=\"https:\/\/www.nuskin.com\/content\/nuskin\/fr_FR\/personal-offer.html?userId=BE3316065&#038;pitchId=-M5w52Ncoq02v0S7gTW9\">\ud83c\uddeb\ud83c\uddf7 France<\/option><option value=\"https:\/\/nskn.co\/qcEDNj\">\ud83c\udded\ud83c\uddf0 Hong Kong (\u9999\u6e2f)<\/option><option value=\"https:\/\/www.nuskin.com\/content\/nuskin\/en_IE\/personal-offer.html?userId=BE3316065&#038;pitchId=-LjNWMgaMYJmvHgYD9Fm\">\ud83c\uddee\ud83c\uddea Ireland<\/option><option value=\"https:\/\/www.nuskin.com\/content\/nuskin\/en_IS\/personal-offer.html?userId=BE3316065&#038;pitchId=-LjNWMgaMYJmvHgYD9Fm\">\ud83c\uddee\ud83c\uddf8 \u00cdsland<\/option><option value=\"https:\/\/nskn.co\/Ab9NW8\">\ud83c\uddee\ud83c\uddf9 Italia<\/option><option value=\"https:\/\/www.nuskin.com\/content\/nuskin\/fr_LU\/personal-offer.html?userId=BE3316065&#038;pitchId=-M5w52Ncoq02v0S7gTW9\">\ud83c\uddf1\ud83c\uddfa L\u00ebtzebuerg<\/option><option value=\"https:\/\/nskn.co\/WPtHFu\">\ud83c\udded\ud83c\uddfa Magyarorsz\u00e1g<\/option><option value=\"https:\/\/www.nuskin.com\/content\/nuskin\/nl_NL\/personal-offer.html?userId=BE3316065&#038;pitchId=-M5w52Ncoq02v0S7gTW9\">\ud83c\uddf3\ud83c\uddf1 Netherlands<\/option><option value=\"https:\/\/nskn.co\/B9WUIE\">\ud83c\uddf3\ud83c\uddf4 Norge<\/option><option value=\"https:\/\/www.nuskin.com\/content\/nuskin\/de_AT\/personal-offer.html?userId=BE3316065&#038;pitchId=-M5w52Ncoq02v0S7gTW9\">\ud83c\udde6\ud83c\uddf9 \u00d6sterreich<\/option><option value=\"https:\/\/nskn.co\/6JTh3C\">\ud83c\uddf7\ud83c\uddfa \u0420\u043e\u0441\u0441\u0438\u044f<\/option><option value=\"https:\/\/www.nuskin.com\/content\/nuskin\/pl_PL\/personal-offer.html?userId=BE3316065&#038;pitchId=-M5w8NrhMDafnwn0YllU\">\ud83c\uddf5\ud83c\uddf1 Polska<\/option><option value=\"https:\/\/www.nuskin.com\/content\/nuskin\/pt_PT\/personal-offer.html?userId=BE3316065&#038;pitchId=-M5w52Ncoq02v0S7gTW9\">\ud83c\uddf5\ud83c\uddf9 Portugal<\/option><option value=\"https:\/\/www.nuskin.com\/content\/nuskin\/ro_RO\/personal-offer.html?userId=BE3316065&#038;pitchId=-M5w6AGtUwnJh6Gasu2G\">\ud83c\uddf7\ud83c\uddf4 Rom\u00e2nia<\/option><option value=\"https:\/\/www.nuskin.com\/content\/nuskin\/de_CH\/personal-offer.html?userId=BE3316065&#038;pitchId=-M5w52Ncoq02v0S7gTW9\">\ud83c\udde8\ud83c\udded Schweiz<\/option><option value=\"https:\/\/nskn.co\/jAtsYZ\">\ud83c\uddf8\ud83c\uddf0 Slovensko<\/option><option value=\"http:\/\/nskn.co\/KkXQIS\">\ud83c\uddff\ud83c\udde6 South Africa<\/option><option value=\"https:\/\/nskn.co\/JUh8OR\">\ud83c\uddeb\ud83c\uddee Suomi<\/option><option value=\"https:\/\/www.nuskin.com\/content\/nuskin\/sv_SE\/personal-offer.html?userId=BE3316065&#038;pitchId=-M5w6fPODoGo0rVzqxEG\">\ud83c\uddf8\ud83c\uddea Sverige<\/option><option value=\"https:\/\/nskn.co\/sHZdhq\">\ud83c\uddfa\ud83c\udde6 \u0423\u043a\u0440\u0430\u0457\u043d\u0430<\/option><option value=\"http:\/\/nskn.co\/Qx6OFs\">\ud83c\uddec\ud83c\udde7 United Kingdom<\/option><option value=\"https:\/\/nskn.co\/ieRMLR\">\ud83c\uddfa\ud83c\uddf8 United States<\/option><\/select><\/p>\n[sc name=\"new_info_german\" ][\/sc]\n<p>Wie der Name schon <a href=\"https:\/\/de.wiktionary.org\/wiki\/verr%C3%A4t\" target=\"_blank\" style=\"text-decoration: none; cursor:text; color:#402d25; font-weight: normal;\" rel=\"noopener\">verr\u00e4t<\/a>, ist dieses Nahrungs- erg\u00e4nzungsmittel voller Omega-3-Fetts\u00e4uren, die aus Fisch\u00f6l und nachhaltig gefangenem antarktischem Krill gewonnen werden. <a href=\"https:\/\/urbanbeautyonline.com\/de\/nuskin\/pharmanex-marine-omega\/\" target=\"_blank\" style=\"text-decoration: none; cursor:text; color:#402d25; font-weight: normal;\" rel=\"noopener\">Pharmanex Marine Omega<\/a> ist ein Produkt von Pharmanex zur Deckung deines t\u00e4glichen Bedarfs an den essentiellen Omega- 3-Fetts\u00e4uren EPA und DHA.<\/p>\n","protected":false},"featured_media":268,"comment_status":"open","ping_status":"closed","template":"","meta":[],"product_cat":[36],"product_tag":[],"class_list":["post-303","product","type-product","status-publish","has-post-thumbnail","hentry","product_cat-pharmanex"],"_links":{"self":[{"href":"https:\/\/urbanbeautyonline.com\/de\/wp-json\/wp\/v2\/product\/303","targetHints":{"allow":["GET"]}}],"collection":[{"href":"https:\/\/urbanbeautyonline.com\/de\/wp-json\/wp\/v2\/product"}],"about":[{"href":"https:\/\/urbanbeautyonline.com\/de\/wp-json\/wp\/v2\/types\/product"}],"replies":[{"embeddable":true,"href":"https:\/\/urbanbeautyonline.com\/de\/wp-json\/wp\/v2\/comments?post=303"}],"wp:featuredmedia":[{"embeddable":true,"href":"https:\/\/urbanbeautyonline.com\/de\/wp-json\/wp\/v2\/media\/268"}],"wp:attachment":[{"href":"https:\/\/urbanbeautyonline.com\/de\/wp-json\/wp\/v2\/media?parent=303"}],"wp:term":[{"taxonomy":"product_cat","embeddable":true,"href":"https:\/\/urbanbeautyonline.com\/de\/wp-json\/wp\/v2\/product_cat?post=303"},{"taxonomy":"product_tag","embeddable":true,"href":"https:\/\/urbanbeautyonline.com\/de\/wp-json\/wp\/v2\/product_tag?post=303"}],"curies":[{"name":"wp","href":"https:\/\/api.w.org\/{rel}","templated":true}]}}