{"id":306,"date":"2022-11-15T20:00:33","date_gmt":"2022-11-15T20:00:33","guid":{"rendered":"https:\/\/urbanbeautyonline.com\/de\/?post_type=product&#038;p=306"},"modified":"2023-02-01T22:00:18","modified_gmt":"2023-02-01T22:00:18","slug":"ageloc-boost-gerat-system","status":"publish","type":"product","link":"https:\/\/urbanbeautyonline.com\/de\/nuskin\/ageloc-boost-gerat-system\/","title":{"rendered":"ageLOC Boost Ger\u00e4t System"},"content":{"rendered":"<h3>ageLOC Boost Ger\u00e4t System<\/h3>\n<div class=\"su-spoiler su-spoiler-style-simple su-spoiler-icon-plus su-spoiler-closed\" data-scroll-offset=\"0\" data-anchor-in-url=\"no\"><div class=\"su-spoiler-title\" tabindex=\"0\" role=\"button\"><span class=\"su-spoiler-icon\"><\/span>PRODUKTDETAILS<\/div><div class=\"su-spoiler-content su-u-clearfix su-u-trim\">\nDas ultimative Hautpflege Power-Duo, das im Team deine Haut sichtbar strahlender macht und ihr einen strafferen und vitalisierten Glow verleiht.<\/p>\n<p><strong>LIEFERUMFANG:<\/strong><\/p>\n<ol>\n<li>ageLOC Boost Device<\/li>\n<li>ageLOC Boost Magnetic Charger<\/li>\n<li>ageLOC Boost Protective Head Cover<\/li>\n<li>ageLOC Boost Activating Serum<\/li>\n<\/ol>\n<div class=\"su-row\">\n<div class=\"su-column su-column-size-1-3\"><div class=\"su-column-inner su-u-clearfix su-u-trim\">\n<p><center><img decoding=\"async\" src=\"https:\/\/i0.wp.com\/urbanbeautyonline.com\/de\/wp-content\/uploads\/2023\/02\/warranty2yr.webp?resize=70%2C70&#038;ssl=1\" alt=\"ageLOC Boost Ger\u00e4t System\" width=\"70\" height=\"70\" title=\"\" data-recalc-dims=\"1\"><br \/>\nMind. 2 Jahre Garantie<\/center><\/div><\/div>\n<div class=\"su-column su-column-size-1-3\"><div class=\"su-column-inner su-u-clearfix su-u-trim\">\n<p><center><img decoding=\"async\" src=\"https:\/\/i0.wp.com\/urbanbeautyonline.com\/de\/wp-content\/uploads\/2023\/02\/variable-pulse-microcurrent.webp?resize=70%2C70&#038;ssl=1\" alt=\"ageLOC Boost Ger\u00e4t System\" width=\"70\" height=\"70\" title=\"\" data-recalc-dims=\"1\"><br \/>\nZum Patent angemeldete variabel pulsierende Mikrostrom-Technologie<\/center><\/div><\/div>\n<div class=\"su-column su-column-size-1-3\"><div class=\"su-column-inner su-u-clearfix su-u-trim\">\n<p><center><img decoding=\"async\" src=\"https:\/\/i0.wp.com\/urbanbeautyonline.com\/de\/wp-content\/uploads\/2023\/02\/reducepores.webp?resize=70%2C70&#038;ssl=1\" alt=\"ageLOC Boost Ger\u00e4t System\" width=\"70\" height=\"70\" title=\"\" data-recalc-dims=\"1\"><br \/>\nDunkle Flecken werden optisch reduziert<\/center><\/div><\/div>\n<\/div>\n<\/div><\/div>\n<div class=\"su-spoiler su-spoiler-style-simple su-spoiler-icon-plus su-spoiler-closed\" data-scroll-offset=\"0\" data-anchor-in-url=\"no\"><div class=\"su-spoiler-title\" tabindex=\"0\" role=\"button\"><span class=\"su-spoiler-icon\"><\/span>VORTEILE UND MERKMALE<\/div><div class=\"su-spoiler-content su-u-clearfix su-u-trim\">\n<ul>\n<li>ageLOC Boost nutzt die variable pulsierende Mikrostrom-Technologie, um die Haut mit intermittierenden Stromimpulsen zu stimulieren. Die Impulse sind polarit\u00e4tsneutral, d.h. alle 2,4 Sekunden wechseln sie von positiv auf negativ und wieder zur\u00fcck. Dies, zusammen mit dem Activating Serum, regt die Haut an und verleiht ihr einen jugendlichen Teint.<\/li>\n<li>Verlangsamt das vorzeitige Altern der Haut und h\u00e4lt sie l\u00e4nger jugendlich.<\/li>\n<li>Pflegt die Haut, um eine vitalisierte und strahlende Haut zu erreichen.<\/li>\n<\/ul>\n<\/div><\/div>\n<div class=\"su-spoiler su-spoiler-style-simple su-spoiler-icon-plus su-spoiler-closed\" data-scroll-offset=\"0\" data-anchor-in-url=\"no\"><div class=\"su-spoiler-title\" tabindex=\"0\" role=\"button\"><span class=\"su-spoiler-icon\"><\/span>ANWENDUNG<\/div><div class=\"su-spoiler-content su-u-clearfix su-u-trim\">\n<strong>Einmal t\u00e4glich<\/strong> anwenden.<br \/>\n<strong>Vorbereitung:<\/strong> Die Haut mit einem Nu Skin Cleanser und Toner deiner Wahl reinigen.<\/p>\n<div class=\"su-row\">\n<div class=\"su-column su-column-size-1-2\"><div class=\"su-column-inner su-u-clearfix su-u-trim\">\n<img decoding=\"async\" src=\"https:\/\/i0.wp.com\/i.ibb.co\/kxRLNy4\/1.png?resize=400%2C220&#038;ssl=1\" alt=\"ageLOC Boost Ger\u00e4t\" width=\"400\" height=\"220\" border=\"0\" title=\"\" data-recalc-dims=\"1\"><br \/>\n<strong>Schritt 1:<\/strong> Einschalten des Ger\u00e4ts: Mit dem Finger \u00fcber die gesamte Touch-Oberfl\u00e4che nach oben wischen.<br \/>\n<\/div><\/div>\n<div class=\"su-column su-column-size-1-2\"><div class=\"su-column-inner su-u-clearfix su-u-trim\">\n<img decoding=\"async\" src=\"https:\/\/i0.wp.com\/i.ibb.co\/Dt7Ld6F\/2.png?resize=400%2C224&#038;ssl=1\" alt=\"ageLOC Boost Ger\u00e4t\" width=\"400\" height=\"224\" border=\"0\" title=\"\" data-recalc-dims=\"1\"><\/p>\n<p><strong>Schritt 2:<\/strong> Drei Pumpst\u00f6\u00dfe des ageLOC Boost Activating Serum auf die Leitfl\u00e4che des Ger\u00e4ts geben. \u00dcber eine Gesichtsh\u00e4lfte verteilen.<br \/>\n<\/div><\/div>\n<\/div>\n<div class=\"su-row\">\n<div class=\"su-column su-column-size-1-2\"><div class=\"su-column-inner su-u-clearfix su-u-trim\">\n<img decoding=\"async\" src=\"https:\/\/i0.wp.com\/i.ibb.co\/1svWmr3\/3.png?resize=399%2C224&#038;ssl=1\" alt=\"ageLOC Boost Ger\u00e4t\" width=\"399\" height=\"224\" border=\"0\" title=\"\" data-recalc-dims=\"1\"><\/p>\n<p><strong>Schritt3:<\/strong> Zum Beginn der Anwendung mit dem Finger \u00fcber die gesamte Touch-Oberfl\u00e4che nach oben wischen. Mit der Leitfl\u00e4che von innen nach au\u00dfen \u00fcber das Gesicht gleiten.<br \/>\n<\/div><\/div>\n<div class=\"su-column su-column-size-1-2\"><div class=\"su-column-inner su-u-clearfix su-u-trim\">\n<img decoding=\"async\" src=\"https:\/\/i0.wp.com\/i.ibb.co\/BZj6msQ\/4.png?resize=400%2C240&#038;ssl=1\" alt=\"ageLOC Boost Ger\u00e4t\" width=\"400\" height=\"240\" border=\"0\" title=\"\" data-recalc-dims=\"1\"><\/p>\n<p><strong>Schritt4:<\/strong> SCHRITTE 2 und 3 auf der anderen Gesichtsh\u00e4lfte wiederholen.<br \/>\n<\/div><\/div>\n<\/div>\n<p><strong>Schritt 5:<\/strong> Das Ger\u00e4t schaltet sich automatisch ab. \u00dcbersch\u00fcssiges Activating Serum in die Haut einmassieren, anschlie\u00dfend mit der t\u00e4glichen Hautpflege fortfahren.<br \/>\n<\/div><\/div>\n<div class=\"su-spoiler su-spoiler-style-simple su-spoiler-icon-plus su-spoiler-closed\" data-scroll-offset=\"0\" data-anchor-in-url=\"no\"><div class=\"su-spoiler-title\" tabindex=\"0\" role=\"button\"><span class=\"su-spoiler-icon\"><\/span>HINWEIS<\/div><div class=\"su-spoiler-content su-u-clearfix su-u-trim\">\nUm m\u00f6gliche Gesundheitsrisiken zu vermeiden: Bei Schwangerschaft, Krankheit, als Epileptiker, mit einem Herzschrittmacher oder vergleichbaren Ger\u00e4ten, mit einer Metall-Zahnspange oder Metall-Implantaten, sollte vor Verwendung ein Arzt konsultiert werden. Benutze das Produkt nur wie im ageLOC Boost Ger\u00e4te-Benutzerhandbuch beschrieben.<br \/>\n<\/div><\/div>\n<div class=\"su-spoiler su-spoiler-style-simple su-spoiler-icon-plus su-spoiler-closed\" data-scroll-offset=\"0\" data-anchor-in-url=\"no\"><div class=\"su-spoiler-title\" tabindex=\"0\" role=\"button\"><span class=\"su-spoiler-icon\"><\/span>INHALTSSTOFFE<\/div><div class=\"su-spoiler-content su-u-clearfix su-u-trim\">\n<strong>WICHTIGE INHALTSSTOFFE:<\/strong><br \/>\n<div class=\"su-row\">\n<div class=\"su-column su-column-size-1-3\"><div class=\"su-column-inner su-u-clearfix su-u-trim\">\n<p><center><img decoding=\"async\" src=\"https:\/\/i0.wp.com\/urbanbeautyonline.com\/de\/wp-content\/uploads\/2023\/02\/nu-skin-ageloc-boost-system-ingredients-brightening-blend.webp?resize=60%2C60&#038;ssl=1\" alt=\"ageLOC Boost Ger\u00e4t System\" width=\"60\" height=\"60\" title=\"\" data-recalc-dims=\"1\"><br \/>\n<strong>Strahlender Komplex:<\/strong><br \/>\nPflegende Wirkung f\u00fcr eine vitalisierte, strahlende Haut.<\/center><\/div><\/div>\n<div class=\"su-column su-column-size-1-3\"><div class=\"su-column-inner su-u-clearfix su-u-trim\">\n<p><center><img decoding=\"async\" src=\"https:\/\/i0.wp.com\/urbanbeautyonline.com\/de\/wp-content\/uploads\/2023\/02\/ingredient-caviar_lime.webp?resize=60%2C60&#038;ssl=1\" alt=\"ageLOC Boost Ger\u00e4t System\" width=\"60\" height=\"60\" title=\"\" data-recalc-dims=\"1\"><br \/>\n<strong>Kaviar-Limetten-Fruchtextrakt:<\/strong><br \/>\nVerst\u00e4rkt den Peeling-Effekt und die Zellenerneuerung f\u00fcr einen sichtbar glatteren, strahlenderen und jugendlicher aussehenden Teint.<\/center><\/div><\/div>\n<div class=\"su-column su-column-size-1-3\"><div class=\"su-column-inner su-u-clearfix su-u-trim\">\n<p><center><img decoding=\"async\" src=\"https:\/\/i0.wp.com\/urbanbeautyonline.com\/de\/wp-content\/uploads\/2023\/02\/ingredient-plumping_blend.webp?resize=60%2C60&#038;ssl=1\" alt=\"ageLOC Boost Ger\u00e4t System\" width=\"60\" height=\"60\" title=\"\" data-recalc-dims=\"1\"><br \/>\n<strong>Straffender Komplex:<\/strong><br \/>\nSpendet Feuchtigkeit und pflegt, die Haut erscheint praller.<\/center><\/div><\/div>\n<\/div>\n<div class=\"su-row\">\n<div class=\"su-column su-column-size-1-2\"><div class=\"su-column-inner su-u-clearfix su-u-trim\">\n<p><center><img decoding=\"async\" src=\"https:\/\/i0.wp.com\/urbanbeautyonline.com\/de\/wp-content\/uploads\/2023\/02\/ingredient-ageLOC_blend.webp?resize=60%2C60&#038;ssl=1\" alt=\"ageLOC Boost Ger\u00e4t System\" width=\"60\" height=\"60\" title=\"\" data-recalc-dims=\"1\"><br \/>\n<strong>ageLOC Komplex:<\/strong><br \/>\nWirkt den Ursachen sichtbarer Hautalterung gezielt entgegen &#8211; f\u00fcr eine l\u00e4nger strahlende, jugendlich aussehende Haut.<\/center><\/div><\/div>\n<div class=\"su-column su-column-size-1-2\"><div class=\"su-column-inner su-u-clearfix su-u-trim\">\n<p><center><img decoding=\"async\" src=\"https:\/\/i0.wp.com\/urbanbeautyonline.com\/de\/wp-content\/uploads\/2023\/02\/ingredient-sea-daffodil.webp?resize=60%2C60&#038;ssl=1\" alt=\"ageLOC Boost Ger\u00e4t System\" width=\"60\" height=\"60\" title=\"\" data-recalc-dims=\"1\"><br \/>\n<strong>Meernarzissen-Extrakt:<\/strong><br \/>\nVerbessert das Erscheinungsbild dunkler Flecken.<\/center><\/div><\/div>\n<\/div>\n<p>Aqua, Glycerin, Butylene glycol, Dimethicone, Polyglyceryl- 6 Distearate, Tetrahexyldecyl Ascorbate, Sodium PCA, Natriumlactat, Mannit, Sodium Acetylated Hyaluronate, Sodium Hyaluronate, Niacinamide, Citrullus Lanatus Fruit Extract, Jojoba Esters, Lens Esculenta Fruit Extract, Pyrus Malus Fruit Extract, Tocopheryl Acetate, Lecithin, Phospholipids, Ethylhexylglycerin, Microcitrus Australasica Fruit Extract, Pancratium Maritimum Extract, Ergothioneine, Propanediol, Polyglyceryl-6 Polyricinoleate, Polyglyceryl-3 Bienenwachs, Sodium Acrylates Copolymer, Cetyl Alcohol, Xanthan, Acrylates\/C10-30 Alkyl Acrylate Crosspolymer, Hydroxypropyl Methylcellulose Stearoxy Ether, Tetrasodium Glutamate Diacetate, Natriumhydroxid, Aminomethyl Propanol, Phenoxyethanol, Chlorphenesin, Benzoes\u00e4ure, Kaliumsorbat, Natriumbenzoat.<br \/>\n<\/div><\/div>\n<div class=\"su-spoiler su-spoiler-style-simple su-spoiler-icon-plus su-spoiler-closed\" data-scroll-offset=\"0\" data-anchor-in-url=\"no\"><div class=\"su-spoiler-title\" tabindex=\"0\" role=\"button\"><span class=\"su-spoiler-icon\"><\/span>VIDEO<\/div><div class=\"su-spoiler-content su-u-clearfix su-u-trim\">\n<div class=\"su-youtube su-u-responsive-media-yes\"><iframe loading=\"lazy\" width=\"600\" height=\"400\" src=\"https:\/\/www.youtube.com\/embed\/9jn4EqjKB0w?\" frameborder=\"0\" allowfullscreen allow=\"autoplay; encrypted-media; picture-in-picture\" title=\"AGELOC BOOST GER\u00c4T SYSTEM NU SKIN\"><\/iframe><\/div>\n<\/div><\/div>\n","protected":false},"excerpt":{"rendered":"<p><strong>ageLOC Boost Ger\u00e4t System:<\/strong><br \/>\n<select id=\"level1\" style=\"width: 100%;\" name=\"level1\" onchange=\"showDropdown()\"><option value=\"\">Klicke hier . . .<\/option><option value=\"\"><\/option><option value=\"AGELOC BOOST\">ageLOC Boost + 1 Serum<\/option><option value=\"AGELOC BOOST DEMONSTRATION KIT\">ageLOC Boost + 3 Serums<\/option><option value=\"AGELOC BOOST SERUM\">ageLOC Boost Serum<\/option><option value=\"\"><\/option><option value=\"BOOSTCENTIALS\">Boostcentials<\/option><option value=\"PREMIUM BOOST\">Premium Boost<\/option><option value=\"LUMIBOOST\">LumiBoost<\/option><\/select><\/p>\n<p><select id=\"level2\" style=\"width: 100%; display: none;\" name=\"level2\" onchange=\"showDropdown()\"><br \/>\n<\/select><\/p>\n[sc name=\"new_info_german\" ][\/sc]\n<p><a style=\"text-decoration: none;\" href=\"https:\/\/en.wiktionary.org\/wiki\/der\" target=\"_blank\" rel=\"noopener\">Der<\/a> <a style=\"text-decoration: none; cursor: text; color: #402d25; font-weight: normal;\" href=\"https:\/\/urbanbeautyonline.com\/de\/nuskin\/ageloc-boost-ger\u00e4t-system\/\">ageLOC Boost Ger\u00e4ts System<\/a> ist ein innovatives Hautpflegesystem von Nu Skin, das auf die Verwendung von Mikrostrom-Technologie und wirksamen Wirkstoffen setzt. Mit nur zwei Minuten Anwendung pro Tag wird Ihre Haut strahlender, praller und straffer erscheinen, f\u00fcr einen jugendlichen Teint und eine gleichm\u00e4\u00dfige Hautbeschaffenheit. Probieren Sie ageLOC Boost jetzt aus und erleben Sie die Verj\u00fcngungskraft der Hautpflege auf eine neue Art und Weise.<\/p>\n[sc name=\"below-buy-now-button-german\" ][\/sc]\n","protected":false},"featured_media":325,"comment_status":"open","ping_status":"closed","template":"","meta":[],"product_cat":[18],"product_tag":[],"class_list":["post-306","product","type-product","status-publish","has-post-thumbnail","hentry","product_cat-ageloc-boost"],"_links":{"self":[{"href":"https:\/\/urbanbeautyonline.com\/de\/wp-json\/wp\/v2\/product\/306","targetHints":{"allow":["GET"]}}],"collection":[{"href":"https:\/\/urbanbeautyonline.com\/de\/wp-json\/wp\/v2\/product"}],"about":[{"href":"https:\/\/urbanbeautyonline.com\/de\/wp-json\/wp\/v2\/types\/product"}],"replies":[{"embeddable":true,"href":"https:\/\/urbanbeautyonline.com\/de\/wp-json\/wp\/v2\/comments?post=306"}],"wp:featuredmedia":[{"embeddable":true,"href":"https:\/\/urbanbeautyonline.com\/de\/wp-json\/wp\/v2\/media\/325"}],"wp:attachment":[{"href":"https:\/\/urbanbeautyonline.com\/de\/wp-json\/wp\/v2\/media?parent=306"}],"wp:term":[{"taxonomy":"product_cat","embeddable":true,"href":"https:\/\/urbanbeautyonline.com\/de\/wp-json\/wp\/v2\/product_cat?post=306"},{"taxonomy":"product_tag","embeddable":true,"href":"https:\/\/urbanbeautyonline.com\/de\/wp-json\/wp\/v2\/product_tag?post=306"}],"curies":[{"name":"wp","href":"https:\/\/api.w.org\/{rel}","templated":true}]}}