{"id":311,"date":"2022-11-12T20:00:51","date_gmt":"2022-11-12T20:00:51","guid":{"rendered":"https:\/\/urbanbeautyonline.com\/de\/?post_type=product&#038;p=311"},"modified":"2023-01-19T22:05:04","modified_gmt":"2023-01-19T22:05:04","slug":"tr90-30-tage-set-lemon","status":"publish","type":"product","link":"https:\/\/urbanbeautyonline.com\/de\/nuskin\/tr90-30-tage-set-lemon\/","title":{"rendered":"TR90 30-Tage-Set &#8211; Lemon"},"content":{"rendered":"<h3>TR90 30-Tage-Set &#8211; Lemon<\/h3>\n<div class=\"su-spoiler su-spoiler-style-simple su-spoiler-icon-plus su-spoiler-closed\" data-scroll-offset=\"0\" data-anchor-in-url=\"no\"><div class=\"su-spoiler-title\" tabindex=\"0\" role=\"button\"><span class=\"su-spoiler-icon\"><\/span>WIE?<\/div><div class=\"su-spoiler-content su-u-clearfix su-u-trim\">\nMit TR90 kannst du in nur 30 Tagen dein kurzfristiges Wunschgewicht erzielen. Wie? Daf\u00fcr zielt es auf die Gewohnheiten ab, die zwischen dir und deinen Zielen stehen. Durch das Kalorienmanagement meidest du die unn\u00f6tigen Extra-Kalorien. Du optimierst deine Di\u00e4t mit pflanzlichen Nahrungserg\u00e4nzungsmitteln, die perfekt in deine Mahlzeitenplanung passen.<br \/>\n<\/div><\/div>\n<div class=\"su-spoiler su-spoiler-style-simple su-spoiler-icon-plus su-spoiler-closed\" data-scroll-offset=\"0\" data-anchor-in-url=\"no\"><div class=\"su-spoiler-title\" tabindex=\"0\" role=\"button\"><span class=\"su-spoiler-icon\"><\/span>T\u00c4GLICHE EINNAHME<\/div><div class=\"su-spoiler-content su-u-clearfix su-u-trim\">\n<strong>TR90 JS:<\/strong> L\u00f6se in den ersten 15 Tagen des Programms t\u00e4glich einen Beutel in einem Glas Wasser oder einem anderen kalorienarmen Getr\u00e4nk auf.<\/p>\n<p><strong>TR90 Complex C:<\/strong> Nehme dreimal t\u00e4glich 1 Kapsel f\u00fcr 30 Tage ein. Vorzugsweise 15\u201320 Minuten vor einer Mahlzeit und mit viel Wasser.<\/p>\n<p><strong>TR90 Complex F:<\/strong> Nehme viermal t\u00e4glich 1 Kapsel f\u00fcr 30 Tage ein. Vorzugsweise 15\u201320 Minuten vor einer Mahlzeit und mit viel Wasser.<\/p>\n<p><strong>TR90 M-Bars:<\/strong> Verzehre w\u00e4hrend des 30-Tage-Programms einmal t\u00e4glich einen Riegel als Mahlzeitenersatz mit einem gro\u00dfen Glas Wasser.<\/p>\n<p><strong>WARNHINWEISE<br \/>\nF\u00dcR TR90 JS, COMPLEX C UND COMPLEX F:<\/strong><br \/>\n\u00dcberschreite bitte nicht die empfohlene Tagesdosis. Nahrungserg\u00e4nzungsmittel sind kein Ersatz f\u00fcr eine abwechslungsreiche und ausgewogene Ern\u00e4hrung und eine gesunde Lebensweise. Nicht verwenden, wenn die Packung bereits offen oder besch\u00e4digt ist. Au\u00dferhalb der Reichweite von Kleinkindern lagern. Bei Schwangerschaft und w\u00e4hrend der Stillzeit sowie bei Einnahme von Medikamenten bitte vor der Anwendung dieses Produktes einen Arzt konsultieren. Vor W\u00e4rme und Feuchtigkeit sch\u00fctzen.<\/p>\n<p><strong>F\u00dcR TR90 M-BARS: <\/strong><br \/>\nBitte halte dich unbedingt an die Verzehrempfehlung. Sorge auch f\u00fcr eine ausreichende t\u00e4gliche Fl\u00fcssigkeitsaufnahme, eine abwechslungsreiche, ausgewogene Ern\u00e4hrung und eine gesunde Lebensweise. Bei \u00fcberm\u00e4\u00dfigem Verzehr kann dieses Produkt abf\u00fchrend wirken. Dieses Produkt erf\u00fcllt nur im Rahmen einer kalorienreduzierten Ern\u00e4hrung den angestrebten Zweck; andere Lebensmittel m\u00fcssen Teil dieser Ern\u00e4hrung sein. Verwende dieses Produkt nicht, wenn die Verpackung bereits besch\u00e4digt ist. Bei Schwangerschaft und w\u00e4hrend der Stillzeit sowie bei Einnahme von Medikamenten bitte vor der Anwendung dieses Produktes einen Arzt konsultieren. Trocken und bei 16\u00b0C bis 18\u00b0C lagern.<br \/>\n<\/div><\/div>\n<div class=\"su-spoiler su-spoiler-style-simple su-spoiler-icon-plus su-spoiler-closed\" data-scroll-offset=\"0\" data-anchor-in-url=\"no\"><div class=\"su-spoiler-title\" tabindex=\"0\" role=\"button\"><span class=\"su-spoiler-icon\"><\/span>IMPORTEUR<\/div><div class=\"su-spoiler-content su-u-clearfix su-u-trim\">\n<strong>Informationen zum Hersteller\/Importeur<\/strong><br \/>\nF\u00fcr TR90 JS, Complex C und Complex F: Hergestellt in den USA<br \/>\nTR90 M-Bars: Hergestellt in Frankreich<br \/>\nImportiert von: NSE Products Europe BV, Da Vincilaan 9, 1935 Zaventem, Belgien<br \/>\n<\/div><\/div>\n","protected":false},"excerpt":{"rendered":"<p><strong>TR90 30-Tage-Set &#8211; Lemon:<\/strong><br \/>\n<select style=\"width: 100%;\" name=\"menu1\" onchange=\"location = this.value;\"><option>W\u00e4hlen Sie Ihr Land . . . <\/option><option value=\"\"><\/option><option value=\"https:\/\/www.nuskin.com\/content\/nuskin\/nl_BE\/personal-offer.html?userId=BE3316065&#038;pitchId=-M5vDQH-W_CaJ59vT2Gg\">\ud83c\udde7\ud83c\uddea Belgi\u00eb<\/option><option value=\"https:\/\/www.nuskin.com\/content\/nuskin\/cs_CZ\/personal-offer.html?userId=BE3316065&#038;pitchId=-M5vFpcj2UOCry-KS01e\">\ud83c\udde8\ud83c\uddff \u010cesk\u00e1 Republika<\/option><option value=\"https:\/\/nskn.co\/WVJGKq\">\ud83c\udde9\ud83c\uddf0 Danmark<\/option><option value=\"https:\/\/nskn.co\/m8gUS2\">\ud83c\udde9\ud83c\uddea Deutschland<\/option><option value=\"https:\/\/www.nuskin.com\/content\/nuskin\/es_ES\/personal-offer.html?userId=BE3316065&#038;pitchId=-M5vEsYNggKfqbsnlZrK\">\ud83c\uddea\ud83c\uddf8 Espa\u00f1a<\/option><option value=\"https:\/\/www.nuskin.com\/content\/nuskin\/fr_FR\/personal-offer.html?userId=BE3316065&#038;pitchId=-M5vDQH-W_CaJ59vT2Gg\">\ud83c\uddeb\ud83c\uddf7 France<\/option><option value=\"https:\/\/www.nuskin.com\/content\/nuskin\/en_IE\/personal-offer.html?userId=BE3316065&#038;pitchId=-M5vA5hqhWAxjOM7lZGD\">\ud83c\uddee\ud83c\uddea Ireland<\/option><option value=\"https:\/\/www.nuskin.com\/content\/nuskin\/en_IS\/personal-offer.html?userId=BE3316065&#038;pitchId=-M5vDs5PxxRKLZm_6RXc\">\ud83c\uddee\ud83c\uddf8 \u00cdsland<\/option><option value=\"https:\/\/nskn.co\/oeSxSX\">\ud83c\uddee\ud83c\uddf9 Italia<\/option><option value=\"https:\/\/www.nuskin.com\/content\/nuskin\/fr_LU\/personal-offer.html?userId=BE3316065&#038;pitchId=-M5vDQH-W_CaJ59vT2Gg\">\ud83c\uddf1\ud83c\uddfa L\u00ebtzebuerg<\/option><option value=\"https:\/\/nskn.co\/eqxGHt\">\ud83c\udded\ud83c\uddfa Magyarorsz\u00e1g<\/option><option value=\"https:\/\/www.nuskin.com\/content\/nuskin\/nl_NL\/personal-offer.html?userId=BE3316065&#038;pitchId=-M5vDQH-W_CaJ59vT2Gg\">\ud83c\uddf3\ud83c\uddf1 Netherlands<\/option><option value=\"https:\/\/www.nuskin.com\/content\/nuskin\/no_NO\/personal-offer.html?userId=BE3316065&#038;pitchId=-M5vEsYNggKfqbsnlZrK\">\ud83c\uddf3\ud83c\uddf4 Norge<\/option><option value=\"https:\/\/www.nuskin.com\/content\/nuskin\/de_AT\/personal-offer.html?userId=BE3316065&#038;pitchId=-M5vDQH-W_CaJ59vT2Gg\">\ud83c\udde6\ud83c\uddf9 \u00d6sterreich<\/option><option value=\"https:\/\/nskn.co\/W7YlXl\">\ud83c\uddf7\ud83c\uddfa \u0420\u043e\u0441\u0441\u0438\u044f<\/option><option value=\"https:\/\/www.nuskin.com\/content\/nuskin\/pl_PL\/personal-offer.html?userId=BE3316065&#038;pitchId=-M5vFpcj2UOCry-KS01e\">\ud83c\uddf5\ud83c\uddf1 Polska<\/option><option value=\"https:\/\/www.nuskin.com\/content\/nuskin\/pt_PT\/personal-offer.html?userId=BE3316065&#038;pitchId=-M5vDs5PxxRKLZm_6RXc\">\ud83c\uddf5\ud83c\uddf9 Portugal<\/option><option value=\"https:\/\/www.nuskin.com\/content\/nuskin\/ro_RO\/personal-offer.html?userId=BE3316065&#038;pitchId=-M5vEZfpVYpaIU1f2LJY\">\ud83c\uddf7\ud83c\uddf4 Rom\u00e2nia<\/option><option value=\"https:\/\/www.nuskin.com\/content\/nuskin\/de_CH\/personal-offer.html?userId=BE3316065&#038;pitchId=-M5vDQH-W_CaJ59vT2Gg\">\ud83c\udde8\ud83c\udded Schweiz<\/option><option value=\"https:\/\/nskn.co\/lyBaer\">\ud83c\uddf8\ud83c\uddf0 Slovensko<\/option><option value=\"https:\/\/nskn.co\/CW3ial\">\ud83c\uddeb\ud83c\uddee Suomi<\/option><option value=\"https:\/\/www.nuskin.com\/content\/nuskin\/sv_SE\/personal-offer.html?userId=BE3316065&#038;pitchId=-M5vFNFJzkw4UwXYfh4P\">\ud83c\uddf8\ud83c\uddea Sverige<\/option><option value=\"https:\/\/nskn.co\/vsIWPu\">\ud83c\uddfa\ud83c\udde6 \u0423\u043a\u0440\u0430\u0457\u043d\u0430<\/option><option value=\"https:\/\/nskn.co\/gV3k9i\">\ud83c\uddec\ud83c\udde7 United Kingdom<\/option><option value=\"\"><\/option><option value=\"\">\ud83c\uddee\ud83c\uddf1 Israel<\/option><option value=\"https:\/\/nskn.co\/vBP62j\">\ud83c\uddff\ud83c\udde6 South Africa<\/option><\/select><\/p>\n[sc name=\"new_info_german\" ][\/sc]\n<p>F\u00fcr das TR90 Wellbeing <a href=\"https:\/\/www.grammarly.com\/blog\/program-programme\/\" target=\"_blank\" style=\"text-decoration: none;\" rel=\"noopener\">Programme<\/a> haben unsere Nu Skin Wissenschaftler*innen ihr ganzes Wissen und ihre ganze Erfahrung hineingesteckt. Das Ergebnis sind nat\u00fcrliche Inhaltsstoffe, gesunde Rezepte und Fitness\u00fcbungen, mit denen du deine Ern\u00e4hrungs-, Bewegungs- und Lebensgewohnheiten \u00e4ndern kannst. Teste TR90 einfach mit unserem <a href=\"https:\/\/urbanbeautyonline.com\/de\/nuskin\/tr90-30-tage-set-lemon\/\" target=\"_blank\" style=\"text-decoration: none; cursor:text; color:#402d25; font-weight: normal;\" rel=\"noopener\">TR90 30-Tage-Set<\/a> &#8211; (Lemon) Programm oder starte gleich mit unserem 90-Tage- Komplettangebot.<\/p>\n[su_spoiler title=\"WAS STECKT DRIN?\"]<br \/>\n<strong>Das TR90 30-Tage-Set Set besteht aus:<\/strong><br \/>\n1 x TR90 JS<br \/>\n1 x TR90 Complex C<br \/>\n1 x TR90 Complex F<br \/>\n30 x TR90 M-Bars Lemon Crisp<\/p>\n<p><strong>Gr\u00f6\u00dfe\/Nettogewicht<\/strong><br \/>\nTR90 JS: 1 Box \u2013 15 Beutel (37 g)<br \/>\nTR90 Complex F: 1 Flasche \u2013 120 Kapseln (63 g)<br \/>\nTR90 Complex C: 1 Flasche \u2013 90 Kapseln (52 g)<br \/>\nTR90 M-Bars: 1 Lemon Crips M-Bar (59 g)<br \/>\n[\/su_spoiler]\n[sc name=\"below-buy-now-button-german\" ][\/sc]\n","protected":false},"featured_media":321,"comment_status":"open","ping_status":"closed","template":"","meta":[],"product_cat":[33],"product_tag":[],"class_list":["post-311","product","type-product","status-publish","has-post-thumbnail","hentry","product_cat-tr90"],"_links":{"self":[{"href":"https:\/\/urbanbeautyonline.com\/de\/wp-json\/wp\/v2\/product\/311","targetHints":{"allow":["GET"]}}],"collection":[{"href":"https:\/\/urbanbeautyonline.com\/de\/wp-json\/wp\/v2\/product"}],"about":[{"href":"https:\/\/urbanbeautyonline.com\/de\/wp-json\/wp\/v2\/types\/product"}],"replies":[{"embeddable":true,"href":"https:\/\/urbanbeautyonline.com\/de\/wp-json\/wp\/v2\/comments?post=311"}],"wp:featuredmedia":[{"embeddable":true,"href":"https:\/\/urbanbeautyonline.com\/de\/wp-json\/wp\/v2\/media\/321"}],"wp:attachment":[{"href":"https:\/\/urbanbeautyonline.com\/de\/wp-json\/wp\/v2\/media?parent=311"}],"wp:term":[{"taxonomy":"product_cat","embeddable":true,"href":"https:\/\/urbanbeautyonline.com\/de\/wp-json\/wp\/v2\/product_cat?post=311"},{"taxonomy":"product_tag","embeddable":true,"href":"https:\/\/urbanbeautyonline.com\/de\/wp-json\/wp\/v2\/product_tag?post=311"}],"curies":[{"name":"wp","href":"https:\/\/api.w.org\/{rel}","templated":true}]}}