{"id":316,"date":"2022-11-13T20:00:55","date_gmt":"2022-11-13T20:00:55","guid":{"rendered":"https:\/\/urbanbeautyonline.com\/de\/?post_type=product&#038;p=316"},"modified":"2023-01-19T22:04:16","modified_gmt":"2023-01-19T22:04:16","slug":"tr90-90-tage-paket-lemon","status":"publish","type":"product","link":"https:\/\/urbanbeautyonline.com\/de\/nuskin\/tr90-90-tage-paket-lemon\/","title":{"rendered":"TR90 90-Tage-Paket &#8211; Lemon"},"content":{"rendered":"<h3>TR90 90-Tage-Paket &#8211; Lemon<\/h3>\n<div class=\"su-spoiler su-spoiler-style-simple su-spoiler-icon-plus su-spoiler-closed\" data-scroll-offset=\"0\" data-anchor-in-url=\"no\"><div class=\"su-spoiler-title\" tabindex=\"0\" role=\"button\"><span class=\"su-spoiler-icon\"><\/span>EIGENSCHAFTEN UND VORTEILE<\/div><div class=\"su-spoiler-content su-u-clearfix su-u-trim\">\n<ul>\n<li>Das TR90\u00ae Wohlf\u00fchlprogramm ist ein einfacher und bequemer Weg, innerhalb von 90 Tagen eine positive Ver\u00e4nderung deines Lebensstils anzusto\u00dfen.<\/li>\n<li>Als Proteinquelle tragen TR90\u00ae M-Bars zum Aufbau und Erhalt der Muskelmasse bei.<\/li>\n<li>Das Handbuch gibt dir neue Tipps, wie du gesund und ausgewogen essen, trainieren und leben kannst.<\/li>\n<li>Die Fitness-Tipps des Handbuches unterst\u00fctzen dich dabei, das meiste as deinem Training herauszuholen.<\/li>\n<li>Gesunde Rezepte lassen dich in den Genuss einer ausgewogenen Ern\u00e4hrung kommen &#8211; ohne Kompromisse hinsichtlich des Geschmacks. <\/li>\n<\/ul>\n<\/div><\/div>\n<div class=\"su-spoiler su-spoiler-style-simple su-spoiler-icon-plus su-spoiler-closed\" data-scroll-offset=\"0\" data-anchor-in-url=\"no\"><div class=\"su-spoiler-title\" tabindex=\"0\" role=\"button\"><span class=\"su-spoiler-icon\"><\/span>F\u00dcR WEN IST DIESES PRODUKT GEEIGNET?<\/div><div class=\"su-spoiler-content su-u-clearfix su-u-trim\">\nDas TR9o\u00b0 Wohlf\u00fchlprogramm wurde f\u00fcr alle Erwachsenen ab 18 Jahren konzipiert.<br \/>\n<\/div><\/div>\n<h3>TR90 90-TAGE-PAKET ANWENDUNG T\u00c4GLICHE EINNAHME<\/h3>\n<div class=\"su-spoiler su-spoiler-style-simple su-spoiler-icon-plus su-spoiler-closed\" data-scroll-offset=\"0\" data-anchor-in-url=\"no\"><div class=\"su-spoiler-title\" tabindex=\"0\" role=\"button\"><span class=\"su-spoiler-icon\"><\/span>T\u00c4GLICHE EINNAHME<\/div><div class=\"su-spoiler-content su-u-clearfix su-u-trim\">\nDas Programm dauert 90 Tage. In den ersten zwei Wochen einen Beutel JS in ein Glas Wasser r\u00fchren.<br \/>\n90 Tage lang rund 15\u201320 Minuten vor einer Mahlzeit dreimal t\u00e4glich eine Complex C Tablette und viermal t\u00e4glich eine Complex F Tablette einnehmen. Ersetze eine Hauptmahlzeit durch einen M-Bar und ein Glas Wasser. Befolge den Ern\u00e4hrungs- und Fitnessplan.<br \/>\n<\/div><\/div>\n<div class=\"su-spoiler su-spoiler-style-simple su-spoiler-icon-plus su-spoiler-closed\" data-scroll-offset=\"0\" data-anchor-in-url=\"no\"><div class=\"su-spoiler-title\" tabindex=\"0\" role=\"button\"><span class=\"su-spoiler-icon\"><\/span>SCHON GEWUSST ...?<\/div><div class=\"su-spoiler-content su-u-clearfix su-u-trim\">\nDu bist nicht alleine! Wir unterst\u00fctzen dich auf deinem Weg regelm\u00e4\u00dfig mit Tipps, Tricks und hilfreichen Ratschl\u00e4gen via E-Mail oder soziale Medien.<br \/>\n<\/div><\/div>\n<h3>TR90 90-TAGE-PAKET IMPORTEUR<\/h3>\n<div class=\"su-spoiler su-spoiler-style-simple su-spoiler-icon-plus su-spoiler-closed\" data-scroll-offset=\"0\" data-anchor-in-url=\"no\"><div class=\"su-spoiler-title\" tabindex=\"0\" role=\"button\"><span class=\"su-spoiler-icon\"><\/span>IMPORTEUR<\/div><div class=\"su-spoiler-content su-u-clearfix su-u-trim\">\n<strong>Informationen zum Hersteller\/Importeur:<\/strong><br \/>\n<strong>F\u00fcr TR90 JS, Complex C und Complex F:<\/strong> Hergestellt in den USA<br \/>\n<strong>TR90 M-Bars:<\/strong> Hergestellt in Frankreich<br \/>\n<strong>Importiert von:<\/strong> NSE Products Europe BV, Da Vincilaan 9, 1935 Zaventem, Belgien<br \/>\n<\/div><\/div>\n<div class=\"su-spoiler su-spoiler-style-simple su-spoiler-icon-plus su-spoiler-closed\" data-scroll-offset=\"0\" data-anchor-in-url=\"no\"><div class=\"su-spoiler-title\" tabindex=\"0\" role=\"button\"><span class=\"su-spoiler-icon\"><\/span>T\u00c4GLICHE EINNAHME<\/div><div class=\"su-spoiler-content su-u-clearfix su-u-trim\">\n<ul>\n<li><strong>TR90 JS:<\/strong> L\u00f6se in den ersten 15 Tagen des Programms t\u00e4glich einen Beutel in einem Glas Wasser oder einem anderen kalorienarmen Getr\u00e4nk auf.<\/li>\n<li><strong>TR90 Complex C:<\/strong> 30 Tage lang 3x t\u00e4glich 1 Kapsel einnehmen. Vorzugsweise 15\u201320 Minuten vor einer Mahlzeit und mit viel Wasser.<\/li>\n<li><strong>TR90 Complex F:<\/strong> 30 Tage lang 4x t\u00e4glich 1 Kapsel einnehmen. Vorzugsweise 15\u201320 Minuten vor einer Mahlzeit und mit viel Wasser.<\/li>\n<li><strong>TR90 M-Bars:<\/strong> Verzehre w\u00e4hrend des 30-Tage-Programms einmal t\u00e4glich einen Riegel als Mahlzeitenersatz mit einem gro\u00dfen Glas Wasser.<\/li>\n<\/ul>\n<p><strong>WARNHINWEISE<br \/>\nF\u00fcr TR90 JS, Complex C und Complex F:<\/strong><br \/>\n\u00dcberschreite bitte nicht die empfohlene Tagesdosis. Nahrungserg\u00e4nzungsmittel sind kein Ersatz f\u00fcr eine abwechslungsreiche und ausgewogene Ern\u00e4hrung und eine gesunde Lebensweise. Nicht verwenden, wenn die Packung bereits offen oder besch\u00e4digt ist. Au\u00dferhalb der Reichweite von Kleinkindern lagern. Bei Schwangerschaft und w\u00e4hrend der Stillzeit sowie bei Einnahme von Medikamenten bitte vor der Anwendung dieses Produktes einen Arzt konsultieren. Vor W\u00e4rme und Feuchtigkeit sch\u00fctzen.<\/p>\n<p><strong>F\u00fcr TR90 M-Bars: <\/strong><br \/>\nBitte halte dich unbedingt an die Verzehrempfehlung. Sorge auch f\u00fcr eine ausreichende t\u00e4gliche Fl\u00fcssigkeitsaufnahme, eine abwechslungsreiche, ausgewogene Ern\u00e4hrung und eine gesunde Lebensweise. Bei \u00fcberm\u00e4\u00dfigem Verzehr kann dieses Produkt abf\u00fchrend wirken. Dieses Produkt erf\u00fcllt nur im Rahmen einer kalorienreduzierten Ern\u00e4hrung den angestrebten Zweck; andere Lebensmittel m\u00fcssen Teil dieser Ern\u00e4hrung sein. Verwende dieses Produkt nicht, wenn die Verpackung bereits besch\u00e4digt ist. Bei Schwangerschaft und w\u00e4hrend der Stillzeit sowie bei Einnahme von Medikamenten bitte vor der Anwendung dieses Produktes einen Arzt konsultieren. Trocken und bei 16\u00b0C bis 18\u00b0C lagern.<br \/>\n<\/div><\/div>\n<h3>TR90 90-TAGE-PAKET FRAGEN UND ANTWORTEN<\/h3>\n<div class=\"su-spoiler su-spoiler-style-simple su-spoiler-icon-plus su-spoiler-closed\" data-scroll-offset=\"0\" data-anchor-in-url=\"no\"><div class=\"su-spoiler-title\" tabindex=\"0\" role=\"button\"><span class=\"su-spoiler-icon\"><\/span>FRAGEN UND ANTWORTEN<\/div><div class=\"su-spoiler-content su-u-clearfix su-u-trim\">\n<strong>Wann sollte ich die TR90\u00ae Nahrungserg\u00e4nzungsmittel nehmen?<\/strong><br \/>\nNimm deine Nahrungserg\u00e4nzungsmittel 15 &#8211; 20 Minute vor deiner n\u00e4chste Mahlzeit ein. Falls du das einmal vergisst, nimm sie einfach mit der Mahlzeit in &#8230; oder sobald du daran denkst.<\/p>\n<p><strong>Woraus besteht das TR90\u00ae Wohlf\u00fchlprogramm?<\/strong><br \/>\nDer TR90\u00ae Ern\u00e4hrungsplan, die TR90\u00ae Nahrungserg\u00e4nzungsmittel, die TR90\u00ae M-Bars und Fitness-Tipps sind integrale Bestandteile dieses Programms.<br \/>\n<\/div><\/div>\n","protected":false},"excerpt":{"rendered":"<p><strong>TR90 90-Tage-Paket &#8211; Lemon:<\/strong><br \/>\n<select style=\"width: 100%;\" name=\"menu1\" onchange=\"location = this.value;\"><option>W\u00e4hlen Sie Ihr Land . . . <\/option><option value=\"\"><\/option><option value=\"https:\/\/www.nuskin.com\/content\/nuskin\/nl_BE\/personal-offer.mysite.html?userId=BE3316065&#038;pitchId=-MoEsK8lsjRjKIKhQ1qr\">\ud83c\udde7\ud83c\uddea Belgi\u00eb<\/option><option value=\"https:\/\/nskn.co\/GOA99h\">\ud83c\udde8\ud83c\uddff \u010cesk\u00e1 Republika<\/option><option value=\"https:\/\/nskn.co\/bQxrt7\">\ud83c\udde9\ud83c\uddf0 Danmark<\/option><option value=\"http:\/\/nskn.co\/03QS0P\">\ud83c\udde9\ud83c\uddea Deutschland<\/option><option value=\"https:\/\/nskn.co\/Jn3gxo\">\ud83c\uddea\ud83c\uddf8 Espa\u00f1a<\/option><option value=\"http:\/\/nskn.co\/FKwCc4\">\ud83c\uddeb\ud83c\uddf7 France<\/option><option value=\"https:\/\/www.nuskin.com\/content\/nuskin\/en_IE\/personal-offer.mysite.html?userId=BE3316065&#038;pitchId=-MoEsK8lsjRjKIKhQ1qr \">\ud83c\uddee\ud83c\uddea Ireland<\/option><option value=\"https:\/\/nskn.co\/rjeaaF\">\ud83c\uddee\ud83c\uddf8 \u00cdsland<\/option><option value=\"https:\/\/nskn.co\/v5fCqc\">\ud83c\uddee\ud83c\uddf9 Italia<\/option><option value=\"http:\/\/nskn.co\/vMcGIU\">\ud83c\uddf1\ud83c\uddfa L\u00ebtzebuerg<\/option><option value=\"https:\/\/nskn.co\/p6e6wb\">\ud83c\udded\ud83c\uddfa Magyarorsz\u00e1g<\/option><option value=\"http:\/\/nskn.co\/72UICd\">\ud83c\uddf3\ud83c\uddf1 Netherlands<\/option><option value=\"https:\/\/nskn.co\/UoaAbC\">\ud83c\uddf3\ud83c\uddf4 Norge<\/option><option value=\"https:\/\/nskn.co\/c1VrFs\">\ud83c\udde6\ud83c\uddf9 \u00d6sterreich<\/option><option value=\"https:\/\/nskn.co\/et7dwx\">\ud83c\uddf7\ud83c\uddfa \u0420\u043e\u0441\u0441\u0438\u044f<\/option><option value=\"https:\/\/nskn.co\/EMga6O\">\ud83c\uddf5\ud83c\uddf1 Polska<\/option><option value=\"https:\/\/nskn.co\/r0OJtP\">\ud83c\uddf5\ud83c\uddf9 Portugal<\/option><option value=\"https:\/\/nskn.co\/kgcO80\">\ud83c\uddf7\ud83c\uddf4 Rom\u00e2nia<\/option><option value=\"http:\/\/nskn.co\/H1MJU0\">\ud83c\udde8\ud83c\udded Schweiz<\/option><option value=\"https:\/\/nskn.co\/se8uOC\">\ud83c\uddf8\ud83c\uddf0 Slovensko<\/option><option value=\"https:\/\/nskn.co\/VdRI6Y\">\ud83c\uddeb\ud83c\uddee Suomi<\/option><option value=\"https:\/\/nskn.co\/EaIKMo\">\ud83c\uddf8\ud83c\uddea Sverige<\/option><option value=\"https:\/\/nskn.co\/OX5tXW\">\ud83c\uddfa\ud83c\udde6 \u0423\u043a\u0440\u0430\u0457\u043d\u0430<\/option><option value=\"https:\/\/www.nuskin.com\/content\/nuskin\/en_GB\/personal-offer.mysite.html?userId=BE3316065&#038;pitchId=-MoEsK8lsjRjKIKhQ1qr\">\ud83c\uddec\ud83c\udde7 United Kingdom<\/option><option value=\"\"><\/option><option value=\"http:\/\/nskn.co\/RcDwri\">\ud83c\uddff\ud83c\udde6 South Africa<\/option><\/select><\/p>\n[sc name=\"new_info_german\" ][\/sc]\n<p><a href=\"https:\/\/de.wiktionary.org\/wiki\/entdecke\" target=\"_blank\" style=\"text-decoration: none; cursor:text; color:#402d25; font-weight: normal;\" rel=\"noopener\">Entdecke<\/a> deine Neugier und dein Selbstbewusstsein mit TR90 neu. Dieses Wohlf\u00fchlprogramm basiert auf der Ern\u00e4hrungswissenschaft, nat\u00fcrlichen Zutaten und individueller Unterst\u00fctzung. Teste TR90 f\u00fcr 30 Tage oder l\u00e4nger &#8211; <a href=\"https:\/\/urbanbeautyonline.com\/de\/nuskin\/tr90-90-tage-paket-lemon\/\" target=\"_blank\" style=\"text-decoration: none; cursor:text; color:#402d25; font-weight: normal;\" rel=\"noopener\">TR90 90-Tage-Paket<\/a>. Zusammen mit Mahlzeitenersatzriegeln, sorgf\u00e4ltig entwickelten nat\u00fcrlichen Nahrungserg\u00e4nzungsmitteln sowie einem Trainings- und Ern\u00e4hrungsplan schaffst du es, deinen Lebensstil zu verbessern.<\/p>\n[su_spoiler title=\"GR\u00d6SSE\"]<br \/>\n1x TR90 JS: 1 Box \u2013 15 Beutel (37 g)<br \/>\n1x TR90 Complex F: 1 Flasche \u2013 120 Kapseln (63 g)<br \/>\n1x TR90 Complex C: 1 Flasche \u2013 90 Kapseln (52 g)<br \/>\n30x TR90 M-Bars: 1 Lemon Crips M-Bar (59 g)<br \/>\n[\/su_spoiler]\n[sc name=\"below-buy-now-button-german\" ][\/sc]\n","protected":false},"featured_media":322,"comment_status":"open","ping_status":"closed","template":"","meta":[],"product_cat":[33],"product_tag":[],"class_list":["post-316","product","type-product","status-publish","has-post-thumbnail","hentry","product_cat-tr90"],"_links":{"self":[{"href":"https:\/\/urbanbeautyonline.com\/de\/wp-json\/wp\/v2\/product\/316","targetHints":{"allow":["GET"]}}],"collection":[{"href":"https:\/\/urbanbeautyonline.com\/de\/wp-json\/wp\/v2\/product"}],"about":[{"href":"https:\/\/urbanbeautyonline.com\/de\/wp-json\/wp\/v2\/types\/product"}],"replies":[{"embeddable":true,"href":"https:\/\/urbanbeautyonline.com\/de\/wp-json\/wp\/v2\/comments?post=316"}],"wp:featuredmedia":[{"embeddable":true,"href":"https:\/\/urbanbeautyonline.com\/de\/wp-json\/wp\/v2\/media\/322"}],"wp:attachment":[{"href":"https:\/\/urbanbeautyonline.com\/de\/wp-json\/wp\/v2\/media?parent=316"}],"wp:term":[{"taxonomy":"product_cat","embeddable":true,"href":"https:\/\/urbanbeautyonline.com\/de\/wp-json\/wp\/v2\/product_cat?post=316"},{"taxonomy":"product_tag","embeddable":true,"href":"https:\/\/urbanbeautyonline.com\/de\/wp-json\/wp\/v2\/product_tag?post=316"}],"curies":[{"name":"wp","href":"https:\/\/api.w.org\/{rel}","templated":true}]}}