{"id":320,"date":"2022-11-14T20:00:08","date_gmt":"2022-11-14T20:00:08","guid":{"rendered":"https:\/\/urbanbeautyonline.com\/de\/?post_type=product&#038;p=320"},"modified":"2023-01-19T22:31:05","modified_gmt":"2023-01-19T22:31:05","slug":"tr90-m-bar-lemon-crisp","status":"publish","type":"product","link":"https:\/\/urbanbeautyonline.com\/de\/nuskin\/tr90-m-bar-lemon-crisp\/","title":{"rendered":"TR90 M-Bar Lemon Crisp &#8211; 30-Riegel-Packung"},"content":{"rendered":"<h3>TR90 M-Bar Lemon Crisp &#8211; 30-Riegel-Packung<\/h3>\n<div class=\"su-spoiler su-spoiler-style-simple su-spoiler-icon-plus su-spoiler-closed\" data-scroll-offset=\"0\" data-anchor-in-url=\"no\"><div class=\"su-spoiler-title\" tabindex=\"0\" role=\"button\"><span class=\"su-spoiler-icon\"><\/span>VORTEILE<\/div><div class=\"su-spoiler-content su-u-clearfix su-u-trim\">\n<ul>\n<li>Vitamine und Mineralien, um den Schutz des K\u00f6rpers zu unterst\u00fctzen<\/li>\n<li>Eine Mahlzeit, die sich leicht in deinen schnellen Alltag integrieren l\u00e4sst<\/li>\n<li>Die richtigen Mengen an Proteinen, die zum Aufbau und den Erhalt der Muskelmasse beitragen<\/li>\n<li>Ein Mahlzeitenersatzriegel zur Gewichtskontrolle  <\/li>\n<li>Kein langes Gr\u00fcbeln mehr n\u00f6tig<\/li>\n<\/ul>\n<\/div><\/div>\n<div class=\"su-spoiler su-spoiler-style-simple su-spoiler-icon-plus su-spoiler-closed\" data-scroll-offset=\"0\" data-anchor-in-url=\"no\"><div class=\"su-spoiler-title\" tabindex=\"0\" role=\"button\"><span class=\"su-spoiler-icon\"><\/span>ANWENDUNG<\/div><div class=\"su-spoiler-content su-u-clearfix su-u-trim\">\nAnstelle von Fr\u00fchst\u00fcck, Mittag- oder Abendessen einen Riegel essen, wenn du dein Gewicht nach dem Abnehmen halten m\u00f6chtest. Dazu ein Glas Wasser trinken. Wenn du mehr abnehmen m\u00f6chtest, kannst du zwei Mahlzeiten pro Tag mit je einem Riegel ersetzen.<\/p>\n<p><strong>WARNHINWEISE<\/strong><br \/>\nBitte halte dich unbedingt an die Verzehrempfehlung. Achte auf eine ausreichende t\u00e4gliche Fl\u00fcssigkeitsaufnahme sowie auf eine abwechslungsreiche und ausgewogene Ern\u00e4hrung und eine gesunde Lebensweise. Das Produkt kann bei \u00fcberm\u00e4\u00dfigem Verzehr abf\u00fchrend wirken. Dieses Produkt erf\u00fcllt nur im Rahmen einer kalorienarmen Ern\u00e4hrung den angestrebten Zweck; andere Lebensmittel m\u00fcssen Teil dieser Ern\u00e4hrung sein. Verwende das Produkt nicht bei besch\u00e4digter Verpackung. Konsultiere bitte vor der Einnahme dieses Produktes einen Arzt, wenn du schwanger bist, stillst oder andere Medikamente einnimmst. Bitte halte dich unbedingt an die Verzehrempfehlung. Trocken und bei 16\u00b0C bis 18\u00b0C lagern.<br \/>\n<\/div><\/div>\n<div class=\"su-spoiler su-spoiler-style-simple su-spoiler-icon-plus su-spoiler-closed\" data-scroll-offset=\"0\" data-anchor-in-url=\"no\"><div class=\"su-spoiler-title\" tabindex=\"0\" role=\"button\"><span class=\"su-spoiler-icon\"><\/span>SCHON GEWUSST ...?<\/div><div class=\"su-spoiler-content su-u-clearfix su-u-trim\">\nWie alle Ersatzmahlzeiten besteht der M-Bar mindestens zu 30 % aus den Vitaminen und Mineralstoffen, die<br \/>\ndein K\u00f6rper pro Tag braucht (NRV-Referenzmenge). Nicht vergessen: Zus\u00e4tzlich viel trinken, regelm\u00e4\u00dfig Sport treiben und auf eine abwechslungsreiche, ausgewogene Ern\u00e4hrung achten!<br \/>\n<\/div><\/div>\n<div class=\"su-spoiler su-spoiler-style-simple su-spoiler-icon-plus su-spoiler-closed\" data-scroll-offset=\"0\" data-anchor-in-url=\"no\"><div class=\"su-spoiler-title\" tabindex=\"0\" role=\"button\"><span class=\"su-spoiler-icon\"><\/span>INHALTSSTOFFE<\/div><div class=\"su-spoiler-content su-u-clearfix su-u-trim\">\n<img decoding=\"async\" width=\"665\" height=\"945\" src=\"https:\/\/i0.wp.com\/urbanbeautyonline.com\/de\/wp-content\/uploads\/2022\/11\/TR90-LEMON-BAR-DEUTSCH.webp?resize=665%2C945&#038;ssl=1\" alt=\"\" title=\"\" data-recalc-dims=\"1\"><\/p>\n<p>Wei\u00dfer \u00dcberzug (Zucker, pflanzliche Fette (Kokosnuss-, Palmkern-, Palm- und Sheafett), Magermilchpulver, Emulgator: Sojalecithin, Vanillearoma); Glucosefructosesirup; Milchproteine; Sojaproteine;  Fructo-Oligosaccharide; Reismehl; Kaliumsalze der Orthophosphors\u00e4ure; Calciumcarbonat; Magnesiumcarbonat; Natriumsalze der Orthophosphors\u00e4ure; Eisensulphat; Zinkcitrat; Kupfergluconat; Mangansulphat; Kaliumiodid; Natriumselenit; Sonnenblumen\u00f6l; Fructosesirup; Fructose; Stabilisator: Glycerol; Maltodextrin; Gerstenmalzextrakt  (Gluten); Glucosesirup; Zitronensaftpulver (0,55%); Zitronenaroma mit anderen Aromen; L-Ascorbins\u00e4ure; D-alpha-Tocopherylacetat; Nicotinamid; Retinylacetat; D-Biotin; calcium-D-pantothenat, Cholecalciferol; Cyanocobalamin; Riboflavin; Pyridoxinhydrochlorid; Phytomenadion; Thiaminhydrochlorid; Pteroylmonoglutamins\u00e4ure; Salz; Emulgator: Sojalecithin  und Sucrose-Ester von Fetts\u00e4uren, Antioxidationsmittel: Alpha-Tocopherol<\/p>\n<p><strong>Hinweis bei allergien:<\/strong> Enthaltene Allergene wie z.B. glutenhaltiges Getreide sehen Sie fettgedruckt in der Inhaltsstoffliste.<\/p>\n<p><strong>Enth\u00e4lt spuren der folgenden allergene:<\/strong> Eier, Erdn\u00fcsse, Schalenfr\u00fcchte (Mandeln, Haseln\u00fcsse, Waln\u00fcsse, Kaschun\u00fcsse, Pecann\u00fcsse, Paran\u00fcsse, Pistazien, Macadamia- oder Queenslandn\u00fcsse) und Erzeugnisse davon, Schwefeldioxid und Sulphite.<br \/>\n<\/div><\/div>\n<div class=\"su-spoiler su-spoiler-style-simple su-spoiler-icon-plus su-spoiler-closed\" data-scroll-offset=\"0\" data-anchor-in-url=\"no\"><div class=\"su-spoiler-title\" tabindex=\"0\" role=\"button\"><span class=\"su-spoiler-icon\"><\/span>VIDEO<\/div><div class=\"su-spoiler-content su-u-clearfix su-u-trim\">\n<div class=\"su-youtube su-u-responsive-media-yes\"><iframe loading=\"lazy\" width=\"600\" height=\"400\" src=\"https:\/\/www.youtube.com\/embed\/QJrMgDA4ulU?\" frameborder=\"0\" allowfullscreen allow=\"autoplay; encrypted-media; picture-in-picture\" title=\"TR90 M-BAR LEMON CRISP\"><\/iframe><\/div>\n<\/div><\/div>\n","protected":false},"excerpt":{"rendered":"<p><strong>TR90 M-Bar Lemon Crisp &#8211; 30-Riegel-Packung:<\/strong><br \/>\n<select style=\"width: 100%;\" name=\"menu1\" onchange=\"location = this.value;\"><option>W\u00e4hlen Sie Ihr Land . . . <\/option><option value=\"\"><\/option><option value=\"https:\/\/nskn.co\/Qd02Za\">\ud83c\udde7\ud83c\uddea Belgi\u00eb<\/option><option value=\"https:\/\/nskn.co\/zQg35J\">\ud83c\udde8\ud83c\uddff \u010cesk\u00e1 Republika<\/option><option value=\"https:\/\/nskn.co\/WVJGKq\">\ud83c\udde9\ud83c\uddf0 Danmark<\/option><option value=\"https:\/\/nskn.co\/xIK0zx\">\ud83c\udde9\ud83c\uddea Deutschland<\/option>\/* JOY *\/<option value=\"https:\/\/nskn.co\/GB9e8v\">\ud83c\uddea\ud83c\uddf8 Espa\u00f1a<\/option><option value=\"https:\/\/nskn.co\/yMlEkE\">\ud83c\uddeb\ud83c\uddf7 France<\/option><option value=\"https:\/\/nskn.co\/HLdJEe\">\ud83c\uddee\ud83c\uddea Ireland<\/option><option value=\"https:\/\/nskn.co\/xH0rTU\">\ud83c\uddee\ud83c\uddf8 \u00cdsland<\/option><option value=\"https:\/\/nskn.co\/c4VHMN\">\ud83c\uddee\ud83c\uddf9 Italia<\/option>\/* JOY *\/<option value=\"https:\/\/nskn.co\/9s32Zt\">\ud83c\uddf1\ud83c\uddfa L\u00ebtzebuerg<\/option><option value=\"https:\/\/nskn.co\/G5xuqb\">\ud83c\udded\ud83c\uddfa Magyarorsz\u00e1g<\/option>\/* JOY *\/<option value=\"https:\/\/nskn.co\/vwu92o\">\ud83c\uddf3\ud83c\uddf1 Netherlands<\/option><option value=\"https:\/\/nskn.co\/Tqw6lW\">\ud83c\uddf3\ud83c\uddf4 Norge<\/option><option value=\"https:\/\/nskn.co\/1WppBI\">\ud83c\udde6\ud83c\uddf9 \u00d6sterreich<\/option><option value=\"https:\/\/nskn.co\/KYkEja\">\ud83c\uddf5\ud83c\uddf1 Polska<\/option><option value=\"https:\/\/nskn.co\/F8X2Oa\">\ud83c\uddf5\ud83c\uddf9 Portugal<\/option><option value=\"https:\/\/nskn.co\/832KuO\">\ud83c\uddf7\ud83c\uddf4 Rom\u00e2nia<\/option><option value=\"https:\/\/nskn.co\/az2r99\">\ud83c\udde8\ud83c\udded Schweiz<\/option><option value=\"https:\/\/nskn.co\/HiynJn\">\ud83c\uddf8\ud83c\uddf0 Slovensko<\/option><option value=\"https:\/\/nskn.co\/sChLEf\">\ud83c\uddeb\ud83c\uddee Suomi<\/option>\/* JOY *\/<option value=\"https:\/\/nskn.co\/HL9Wzq\">\ud83c\uddf8\ud83c\uddea Sverige<\/option><option value=\"https:\/\/nskn.co\/gV3k9i\">\ud83c\uddec\ud83c\udde7 United Kingdom<\/option>\/* JOY *\/<option value=\"\"><\/option><option value=\"http:\/\/nskn.co\/dYFMXR\">\ud83c\uddff\ud83c\udde6 South Africa<\/option><\/select><\/p>\n[sc name=\"new_info_german\" ][\/sc]\n<p>Der TR90 M-Bar <a href=\"https:\/\/de.wikipedia.org\/wiki\/Riegel\" target=\"_blank\" style=\"text-decoration: none; cursor:text; color:#402d25; font-weight: normal;\" rel=\"noopener\">Riegel<\/a> l\u00e4sst sich leicht in deinen Alltag integrieren und dient als Ersatz einer Mahlzeit. Diese kalorienreduzierte Di\u00e4t hilft dir, w\u00e4hrend des TR90-Programms dein Gewicht zu halten. Jede Box enth\u00e4lt 30 <a href=\"https:\/\/urbanbeautyonline.com\/de\/nuskin\/tr90-m-bar-lemon-crisp\/\" target=\"_blank\" style=\"text-decoration: none; cursor:text; color:#402d25; font-weight: normal;\" rel=\"noopener\">TR90 M-Bar<\/a> mit Zitronengeschmack. Probiere noch heute den knusprigen Lemon Crisp Riegel!<\/p>\n[sc name=\"below-buy-now-button-german\" ][\/sc]\n","protected":false},"featured_media":328,"comment_status":"open","ping_status":"closed","template":"","meta":[],"product_cat":[33],"product_tag":[],"class_list":["post-320","product","type-product","status-publish","has-post-thumbnail","hentry","product_cat-tr90"],"_links":{"self":[{"href":"https:\/\/urbanbeautyonline.com\/de\/wp-json\/wp\/v2\/product\/320","targetHints":{"allow":["GET"]}}],"collection":[{"href":"https:\/\/urbanbeautyonline.com\/de\/wp-json\/wp\/v2\/product"}],"about":[{"href":"https:\/\/urbanbeautyonline.com\/de\/wp-json\/wp\/v2\/types\/product"}],"replies":[{"embeddable":true,"href":"https:\/\/urbanbeautyonline.com\/de\/wp-json\/wp\/v2\/comments?post=320"}],"wp:featuredmedia":[{"embeddable":true,"href":"https:\/\/urbanbeautyonline.com\/de\/wp-json\/wp\/v2\/media\/328"}],"wp:attachment":[{"href":"https:\/\/urbanbeautyonline.com\/de\/wp-json\/wp\/v2\/media?parent=320"}],"wp:term":[{"taxonomy":"product_cat","embeddable":true,"href":"https:\/\/urbanbeautyonline.com\/de\/wp-json\/wp\/v2\/product_cat?post=320"},{"taxonomy":"product_tag","embeddable":true,"href":"https:\/\/urbanbeautyonline.com\/de\/wp-json\/wp\/v2\/product_tag?post=320"}],"curies":[{"name":"wp","href":"https:\/\/api.w.org\/{rel}","templated":true}]}}