{"id":329,"date":"2022-11-16T20:00:06","date_gmt":"2022-11-16T20:00:06","guid":{"rendered":"https:\/\/urbanbeautyonline.com\/de\/?post_type=product&#038;p=329"},"modified":"2023-01-19T22:29:28","modified_gmt":"2023-01-19T22:29:28","slug":"galvanic-body-trio-gerat-set","status":"publish","type":"product","link":"https:\/\/urbanbeautyonline.com\/de\/nuskin\/galvanic-body-trio-gerat-set\/","title":{"rendered":"ageLOC Galvanic Body Trio Ger\u00e4t Set"},"content":{"rendered":"<h3>ageLOC Galvanic Body Trio Ger\u00e4t Set<\/h3>\n<div class=\"su-spoiler su-spoiler-style-simple su-spoiler-icon-plus su-spoiler-closed\" data-scroll-offset=\"0\" data-anchor-in-url=\"no\"><div class=\"su-spoiler-title\" tabindex=\"0\" role=\"button\"><span class=\"su-spoiler-icon\"><\/span>GR\u00dcNDE, ES ZU LIEBEN<\/div><div class=\"su-spoiler-content su-u-clearfix su-u-trim\">\nKlinische Ergebnisse nach 12 Wochen<\/p>\n<p><img decoding=\"async\" src=\"https:\/\/i0.wp.com\/i.ibb.co\/cXx9TcM\/Screenshot-2020-11-01-at-13-35-59.png?resize=700%2C244&#038;ssl=1\" alt=\"ageLOC Galvanic Body Trio Ger\u00e4t Set\" width=\"700\" height=\"244\" border=\"0\" title=\"\" data-recalc-dims=\"1\"><\/p>\n<p><span style=\"font-size: xx-small;\">Ergebnisse, die auf einer professionellen Bewertung durch Dritte basieren, in der 30 Probandinnen im Alter von 18 bis 60 Jahren in einer 12-w\u00f6chigen In-Vivo-Anwenderstudie getestet wurden. Diese wendeten ageLOC Body Shaping Gel und ageLOC Galvanic Body Spa dreimal w\u00f6chentlich f\u00fcr jeweils f\u00fcnf Minuten auf Oberschenkeln, Bauch, Ges\u00e4\u00df und Oberarmen an. ageLOC Dermatic Effects wurde zweimal t\u00e4glich angewendet.<\/span><\/p>\n<p>Im Testzeitraum von 12 Wochen sind der Anfangszustand sowie die Ergebnisse in der ersten, vierten, achten und zw\u00f6lften Woche im Labor sowie von den Testpersonen selbst bewertet worden, es wurden Messinstrumente eingesetzt (wo m\u00f6glich) und Digitalfotos gemacht, die ebenfalls ausgewertet wurden.<br \/>\n<\/div><\/div>\n<div class=\"su-spoiler su-spoiler-style-simple su-spoiler-icon-plus su-spoiler-closed\" data-scroll-offset=\"0\" data-anchor-in-url=\"no\"><div class=\"su-spoiler-title\" tabindex=\"0\" role=\"button\"><span class=\"su-spoiler-icon\"><\/span>VORTEILE<\/div><div class=\"su-spoiler-content su-u-clearfix su-u-trim\">\n<p><strong>ageLOC Galvanic Body Spa:<\/strong><\/p>\n<ul>\n<li>F\u00f6rdert die Aufnahme der Hauptinhaltsstoffe in die Haut.<\/li>\n<li>Verbesserte Ergonomie: Dank der neuen Form l\u00e4sst sich das ageLOC Galvanic Body Spa besser \u00fcber die K\u00f6rperkonturen f\u00fchren.<\/li>\n<li>Labortests haben gezeigt, dass die Resorption von Anti-Aging-Wirkstoffen bei einer Behandlung mit galvanischem Strom bis zu 24 Stunden lang verbessert ist.<\/li>\n<li>Ein optimierter pulsierender galvanischer Strom stimuliert die Haut und hilft, sie zu reinigen und zu erfrischen, wodurch die sichtbaren Zeichen der Hautalterung gemindert werden.<\/li>\n<li>ageLOC Leitfl\u00e4che: Hat eine gr\u00f6\u00dfere, speziell entwickelte ageLOC Leitfl\u00e4che, mit der bis zu 10-mal mehr ageLOC Bestandteile von der Haut aufgenommen werden k\u00f6nnen.<\/li>\n<\/ul>\n<p><strong>ageLOC Body Shaping Gel:<\/strong><\/p>\n<ul>\n<li>Hilft, die Haut zu erfrischen und zu reinigen und gleichzeitig die sichtbaren Zeichen von Hautalterung zu mindern.<\/li>\n<li>Der ageLOC Komplex bek\u00e4mpft die Hauptursachen von Hautalterung, um ein jugendliches Aussehen zu bewahren und die sichtbaren Zeichen der Hautalterung zu mindern.<\/li>\n<li>Gleicht das Auftreten von Dellen aus.<\/li>\n<li>Das Erscheinungsbild bei Fettanlagerungen und Cellulite wird verbessert und die Haut gegl\u00e4ttet, f\u00fcr definierter aussehende K\u00f6rperkonturen.<\/li>\n<li>F\u00f6rdert ein strafferes und jugendlicheres Aussehen der Haut.<\/li>\n<\/ul>\n<p><strong>ageLOC Dermatic Effects:<\/strong><\/p>\n<ul>\n<li>F\u00f6rdert ein strafferes und jugendlicheres Aussehen der Haut.<\/li>\n<li>Mindert die Auspr\u00e4gung von Cellulite f\u00fcr einen konturierter wirkenden K\u00f6rper.<\/li>\n<li>ageLOC bek\u00e4mpft die haupts\u00e4chlichen Ursachen von Hautalterung, um ein jugendliches Aussehen zu bewahren und die sichtbaren Zeichen der Hautalterung zu mindern.<\/li>\n<li>Eine hochmoderne optische Technologie streut das Licht, damit die Haut glatter aussieht und das Erscheinungsbild der Hautoberfl\u00e4che verbessert wird.<\/li>\n<li>Hilft, die Zellerneuerung zu steigern, was n\u00f6tig ist, damit die Haut wieder nat\u00fcrlich strahlend aussieht.<\/li>\n<li>Spendet der Haut Feuchtigkeit und gl\u00e4ttet sie.<\/li>\n<\/ul>\n<\/div><\/div>\n<div class=\"su-spoiler su-spoiler-style-simple su-spoiler-icon-plus su-spoiler-closed\" data-scroll-offset=\"0\" data-anchor-in-url=\"no\"><div class=\"su-spoiler-title\" tabindex=\"0\" role=\"button\"><span class=\"su-spoiler-icon\"><\/span>ANWENDUNG<\/div><div class=\"su-spoiler-content su-u-clearfix su-u-trim\">\nF\u00fcr optimale Ergebnisse dreimal pro Woche gemeinsam mit dem Body Shaping Gel auf Armen, Bauch, Po und\/ oder Schenkeln anwenden. Das Gel auf den gew\u00fcnschten Bereich auftragen, die H\u00e4nde anfeuchten und mit dem Ger\u00e4t einen Zyklus lang den Bereich einmassieren. \u00dcbersch\u00fcssiges Gel mit einem feuchten Tuch abwischen. Anschlie\u00dfend ageLOC Dermatic Effects auftragen.<\/p>\n<ol>\n<li>ageLOC Body Shaping Gel auftragen \u2013 f\u00fcr umgehende gezielte Wirkung.<\/li>\n<li>Finger und Handfl\u00e4che gut mit Wasser oder NaPCA Moisture Mist befeuchten.<\/li>\n<li>Einmal den Ein\/Aus-Knopf dr\u00fccken. In der Mitte des Displays erscheinen die ageLOC Ringe.<\/li>\n<li>Mit der Leitfl\u00e4che deine Haut dort ber\u00fchren, wo du zuvor ageLOC\u00ae Body Shaping Gel aufgetragen hast. Es ert\u00f6nen 1, 2, oder 3 akustische Signale, wenn das Ger\u00e4t automatisch die Stromst\u00e4rke f\u00fcr deine Haut einstellt. In kreisenden Bewegungen das Produkt leicht einmassieren.<\/li>\n<li>Um den Abschluss der Anwendung anzuzeigen, gibt das Ger\u00e4t erst einen langgezogenen Piepton, dann zwei kurze Piept\u00f6ne ab. \u00dcberreste des Produktes auf der Haut entfernen und mit ageLOC Dermatic Effects die wohltuende Wirkung verl\u00e4ngern.<\/li>\n<\/ol>\n<p><strong>Vorsicht:<\/strong> Das ageLOC Galvanic Body Spa Ger\u00e4t ist nur auf nicht verletzter Haut anzuwenden. BITTE NICHT auf entz\u00fcndeten oder offenen Wunden anwenden, ebenso nicht bei zu Rosazea neigender, allergisch auf Metall reagierender, problematischer oder \u00fcberempfindlicher Haut. Bei Schwangerschaft, mit einem Herzschrittmacher oder einem vergleichbaren Ger\u00e4t oder Metall-Implantat, wenn du Epileptiker bist oder an einer Krankheit leidest, bitte zuerst deinen Arzt konsultieren, bevor du das ageLOC Galvanic Body Trio Ger\u00e4t Set.<br \/>\n<\/div><\/div>\n<div class=\"su-spoiler su-spoiler-style-simple su-spoiler-icon-plus su-spoiler-closed\" data-scroll-offset=\"0\" data-anchor-in-url=\"no\"><div class=\"su-spoiler-title\" tabindex=\"0\" role=\"button\"><span class=\"su-spoiler-icon\"><\/span>SCHON GEWUSST ...?<\/div><div class=\"su-spoiler-content su-u-clearfix su-u-trim\">\nDie bisher gr\u00f6\u00dfte Leitfl\u00e4che des ageLOC Ger\u00e4ts sorgt f\u00fcr sichtbar sch\u00f6nere Haut.<br \/>\n<\/div><\/div>\n<div class=\"su-spoiler su-spoiler-style-simple su-spoiler-icon-plus su-spoiler-closed\" data-scroll-offset=\"0\" data-anchor-in-url=\"no\"><div class=\"su-spoiler-title\" tabindex=\"0\" role=\"button\"><span class=\"su-spoiler-icon\"><\/span>VORHER UND NACHHER<\/div><div class=\"su-spoiler-content su-u-clearfix su-u-trim\">\n<img decoding=\"async\" src=\"https:\/\/i0.wp.com\/i.ibb.co\/BHhQQFY\/36745860064-00a02e4cae-o.jpg?resize=700%2C875&#038;ssl=1\" alt=\"ageLOC Galvanic Body Trio Ger\u00e4t Set\" width=\"700\" height=\"875\" border=\"0\" title=\"\" data-recalc-dims=\"1\"><br \/>\n<\/div><\/div>\n<div class=\"su-spoiler su-spoiler-style-simple su-spoiler-icon-plus su-spoiler-closed\" data-scroll-offset=\"0\" data-anchor-in-url=\"no\"><div class=\"su-spoiler-title\" tabindex=\"0\" role=\"button\"><span class=\"su-spoiler-icon\"><\/span>VIDEO<\/div><div class=\"su-spoiler-content su-u-clearfix su-u-trim\">\n<div class=\"su-youtube su-u-responsive-media-yes\"><iframe loading=\"lazy\" width=\"600\" height=\"400\" src=\"https:\/\/www.youtube.com\/embed\/4dWrf9Msico?\" frameborder=\"0\" allowfullscreen allow=\"autoplay; encrypted-media; picture-in-picture\" title=\"ageLOC Galvanic Body Trio Ger\u00e4t Set\"><\/iframe><\/div>\n<\/div><\/div>\n","protected":false},"excerpt":{"rendered":"<p><strong>ageLOC Galvanic Body Trio Ger\u00e4t Set:<\/strong><br \/>\n<select style=\"width: 100%;\" name=\"menu1\" onchange=\"location = this.value;\"><option>W\u00e4hle dein Land . . .<\/option><option value=\"\"><\/option><option value=\"https:\/\/nskn.co\/VitSoo\">\ud83c\udde8\ud83c\udde6 Canada<\/option><option value=\"https:\/\/nskn.co\/uLCknm\">\ud83c\uddf2\ud83c\uddfd M\u00e9xico<\/option><option value=\"\"><\/option><option value=\"https:\/\/nskn.co\/1MHggM\">\ud83c\udde6\ud83c\uddf7 Argentina<\/option><option value=\"http:\/\/nskn.co\/1rtXG7\">\ud83c\udde8\ud83c\uddf1 Chile<\/option><option value=\"https:\/\/nskn.co\/SvWKzm\">\ud83c\udde8\ud83c\uddf4 Colombia<\/option><option value=\"https:\/\/nskn.co\/dC8VWr\">\ud83c\uddf5\ud83c\uddea Peru<\/option><option value=\"\"><\/option><option value=\"http:\/\/nskn.co\/iz4VKu\">\ud83c\udde6\ud83c\uddfa Australia<\/option><option value=\"http:\/\/nskn.co\/4I47nQ\">\ud83c\uddf3\ud83c\uddff New Zealand<\/option><option value=\"https:\/\/nskn.co\/LFXHbv\">\ud83c\uddf3\ud83c\udde8 Nouvelle-Cal\u00e9donie<\/option><option value=\"https:\/\/nskn.co\/BuLHfS\">\ud83c\uddf5\ud83c\uddeb Polyn\u00e9sie Fran\u00e7aise<\/option><option value=\"\"><\/option><option value=\"https:\/\/nskn.co\/bzYGa3\">\ud83c\udde7\ud83c\uddea Belgi\u00eb<\/option><option value=\"https:\/\/nskn.co\/t8kKv1\">\ud83c\udde8\ud83c\uddff \u010cesk\u00e1 Republika<\/option><option value=\"https:\/\/nskn.co\/Z2kZ7a\">\ud83c\udde9\ud83c\uddf0 Danmark<\/option><option value=\"https:\/\/nskn.co\/ctLEdC\">\ud83c\udde9\ud83c\uddea Deutschland<\/option><option value=\"https:\/\/nskn.co\/kCLbXr\">\ud83c\uddea\ud83c\uddf8 Espa\u00f1a<\/option><option value=\"https:\/\/nskn.co\/otF0P5\">\ud83c\uddeb\ud83c\uddf7 France<\/option><option value=\"https:\/\/nskn.co\/AvrxNQ\">\ud83c\uddee\ud83c\uddea Ireland<\/option><option value=\"https:\/\/nskn.co\/6q66iC\">\ud83c\uddee\ud83c\uddf8 \u00cdsland<\/option><option value=\"https:\/\/nskn.co\/EOla9j\">\ud83c\uddee\ud83c\uddf9 Italia<\/option><option value=\"https:\/\/nskn.co\/LvG4jt\">\ud83c\uddf1\ud83c\uddfa L\u00ebtzebuerg<\/option><option value=\"https:\/\/nskn.co\/11Mp3Z\">\ud83c\udded\ud83c\uddfa Magyarorsz\u00e1g<\/option><option value=\"https:\/\/nskn.co\/uyed9I\">\ud83c\uddf3\ud83c\uddf1 Netherlands<\/option><option value=\"https:\/\/nskn.co\/1ODs26\">\ud83c\uddf3\ud83c\uddf4 Norge<\/option><option value=\"https:\/\/nskn.co\/boJtbd\">\ud83c\udde6\ud83c\uddf9 \u00d6sterreich<\/option><option value=\"https:\/\/nskn.co\/gmTNZs\">\ud83c\uddf7\ud83c\uddfa \u0420\u043e\u0441\u0441\u0438\u044f<\/option><option value=\"https:\/\/nskn.co\/1MUeDM\">\ud83c\uddf5\ud83c\uddf1 Polska<\/option><option value=\"https:\/\/nskn.co\/6lmZzs\">\ud83c\uddf5\ud83c\uddf9 Portugal<\/option><option value=\"https:\/\/nskn.co\/fWDwps\">\ud83c\uddf7\ud83c\uddf4 Rom\u00e2nia<\/option><option value=\"https:\/\/nskn.co\/q6fP9Z\">\ud83c\udde8\ud83c\udded Schweiz<\/option><option value=\"https:\/\/nskn.co\/lUbFpp\">\ud83c\uddf8\ud83c\uddf0 Slovensko<\/option><option value=\"https:\/\/nskn.co\/w474XZ\">\ud83c\uddeb\ud83c\uddee Suomi<\/option><option value=\"https:\/\/nskn.co\/Nxz0R3\">\ud83c\uddf8\ud83c\uddea Sverige<\/option><option value=\"https:\/\/nskn.co\/hmUpGW\">\ud83c\uddfa\ud83c\udde6 \u0423\u043a\u0440\u0430\u0457\u043d\u0430<\/option><option value=\"https:\/\/nskn.co\/PGN2f0\">\ud83c\uddec\ud83c\udde7 United Kingdom<\/option><option value=\"\"><\/option><option value=\"https:\/\/nskn.co\/UlaEz8\">\ud83c\uddee\ud83c\uddf1 Israel<\/option><option value=\"https:\/\/nskn.co\/4G8TfW\">\ud83c\uddff\ud83c\udde6 South Africa<\/option><option value=\"\"><\/option><option value=\"https:\/\/nskn.co\/9aGR00\">\ud83c\udded\ud83c\uddf0 Hong Kong (\u9999\u6e2f)<\/option><\/select><\/p>\n[sc name=\"new_info_german\" ][\/sc]\n<p>Unsere <a style=\"text-decoration: none; cursor: text; color: #402d25; font-weight: normal;\" href=\"https:\/\/de.wikipedia.org\/wiki\/Kollektion\" target=\"_blank\" rel=\"noopener\">Kollektion<\/a> aus <a style=\"text-decoration: none; cursor: text; color: #402d25; font-weight: normal;\" href=\"https:\/\/urbanbeautyonline.com\/de\/nuskin\/ageloc-galvanic-body-trio-gerat\/\" target=\"_blank\" rel=\"noopener\">ageLOC Galvanic Body Trio Ger\u00e4t Set<\/a>, ageLOC Body Shaping Gel und ageLOC Dermatic Effects. Wir verwenden bei unserem Ger\u00e4t einen pulsierenden galvanischen Strom, der laut Studien die Vorteile der Produkte optimiert. Wird das Trio gemeinsam angewendet, verleiht es eine glattere, straffere Haut mit definierteren Konturen.<\/p>\n[su_spoiler title=\"ENTH\u00c4LT\"]<br \/>\n<strong>ageLOC Galvanic Body Trio Ger\u00e4t Set enth\u00e4lt:<\/strong><br \/>\n1x ageLOC Galvanic Body Spa Ger\u00e4t<br \/>\n1x ageLOC Body Shaping Gel<br \/>\n1x ageLOC Dermatic Effects<br \/>\n[\/su_spoiler]\n[sc name=\"below-buy-now-button-german\" ][\/sc]\n","protected":false},"featured_media":330,"comment_status":"open","ping_status":"closed","template":"","meta":[],"product_cat":[20],"product_tag":[],"class_list":["post-329","product","type-product","status-publish","has-post-thumbnail","hentry","product_cat-ageloc-galvanic-body-trio"],"_links":{"self":[{"href":"https:\/\/urbanbeautyonline.com\/de\/wp-json\/wp\/v2\/product\/329","targetHints":{"allow":["GET"]}}],"collection":[{"href":"https:\/\/urbanbeautyonline.com\/de\/wp-json\/wp\/v2\/product"}],"about":[{"href":"https:\/\/urbanbeautyonline.com\/de\/wp-json\/wp\/v2\/types\/product"}],"replies":[{"embeddable":true,"href":"https:\/\/urbanbeautyonline.com\/de\/wp-json\/wp\/v2\/comments?post=329"}],"wp:featuredmedia":[{"embeddable":true,"href":"https:\/\/urbanbeautyonline.com\/de\/wp-json\/wp\/v2\/media\/330"}],"wp:attachment":[{"href":"https:\/\/urbanbeautyonline.com\/de\/wp-json\/wp\/v2\/media?parent=329"}],"wp:term":[{"taxonomy":"product_cat","embeddable":true,"href":"https:\/\/urbanbeautyonline.com\/de\/wp-json\/wp\/v2\/product_cat?post=329"},{"taxonomy":"product_tag","embeddable":true,"href":"https:\/\/urbanbeautyonline.com\/de\/wp-json\/wp\/v2\/product_tag?post=329"}],"curies":[{"name":"wp","href":"https:\/\/api.w.org\/{rel}","templated":true}]}}