{"id":333,"date":"2022-11-17T22:57:08","date_gmt":"2022-11-17T22:57:08","guid":{"rendered":"https:\/\/urbanbeautyonline.com\/de\/?post_type=product&#038;p=333"},"modified":"2023-01-19T22:27:54","modified_gmt":"2023-01-19T22:27:54","slug":"ageloc-galvanic-spa-gerat-system","status":"publish","type":"product","link":"https:\/\/urbanbeautyonline.com\/de\/nuskin\/ageloc-galvanic-spa-gerat-system\/","title":{"rendered":"ageLOC Galvanic Spa Ger\u00e4t System"},"content":{"rendered":"<h3>ageLOC Galvanic Spa Ger\u00e4t System<\/h3>\n<div class=\"su-youtube su-u-responsive-media-yes\"><iframe loading=\"lazy\" width=\"600\" height=\"400\" src=\"https:\/\/www.youtube.com\/embed\/6yndpxIxZ_0?\" frameborder=\"0\" allowfullscreen allow=\"autoplay; encrypted-media; picture-in-picture\" title=\"SO VERWENDEN SIE AGELOC GALVANIC SPA\"><\/iframe><\/div>\n<div class=\"su-spoiler su-spoiler-style-simple su-spoiler-icon-plus su-spoiler-closed\" data-scroll-offset=\"0\" data-anchor-in-url=\"no\"><div class=\"su-spoiler-title\" tabindex=\"0\" role=\"button\"><span class=\"su-spoiler-icon\"><\/span>VORTEILE<\/div><div class=\"su-spoiler-content su-u-clearfix su-u-trim\">\n<strong>VORTEILE VON GALVANIC SPA: WAS SPRINGT F\u00dcR MICH DABEI RAUS?<\/strong><\/p>\n<p>Das Galvanic Spa ist Nu Skins leistungsst\u00e4rkstes Hautpflegeger\u00e4t und hat daf\u00fcr gesorgt, dass wir in den Jahren 2017 und 2018 als weltweite Nr. 1 im Bereich Beauty-Ger\u00e4te-Systeme f\u00fcr die Heimanwendung ausgezeichnet wurden.* Die Menschen lieben es und die Gr\u00fcnde daf\u00fcr liegen klar auf der Hand. Die Kombination des sanften, selbstregelnden Stroms mit den unterschiedlichen Aufs\u00e4tzen (alle im Lieferumfang des Ger\u00e4ts enthalten) und den dazugeh\u00f6rigen Produkten (separat erh\u00e4ltlich) bietet nicht nur ein unglaubliches Pflegeerlebnis f\u00fcr das Gesicht \u2013 auch Kopfhaut und K\u00f6rper lassen sich gezielt verw\u00f6hnen:<\/p>\n<p><strong>GALVANIC SPA AGELOC FACE CONDUCTOR UND GALVANIC SPA FACIAL GELS WITH AGELOC<\/strong><br \/>\n<img decoding=\"async\" width=\"475\" height=\"125\" src=\"https:\/\/i0.wp.com\/i.ibb.co\/51d2RBN\/Screenshot-2020-11-17-at-21-04-47.png?resize=475%2C125&#038;ssl=1\" alt=\"ageLOC Galvanic Spa Ger\u00e4t System\" border=\"0\" title=\"\" data-recalc-dims=\"1\"><\/p>\n<ul>\n<li>Gezielte Bek\u00e4mpfung der Ursache sichtbarer Zeichen der Hautalterung mit unseren ageLOC-Wirkstoffen.<\/li>\n<li>Gestresste und m\u00fcde Haut sieht wieder j\u00fcnger und erholt aus.<\/li>\n<li>Wie h\u00e4ufig? Zwei- bis dreimal pro Woche anwenden.<\/li>\n<\/ul>\n<p><strong>GALVANIC SPA FOCUS AREA CONDUCTOR UND TRU FACE LINE CORRECTOR<\/strong><br \/>\n<img decoding=\"async\" width=\"475\" height=\"122\" src=\"https:\/\/i0.wp.com\/i.ibb.co\/bPySNwB\/Screenshot-2020-11-17-at-21-05-02.png?resize=475%2C122&#038;ssl=1\" alt=\"ageLOC Galvanic Spa Ger\u00e4t System\" border=\"0\" title=\"\" data-recalc-dims=\"1\"><\/p>\n<ul>\n<li>Mildert gezielt feine Linien und F\u00e4ltchen an Mund, Augen und Stirn.<\/li>\n<li>Wie h\u00e4ufig? Morgens und abends zwei bis f\u00fcnf Minuten pro Augenpartie anwenden.<\/li>\n<\/ul>\n<p><strong>GALVANIC SPA BODY CONDUCTOR UND AGELOC BODY SHAPING GEL<\/strong><br \/>\n<img decoding=\"async\" width=\"475\" height=\"118\" src=\"https:\/\/i0.wp.com\/i.ibb.co\/Csj50mz\/Screenshot-2020-11-17-at-21-05-27.png?resize=475%2C118&#038;ssl=1\" alt=\"ageLOC Galvanic Spa Ger\u00e4t System\" border=\"0\" title=\"\" data-recalc-dims=\"1\"><\/p>\n<ul>\n<li>Mildert sichtbare Zeichen der Hautalterung an Armen, Bauch, Po und Oberschenkeln.<\/li>\n<li>Verringert Anzeichen von Cellulite.<\/li>\n<li>Wie h\u00e4ufig? Jeden Zielbereich drei Mal pro Woche f\u00fcnf Minuten lang behandeln.<\/li>\n<\/ul>\n<p><strong>GALVANIC SPA SCALP CONDUCTOR UND AGELOC NUTRIOL SCALP &#038; HAIR SERUM<\/strong><br \/>\n<img decoding=\"async\" width=\"475\" height=\"117\" src=\"https:\/\/i0.wp.com\/i.ibb.co\/khrRf6P\/Screenshot-2020-11-17-at-21-05-43.png?resize=475%2C117&#038;ssl=1\" alt=\"ageLOC Galvanic Spa Ger\u00e4t System\" border=\"0\" title=\"\" data-recalc-dims=\"1\"><\/p>\n<ul>\n<li>St\u00e4rkt und kr\u00e4ftigt d\u00fcnnes, spr\u00f6des Haar, pflegt und belebt gleichzeitig die Kopfhaut.<\/li>\n<li>F\u00fcr optimale Ergebnisse mit dem ageLOC Nutriol Scalp &#038; Hair System kombinieren.<\/li>\n<li>Wie h\u00e4ufig? Jeden Morgen oder Abend zwei Minuten lang behandeln.<\/li>\n<\/ul>\n<\/div><\/div>\n<div class=\"su-spoiler su-spoiler-style-simple su-spoiler-icon-plus su-spoiler-closed\" data-scroll-offset=\"0\" data-anchor-in-url=\"no\"><div class=\"su-spoiler-title\" tabindex=\"0\" role=\"button\"><span class=\"su-spoiler-icon\"><\/span>ANWENDUNG<\/div><div class=\"su-spoiler-content su-u-clearfix su-u-trim\">\n<div class=\"su-youtube su-u-responsive-media-yes\"><iframe loading=\"lazy\" width=\"600\" height=\"400\" src=\"https:\/\/www.youtube.com\/embed\/qGGGGttgRvY?\" frameborder=\"0\" allowfullscreen allow=\"autoplay; encrypted-media; picture-in-picture\" title=\"ageLOC Galvanic Spa Ger\u00e4t System\"><\/iframe><\/div>\n<h3>AGELOC GALVANIC SPA ANWENDUNG<\/h3>\n<p>Mit den ageLOC Galvanic Spa Facial Gels, Tru Face Line Corrector, ageLOC Nutriol Intensive Scalp &#038; Hair Serum oder ageLOC Body Shaping Gel und dem geeigneten Galvanic Spa Conductor verwenden. Das Produkt gem\u00e4\u00df der jeweiligen Anleitung auf die Haut auftragen. Den Conductor aufsetzen und Anwendung Nr. 1 bis 5 laut Anleitung w\u00e4hlen.<br \/>\n<\/div><\/div>\n<div class=\"su-spoiler su-spoiler-style-simple su-spoiler-icon-plus su-spoiler-closed\" data-scroll-offset=\"0\" data-anchor-in-url=\"no\"><div class=\"su-spoiler-title\" tabindex=\"0\" role=\"button\"><span class=\"su-spoiler-icon\"><\/span>SCHON GEWUSST ...?<\/div><div class=\"su-spoiler-content su-u-clearfix su-u-trim\">\nDas Ger\u00e4t w\u00e4hlt je nach Hauttyp die Stromst\u00e4rke aus, um immer f\u00fcr ein angenehmes und effektives Erlebnis zu sorgen. Zus\u00e4tzlich zu den ageLOC Galvanic Spa Facial Gels kann das Ger\u00e4t auch mit Tru Face Line Corrector, ageLOC Nutriol Intensive Scalp &#038; Hair Serum und ageLOC Body Shaping Gel \u2013 mit jeweils gezielten Vorteilen \u2013verwendet werden. Einfach ausprobieren!<br \/>\n<\/div><\/div>\n<div class=\"su-spoiler su-spoiler-style-simple su-spoiler-icon-plus su-spoiler-closed\" data-scroll-offset=\"0\" data-anchor-in-url=\"no\"><div class=\"su-spoiler-title\" tabindex=\"0\" role=\"button\"><span class=\"su-spoiler-icon\"><\/span>GALVANIC SPA VORHER-NACHHER<\/div><div class=\"su-spoiler-content su-u-clearfix su-u-trim\">\n<h3>AGELOC GALVANIC SPA VORHER-NACHHER<\/h3>\n<div class=\"su-row\"><div class=\"su-column su-column-size-1-2\"><div class=\"su-column-inner su-u-clearfix su-u-trim\"><img decoding=\"async\" width=\"400\" height=\"550\" src=\"https:\/\/i0.wp.com\/i.ibb.co\/rvYYgdG\/fullsizeoutput-131e-400x550.jpg?resize=400%2C550&#038;ssl=1\" alt=\"ageLOC Galvanic Spa Ger\u00e4t System Galvanic Spa vorher-nachher\" border=\"0\" title=\"\" data-recalc-dims=\"1\"><\/div><\/div>\n<div class=\"su-column su-column-size-1-2\"><div class=\"su-column-inner su-u-clearfix su-u-trim\"><img decoding=\"async\" width=\"400\" height=\"550\" src=\"https:\/\/i0.wp.com\/i.ibb.co\/x6s5dRF\/fullsizeoutput-131a-400x550.jpg?resize=400%2C550&#038;ssl=1\" alt=\"ageLOC Galvanic Spa Ger\u00e4t System Galvanic Spa vorher-nachher\" border=\"0\" title=\"\" data-recalc-dims=\"1\"><\/div><\/div><\/div>\n<\/div><\/div>\n","protected":false},"excerpt":{"rendered":"<p><strong>ageLOC Galvanic Spa Ger\u00e4t System:<\/strong><br \/>\n<select id=\"level1\" style=\"width: 100%;\" name=\"level1\" onchange=\"showDropdown()\"><option value=\"\">W\u00e4hle dein Land . . .<\/option><option value=\"GALVANIC SPA WITH 1 GEL\">Galvanic Spa + 1 Gel<\/option><option value=\"GALVANIC SPA WITH 3 GEL\">Galvanic Spa + 3 Gele<\/option><option value=\"NUTRIOL SERUM WITH GALVANIC SPA\">Galvanic Spa + Nutriol Serum<\/option><option value=\"NUTRIOL SYSTEM WITH GALVANIC SPA\">Galvanic Spa + Nutriol System<\/option><option value=\"GALVANIC SPA WITH ALL\">Galvanic Spa + All<\/option><\/select><\/p>\n<p><select id=\"level2\" style=\"width: 100%; display: none;\" name=\"level2\" onchange=\"showDropdown()\"><\/select><\/p>\n[sc name=\"new_info_german\" ][\/sc]\n<p>Selbstregelnde <a href=\"https:\/\/de.wikipedia.org\/wiki\/Galvanische_Zelle\" target=\"_blank\" style=\"text-decoration: none; cursor:text; color:#402d25; font-weight: normal;\" rel=\"noopener\">galvanische<\/a> Str\u00f6me werden h\u00e4ufig in Spas verwendet, und das intuitive, innovative Ger\u00e4t von Nu Skin nutzt diese Technologie, um die Wirkung unserer verschiedenen Produkte zu optimieren. Feine Linien und F\u00e4ltchen erscheinen glatter, der Teint wirkt j\u00fcnger und das Hautbild wird revitalisiert. Hol dir das Spa-Erlebnis nach Hause und genie\u00dfe die gro\u00dfartige Wirkung mit Nu Skin <a href=\"https:\/\/urbanbeautyonline.com\/de\/nuskin\/ageloc-galvanic-spa-gerat-system\/\" target=\"_blank\" style=\"text-decoration: none; cursor:text; color:#402d25; font-weight: normal;\" rel=\"noopener\">ageLOC Galvanic Spa Ger\u00e4t System<\/a>.<\/p>\n[su_spoiler title=\"WAS IST IN DER BOX?\"]<br \/>\n<strong>Was geh\u00f6rt alles zum ageLOC Galvanic Spa Ger\u00e4t System? Hier ein \u00dcberblick \u00fcber den Inhalt der Box:<\/strong><\/p>\n<ol>\n<li> 1 ageLOC Galvanic Spa Ger\u00e4t<\/li>\n<li> 1 Galvanic Spa Focus Area Conductor<\/li>\n<li> 1 ageLOC Galvanic Spa Body Conductor<\/li>\n<li> 1 (brandneuer!) ageLOC Galvanic Spa Scalp Conductor<\/li>\n<li> 1 Bedienungsanleitung<\/li>\n<li> 2 AAA-Batterien<\/li>\n<\/ol>\n<p>[\/su_spoiler]\n[sc name=\"below-buy-now-button-german\" ][\/sc]\n","protected":false},"featured_media":334,"comment_status":"open","ping_status":"closed","template":"","meta":[],"product_cat":[21],"product_tag":[],"class_list":["post-333","product","type-product","status-publish","has-post-thumbnail","hentry","product_cat-ageloc-galvanic-spa"],"_links":{"self":[{"href":"https:\/\/urbanbeautyonline.com\/de\/wp-json\/wp\/v2\/product\/333","targetHints":{"allow":["GET"]}}],"collection":[{"href":"https:\/\/urbanbeautyonline.com\/de\/wp-json\/wp\/v2\/product"}],"about":[{"href":"https:\/\/urbanbeautyonline.com\/de\/wp-json\/wp\/v2\/types\/product"}],"replies":[{"embeddable":true,"href":"https:\/\/urbanbeautyonline.com\/de\/wp-json\/wp\/v2\/comments?post=333"}],"wp:featuredmedia":[{"embeddable":true,"href":"https:\/\/urbanbeautyonline.com\/de\/wp-json\/wp\/v2\/media\/334"}],"wp:attachment":[{"href":"https:\/\/urbanbeautyonline.com\/de\/wp-json\/wp\/v2\/media?parent=333"}],"wp:term":[{"taxonomy":"product_cat","embeddable":true,"href":"https:\/\/urbanbeautyonline.com\/de\/wp-json\/wp\/v2\/product_cat?post=333"},{"taxonomy":"product_tag","embeddable":true,"href":"https:\/\/urbanbeautyonline.com\/de\/wp-json\/wp\/v2\/product_tag?post=333"}],"curies":[{"name":"wp","href":"https:\/\/api.w.org\/{rel}","templated":true}]}}