{"id":338,"date":"2022-11-18T20:35:19","date_gmt":"2022-11-18T20:35:19","guid":{"rendered":"https:\/\/urbanbeautyonline.com\/de\/?post_type=product&#038;p=338"},"modified":"2023-01-23T23:12:47","modified_gmt":"2023-01-23T23:12:47","slug":"nu-skin-180-gesichtswasser","status":"publish","type":"product","link":"https:\/\/urbanbeautyonline.com\/de\/nuskin\/nu-skin-180-gesichtswasser\/","title":{"rendered":"Nu Skin 180 Gesichtswasser"},"content":{"rendered":"<h3>Nu Skin 180 Face Wash | Nu Skin 180 Gesichtswasser | Nu Skin 180 Gesichtsreinigung<\/h3>\n<div class=\"su-spoiler su-spoiler-style-simple su-spoiler-icon-plus su-spoiler-closed\" data-scroll-offset=\"0\" data-anchor-in-url=\"no\"><div class=\"su-spoiler-title\" tabindex=\"0\" role=\"button\"><span class=\"su-spoiler-icon\"><\/span>VORTEIL DER ANWENDUNG<\/div><div class=\"su-spoiler-content su-u-clearfix su-u-trim\">\n<div class=\"su-row\">\n<div class=\"su-column su-column-size-1-3\"><div class=\"su-column-inner su-u-clearfix su-u-trim\">\n<p><center><img decoding=\"async\" src=\"https:\/\/i0.wp.com\/urbanbeautyonline.com\/de\/wp-content\/uploads\/2022\/11\/1-180-over-35-icon.png.webp?resize=50%2C50&#038;ssl=1\" alt=\"Nu Skin 180 Gesichtswasser | Nu Skin 180 Gesichtsreinigung\" width=\"50\" height=\"50\" title=\"\" data-recalc-dims=\"1\"><br \/>\nF\u00fcr alle \u00fcber 35<\/center><\/div><\/div>\n<div class=\"su-column su-column-size-1-3\"><div class=\"su-column-inner su-u-clearfix su-u-trim\">\n<p><center><img decoding=\"async\" src=\"https:\/\/i0.wp.com\/urbanbeautyonline.com\/de\/wp-content\/uploads\/2022\/11\/2-180-skin-texture-icon.png.webp?resize=50%2C50&#038;ssl=1\" alt=\"Nu Skin 180 Gesichtswasser | Nu Skin 180 Gesichtsreinigung\" width=\"50\" height=\"50\" title=\"\" data-recalc-dims=\"1\"><br \/>\nVerfeinert das Hautbild<\/center><\/div><\/div>\n<div class=\"su-column su-column-size-1-3\"><div class=\"su-column-inner su-u-clearfix su-u-trim\">\n<p><center><img decoding=\"async\" src=\"https:\/\/i0.wp.com\/urbanbeautyonline.com\/de\/wp-content\/uploads\/2022\/11\/3-180-age-spots-icon.png.webp?resize=50%2C50&#038;ssl=1\" alt=\"Nu Skin 180 Gesichtswasser | Nu Skin 180 Gesichtsreinigung\" width=\"50\" height=\"50\" title=\"\" data-recalc-dims=\"1\"><br \/>\nReduziert das Erscheinungsbild von Altersflecken<\/center><\/div><\/div>\n<\/div>\n<ul>\n<li>Gl\u00e4ttet das Erscheinungsbild von Linien und F\u00e4ltchen.<\/li>\n<li>Hinterl\u00e4sst ein sauberes, frisches und weiches Hautgef\u00fchl.<\/li>\n<li>Gleicht den Hautton aus, indem es hilft, das Auftreten von dunklen Flecken und Verf\u00e4rbungen zu reduzieren.<\/li>\n<li>F\u00f6rdert einen strafferen, jugendlicheren Teint.<\/li>\n<li>Mit einer patentierten wasserfreien Formel, die 10 Prozent aktives, frei flie\u00dfendes Vitamin C (L-Ascorbins\u00e4ure) an die Haut abgibt.<\/li>\n<\/ul>\n<\/div><\/div>\n<div class=\"su-spoiler su-spoiler-style-simple su-spoiler-icon-plus su-spoiler-closed\" data-scroll-offset=\"0\" data-anchor-in-url=\"no\"><div class=\"su-spoiler-title\" tabindex=\"0\" role=\"button\"><span class=\"su-spoiler-icon\"><\/span>ANWENDUNG<\/div><div class=\"su-spoiler-content su-u-clearfix su-u-trim\">\n<h3>Nu Skin 180 Face Wash Anwendung | Nu Skin 180 Gesichtswasser | Nu Skin 180 Gesichtsreinigung<\/h3>\n<p>Morgens und abends als ersten Schritt des Nu Skin 180\u00b0 Anti-Aging-Systems anwenden. Gesicht und Hals mit lauwarmem Wasser anfeuchten. Eine kleine Menge des Cleansers auf die Fingerspitzen geben. Auf Hals und Gesicht auftragen. Mit angefeuchteten H\u00e4nden sanft aufsch\u00e4umen. Mit warmem Wasser absp\u00fclen und die Haut trocken tupfen.<br \/>\n<\/div><\/div>\n<div class=\"su-spoiler su-spoiler-style-simple su-spoiler-icon-plus su-spoiler-closed\" data-scroll-offset=\"0\" data-anchor-in-url=\"no\"><div class=\"su-spoiler-title\" tabindex=\"0\" role=\"button\"><span class=\"su-spoiler-icon\"><\/span>INHALTSSTOFFE<\/div><div class=\"su-spoiler-content su-u-clearfix su-u-trim\">\n<h3>Nu Skin 180 Face Wash Inhaltsstoffe | Nu Skin 180 Gesichtswasser | Nu Skin 180 Gesichtsreinigung<\/h3>\n<div class=\"su-row\">\n<div class=\"su-column su-column-size-1-2\"><div class=\"su-column-inner su-u-clearfix su-u-trim\">\n<p><center><img decoding=\"async\" src=\"https:\/\/i0.wp.com\/urbanbeautyonline.com\/de\/wp-content\/uploads\/2022\/11\/ingredient-sunflower-sesame-oil.png.webp?resize=80%2C80&#038;ssl=1\" alt=\"Nu Skin 180 Gesichtswasser | Nu Skin 180 Gesichtsreinigung\" width=\"80\" height=\"80\" title=\"\" data-recalc-dims=\"1\"><br \/>\n<strong>Sesam\u00f6l (Sesamum indicum Kern\u00f6l) und Sonnenblumen\u00f6l (Helianthus annuus Kern\u00f6l)<\/strong> \u2013 reichhaltige Pflegestoffe, die Feuchtigkeitsverlust entgegenwirken und die Feuchtigkeitsbarriere der Haut erhalten. F\u00fcr ein reines, weiches Hautgef\u00fchl.<\/center><\/div><\/div>\n<div class=\"su-column su-column-size-1-2\"><div class=\"su-column-inner su-u-clearfix su-u-trim\">\n<p><center><img decoding=\"async\" src=\"https:\/\/i0.wp.com\/urbanbeautyonline.com\/de\/wp-content\/uploads\/2022\/11\/ingredient-vitamin-c.png.webp?resize=80%2C80&#038;ssl=1\" alt=\"Nu Skin 180 Gesichtswasser | Nu Skin 180 Gesichtsreinigung\" width=\"80\" height=\"80\" title=\"\" data-recalc-dims=\"1\"><br \/>\n<strong>10 % aktives, freiflie\u00dfendes Vitamin C (L-Ascorbins\u00e4ure)<\/strong> \u2013 mildert das Erscheinungsbild feiner Linien und F\u00e4ltchen und gl\u00e4ttet den Hautton, wobei Altersflecken und Hautverf\u00e4rbung reduziert werden.<\/center><\/div><\/div>\n<\/div>\n<p><strong>ALLE INHALTSSTOFFE:<\/strong><br \/>\nGlycerin, Ascorbic Acid, Sesamum Indicum Seed Oil, C12-15 Alkyl Benzoate, Sodium Cocoyl Isethionate, Helianthus Annuus Seed Oil, Sodium C14-16 Olefin Sulfonate, Butylene Glycol, Stearyl Glycyrrhetinate, Ginkgo Biloba Leaf Extract, Panax Ginseng Root Extract, Aqua, Carbomer, Sodium Isethionate, Lecithin, Silica, Hydrated Silica, Sodium Chloride, Sodium Sulfate, Sodium Xylenesulfonate, Aluminum Hydroxide, Tocopherol, Vitis Vinifera Seed Extract, Parfum, Limonene, [CI 77891].<br \/>\n<\/div><\/div>\n<div class=\"su-spoiler su-spoiler-style-simple su-spoiler-icon-plus su-spoiler-closed\" data-scroll-offset=\"0\" data-anchor-in-url=\"no\"><div class=\"su-spoiler-title\" tabindex=\"0\" role=\"button\"><span class=\"su-spoiler-icon\"><\/span>SCHON GEWUSST ...?<\/div><div class=\"su-spoiler-content su-u-clearfix su-u-trim\">\nEnth\u00e4lt <strong>Sesam\u00f6l<\/strong> (Sesamum Indicum Seed) <strong>und Sonnenblumen\u00f6l<\/strong> (Helianthus Annuus Seed); bekannte Pflegestoffe, um den nat\u00fcrlichen Feuchtigkeitsverlust aufzuhalten und die nat\u00fcrliche Feuchtigkeitsbarriere der Haut zu bewahren, damit sie glatt, geschmeidig und strahlend wirkt.<br \/>\n<\/div><\/div>\n<div class=\"su-spoiler su-spoiler-style-simple su-spoiler-icon-plus su-spoiler-closed\" data-scroll-offset=\"0\" data-anchor-in-url=\"no\"><div class=\"su-spoiler-title\" tabindex=\"0\" role=\"button\"><span class=\"su-spoiler-icon\"><\/span>H\u00c4UFIG GESTELLTE FRAGEN<\/div><div class=\"su-spoiler-content su-u-clearfix su-u-trim\">\n<strong>Warum sch\u00e4umt Nu Skin 180 Gesichtsreinigung nicht so stark wie typische Reinigungsmittel?<\/strong><br \/>\nNu Skin 180 Gesichtsreinigung verwendet eine wasserfreie Formel mit frei flie\u00dfendem Vitamin C, um die Wirksamkeit von Vitamin C zu erhalten. Daher sch\u00e4umt diese wasserfreie Formel weniger als andere Reinigungsmittel.<\/p>\n<p><strong>Kann ich Nu Skin 180 Gesichtsreinigung ohne die anderen Produkte des Nu Skin 180\u00b0 Systems verwenden?<\/strong><br \/>\nJa. Nu Skin 180 Gesichtsreinigung ist ein gro\u00dfartiges Reinigungsmittel f\u00fcr alle, die sich eine frische, lebendige Haut w\u00fcnschen.<\/p>\n<p><strong>Kann ich Nu Skin 180 Gesichtswasser trotzdem mit Wasser verwenden?<\/strong><br \/>\nJa, aber sch\u00e4umen Sie es nicht zuerst in den H\u00e4nden ein, denn dadurch wird das aktive Vitamin C freigesetzt, bevor es das Gesicht erreicht, was die Wirksamkeit verringert.<br \/>\n<\/div><\/div>\n<div class=\"su-spoiler su-spoiler-style-simple su-spoiler-icon-plus su-spoiler-closed\" data-scroll-offset=\"0\" data-anchor-in-url=\"no\"><div class=\"su-spoiler-title\" tabindex=\"0\" role=\"button\"><span class=\"su-spoiler-icon\"><\/span>EXPERIMENTE<\/div><div class=\"su-spoiler-content su-u-clearfix su-u-trim\">\n<div class=\"su-youtube su-u-responsive-media-yes\"><iframe loading=\"lazy\" width=\"600\" height=\"400\" src=\"https:\/\/www.youtube.com\/embed\/w5ZQCwzlI6c?autoplay=1\" frameborder=\"0\" allowfullscreen allow=\"autoplay; encrypted-media; picture-in-picture\" title=\"Nu Skin 180 Gesichtswasser | Nu Skin 180 Gesichtsreinigung\"><\/iframe><\/div>\n<\/div><\/div>\n","protected":false},"excerpt":{"rendered":"<p><strong>Nu Skin 180 Gesichtswasser:<\/strong><br \/>\n<select style=\"width: 100%;\" name=\"menu1\" onchange=\"location = this.value;\"><option>W\u00e4hlen Sie Ihr Land . . .<\/option><option value=\"\"><\/option><option value=\"https:\/\/www.nuskin.com\/content\/nuskin\/nl_BE\/personal-offer.html?userId=BE3316065&amp;pitchId=-LkUkJ7ssu0h6OBQ404K\">\ud83c\udde7\ud83c\uddea Belgi\u00eb<\/option><option value=\"https:\/\/www.nuskin.com\/content\/nuskin\/cs_CZ\/personal-offer.html?userId=BE3316065&amp;pitchId=-LkUkJ7ssu0h6OBQ404K\">\ud83c\udde8\ud83c\uddff \u010cesk\u00e1 Republika<\/option><option value=\"https:\/\/www.nuskin.com\/content\/nuskin\/da_DK\/personal-offer.html?userId=BE3316065&amp;pitchId=-LkUkJ7ssu0h6OBQ404K\">\ud83c\udde9\ud83c\uddf0 Danmark<\/option><option value=\"https:\/\/www.nuskin.com\/content\/nuskin\/de_DE\/personal-offer.html?userId=BE3316065&amp;pitchId=-LkUkJ7ssu0h6OBQ404K\">\ud83c\udde9\ud83c\uddea Deutschland<\/option><option value=\"https:\/\/www.nuskin.com\/content\/nuskin\/es_ES\/personal-offer.html?userId=BE3316065&amp;pitchId=-LkUkJ7ssu0h6OBQ404K\">\ud83c\uddea\ud83c\uddf8 Espa\u00f1a<\/option><option value=\"https:\/\/www.nuskin.com\/content\/nuskin\/fr_FR\/personal-offer.html?userId=BE3316065&amp;pitchId=-LkUkJ7ssu0h6OBQ404K\">\ud83c\uddeb\ud83c\uddf7 France<\/option><option value=\"https:\/\/www.nuskin.com\/content\/nuskin\/en_IE\/personal-offer.html?userId=BE3316065&amp;pitchId=-LkUkJ7ssu0h6OBQ404K\">\ud83c\uddee\ud83c\uddea Ireland<\/option><option value=\"https:\/\/www.nuskin.com\/content\/nuskin\/en_IS\/personal-offer.html?userId=BE3316065&amp;pitchId=-LkUkJ7ssu0h6OBQ404K\">\ud83c\uddee\ud83c\uddf8 \u00cdsland<\/option><option value=\"https:\/\/www.nuskin.com\/content\/nuskin\/it_IT\/personal-offer.html?userId=BE3316065&amp;pitchId=-LkUkJ7ssu0h6OBQ404K\">\ud83c\uddee\ud83c\uddf9 Italia<\/option><option value=\"https:\/\/www.nuskin.com\/content\/nuskin\/fr_LU\/personal-offer.html?userId=BE3316065&amp;pitchId=-LkUkJ7ssu0h6OBQ404K\">\ud83c\uddf1\ud83c\uddfa L\u00ebtzebuerg<\/option><option value=\"https:\/\/www.nuskin.com\/content\/nuskin\/hu_HU\/personal-offer.html?userId=BE3316065&amp;pitchId=-LkUkJ7ssu0h6OBQ404K\">\ud83c\udded\ud83c\uddfa Magyarorsz\u00e1g<\/option><option value=\"https:\/\/www.nuskin.com\/content\/nuskin\/nl_NL\/personal-offer.html?userId=BE3316065&amp;pitchId=-LkUkJ7ssu0h6OBQ404K\">\ud83c\uddf3\ud83c\uddf1 Netherlands<\/option><option value=\"https:\/\/www.nuskin.com\/content\/nuskin\/no_NO\/personal-offer.html?userId=BE3316065&amp;pitchId=-LkUkJ7ssu0h6OBQ404K\">\ud83c\uddf3\ud83c\uddf4 Norge<\/option><option value=\"https:\/\/www.nuskin.com\/content\/nuskin\/de_AT\/personal-offer.html?userId=BE3316065&amp;pitchId=-LkUkJ7ssu0h6OBQ404K\">\ud83c\udde6\ud83c\uddf9 \u00d6sterreich<\/option><option value=\"https:\/\/www.nuskin.com\/content\/nuskin\/pl_PL\/personal-offer.html?userId=BE3316065&amp;pitchId=-LkUkJ7ssu0h6OBQ404K\">\ud83c\uddf5\ud83c\uddf1 Polska<\/option><option value=\"https:\/\/www.nuskin.com\/content\/nuskin\/pt_PT\/personal-offer.html?userId=BE3316065&amp;pitchId=-LkUkJ7ssu0h6OBQ404K\">\ud83c\uddf5\ud83c\uddf9 Portugal<\/option><option value=\"https:\/\/www.nuskin.com\/content\/nuskin\/ro_RO\/personal-offer.html?userId=BE3316065&amp;pitchId=-LkUkJ7ssu0h6OBQ404K\">\ud83c\uddf7\ud83c\uddf4 Rom\u00e2nia<\/option><option value=\"https:\/\/www.nuskin.com\/content\/nuskin\/de_CH\/personal-offer.html?userId=BE3316065&amp;pitchId=-LkUkJ7ssu0h6OBQ404K\">\ud83c\udde8\ud83c\udded Schweiz<\/option><option value=\"https:\/\/www.nuskin.com\/content\/nuskin\/sk_SK\/personal-offer.html?userId=BE3316065&amp;pitchId=-LkUkJ7ssu0h6OBQ404K\">\ud83c\uddf8\ud83c\uddf0 Slovensko<\/option><option value=\"https:\/\/www.nuskin.com\/content\/nuskin\/fi_FI\/personal-offer.html?userId=BE3316065&amp;pitchId=-LkUkJ7ssu0h6OBQ404K\">\ud83c\uddeb\ud83c\uddee Suomi<\/option><option value=\"https:\/\/www.nuskin.com\/content\/nuskin\/sv_SE\/personal-offer.html?userId=BE3316065&amp;pitchId=-LkUkJ7ssu0h6OBQ404K\">\ud83c\uddf8\ud83c\uddea Sverige<\/option><option value=\"http:\/\/nskn.co\/TsSL8D\">\ud83c\uddec\ud83c\udde7 United Kingdom<\/option><option value=\"\"><\/option><option value=\"https:\/\/nskn.co\/rkl3AA\">\ud83c\uddee\ud83c\uddf1 Israel<\/option><option value=\"http:\/\/nskn.co\/WVHdzM\">\ud83c\uddff\ud83c\udde6 South Africa<\/option><option value=\"\"><\/option><option value=\"https:\/\/nskn.co\/cwpRzi\">\ud83c\uddfa\ud83c\uddf8 United States<\/option><option value=\"https:\/\/nskn.co\/605qBg\">\ud83c\udde8\ud83c\udde6 Canada (NEW)<\/option><option value=\"https:\/\/nskn.co\/BLH60X\">\ud83c\uddf2\ud83c\uddfd M\u00e9xico<\/option><option value=\"\"><\/option><option value=\"https:\/\/nskn.co\/7P9Uba\">\ud83c\udde6\ud83c\uddf7 Argentina<\/option><option value=\"https:\/\/nskn.co\/6Wy8ny\">\ud83c\udde8\ud83c\uddf1 Chile<\/option><option value=\"https:\/\/nskn.co\/sVHV4t\">\ud83c\udde8\ud83c\uddf4 Colombia<\/option><option value=\"https:\/\/nskn.co\/gI6JR2\">\ud83c\uddf5\ud83c\uddea Per\u00fa<\/option><option value=\"\"><\/option><option value=\"https:\/\/nskn.co\/CkUnKp\">\ud83c\udde6\ud83c\uddfa Australia<\/option><option value=\"https:\/\/nskn.co\/Q9ZKQJ\">\ud83c\uddf3\ud83c\uddff New Zealand<\/option><option value=\"\"><\/option><option value=\"https:\/\/nskn.co\/9E1vIG\">\ud83c\udded\ud83c\uddf0 Hong Kong (\u9999\u6e2f)<\/option><option value=\"https:\/\/nskn.co\/S3YJIx\">\ud83c\uddf8\ud83c\uddec Singapore<\/option><option value=\"\"><\/option><\/select><\/p>\n[sc name=\"new_info_german\" ][\/sc]\n<p>Nu <a style=\"text-decoration: none; cursor: text; color: #402d25; font-weight: normal;\" href=\"https:\/\/en.wikipedia.org\/wiki\/Skin\" target=\"_blank\" rel=\"noopener\">Skin<\/a> <a style=\"text-decoration: none; cursor: text; color: #402d25; font-weight: normal;\" href=\"https:\/\/urbanbeautyonline.com\/de\/nuskin\/nu-skin-180-gesichtswasser\/\" target=\"_blank\" rel=\"noopener\">180 Face Wash<\/a> ist ein t\u00e4gliches Reinigungsprodukt, das deine Haut mit wertvollen Anti-Aging-Wirkstoffen versorgt. Dank seinem hohen Anteil von 10% aktivem und schnell einziehendem Vitamin C, bek\u00e4mpft es gezielt Altersflecken und Hautverf\u00e4rbungen, strafft die Haut und mildert F\u00e4ltchen. Mit diesem Reinigungsprodukt wird dein Teint frisch und jugendlich aussehen.<\/p>\n","protected":false},"featured_media":343,"comment_status":"open","ping_status":"closed","template":"","meta":[],"product_cat":[29],"product_tag":[],"class_list":["post-338","product","type-product","status-publish","has-post-thumbnail","hentry","product_cat-180-system"],"_links":{"self":[{"href":"https:\/\/urbanbeautyonline.com\/de\/wp-json\/wp\/v2\/product\/338","targetHints":{"allow":["GET"]}}],"collection":[{"href":"https:\/\/urbanbeautyonline.com\/de\/wp-json\/wp\/v2\/product"}],"about":[{"href":"https:\/\/urbanbeautyonline.com\/de\/wp-json\/wp\/v2\/types\/product"}],"replies":[{"embeddable":true,"href":"https:\/\/urbanbeautyonline.com\/de\/wp-json\/wp\/v2\/comments?post=338"}],"wp:featuredmedia":[{"embeddable":true,"href":"https:\/\/urbanbeautyonline.com\/de\/wp-json\/wp\/v2\/media\/343"}],"wp:attachment":[{"href":"https:\/\/urbanbeautyonline.com\/de\/wp-json\/wp\/v2\/media?parent=338"}],"wp:term":[{"taxonomy":"product_cat","embeddable":true,"href":"https:\/\/urbanbeautyonline.com\/de\/wp-json\/wp\/v2\/product_cat?post=338"},{"taxonomy":"product_tag","embeddable":true,"href":"https:\/\/urbanbeautyonline.com\/de\/wp-json\/wp\/v2\/product_tag?post=338"}],"curies":[{"name":"wp","href":"https:\/\/api.w.org\/{rel}","templated":true}]}}