{"id":35,"date":"2022-10-14T16:21:33","date_gmt":"2022-10-14T16:21:33","guid":{"rendered":"https:\/\/urbanbeautyonline.com\/de\/?post_type=product&#038;p=35"},"modified":"2023-01-04T11:32:11","modified_gmt":"2023-01-04T11:32:11","slug":"ageloc-lumispa-io-system","status":"publish","type":"product","link":"https:\/\/urbanbeautyonline.com\/de\/nuskin\/ageloc-lumispa-io-system\/","title":{"rendered":"ageLOC Lumispa iO System"},"content":{"rendered":"<h3>ageLOC Lumispa iO System<\/h3>\n<div class=\"su-spoiler su-spoiler-style-simple su-spoiler-icon-plus su-spoiler-closed\" data-scroll-offset=\"0\" data-anchor-in-url=\"no\"><div class=\"su-spoiler-title\" tabindex=\"0\" role=\"button\"><span class=\"su-spoiler-icon\"><\/span>VORTEILE<\/div><div class=\"su-spoiler-content su-u-clearfix su-u-trim\">\n<ul>\n<li>Sieben klinisch erwiesene Wirkungen im Gesicht: gr\u00fcndliche Reinigung, geschmeidige, glatte, strahlende Haut, verfeinerte Poren, ein reines und erfrischtes Hautgef\u00fchl.<\/li>\n<li>Liefert unmittelbare Vorteile: Schon nach einer Anwendung f\u00fchlt sich die Haut weicher und glatter an.<\/li>\n<li>Sanft genug, um zweimal t\u00e4glich im Gesicht angewendet zu werden.<\/li>\n<li>Hilft dir, alle Pflegevorteile der im Anschluss angewendeten Produkte deiner Hautpflegeroutine optimal auszusch\u00f6pfen.<\/li>\n<li>ageLOC LumiSpa Activating Cleanser wurden f\u00fcr verschiedene Hauttypen entwickelt: trockene, normale bis Mischhaut, fettige, empfindliche oder zu Unreinheiten neigende Haut.<\/li>\n<li>Diese Wirkungen verst\u00e4rken sich langfristig bei regelm\u00e4\u00dfiger Anwendung zweimal t\u00e4glich f\u00fcr jeweils zwei Minuten.<\/li>\n<li>F\u00f6rdert die Hauterneuerung, ohne das nat\u00fcrliche Mikrobiom der Haut zu belasten.<\/li>\n<\/ul>\n<\/div><\/div>\n<div class=\"su-spoiler su-spoiler-style-simple su-spoiler-icon-plus su-spoiler-closed\" data-scroll-offset=\"0\" data-anchor-in-url=\"no\"><div class=\"su-spoiler-title\" tabindex=\"0\" role=\"button\"><span class=\"su-spoiler-icon\"><\/span>GER\u00c4TEEIGENSCHAFTEN<\/div><div class=\"su-spoiler-content su-u-clearfix su-u-trim\">\n<ul>\n<li>Smartes, wiederaufladbares, handliches, pers\u00f6nliches Hautpflegeger\u00e4t, das mit der Nu Skin Vera App per Bluetooth verbunden ist. Die App ist erh\u00e4ltlich im App Store und Play Store.<\/li>\n<li>Die Silikonaufs\u00e4tze sind auf verschiedene Hauttypen ausgerichtet, k\u00f6nnen jedoch je nach individuellen Vorlieben angepasst werden.<\/li>\n<li>Intelligente Ger\u00e4tesensoren erkennen, ob der Accent- Aufsatz oder einer der Silikonaufs\u00e4tze aufgesteckt wurden, und melden dir, wenn der Zeitpunkt zum Austausch gekommen ist.<\/li>\n<li>Drei Silikonaufs\u00e4tze: sanft, normal und hart. Diese weichen, nicht-kratzenden Silikonoberfl\u00e4chen sind hygienischer als markt\u00fcbliche B\u00fcrsten. Ihr ausgereiftes Design gew\u00e4hrleistet eine maximale Wirkung der Produkte und macht die Haut empf\u00e4nglicher f\u00fcr Produkte, die im Anschluss aufgetragen werden.<\/li>\n<li>Das Ger\u00e4t f\u00fchrt dich durch die Anwendung, sodass du es stets richtig bewegst und den optimalen Druck anwendest.<\/li>\n<\/ul>\n<\/div><\/div>\n<div class=\"su-spoiler su-spoiler-style-simple su-spoiler-icon-plus su-spoiler-closed\" data-scroll-offset=\"0\" data-anchor-in-url=\"no\"><div class=\"su-spoiler-title\" tabindex=\"0\" role=\"button\"><span class=\"su-spoiler-icon\"><\/span>EIGENSCHAFTEN DER NU SKIN VERA APP<\/div><div class=\"su-spoiler-content su-u-clearfix su-u-trim\">\n<ul>\n<li>Die synchronisierten Hautpflegeroutinen in LumiSpa iO und Bildanleitungen f\u00fchren dich durch jeden Schritt zu jugendlich aussehender Haut.<\/li>\n<li>Mit der App sendest du individuelle LumiSpa iO Hautpflege-Routinen von deinem Mobiltelefon auf dein Ger\u00e4t und speicherst sie. Oder du erstellst deine eigene LumiSpa Hautpflege-Routine, indem du die Zeit und Gesichtspartien anpasst.<\/li>\n<li>Die intelligenten Sensoren und eine verbundene App geben dir R\u00fcckmeldung zum ausge\u00fcbten Druck und den Bewegungen deiner Anwendung.<\/li>\n<li>Lass dir auf dich abgestimmte Produkte empfehlen, mit denen du deinen pers\u00f6nlichen Hauptpflegezielen n\u00e4her kommst.<\/li>\n<li>Nutzungstrends, Einblicke und Auszeichnungen halten deine Motivation aufrecht und sorgen daf\u00fcr, dass du am Ball bleibst.<\/li>\n<li>Protokolliere die Fortschritte deiner Haut \u2013 schnelle Ergebnisse im Wochenvergleich und mit tagesaktuellen Werten innerhalb deiner Selfie-Timeline.<\/li>\n<li>Bequeme Nachbestellungen, sodass dein Lieblings- Silikonaufsatz und Activating Cleanser immer zur Hand sind.<\/li>\n<li>Profitiere von einer laufenden Optimierung durch App- Updates und Firmware-Updates des Ger\u00e4tes.<\/li>\n<\/ul>\n<\/div><\/div>\n<div class=\"su-spoiler su-spoiler-style-simple su-spoiler-icon-plus su-spoiler-closed\" data-scroll-offset=\"0\" data-anchor-in-url=\"no\"><div class=\"su-spoiler-title\" tabindex=\"0\" role=\"button\"><span class=\"su-spoiler-icon\"><\/span>KLINISCHE ERGEBNISSE<\/div><div class=\"su-spoiler-content su-u-clearfix su-u-trim\">\n<strong>In einer 12-w\u00f6chigen klinischen Studie beobachteten klinische Expert*innen bei Nutzerinnen von ageLOC LumiSpa folgende Hautverbesserungen:<\/strong><\/p>\n<ol>\n<li>Reinheit<\/li>\n<li>Frische<\/li>\n<li>Gr\u00fcndliche Reinigung<\/li>\n<li>Strahlender Teint<\/li>\n<li>Weiche Haut (nach einer Anwendung)<\/li>\n<li>Geschmeidigkeit (nach einer Anwendung)<\/li>\n<li>Verfeinerte Poren<\/li>\n<\/ol>\n<p><strong>In derselben Studie wurde nach 12 Wochen Folgendes beobachtet:<\/strong><br \/>\n<span class=\"clinicals\">100 %<\/span> der Anwenderinnen hatten eine weichere, geschmeidigere Haut*<br \/>\n<span class=\"clinicals\">100 %<\/span> der Anwenderinnen hatten eine sichtbar reinere Haut*<br \/>\n<span class=\"clinicals\">62 %<\/span> eine strahlendere Haut**<br \/>\n<span class=\"clinicals\">53 % bis 62 %<\/span> der Anwenderinnen hatten ein feineres Hautbild***<\/p>\n<p>*\/**\/***Ergebnisse einer professionellen Bewertung durch Dritte, basierend auf einer 12-w\u00f6chigen In-vivo-Anwenderstudie mit 150 Probandinnen im Alter zwischen 35 und 65 Jahren und unterschiedlichen Hauttypen. Alle Probandinnen wurden gebeten, 12 Wochen lang morgens und abends anstelle ihres normalen Gesichtsreinigers das LumiSpa System entsprechend ihrem Hauttyp zu verwenden.<br \/>\nDie oben aufgef\u00fchrten Ergebnisse beziehen sich auf:<\/p>\n<p>*Den Anteil der Probandinnen, deren Haut sich nach Beobachtungen klinischer Expert*innen am Ende des Untersuchungszeitraums sichtbar verbessert hatte (s\u00e4mtliche Kombinationen von Hauttypen\/LumiSpa Cleansern\/Silikonaufs\u00e4tzen).<\/p>\n<p>**Beobachtungen der klinischen Expert*innen nach 12 Wochen. Die Probandinnen sollten ageLOC LumiSpa mit sanftem Silikonaufsatz und Cleanser f\u00fcr empfindliche Haut, mit normalem Aufsatz und Cleanser f\u00fcr normale bis Mischhaut sowie mit hartem Aufsatz und Cleanser f\u00fcr fettige Haut verwenden.<\/p>\n<p>***Beobachtungen der klinischen Expert*innen an der Gesichtshaut nach der zweimal t\u00e4glichen Verwendung eines der 3 folgenden Systeme f\u00fcr 12 Wochen: normale bis Mischhaut\/normaler Aufsatz, trockene Haut\/normaler Aufsatz, fettige Haut\/harter Aufsatz.<br \/>\nDer folgende Prozentwert gibt den Anteil der Probandinnen wieder, bei dem die klinischen Expert*innen eine Verbesserung durch die Kombination von Activating Cleanser und Silikonaufsatz beobachteten:<\/p>\n<p><strong>Normale bis Mischhaut + normaler Aufsatz: <span class=\"clinicals\">53,6 % <\/span><br \/>\nFettige Haut + harter Aufsatz: <span class=\"clinicals\">56,5 %<\/span><br \/>\nTrockene Haut + normaler Aufsatz: <span class=\"clinicals\">62,1 %<\/span><\/strong><br \/>\n<\/div><\/div>\n<div class=\"su-spoiler su-spoiler-style-simple su-spoiler-icon-plus su-spoiler-closed\" data-scroll-offset=\"0\" data-anchor-in-url=\"no\"><div class=\"su-spoiler-title\" tabindex=\"0\" role=\"button\"><span class=\"su-spoiler-icon\"><\/span>ANWENDUNG<\/div><div class=\"su-spoiler-content su-u-clearfix su-u-trim\">\nVerwende das ageLOC LumiSpa iO System morgens und abends zur Reinigung. Befeuchte dein Gesicht mit lauwarmem Wasser und gib dann eine gro\u00dfz\u00fcgige Menge (mehr als eine Mandelgr\u00f6\u00dfe) LumiSpa Activating Cleanser auf deine Hand. Gleichm\u00e4\u00dfig \u00fcbers Gesicht verteilen und dann die Haut mit deinem LumiSpa iO zwei Minuten lang reinigen. Zum Abschluss tr\u00e4gst du einen Toner deiner Wahl, ein Serum oder ein anderes gezieltes Hautpflegeprodukt und eine Feuchtigkeitspflege auf.<br \/>\n<\/div><\/div>\n<div class=\"su-spoiler su-spoiler-style-simple su-spoiler-icon-plus su-spoiler-closed\" data-scroll-offset=\"0\" data-anchor-in-url=\"no\"><div class=\"su-spoiler-title\" tabindex=\"0\" role=\"button\"><span class=\"su-spoiler-icon\"><\/span>DAS K\u00d6NNTE DIR AUCH GEFALLEN<\/div><div class=\"su-spoiler-content su-u-clearfix su-u-trim\">\n<ol>\n<li>ageLOC LumiSpa iO Accent und IdealEyes<\/li>\n<li>ageLOC Boost<\/li>\n<li>ageLOC Galvanic Spa<\/li>\n<li>Tru Face Line Corrector<\/li>\n<li>ageLOC Tru Face Essence Ultra<\/li>\n<li>Nutricentials Bioadaptive Skin Care<\/li>\n<\/ol>\n<\/div><\/div>\n<div class=\"su-spoiler su-spoiler-style-simple su-spoiler-icon-plus su-spoiler-closed\" data-scroll-offset=\"0\" data-anchor-in-url=\"no\"><div class=\"su-spoiler-title\" tabindex=\"0\" role=\"button\"><span class=\"su-spoiler-icon\"><\/span>MEHR ERFAHREN<\/div><div class=\"su-spoiler-content su-u-clearfix su-u-trim\">\n<strong>F\u00dcR WEN EIGNET SICH DAS AGELOC LUMISPA iO SYSTEM?<\/strong><br \/>\nDas ageLOC LumiSpa iO System eignet sich f\u00fcr alle Erwachsenen, die ihrer Haut etwas Gutes tun m\u00f6chten und nach M\u00f6glichkeiten suchen, die sichtbaren Zeichen der Hautalterung zu minimieren oder eine jugendlich aussehende Haut zu bewahren und zu f\u00f6rdern.<\/p>\n<p><strong>WIE H\u00c4UFIG SOLL ICH DAS AGELOC LUMISPA iO SYSTEM VERWENDEN?<\/strong><br \/>\nDas ageLOC LumiSpa iO System ist ein Hautpflegesystem, das zweimal t\u00e4glich angewendet wird und in dein morgendliches und abendliches Hautpflegeprogramm integriert werden sollte.<\/p>\n<p><strong>WIE LANGE SOLL ICH DAS AGELOC LUMISPA iO SYSTEM ANWENDEN?<\/strong><br \/>\nNutze das ageLOC LumiSpa iO System im Rahmen deines t\u00e4glichen Pflegeprogramms morgens und abends jeweils 2 Minuten lang (30 Sekunden auf jeder der 4 Gesichtspartien \u2013 der 30-Sekunden-Z\u00e4hler wird durch 4 geschwungene Linien auf der R\u00fcckseite des Ger\u00e4tekopfes angezeigt). Durch die Verbindung zu Nu Skin Vera ist es m\u00f6glich, den Bereich und die Dauer deiner Hautpflegeroutine individuell anzupassen. Um die Pflegevorteile des LumiSpa iO Systems f\u00fcr die Haut voll auszusch\u00f6pfen, empfehlen wir jedoch das LumiSpa iO System zweimal t\u00e4glich 2 Minuten lang zu verwenden.<\/p>\n<p><strong>WAS MACHT AGELOC LUMISPA iO SO EINZIGARTIG?<\/strong><br \/>\nDas ageLOC LumiSpa iO System ist ein vielseitiges Hautpflegesystem, das \u00fcber die Reinigung hinaus eine ganze Reihe an Vorteilen f\u00fcr die Haut liefert. ageLOC LumiSpa iO Ger\u00e4t ist mit einem weichen, hygienischen Silikonaufsatz ausgestattet, der sich in der Regel erheblich leichter als die markt\u00fcblichen B\u00fcrstenaufs\u00e4tze reinigen l\u00e4sst.<\/p>\n<p>Mithilfe seiner exklusiven 2-Sense-Motion-Technologie sorgt das System bei der Verwendung mit den ageLOC LumiSpa Activating Cleansern f\u00fcr eine gr\u00fcndliche Reinigung und liefert 7 erstaunliche Vorteile f\u00fcr die Haut.<\/p>\n<p>Doch das ist noch nicht alles \u2013 ageLOC LumiSpa iO Ger\u00e4t verbindet sich mit der Nu Skin Vera App, um dein Hautpflegeprogramm mit individuellen Hautpflege-Routinen, intelligentem Coaching, Auszeichnungen und einer Selfie-Timeline zu optimieren.<\/p>\n<p><strong>D\u00dcRFEN SCHWANGERE DAS AGELOC LUMISPA iO SYSTEM VERWENDEN?<\/strong><br \/>\nDas ageLOC LumiSpa iO System kann zwar unter normalen und angemessen vorhersehbaren Nutzungsbedingungen gefahrlos von jeder Person verwendet werden, ist jedoch nicht speziell f\u00fcr schwangere Frauen bestimmt. Frauen, die das ageLOC LumiSpa iO System w\u00e4hrend der Schwangerschaft verwenden m\u00f6chten oder Fragen haben, sollten sich \u00e4rztlichen Rat holen.<\/p>\n<p><strong>D\u00dcRFEN TEENAGER DAS AGELOC LUMISPA iO SYSTEM VERWENDEN?<\/strong><br \/>\nDas ageLOC LumiSpa iO System wurde f\u00fcr alle Erwachsenen entwickelt, die ihrer Haut etwas Gutes tun m\u00f6chten und nach M\u00f6glichkeiten suchen, die sichtbaren Zeichen der Hautalterung zu minimieren oder eine jugendlich aussehende Haut zu bewahren und zu f\u00f6rdern. Jugendliche \u00fcber 16 Jahre d\u00fcrfen das Ger\u00e4t benutzen, vorausgesetzt, sie werden dabei beaufsichtigt oder haben eine Einweisung f\u00fcr die sichere Handhabung des Ger\u00e4ts erhalten und verstehen die damit verbundenen Gefahren.<\/p>\n<p><strong>DARF ICH DAS AGELOC LUMISPA iO SYSTEM VERWENDEN, WENN ICH HAUTERKRANKUNGEN, WIE Z. B. EKZEME, SCHUPPENFLECHTE, ROSAZEA USW., HABE?<\/strong><br \/>\nDas ageLOC LumiSpa iO System ist nur f\u00fcr die Verwendung auf gesunder, unverletzter Haut bestimmt. Wenn du eine Hauterkrankung oder Bedenken hast, wenn du unsicher bist oder von einer Hauterkrankung wei\u00dft, hol dir vor der Verwendung des ageLOC LumiSpa iO Systems \u00e4rztlichen Rat ein.<\/p>\n<p><strong>KANN ICH DAS AGELOC LUMISPA iO SYSTEM VERWENDEN, WENN ICH NARBEN IM GESICHT HABE?<\/strong><br \/>\nDas ageLOC LumiSpa iO System sollte nicht auf entz\u00fcndeten oder offenen Wunden verwendet werden. Solltest du eine Hauterkrankung haben, hol dir vor der Verwendung des ageLOC LumiSpa iO Systems \u00e4rztlichen Rat ein. Bitte beachte, dass das ageLOC LumiSpa iO System nicht daf\u00fcr gedacht ist, das Erscheinungsbild von Narben zu verbessern.<\/p>\n<p><strong>K\u00d6NNEN M\u00c4NNER MIT BART DAS AGELOC LUMISPA iO SYSTEM VERWENDEN?<\/strong><br \/>\nJa, selbstverst\u00e4ndlich k\u00f6nnen M\u00e4nner das ageLOC LumiSpa iO System verwenden. Die exklusive Two-Sense-Motion wurde so entwickelt, dass der Silikonaufsatz nicht an B\u00e4rten zieht.<\/p>\n<p><strong>WIE LANGE H\u00c4LT EINE VOLLE AKKULADUNG DES AGELOC LUMISPA iO SYSTEMS?<\/strong><br \/>\nDas ageLOC LumiSpa iO System wurde so entwickelt, dass es bei normalem Gebrauch nur alle 7\u201310 Tage aufgeladen werden muss.<\/p>\n<p><strong>IST ES BESSER, DAS AGELOC LUMISPA iO GER\u00c4T NACH JEDER ANWENDUNG ZU LADEN, ODER SOLL ICH BESSER WARTEN, BIS DER AKKU LEER IST?<\/strong><br \/>\nF\u00fcr eine optimale Lebensdauer des Akkus empfehlen wir, das Ger\u00e4t erst zu laden, wenn der Akkustand niedrig ist. Wir empfehlen auch, das Ger\u00e4t nicht mehrere Monate ungenutzt aufzubewahren.<\/p>\n<p><strong>WELCHE GARANTIE GILT F\u00dcR DAS AGELOC LUMISPA IO GER\u00c4T?<\/strong><br \/>\nF\u00fcr das ageLOC LumiSpa iO Ger\u00e4t gilt eine Garantie von mindestens 2 Jahren. Eine von Nu Skin angebotene gewerbliche Garantie hat keinen Einfluss auf deine gesetzlichen Rechte als Verbraucher* in bei Produktfehlern gem\u00e4\u00df den gesetzlichen Bestimmungen deines Landes. Zu Garantieausk\u00fcnften in deinem Land wende dich bitte an deine*n Ansprechpartner*in in deinem Markt.<\/p>\n<p><strong>KANN SICH DIE KONNEKTIVIT\u00c4TSFUNKTION DES AGELOC LUMISPA iO SCH\u00c4DLICH AUF MEIN GEHIRN ODER MEINEN K\u00d6RPER AUSWIRKEN?<\/strong><br \/>\nDie Konnektivit\u00e4tsfunktionen im ageLOC LumiSpa iO Ger\u00e4t senden Niederfrequenzwellen aus. Diese sind f\u00fcr Menschen unbedenklich. Sie stellen also weder f\u00fcr das Gehirn noch f\u00fcr den K\u00f6rper eine Gesundheitsgef\u00e4hrdung dar.<\/p>\n<\/div><\/div>\n<div class=\"su-spoiler su-spoiler-style-simple su-spoiler-icon-plus su-spoiler-closed\" data-scroll-offset=\"0\" data-anchor-in-url=\"no\"><div class=\"su-spoiler-title\" tabindex=\"0\" role=\"button\"><span class=\"su-spoiler-icon\"><\/span>NU SKIN VERA APP HERUNTERLADEN<\/div><div class=\"su-spoiler-content su-u-clearfix su-u-trim\">\n<div class=\"su-row\">\n<div class=\"su-column su-column-size-1-2\"><div class=\"su-column-inner su-u-clearfix su-u-trim\"><strong>F\u00fcr iOS-Nutzer*innen:<\/strong><br \/>\nLade die VERA App im App Store herunter oder scanne den unten abgebildeten QR-Code.scannen.<br \/>\n<img decoding=\"async\" src=\"https:\/\/i0.wp.com\/urbanbeautyonline.com\/de\/wp-content\/uploads\/2022\/10\/lumispa-io-apple.webp?resize=200%2C200&#038;ssl=1\" alt=\"ageLOC Lumispa iO System LumiSpa iO Ger\u00e4t\" width=\"200\" height=\"200\" title=\"\" data-recalc-dims=\"1\"><\/div><\/div>\n<div class=\"su-column su-column-size-1-2\"><div class=\"su-column-inner su-u-clearfix su-u-trim\"><strong>F\u00fcr Android-Nutzer*innen:<\/strong><br \/>\nLade die VERA App von Google Play herunter oder scanne den unten abgebildeten QR-Code.scannen.<br \/>\n<img decoding=\"async\" src=\"https:\/\/i0.wp.com\/urbanbeautyonline.com\/de\/wp-content\/uploads\/2022\/10\/lumispa-io-android.webp?resize=200%2C200&#038;ssl=1\" alt=\"ageLOC Lumispa iO System LumiSpa iO Ger\u00e4t\" width=\"200\" height=\"200\" title=\"\" data-recalc-dims=\"1\"><\/div><\/div>\n<\/div>\n<\/div><\/div>\n","protected":false},"excerpt":{"rendered":"<p><strong>ageLOC Lumispa iO System:<\/strong><br \/>\n<select id=\"level1\" style=\"width: 100%;\" name=\"level1\" onchange=\"showDropdown()\"><option value=\"\">Typ | Land w\u00e4hlen . . .<\/option><option value=\"\"><\/option><option value=\"LUMISPA IO NORMAL\">Normal\/Normales\/Normale<\/option><option value=\"LUMISPA IO SENSITIVE\">Sensitive\/Sensibles\/Empfindliche<\/option><option value=\"LUMISPA IO OILY\">Oily\/Grasses\/Fettige<\/option><option value=\"LUMISPA IO DRY\">Dry\/S\u00e8ches\/Trockene<\/option><option value=\"LUMISPA IO BLEMISH\">Blemish\/R\u00e9actives\/Unreinheiten<\/option><\/select><\/p>\n<p><select id=\"level2\" style=\"width: 100%; display: none;\" name=\"level2\" onchange=\"showDropdown()\"><br \/>\n<\/select><\/p>\n[sc name=\"new_info_german\" ][\/sc]\n<p><a style=\"text-decoration: none;\" href=\"https:\/\/en.wiktionary.org\/wiki\/das\" target=\"_blank\" rel=\"noopener\">Das<\/a> <a style=\"text-decoration: none;\" href=\"https:\/\/urbanbeautyonline.com\/de\/nuskin\/ageloc-lumispa-io-system\/\" target=\"_blank\" rel=\"noopener\"><strong>ageLOC LumiSpa iO System<\/strong><\/a> &#8211; ein innovatives System f\u00fcr gr\u00fcndliche Reinigung, Peeling und Hauterneuerung mit intelligenter Benutzerf\u00fchrung, personalisierten Hautpflegeroutinen, IoT-Technologie \u2013 und mehr \u2013 \u00fcber die Nu Skin Vera App. In nur zwei Minuten, zweimal t\u00e4glich, profitierst du von mehreren klinisch erwiesenen Vorteilen f\u00fcr die Haut. Eine super-smarte Hautpflege f\u00fcr super-effektive Ergebnisse.<\/p>\n<p>Das ageLOC LumiSpa iO System liefert klinisch erwiesene Reinigungseffekte und Vorteile f\u00fcr die Haut, ohne ihr nat\u00fcrliches Mikrobiom zu st\u00f6ren.<\/p>\n[sc name=\"below-buy-now-button-german\" ][\/sc]\n","protected":false},"featured_media":266,"comment_status":"open","ping_status":"closed","template":"","meta":[],"product_cat":[17],"product_tag":[],"class_list":["post-35","product","type-product","status-publish","has-post-thumbnail","hentry","product_cat-ageloc-lumispa-io"],"_links":{"self":[{"href":"https:\/\/urbanbeautyonline.com\/de\/wp-json\/wp\/v2\/product\/35","targetHints":{"allow":["GET"]}}],"collection":[{"href":"https:\/\/urbanbeautyonline.com\/de\/wp-json\/wp\/v2\/product"}],"about":[{"href":"https:\/\/urbanbeautyonline.com\/de\/wp-json\/wp\/v2\/types\/product"}],"replies":[{"embeddable":true,"href":"https:\/\/urbanbeautyonline.com\/de\/wp-json\/wp\/v2\/comments?post=35"}],"wp:featuredmedia":[{"embeddable":true,"href":"https:\/\/urbanbeautyonline.com\/de\/wp-json\/wp\/v2\/media\/266"}],"wp:attachment":[{"href":"https:\/\/urbanbeautyonline.com\/de\/wp-json\/wp\/v2\/media?parent=35"}],"wp:term":[{"taxonomy":"product_cat","embeddable":true,"href":"https:\/\/urbanbeautyonline.com\/de\/wp-json\/wp\/v2\/product_cat?post=35"},{"taxonomy":"product_tag","embeddable":true,"href":"https:\/\/urbanbeautyonline.com\/de\/wp-json\/wp\/v2\/product_tag?post=35"}],"curies":[{"name":"wp","href":"https:\/\/api.w.org\/{rel}","templated":true}]}}