{"id":356,"date":"2022-11-20T20:27:53","date_gmt":"2022-11-20T20:27:53","guid":{"rendered":"https:\/\/urbanbeautyonline.com\/de\/?post_type=product&#038;p=356"},"modified":"2023-01-19T22:24:10","modified_gmt":"2023-01-19T22:24:10","slug":"dew-all-day-moisture-restore-cream","status":"publish","type":"product","link":"https:\/\/urbanbeautyonline.com\/de\/nuskin\/dew-all-day-moisture-restore-cream\/","title":{"rendered":"Dew All Day Moisture Restore Cream"},"content":{"rendered":"<h3>FEUCHTIGKEITSCREME DEW ALL DAY MOISTURE RESTORE CREAM<\/h3>\n<div class=\"su-spoiler su-spoiler-style-simple su-spoiler-icon-plus su-spoiler-closed\" data-scroll-offset=\"0\" data-anchor-in-url=\"no\"><div class=\"su-spoiler-title\" tabindex=\"0\" role=\"button\"><span class=\"su-spoiler-icon\"><\/span>VORTEILE<\/div><div class=\"su-spoiler-content su-u-clearfix su-u-trim\">\n<div class=\"su-row\">\n<div class=\"su-column su-column-size-1-3\"><div class=\"su-column-inner su-u-clearfix su-u-trim\"><center><img decoding=\"async\" width=\"50\" height=\"50\" src=\"https:\/\/i0.wp.com\/urbanbeautyonline.com\/de\/wp-content\/uploads\/2022\/11\/nutricentials-non-comedogenic-picto.png.webp?resize=50%2C50&#038;ssl=1\" alt=\"FEUCHTIGKEITSCREME DEW ALL DAY MOISTURE RESTORE CREAM\" title=\"\" data-recalc-dims=\"1\"><br \/>\nNicht komedogen<\/center><\/div><\/div>\n<div class=\"su-column su-column-size-1-3\"><div class=\"su-column-inner su-u-clearfix su-u-trim\"><center><img decoding=\"async\" width=\"50\" height=\"50\" src=\"https:\/\/i0.wp.com\/urbanbeautyonline.com\/de\/wp-content\/uploads\/2022\/11\/nutricentials-all-skin-types-picto.png.webp?resize=50%2C50&#038;ssl=1\" alt=\"FEUCHTIGKEITSCREME DEW ALL DAY MOISTURE RESTORE CREAM\" title=\"\" data-recalc-dims=\"1\"><br \/>\nF\u00fcr jeden Hauttyp geeignet<\/center><\/div><\/div>\n<div class=\"su-column su-column-size-1-3\"><div class=\"su-column-inner su-u-clearfix su-u-trim\"><center><img decoding=\"async\" width=\"50\" height=\"50\" src=\"https:\/\/i0.wp.com\/urbanbeautyonline.com\/de\/wp-content\/uploads\/2022\/11\/nutricentials-lightweight-picto.png.webp?resize=50%2C50&#038;ssl=1\" alt=\"FEUCHTIGKEITSCREME DEW ALL DAY MOISTURE RESTORE CREAM\" title=\"\" data-recalc-dims=\"1\"><br \/>\nCremige Textur<\/center><\/div><\/div>\n<\/div>\n<ul>\n<li>Verstopft die Poren nicht &#8211; nicht kommoderen.<\/li>\n<li>Unterst\u00fctzt den nat\u00fcrlichen Erholungsprozess der Haut.<\/li>\n<li>Eine saubere Formel mit unbedenklichen Inhaltsstoffen, die Sie mit gutem Gewissen auf Ihre Haut auftragen k\u00f6nnen.<\/li>\n<li>Gl\u00e4ttet, erweicht, beruhigt, n\u00e4hrt und pflegt die Haut mit einer cremigen Formel.<\/li>\n<li>Versorgt die Haut sofort mit Feuchtigkeit und spendet ihr 24 Stunden lang kontinuierlich Feuchtigkeit.<\/li>\n<li>Hilft Ihrer Haut, sich an ihre einzigartige und sich ver\u00e4ndernde Umgebung anzupassen, damit Sie sich immer von Ihrer besten Seite zeigen k\u00f6nnen.<\/li>\n<li>Hilft, die Haut vor den sch\u00e4dlichen Auswirkungen von Stress, Umweltverschmutzung und freien Radikalen zu sch\u00fctzen und ihre Widerstandsf\u00e4higkeit zu erh\u00f6hen.<\/li>\n<li>Hergestellt mit bioadaptiven Pflanzenstoffen, den so genannten Adaptogenen, die der Haut helfen, sich an ihre Umwelt anzupassen.<\/li>\n<\/ul>\n<\/div><\/div>\n<h3>FEUCHTIGKEITSCREME DEW ALL DAY MOISTURE RESTORE CREAM ANWENDUNG<\/h3>\n<div class=\"su-spoiler su-spoiler-style-simple su-spoiler-icon-plus su-spoiler-closed\" data-scroll-offset=\"0\" data-anchor-in-url=\"no\"><div class=\"su-spoiler-title\" tabindex=\"0\" role=\"button\"><span class=\"su-spoiler-icon\"><\/span>ANWENDUNG<\/div><div class=\"su-spoiler-content su-u-clearfix su-u-trim\">\nGenie\u00dfen Sie diese cremige Feuchtigkeitscreme, indem Sie eine gro\u00dfz\u00fcgige Menge auf Ihr sauberes, trockenes Gesicht und Ihren Hals einmassieren.<br \/>\n<\/div><\/div>\n<div class=\"su-spoiler su-spoiler-style-simple su-spoiler-icon-plus su-spoiler-closed\" data-scroll-offset=\"0\" data-anchor-in-url=\"no\"><div class=\"su-spoiler-title\" tabindex=\"0\" role=\"button\"><span class=\"su-spoiler-icon\"><\/span>NACHGEWIESENE ERGEBNISSE<\/div><div class=\"su-spoiler-content su-u-clearfix su-u-trim\">\nIn einer Studie eines Dritten erfuhren die Probanden nach einer einzigen Anwendung:<br \/>\n<span class=\"clinicals\"><strong>+212%<\/strong><\/span> sofortige Hydratation.<br \/>\n<span class=\"clinicals\"><strong>+139%<\/strong><\/span> Feuchtigkeitszufuhr nach 12 Stunden.<br \/>\n<span class=\"clinicals\"><strong>24<\/strong><\/span> volle Stunden kontinuierliche Hydratation.<br \/>\n<\/div><\/div>\n<div class=\"su-spoiler su-spoiler-style-simple su-spoiler-icon-plus su-spoiler-closed\" data-scroll-offset=\"0\" data-anchor-in-url=\"no\"><div class=\"su-spoiler-title\" tabindex=\"0\" role=\"button\"><span class=\"su-spoiler-icon\"><\/span>SCHON GEWUSST ...?<\/div><div class=\"su-spoiler-content su-u-clearfix su-u-trim\">\nUnsere Formel enth\u00e4lt Pistazien\u00f6l und Sheabutter, um eine geschmeidige und glatte Haut zu verleihen. Vitamin E und sein Derivat bieten zus\u00e4tzlich sch\u00fctzende Pflege bei oxidativem Stress durch belastende Umwelteinfl\u00fcsse.<\/p>\n<p><em>* Ergebnisse einer unabh\u00e4ngigen, professionellen Bewertung, die auf einer 24-st\u00fcndigen In-vivo-Studie mit 32 gesunden Teilnehmer*innen ab 18 Jahren basiert. Der Feuchtigkeitsgehalt der Haut wurde mit einem Corneometer an drei Bereichen gemessen: ein Bereich, auf den Dew All Day aufgetragen wurde, und an zwei anderen Bereichen zur positiven (Glycerin) und negativen (unbehandelt) Kontrolle.<\/em><br \/>\n<\/div><\/div>\n<h3>FEUCHTIGKEITSCREME DEW ALL DAY MOISTURE RESTORE CREAM INHALTSSTOFFE<\/h3>\n<div class=\"su-spoiler su-spoiler-style-simple su-spoiler-icon-plus su-spoiler-closed\" data-scroll-offset=\"0\" data-anchor-in-url=\"no\"><div class=\"su-spoiler-title\" tabindex=\"0\" role=\"button\"><span class=\"su-spoiler-icon\"><\/span>INHALTSSTOFFE<\/div><div class=\"su-spoiler-content su-u-clearfix su-u-trim\">\n<div class=\"su-row\">\n<div class=\"su-column su-column-size-1-2\"><div class=\"su-column-inner su-u-clearfix su-u-trim\"><center><img decoding=\"async\" width=\"80\" height=\"80\" src=\"https:\/\/i0.wp.com\/urbanbeautyonline.com\/de\/wp-content\/uploads\/2022\/11\/ingredient-bioadaptive_botanical_complex.webp?resize=80%2C80&#038;ssl=1\" alt=\"FEUCHTIGKEITSCREME DEW ALL DAY MOISTURE RESTORE CREAM\" title=\"\" data-recalc-dims=\"1\"><br \/>\n<strong>Bioadaptiver Pflanzenkomplex (Rhodiola, Maralwurzel, sibirischer Ginseng, Chaga-Pilz und Auferstehungspflanze)<\/strong><br \/>\nEine Mischung aus Pflanzenextrakten von Pflanzen, die als Adaptogene bekannt sind, die in extremen Klimazonen gedeihen und Ihrer Haut helfen k\u00f6nnen, sich von Stressfaktoren zu erholen.<\/center><\/div><\/div>\n<div class=\"su-column su-column-size-1-2\"><div class=\"su-column-inner su-u-clearfix su-u-trim\"><center><img decoding=\"async\" width=\"80\" height=\"80\" src=\"https:\/\/i0.wp.com\/urbanbeautyonline.com\/de\/wp-content\/uploads\/2022\/11\/ingredient-aloevera.webp?resize=80%2C80&#038;ssl=1\" alt=\"FEUCHTIGKEITSCREME DEW ALL DAY MOISTURE RESTORE CREAM\" title=\"\" data-recalc-dims=\"1\"><br \/>\n<strong>Aloe Vera<\/strong><br \/>\nBeruhigt die Haut, spendet Feuchtigkeit und pflegt sie.<\/center><\/div><\/div>\n<\/div>\n<div class=\"su-row\">\n<div class=\"su-column su-column-size-1-2\"><div class=\"su-column-inner su-u-clearfix su-u-trim\"><center><img decoding=\"async\" width=\"80\" height=\"80\" src=\"https:\/\/i0.wp.com\/urbanbeautyonline.com\/de\/wp-content\/uploads\/2022\/11\/ingredient-pistachio_nut_oil.webp?resize=80%2C80&#038;ssl=1\" alt=\"FEUCHTIGKEITSCREME DEW ALL DAY MOISTURE RESTORE CREAM\" title=\"\" data-recalc-dims=\"1\"><br \/>\n<strong>Pistaziennuss\u00f6l<\/strong><br \/>\nMacht die Haut geschmeidig und gl\u00e4ttet sie.<\/center><\/div><\/div>\n<div class=\"su-column su-column-size-1-2\"><div class=\"su-column-inner su-u-clearfix su-u-trim\"><center><img decoding=\"async\" width=\"80\" height=\"80\" src=\"https:\/\/i0.wp.com\/urbanbeautyonline.com\/de\/wp-content\/uploads\/2022\/11\/ingredient-Vitamin_e.webp?resize=80%2C80&#038;ssl=1\" alt=\"FEUCHTIGKEITSCREME DEW ALL DAY MOISTURE RESTORE CREAM\" title=\"\" data-recalc-dims=\"1\"><br \/>\n<strong>Vitamin E<\/strong><br \/>\nEin Antioxidans, das vor freien Radikalen sch\u00fctzt, die durch sch\u00e4dliche Umweltbelastungen entstehen.<\/center><\/div><\/div>\n<\/div>\n<p><strong>ZUTATEN:<\/strong><br \/>\nAqua, C12-15 Alkyl Benzoate, Caprylic\/Capric Triglyceride, Cetearyl Alcohol, Butylene Glycol, Butyrospermum Parkii Butter, Urea, Sodium Behenoyl Lactylate, Glyceryl Distearate, Glycerin, Glyceryl Stearate, Methyl Gluceth-10, Pistacia Vera Seed Oil, Ethylhexylglycerin, Maltodextrin, Helianthus Annuus Seed Oil, Dimethicone, Selaginella Lepidophylla Extract, Sodium PCA, Sodium Lactate, Glycine, Punica Granatum Sterols, Tocopheryl Acetate, Arginine, Aspartic Acid, PCA, Inonotus Obliquus Extract, Rhaponticum Carthamoides Root Extract, Rhodiola Rosea Extract, Alanine, Aloe Barbadensis Leaf Juice, Serine, Valine, Isoleucine, Proline, Threonine, Histidine, Phenylalanine, Hydroxyacetophenone, Tocopherol, Eleutherococcus Senticosus Root Extract, Tetrasodium Glutamate Diacetate, Sodium Hydroxide, Parfum, Phenoxyethanol, Chlorphenesin, Sodium Benzoate, Potassium Sorbate, Limonene, Hexyl Cinnamal, Linalool, Geraniol, Citronellol, Alpha-Isomethyl Ionone.<br \/>\n<\/div><\/div>\n<div class=\"su-spoiler su-spoiler-style-simple su-spoiler-icon-plus su-spoiler-closed\" data-scroll-offset=\"0\" data-anchor-in-url=\"no\"><div class=\"su-spoiler-title\" tabindex=\"0\" role=\"button\"><span class=\"su-spoiler-icon\"><\/span>H\u00c4UFIG GESTELLTE FRAGEN<\/div><div class=\"su-spoiler-content su-u-clearfix su-u-trim\">\n<strong>Was sind bioadaptive Pflanzen?<\/strong><br \/>\nBioadaptive Pflanzen sind Pflanzen, die dank ihrer adaptiven Eigenschaften in extremen Klimazonen gedeihen. Diese besonderen Eigenschaften helfen Ihrer Haut, sich an ihre sich ver\u00e4ndernde und einzigartige Umgebung anzupassen, damit sie sich von Umweltstress erholen kann und widerstandsf\u00e4higer wird.<\/p>\n<p><strong>Kann ich Dew All Day morgens und abends verwenden?<\/strong><br \/>\nDew All Day passt perfekt in Ihre morgendliche und abendliche Hautpflegeroutine. Diese beruhigende, cremige Formel spendet rund um die Uhr Feuchtigkeit und hilft Ihrer Haut, sich an die t\u00e4glichen Belastungen anzupassen. F\u00fcr den UV-Schutz am Tag sollten Sie ein Sonnenschutzprodukt wie Day Dream Protective Cream SPF 35 verwenden.<\/p>\n<p><strong>Welche Hauttypen sollten Dew All Day verwenden?<\/strong><br \/>\nDew All Day ist f\u00fcr alle Hauttypen geeignet. Es ist eine perfekte Option f\u00fcr alle, die sich nach einem taufrischen Aussehen sehnen.<\/p>\n<p><strong>Welche Inhaltsstoffe stehen auf der Nutricentials Worry-Free-Liste?<\/strong><br \/>\nWir wissen, dass es Ihnen wichtig ist, was auf Ihre Haut kommt. Dank der Nutricentials Worry-Free-Liste finden Sie die folgenden Inhaltsstoffe in keiner Nutricentials-Formel:<br \/>\nBHA\/BHT, KOHLENTEER, FARBSTOFFE, EDTA*, FORMALDEHYD, DUFTSTOFFE \u00dcBER 1%, HYDROCHINON, MEA\/DEA\/TEA, MI\/MCI, MINERAL\u00d6L, OXYBENZONE, PARABENE, PARAFFIN, HERINGE, PETROLATUM, PHTHALATE, POLYETHYLENK\u00dcGELCHEN, PROPYLENGLYKOL, RETINYLPALMITAT, SLS\/SLES, TOLUOL, TRICLOCARBAN, TRICLOSAN.<\/p>\n<p><em>* au\u00dfer in Sonnenschutzmitteln, aus Stabilit\u00e4tsgr\u00fcnden<\/em><br \/>\n<\/div><\/div>\n","protected":false},"excerpt":{"rendered":"<p><strong>Dew All Day Moisture Restore Cream:<\/strong><br \/>\n<select style=\"width: 100%;\" name=\"menu1\" onchange=\"location = this.value;\"><option>Klicke hier  . . .<\/option><option value=\"\"><\/option><option value=\"https:\/\/www.nuskin.com\/content\/nuskin\/nl_BE\/personal-offer.mysite.html?userId=BE3316065&#038;pitchId=-MR-8dtLU1Ft2bArbJv2\">\ud83c\udde7\ud83c\uddea Belgi\u00eb<\/option><option value=\"https:\/\/www.nuskin.com\/content\/nuskin\/cs_CZ\/personal-offer.mysite.html?userId=BE3316065&#038;pitchId=-MR-8dtLU1Ft2bArbJv2\">\ud83c\udde8\ud83c\uddff \u010cesk\u00e1 Republika<\/option><option value=\"https:\/\/www.nuskin.com\/content\/nuskin\/da_DK\/personal-offer.mysite.html?userId=BE3316065&#038;pitchId=-MR-8dtLU1Ft2bArbJv2\">\ud83c\udde9\ud83c\uddf0 Danmark<\/option><option value=\"https:\/\/www.nuskin.com\/content\/nuskin\/de_DE\/personal-offer.mysite.html?userId=BE3316065&#038;pitchId=-MR-8dtLU1Ft2bArbJv2\">\ud83c\udde9\ud83c\uddea Deutschland<\/option><option value=\"https:\/\/www.nuskin.com\/content\/nuskin\/es_ES\/personal-offer.mysite.html?userId=BE3316065&#038;pitchId=-MR-8dtLU1Ft2bArbJv2\">\ud83c\uddea\ud83c\uddf8 Espa\u00f1a<\/option><option value=\"https:\/\/www.nuskin.com\/content\/nuskin\/fr_FR\/personal-offer.mysite.html?userId=BE3316065&#038;pitchId=-MR-8dtLU1Ft2bArbJv2\">\ud83c\uddeb\ud83c\uddf7 France<\/option><option value=\"https:\/\/www.nuskin.com\/content\/nuskin\/en_IE\/personal-offer.mysite.html?userId=BE3316065&#038;pitchId=-MR-8dtLU1Ft2bArbJv2\">\ud83c\uddee\ud83c\uddea Ireland<\/option><option value=\"https:\/\/www.nuskin.com\/content\/nuskin\/en_IS\/personal-offer.mysite.html?userId=BE3316065&#038;pitchId=-MR-8dtLU1Ft2bArbJv2\">\ud83c\uddee\ud83c\uddf8 \u00cdsland<\/option><option value=\"https:\/\/www.nuskin.com\/content\/nuskin\/it_IT\/personal-offer.mysite.html?userId=BE3316065&#038;pitchId=-MR-8dtLU1Ft2bArbJv2\">\ud83c\uddee\ud83c\uddf9 Italia<\/option><option value=\"https:\/\/www.nuskin.com\/content\/nuskin\/fr_LU\/personal-offer.mysite.html?userId=BE3316065&#038;pitchId=-MR-8dtLU1Ft2bArbJv2\">\ud83c\uddf1\ud83c\uddfa L\u00ebtzebuerg<\/option><option value=\"https:\/\/www.nuskin.com\/content\/nuskin\/hu_HU\/personal-offer.mysite.html?userId=BE3316065&#038;pitchId=-MR-8dtLU1Ft2bArbJv2\">\ud83c\udded\ud83c\uddfa Magyarorsz\u00e1g<\/option><option value=\"https:\/\/www.nuskin.com\/content\/nuskin\/nl_NL\/personal-offer.mysite.html?userId=BE3316065&#038;pitchId=-MR-8dtLU1Ft2bArbJv2\">\ud83c\uddf3\ud83c\uddf1 Netherlands<\/option><option value=\"https:\/\/www.nuskin.com\/content\/nuskin\/no_NO\/personal-offer.mysite.html?userId=BE3316065&#038;pitchId=-MR-8dtLU1Ft2bArbJv2\">\ud83c\uddf3\ud83c\uddf4 Norge<\/option><option value=\"https:\/\/www.nuskin.com\/content\/nuskin\/de_AT\/personal-offer.mysite.html?userId=BE3316065&#038;pitchId=-MR-8dtLU1Ft2bArbJv2\">\ud83c\udde6\ud83c\uddf9 \u00d6sterreich<\/option><option value=\"https:\/\/nskn.co\/A9G2ZL\">\ud83c\uddf7\ud83c\uddfa \u0420\u043e\u0441\u0441\u0438\u044f<\/option><option value=\"https:\/\/www.nuskin.com\/content\/nuskin\/pl_PL\/personal-offer.mysite.html?userId=BE3316065&#038;pitchId=-MR-8dtLU1Ft2bArbJv2\">\ud83c\uddf5\ud83c\uddf1 Polska<\/option><option value=\"https:\/\/www.nuskin.com\/content\/nuskin\/pt_PT\/personal-offer.mysite.html?userId=BE3316065&#038;pitchId=-MR-8dtLU1Ft2bArbJv2\">\ud83c\uddf5\ud83c\uddf9 Portugal<\/option><option value=\"https:\/\/www.nuskin.com\/content\/nuskin\/ro_RO\/personal-offer.mysite.html?userId=BE3316065&#038;pitchId=-MR-8dtLU1Ft2bArbJv2\">\ud83c\uddf7\ud83c\uddf4 Rom\u00e2nia<\/option><option value=\"https:\/\/www.nuskin.com\/content\/nuskin\/de_CH\/personal-offer.mysite.html?userId=BE3316065&#038;pitchId=-MR-8dtLU1Ft2bArbJv2\">\ud83c\udde8\ud83c\udded Schweiz<\/option><option value=\"https:\/\/www.nuskin.com\/content\/nuskin\/sk_SK\/personal-offer.mysite.html?userId=BE3316065&#038;pitchId=-MR-8dtLU1Ft2bArbJv2\">\ud83c\uddf8\ud83c\uddf0 Slovensko<\/option><option value=\"https:\/\/www.nuskin.com\/content\/nuskin\/fi_FI\/personal-offer.mysite.html?userId=BE3316065&#038;pitchId=-MR-8dtLU1Ft2bArbJv2\">\ud83c\uddeb\ud83c\uddee Suomi<\/option><option value=\"https:\/\/www.nuskin.com\/content\/nuskin\/sv_SE\/personal-offer.mysite.html?userId=BE3316065&#038;pitchId=-MR-8dtLU1Ft2bArbJv2\">\ud83c\uddf8\ud83c\uddea Sverige<\/option><option value=\"https:\/\/nskn.co\/AtEpkX\">\ud83c\uddfa\ud83c\udde6 \u0423\u043a\u0440\u0430\u0457\u043d\u0430<\/option><option value=\"https:\/\/nskn.co\/jXuBqs\">\ud83c\uddec\ud83c\udde7 United Kingdom<\/option><option value=\"\"><\/option><option value=\"https:\/\/nskn.co\/O7bQ05\">\ud83c\uddff\ud83c\udde6 South Africa<\/option><option value=\"\"><\/option><option value=\"https:\/\/nskn.co\/k30ulU\">\ud83c\uddfa\ud83c\uddf8 United States<\/option><option value=\"https:\/\/nskn.co\/tAUWes\">\ud83c\udde8\ud83c\udde6 Canada<\/option><option value=\"https:\/\/nskn.co\/xbYEkV\">\ud83c\uddf2\ud83c\uddfd M\u00e9xico<\/option><option value=\"\"><\/option><option value=\"https:\/\/nskn.co\/a9aYyq\">\ud83c\udde6\ud83c\uddf7 Argentina<\/option><option value=\"https:\/\/nskn.co\/sZJToK\">\ud83c\udde8\ud83c\uddf1 Chile<\/option><option value=\"https:\/\/nskn.co\/qcJA9t\">\ud83c\udde8\ud83c\uddf4 Colombia<\/option><option value=\"https:\/\/nskn.co\/R67IK8\">\ud83c\uddf5\ud83c\uddea Per\u00fa<\/option><option value=\"\"><\/option><option value=\"https:\/\/nskn.co\/do1iSM\">\ud83c\udde6\ud83c\uddfa Australia<\/option><option value=\"https:\/\/nskn.co\/Nra8uR\">\ud83c\uddf3\ud83c\uddff New Zealand<\/option><option value=\"https:\/\/nskn.co\/FDfgcw\">\ud83c\uddf3\ud83c\udde8 Nouvelle-Cal\u00e9donie<\/option><option value=\"https:\/\/nskn.co\/e4FJTP\">\ud83c\uddf5\ud83c\uddeb Polyn\u00e9sie Fran\u00e7aise<\/option><option value=\"\"><\/option><option value=\"https:\/\/nskn.co\/qSem0E\">\ud83c\uddf8\ud83c\uddec Singapore<\/option><option value=\"\"><\/option><\/select><\/p>\n[sc name=\"new_info_german\" ][\/sc]\n<p>Nutricentials <a href=\"https:\/\/www.vogue.de\/beauty\/artikel\/beste-feuchtigkeitscreme-fuer-alle-hauttypen\" target=\"_blank\" style=\"text-decoration: none; cursor:text; color:#402d25; font-weight: normal;\" rel=\"noopener\">Feuchtigkeitscreme<\/a> <a href=\"https:\/\/urbanbeautyonline.com\/de\/nuskin\/dew-all-day-moisture-restore-cream\/\" target=\"_blank\" style=\"text-decoration: none; cursor:text; color:#402d25; font-weight: normal;\" rel=\"noopener\">Dew All Day Moisture Restore Cream<\/a> wirkt beruhigend und verleiht eine geschmeidigere Haut. Dabei spendet sie den ganzen Tag Feuchtigkeit*: So siehst du immer gro\u00dfartig aus, egal was sich dir in den Weg stellt. Dank der Kombination bioadaptiver Pflanzenstoffe kann sich deine Haut leichter an die Umgebung anpassen und besser von den Stressfaktoren des Alltags erholen.<\/p>\n[sc name=\"below-buy-now-button-german\" ][\/sc]\n","protected":false},"featured_media":358,"comment_status":"open","ping_status":"closed","template":"","meta":[],"product_cat":[31],"product_tag":[],"class_list":["post-356","product","type-product","status-publish","has-post-thumbnail","hentry","product_cat-nutricentials"],"_links":{"self":[{"href":"https:\/\/urbanbeautyonline.com\/de\/wp-json\/wp\/v2\/product\/356","targetHints":{"allow":["GET"]}}],"collection":[{"href":"https:\/\/urbanbeautyonline.com\/de\/wp-json\/wp\/v2\/product"}],"about":[{"href":"https:\/\/urbanbeautyonline.com\/de\/wp-json\/wp\/v2\/types\/product"}],"replies":[{"embeddable":true,"href":"https:\/\/urbanbeautyonline.com\/de\/wp-json\/wp\/v2\/comments?post=356"}],"wp:featuredmedia":[{"embeddable":true,"href":"https:\/\/urbanbeautyonline.com\/de\/wp-json\/wp\/v2\/media\/358"}],"wp:attachment":[{"href":"https:\/\/urbanbeautyonline.com\/de\/wp-json\/wp\/v2\/media?parent=356"}],"wp:term":[{"taxonomy":"product_cat","embeddable":true,"href":"https:\/\/urbanbeautyonline.com\/de\/wp-json\/wp\/v2\/product_cat?post=356"},{"taxonomy":"product_tag","embeddable":true,"href":"https:\/\/urbanbeautyonline.com\/de\/wp-json\/wp\/v2\/product_tag?post=356"}],"curies":[{"name":"wp","href":"https:\/\/api.w.org\/{rel}","templated":true}]}}