{"id":365,"date":"2022-11-21T20:00:04","date_gmt":"2022-11-21T20:00:04","guid":{"rendered":"https:\/\/urbanbeautyonline.com\/de\/?post_type=product&#038;p=365"},"modified":"2023-01-19T22:23:34","modified_gmt":"2023-01-19T22:23:34","slug":"ageloc-tru-face-essence-ultra","status":"publish","type":"product","link":"https:\/\/urbanbeautyonline.com\/de\/nuskin\/ageloc-tru-face-essence-ultra\/","title":{"rendered":"ageLOC Tru Face Essence Ultra"},"content":{"rendered":"<h3>ageLOC Tru Face Essence Ultra straffendes Gesichtsserum Kaufen Straffungs Kapseln<\/h3>\n<div class=\"su-spoiler su-spoiler-style-simple su-spoiler-icon-plus su-spoiler-closed\" data-scroll-offset=\"0\" data-anchor-in-url=\"no\"><div class=\"su-spoiler-title\" tabindex=\"0\" role=\"button\"><span class=\"su-spoiler-icon\"><\/span>VORTEILE<\/div><div class=\"su-spoiler-content su-u-clearfix su-u-trim\">\nDiese unglaubliche Formel kombiniert zwei wissenschaftliche Fortschritte &#8211; ageLOC, um die Ursachen der Hautalterung zu bek\u00e4mpfen, und FirmPlex, um eine Schl\u00fcsselkomponente f\u00fcr straffe Haut zu verbessern, damit die Haut gestraffter und elastischer aussieht und sich auch so anf\u00fchlt &#8211; f\u00fcr jugendliche Ergebnisse, die Sie sehen, f\u00fchlen und lieben. ageLOC Tru Face Essence Ultra-Das neue True f\u00fcr Ihr Tru Face.<\/p>\n<div class=\"su-row\">\n<div class=\"su-column su-column-size-1-3\"><div class=\"su-column-inner su-u-clearfix su-u-trim\"><center><img decoding=\"async\" width=\"70\" height=\"70\" src=\"https:\/\/i0.wp.com\/urbanbeautyonline.com\/de\/wp-content\/uploads\/2022\/11\/icon-anti-aging-defense.webp?resize=70%2C70&#038;ssl=1\" alt=\"ageLOC Tru Face Essence Ultra straffendes Gesichtsserum Straffungs Kapseln\" title=\"\" data-recalc-dims=\"1\"><br \/>\nZielt auf die Ursachen der Alterung<\/center><\/div><\/div>\n<div class=\"su-column su-column-size-1-3\"><div class=\"su-column-inner su-u-clearfix su-u-trim\"><center><img decoding=\"async\" width=\"70\" height=\"70\" src=\"https:\/\/i0.wp.com\/urbanbeautyonline.com\/de\/wp-content\/uploads\/2022\/11\/icon-tru-face-firmplex-technology.webp?resize=70%2C70&#038;ssl=1\" alt=\"ageLOC Tru Face Essence Ultra straffendes Gesichtsserum Straffungs Kapseln\" title=\"\" data-recalc-dims=\"1\"><br \/>\nTru Face FirmPlex Technologie<\/center><\/div><\/div>\n<div class=\"su-column su-column-size-1-3\"><div class=\"su-column-inner su-u-clearfix su-u-trim\"><center><img decoding=\"async\" width=\"70\" height=\"70\" src=\"https:\/\/i0.wp.com\/urbanbeautyonline.com\/de\/wp-content\/uploads\/2022\/11\/icon-lift-and-firm-skin.webp?resize=70%2C70&#038;ssl=1\" alt=\"ageLOC Tru Face Essence Ultra straffendes Gesichtsserum Straffungs Kapseln\" title=\"\" data-recalc-dims=\"1\"><br \/>\nHilft, die Haut sichtbar zu straffen und zu festigen<\/center><\/div><\/div>\n<\/div>\n<ul>\n<li>Definiert die Haut um die Augen, den Hals, das Kinn, den Mund und die Kieferpartie f\u00fcr ein sch\u00f6n konturiertes Aussehen.<\/li>\n<li>Formuliert, um das Erscheinungsbild der Gesichtskonturen zu gl\u00e4tten und das Aussehen einer verfeinerten, geformten Definition zu schaffen.<\/li>\n<li>Speziell formuliert mit Tru Face FirmPlex f\u00fcr eine sichtbar straffere Haut als je zuvor.<\/li>\n<li>Hilft, die Haut sichtbar zu straffen und zu festigen und verbessert die Elastizit\u00e4t und Spannkraft f\u00fcr ein ges\u00fcnderes, gestrafftes und jugendlicheres Aussehen.<\/li>\n<li>ageLOC zielt auf die Ursachen der Hautalterung ab und hilft, das jugendliche Aussehen zu bewahren und das Erscheinungsbild der Hautalterung zu reduzieren.<\/li>\n<li>Reduziert sichtbar Linien und F\u00e4ltchen f\u00fcr ein j\u00fcngeres Aussehen.<\/li>\n<\/ul>\n<\/div><\/div>\n<div class=\"su-spoiler su-spoiler-style-simple su-spoiler-icon-plus su-spoiler-closed\" data-scroll-offset=\"0\" data-anchor-in-url=\"no\"><div class=\"su-spoiler-title\" tabindex=\"0\" role=\"button\"><span class=\"su-spoiler-icon\"><\/span>ANWENDUNG<\/div><div class=\"su-spoiler-content su-u-clearfix su-u-trim\">\nF\u00fcr optimale Ergebnisse ageLOC Tru Face Essence Ultra zweimal t\u00e4glich auftragen und im Rahmen deiner Routine vor der Feuchtigkeitspflege anwenden. \u00d6ffne dazu eine Kapsel pro Anwendung und gib durch vorsichtiges Dr\u00fccken zwei bis drei Tropfen direkt auf die betreffenden Hautstellen. Verteile danach den Rest des Serums auf dem gesamten Gesicht.<br \/>\n<\/div><\/div>\n<div class=\"su-spoiler su-spoiler-style-simple su-spoiler-icon-plus su-spoiler-closed\" data-scroll-offset=\"0\" data-anchor-in-url=\"no\"><div class=\"su-spoiler-title\" tabindex=\"0\" role=\"button\"><span class=\"su-spoiler-icon\"><\/span>SCHON GEWUSST ...?<\/div><div class=\"su-spoiler-content su-u-clearfix su-u-trim\">\nWas macht ageLOC Tru Face Essence Ultra straffendes Gesichtsserum so gut? Unser Engagement, Tru Face Essence st\u00e4ndig zu optimieren. Seit ihrer Einf\u00fchrung 2003 haben wir die Creme st\u00e4ndig neu formuliert.<br \/>\n<\/div><\/div>\n<div class=\"su-spoiler su-spoiler-style-simple su-spoiler-icon-plus su-spoiler-closed\" data-scroll-offset=\"0\" data-anchor-in-url=\"no\"><div class=\"su-spoiler-title\" tabindex=\"0\" role=\"button\"><span class=\"su-spoiler-icon\"><\/span>INHALTSSTOFFE<\/div><div class=\"su-spoiler-content su-u-clearfix su-u-trim\">\n<div class=\"su-row\">\n<div class=\"su-column su-column-size-1-2\"><div class=\"su-column-inner su-u-clearfix su-u-trim\"><center><img decoding=\"async\" width=\"80\" height=\"80\" src=\"https:\/\/i0.wp.com\/urbanbeautyonline.com\/de\/wp-content\/uploads\/2022\/11\/ingredient-ageLOC_blend.webp?resize=80%2C80&#038;ssl=1\" alt=\"ageLOC Tru Face Essence Ultra straffendes Gesichtsserum Straffungs Kapseln\" title=\"\" data-recalc-dims=\"1\"><br \/>\n<strong>AgeLOC Inhaltsstoffkombination<\/strong><br \/>\nEin Anti-Aging-Komplex, der die Ursachen der Hautalterung bek\u00e4mpft, um das jugendliche Aussehen zu bewahren.<\/center><\/div><\/div>\n<div class=\"su-column su-column-size-1-2\"><div class=\"su-column-inner su-u-clearfix su-u-trim\"><center><img decoding=\"async\" width=\"80\" height=\"80\" src=\"https:\/\/i0.wp.com\/urbanbeautyonline.com\/de\/wp-content\/uploads\/2022\/11\/ingredient-Trueface_firmplex.webp?resize=80%2C80&#038;ssl=1\" alt=\"ageLOC Tru Face Essence Ultra straffendes Gesichtsserum Straffungs Kapseln\" title=\"\" data-recalc-dims=\"1\"><br \/>\n<strong>Tru Face FirmPlex<\/strong><br \/>\nWissenschaftlich validierte Straffungstechnologie, die eine Schl\u00fcsselkomponente f\u00fcr straffe Haut verbessert<\/center><\/div><\/div>\n<\/div>\n<div class=\"su-row\">\n<div class=\"su-column su-column-size-1-2\"><div class=\"su-column-inner su-u-clearfix su-u-trim\"><center><img decoding=\"async\" width=\"80\" height=\"80\" src=\"https:\/\/i0.wp.com\/urbanbeautyonline.com\/de\/wp-content\/uploads\/2022\/11\/ingredient-Pistacia-Lentiscus-Gum.webp?resize=80%2C80&#038;ssl=1\" alt=\"ageLOC Tru Face Essence Ultra straffendes Gesichtsserum Straffungs Kapseln\" title=\"\" data-recalc-dims=\"1\"><br \/>\n<strong>Pistacia Lentiscus-Kaugummi<\/strong><br \/>\nUnterst\u00fctzt eine jugendliche, gesunde Haut und sorgt f\u00fcr ein konturiertes Aussehen und eine sichtbar dichtere Haut.<\/center><\/div><\/div>\n<div class=\"su-column su-column-size-1-2\"><div class=\"su-column-inner su-u-clearfix su-u-trim\"><center><img decoding=\"async\" width=\"80\" height=\"80\" src=\"https:\/\/i0.wp.com\/urbanbeautyonline.com\/de\/wp-content\/uploads\/2022\/11\/ingredient-squalane-olive.webp?resize=80%2C80&#038;ssl=1\" alt=\"ageLOC Tru Face Essence Ultra straffendes Gesichtsserum\" title=\"\" data-recalc-dims=\"1\"><br \/>\n<strong>Squalen (aus Gem\u00fcse)<\/strong><br \/>\nBeugt Feuchtigkeitsverlust vor und stellt die Geschmeidigkeit und Flexibilit\u00e4t der Haut wieder her.<\/center><\/div><\/div>\n<\/div>\n<div class=\"su-row\">\n<div class=\"su-column su-column-size-1-1\"><div class=\"su-column-inner su-u-clearfix su-u-trim\"><center><img decoding=\"async\" width=\"80\" height=\"80\" src=\"https:\/\/i0.wp.com\/urbanbeautyonline.com\/de\/wp-content\/uploads\/2022\/11\/ingredient-antioxidant_complex_or_antioxidant_network.webp?resize=80%2C80&#038;ssl=1\" alt=\"ageLOC Tru Face Essence Ultra straffendes Gesichtsserum\" title=\"\" data-recalc-dims=\"1\"><br \/>\n<strong>Antioxidantien-Netzwerk<\/strong><br \/>\nHilft, die Haut vor freien Radikalen zu sch\u00fctzen. Vitamin C &#8211; dieses fettl\u00f6sliche Vitamin-C-Derivat wirkt nachweislich gezielt auf die Ursachen von Verf\u00e4rbungen, Linien und Falten ein und bietet eine bessere Stabilit\u00e4t und Absorption als Ascorbins\u00e4ure. Ubichinon und Vitamin E &#8211; Diese bioaktive Mischung hilft, die nat\u00fcrliche Barriere der Haut zu st\u00e4rken und sie vor \u00e4u\u00dferen Sch\u00e4den und vorzeitiger Hautalterung zu sch\u00fctzen.<\/center><\/div><\/div>\n<\/div>\n<p><strong>ZUTATEN:<\/strong><br \/>\nCyclopentasiloxane, Squalane, Dimethiconol, Dimethicone, Caprylic\/Capric Triglyceride, Simmondsia Chinensis Seed Extract, Hydrogenated Polydecene, Octyldodecyl Oleate, Oryza Sativa Bran Extract, Olea Europaea Fruit Oil, Helianthus Annuus Extract, Retinyl Palmitate, Rosmarinus Officinalis Leaf Extract, Centella Asiatica Extract, Commiphora Mukul Resin Extract, Echinacea Angustifolia Extract, Carthamus Tinctorius Seed Oil, Tocopheryl Acetate, Camellia Sinensis Leaf Extract, Ubiquinone, Dunaliella Salina Extract, Tetrahexyldecyl Ascorbate, Pistacia Lentiscus Gum, Benzotriazolyl Dodecyl P-Cresol, Aqua, Tocopherol, Pentaerythrityl Tetra-Di-T-Butyl Hydroxyhydrocinnamate.<br \/>\n<\/div><\/div>\n<div class=\"su-spoiler su-spoiler-style-simple su-spoiler-icon-plus su-spoiler-closed\" data-scroll-offset=\"0\" data-anchor-in-url=\"no\"><div class=\"su-spoiler-title\" tabindex=\"0\" role=\"button\"><span class=\"su-spoiler-icon\"><\/span>H\u00c4UFIG GESTELLTE FRAGEN<\/div><div class=\"su-spoiler-content su-u-clearfix su-u-trim\">\n<strong>Welchen Zweck erf\u00fcllt das Antioxidantiennetzwerk in ageLOC Tru Face Essence Ultra straffendes Gesichtsserum?<\/strong><br \/>\nDiese leistungsstarke Kombination nat\u00fcrlicher lipophiler Antioxidantien wirkt synergetisch zum Schutz der Talglipide. Durch die Bereitstellung eines Netzwerks von Antioxidantien wird die Schutzfunktion gegen freie Radikale verbessert, und wichtige Inhaltsstoffe sind besser verf\u00fcgbar, um der Haut zu nutzen.<\/p>\n<p><strong>Wie wirkt ageLOC Tru Face Essence Ultra straffendes Gesichtsserum?<\/strong><br \/>\nDer Straffungsspezialist von Nu Skin setzt revolution\u00e4re Anti-Aging-Wissenschaft ein, um die Ursachen der Hautalterung zu bek\u00e4mpfen, die zum Verlust der Festigkeit f\u00fchren. Die Formel enth\u00e4lt den leistungsstarken Tru Face FirmPlex und ein sch\u00fctzendes Antioxidantiennetzwerk, um die Haut zu konturieren und vor oxidierenden freien Radikalen zu sch\u00fctzen.<\/p>\n<p><strong>Was ist der Unterschied zwischen ageLOC Tru Face Essence Ultra und ageLOC Future Serum?<\/strong><br \/>\nageLOC Tru Face Essence Ultra ist Nu Skins &#8220;Straffungsspezialist&#8221;, ein gezieltes, jugendlich-erneuerndes Produkt mit Tru Face FirmPlex &#8211; einer wissenschaftlich validierten Straffungstechnologie, die eine Schl\u00fcsselkomponente f\u00fcr straffe Haut verbessert. ageLOC Future Serum ist ein Anti-Aging-Produkt mit breitem Wirkungsspektrum, das auf mehrere Anzeichen der Hautalterung wirkt. Diese Produkte k\u00f6nnen f\u00fcr eine umfassende Anti-Aging-Wirkung und gezielte Straffung kombiniert werden.<br \/>\n<\/div><\/div>\n","protected":false},"excerpt":{"rendered":"<p><select style=\"width: 100%;\" name=\"menu1\" onchange=\"location = this.value;\"><option>Klicke hier . . .<\/option><option value=\"\"><\/option><option value=\"https:\/\/www.nuskin.com\/content\/nuskin\/nl_BE\/personal-offer.html?userId=BE3316065&#038;pitchId=-M3qT9XYF_aeFVy_3zSo\">\ud83c\udde7\ud83c\uddea Belgi\u00eb<\/option><option value=\"https:\/\/www.nuskin.com\/content\/nuskin\/cs_CZ\/personal-offer.html?userId=BE3316065&#038;pitchId=-M3qT9XYF_aeFVy_3zSo\">\ud83c\udde8\ud83c\uddff \u010cesk\u00e1 Republika<\/option><option value=\"https:\/\/www.nuskin.com\/content\/nuskin\/da_DK\/personal-offer.html?userId=BE3316065&#038;pitchId=-M3qT9XYF_aeFVy_3zSo\">\ud83c\udde9\ud83c\uddf0 Danmark<\/option><option value=\"https:\/\/nskn.co\/M7SDIE\">\ud83c\udde9\ud83c\uddea Deutschland<\/option><option value=\"https:\/\/www.nuskin.com\/content\/nuskin\/es_ES\/personal-offer.html?userId=BE3316065&#038;pitchId=-M3qT9XYF_aeFVy_3zSo\">\ud83c\uddea\ud83c\uddf8 Espa\u00f1a<\/option><option value=\"https:\/\/www.nuskin.com\/content\/nuskin\/fr_FR\/personal-offer.html?userId=BE3316065&#038;pitchId=-M3qT9XYF_aeFVy_3zSo\">\ud83c\uddeb\ud83c\uddf7 France<\/option><option value=\"https:\/\/www.nuskin.com\/content\/nuskin\/en_IE\/personal-offer.html?userId=BE3316065&#038;pitchId=-M3qT9XYF_aeFVy_3zSo\">\ud83c\uddee\ud83c\uddea Ireland<\/option><option value=\"https:\/\/www.nuskin.com\/content\/nuskin\/en_IS\/personal-offer.html?userId=BE3316065&#038;pitchId=-M3qT9XYF_aeFVy_3zSo\">\ud83c\uddee\ud83c\uddf8 \u00cdsland<\/option><option value=\"https:\/\/www.nuskin.com\/content\/nuskin\/it_IT\/personal-offer.html?userId=BE3316065&#038;pitchId=-M3qT9XYF_aeFVy_3zSo\">\ud83c\uddee\ud83c\uddf9 Italia<\/option><option value=\"https:\/\/www.nuskin.com\/content\/nuskin\/fr_LU\/personal-offer.html?userId=BE3316065&#038;pitchId=-M3qT9XYF_aeFVy_3zSo\">\ud83c\uddf1\ud83c\uddfa L\u00ebtzebuerg<\/option><option value=\"https:\/\/www.nuskin.com\/content\/nuskin\/hu_HU\/personal-offer.html?userId=BE3316065&#038;pitchId=-M3qT9XYF_aeFVy_3zSo\">\ud83c\udded\ud83c\uddfa Magyarorsz\u00e1g<\/option><option value=\"https:\/\/www.nuskin.com\/content\/nuskin\/nl_NL\/personal-offer.html?userId=BE3316065&#038;pitchId=-M3qT9XYF_aeFVy_3zSo\">\ud83c\uddf3\ud83c\uddf1 Netherlands<\/option><option value=\"https:\/\/www.nuskin.com\/content\/nuskin\/no_NO\/personal-offer.html?userId=BE3316065&#038;pitchId=-M3qT9XYF_aeFVy_3zSo\">\ud83c\uddf3\ud83c\uddf4 Norge<\/option><option value=\"https:\/\/www.nuskin.com\/content\/nuskin\/de_AT\/personal-offer.html?userId=BE3316065&#038;pitchId=-M3qT9XYF_aeFVy_3zSo\">\ud83c\udde6\ud83c\uddf9 \u00d6sterreich<\/option><option value=\"https:\/\/nskn.co\/aoDpjv\">\ud83c\uddf7\ud83c\uddfa \u0420\u043e\u0441\u0441\u0438\u044f<\/option><option value=\"https:\/\/www.nuskin.com\/content\/nuskin\/pl_PL\/personal-offer.html?userId=BE3316065&#038;pitchId=-M3qT9XYF_aeFVy_3zSo\">\ud83c\uddf5\ud83c\uddf1 Polska<\/option><option value=\"https:\/\/www.nuskin.com\/content\/nuskin\/pt_PT\/personal-offer.html?userId=BE3316065&#038;pitchId=-M3qT9XYF_aeFVy_3zSo\">\ud83c\uddf5\ud83c\uddf9 Portugal<\/option><option value=\"https:\/\/www.nuskin.com\/content\/nuskin\/ro_RO\/personal-offer.html?userId=BE3316065&#038;pitchId=-M3qT9XYF_aeFVy_3zSo\">\ud83c\uddf7\ud83c\uddf4 Rom\u00e2nia<\/option><option value=\"https:\/\/www.nuskin.com\/content\/nuskin\/de_CH\/personal-offer.html?userId=BE3316065&#038;pitchId=-M3qT9XYF_aeFVy_3zSo\">\ud83c\udde8\ud83c\udded Schweiz<\/option><option value=\"https:\/\/www.nuskin.com\/content\/nuskin\/sk_SK\/personal-offer.html?userId=BE3316065&#038;pitchId=-M3qT9XYF_aeFVy_3zSo\">\ud83c\uddf8\ud83c\uddf0 Slovensko<\/option><option value=\"https:\/\/www.nuskin.com\/content\/nuskin\/fi_FI\/personal-offer.html?userId=BE3316065&#038;pitchId=-M3qT9XYF_aeFVy_3zSo\">\ud83c\uddeb\ud83c\uddee Suomi<\/option><option value=\"https:\/\/www.nuskin.com\/content\/nuskin\/sv_SE\/personal-offer.html?userId=BE3316065&#038;pitchId=-M3qT9XYF_aeFVy_3zSo\">\ud83c\uddf8\ud83c\uddea Sverige<\/option><option value=\"https:\/\/nskn.co\/wiywY8\">\ud83c\uddfa\ud83c\udde6 \u0423\u043a\u0440\u0430\u0457\u043d\u0430<\/option><option value=\"https:\/\/nskn.co\/sTvxCZ\">\ud83c\uddec\ud83c\udde7 United Kingdom<\/option><option value=\"\"><\/option><option value=\"https:\/\/nskn.co\/gI8ShO\">\ud83c\uddff\ud83c\udde6 South Africa<\/option><option value=\"\"><\/option><option value=\"https:\/\/nskn.co\/2u4seS\">\ud83c\uddfa\ud83c\uddf8 United States<\/option><option value=\"https:\/\/nskn.co\/3FsH9i\">\ud83c\udde8\ud83c\udde6 Canada<\/option><option value=\"https:\/\/nskn.co\/Qb5pXM\">\ud83c\uddf2\ud83c\uddfd M\u00e9xico<\/option><option value=\"\"><\/option><option value=\"https:\/\/nskn.co\/ekJg59\">\ud83c\udde6\ud83c\uddf7 Argentina<\/option><option value=\"https:\/\/nskn.co\/lf71LH\">\ud83c\udde8\ud83c\uddf4 Colombia<\/option><option value=\"https:\/\/nskn.co\/Chwj9P\">\ud83c\udde8\ud83c\uddf1 Chile <\/option><option value=\"https:\/\/nskn.co\/37Qrcp\">\ud83c\uddf5\ud83c\uddea Peru<\/option><option value=\"\"><\/option><option value=\"https:\/\/nskn.co\/c9Q35k\">\ud83c\udde6\ud83c\uddfa Australia<\/option><option value=\"https:\/\/nskn.co\/ghzRdn\">\ud83c\uddf3\ud83c\uddff New Zealand<\/option><option value=\"https:\/\/nskn.co\/LfaJNH\">\ud83c\uddf5\ud83c\uddeb Polyn\u00e9sie Fran\u00e7aise<\/option><option value=\"https:\/\/nskn.co\/nAjW5M\">\ud83c\uddf3\ud83c\udde8 Nouvelle-Cal\u00e9donie<\/option><option value=\"\"><\/option><option value=\"https:\/\/nskn.co\/12D1nI\">\ud83c\udded\ud83c\uddf0 Hong Kong (\u9999\u6e2f)<\/option><option value=\"https:\/\/nskn.co\/DiJZ0Y\">\ud83c\uddf8\ud83c\uddec Singapore<\/option><option value=\"\"><\/option><\/select><\/p>\n[sc name=\"new_info_german\" ][\/sc]\n<p>Deine <a href=\"https:\/\/de.wikipedia.org\/wiki\/L%C3%B6sung_(Chemie)\" target=\"_blank\" rel=\"noopener\" style=\"text-decoration: none; cursor:text; color:#402d25; font-weight: normal;\">L\u00f6sung<\/a> f\u00fcr straffer aussehende Haut. <a href=\"https:\/\/urbanbeautyonline.com\/de\/nuskin\/ageloc-tru-face-essence-ultra\" target=\"_blank\" rel=\"noopener\" style=\"text-decoration: none; cursor:text; color:#402d25; font-weight: normal;\">ageLOC Tru Face Essence Ultra straffendes Gesichtsserum<\/a> ist Nu Skins Kraftpaket zur Hautstraffung. Die hochwirksame Formel ist eine Kombination aus unserer exklusiven, wissenschaftlich getesteten Tru Face FirmPlex-Technologie, die die Haut sichtbar strafft, und der beliebten ageLOC Wissenschaft, die die Zeichen von Hautalterung an der Wurzel packt. Au\u00dferdem sch\u00fctzt das Serum deine Haut vor den nachteiligen Effekten von oxidativem Stress. Kleine Kapseln mit gro\u00dfer Wirkung!<\/p>\n[sc name=\"below-buy-now-button-german\" ][\/sc]\n","protected":false},"featured_media":366,"comment_status":"open","ping_status":"closed","template":"","meta":[],"product_cat":[32],"product_tag":[],"class_list":["post-365","product","type-product","status-publish","has-post-thumbnail","hentry","product_cat-tru-face"],"_links":{"self":[{"href":"https:\/\/urbanbeautyonline.com\/de\/wp-json\/wp\/v2\/product\/365","targetHints":{"allow":["GET"]}}],"collection":[{"href":"https:\/\/urbanbeautyonline.com\/de\/wp-json\/wp\/v2\/product"}],"about":[{"href":"https:\/\/urbanbeautyonline.com\/de\/wp-json\/wp\/v2\/types\/product"}],"replies":[{"embeddable":true,"href":"https:\/\/urbanbeautyonline.com\/de\/wp-json\/wp\/v2\/comments?post=365"}],"wp:featuredmedia":[{"embeddable":true,"href":"https:\/\/urbanbeautyonline.com\/de\/wp-json\/wp\/v2\/media\/366"}],"wp:attachment":[{"href":"https:\/\/urbanbeautyonline.com\/de\/wp-json\/wp\/v2\/media?parent=365"}],"wp:term":[{"taxonomy":"product_cat","embeddable":true,"href":"https:\/\/urbanbeautyonline.com\/de\/wp-json\/wp\/v2\/product_cat?post=365"},{"taxonomy":"product_tag","embeddable":true,"href":"https:\/\/urbanbeautyonline.com\/de\/wp-json\/wp\/v2\/product_tag?post=365"}],"curies":[{"name":"wp","href":"https:\/\/api.w.org\/{rel}","templated":true}]}}