{"id":376,"date":"2022-11-22T20:00:19","date_gmt":"2022-11-22T20:00:19","guid":{"rendered":"https:\/\/urbanbeautyonline.com\/de\/?post_type=product&#038;p=376"},"modified":"2023-01-19T22:22:50","modified_gmt":"2023-01-19T22:22:50","slug":"celltrex-always-right","status":"publish","type":"product","link":"https:\/\/urbanbeautyonline.com\/de\/nuskin\/celltrex-always-right\/","title":{"rendered":"Celltrex Always Right Recovery Fluid"},"content":{"rendered":"<h3>CELLTREX ALWAYS RIGHT RECOVERY FLUID FLUIDR\u00dcCKGEWINNUNG<\/h3>\n<div class=\"su-spoiler su-spoiler-style-simple su-spoiler-icon-plus su-spoiler-closed\" data-scroll-offset=\"0\" data-anchor-in-url=\"no\"><div class=\"su-spoiler-title\" tabindex=\"0\" role=\"button\"><span class=\"su-spoiler-icon\"><\/span>VORTEILE<\/div><div class=\"su-spoiler-content su-u-clearfix su-u-trim\">\n<div class=\"su-row\">\n<div class=\"su-column su-column-size-1-3\"><div class=\"su-column-inner su-u-clearfix su-u-trim\"><center><img decoding=\"async\" width=\"50\" height=\"50\" src=\"https:\/\/i0.wp.com\/urbanbeautyonline.com\/de\/wp-content\/uploads\/2022\/11\/icon-natural-ethnobotanical-ingredients.webp?resize=50%2C50&#038;ssl=1\" alt=\"Celltrex Always Right Recovery Fluid Fluidr\u00fcckgewinnung\" title=\"\" data-recalc-dims=\"1\"><br \/>\nBioadaptive Inhaltsstoffe<\/center><\/div><\/div>\n<div class=\"su-column su-column-size-1-3\"><div class=\"su-column-inner su-u-clearfix su-u-trim\"><center><img decoding=\"async\" width=\"50\" height=\"50\" src=\"https:\/\/i0.wp.com\/urbanbeautyonline.com\/de\/wp-content\/uploads\/2022\/11\/icon-auto-adaptive-skin-hydration.png?resize=50%2C50&#038;ssl=1\" alt=\"Celltrex Always Right Recovery Fluid Fluidr\u00fcckgewinnung\" title=\"\" data-recalc-dims=\"1\"><br \/>\nAutoadaptive Fl\u00fcssigkeitszufuhr<\/center><\/div><\/div>\n<div class=\"su-column su-column-size-1-3\"><div class=\"su-column-inner su-u-clearfix su-u-trim\"><center><img decoding=\"async\" width=\"50\" height=\"50\" src=\"https:\/\/i0.wp.com\/urbanbeautyonline.com\/de\/wp-content\/uploads\/2022\/11\/icon-healthy-looking-skin.png?resize=50%2C50&#038;ssl=1\" alt=\"Celltrex Always Right Recovery Fluid Fluidr\u00fcckgewinnung\" title=\"\" data-recalc-dims=\"1\"><br \/>\nSp\u00fcrbar weiche, strahlende Haut<\/center><\/div><\/div>\n<\/div>\n<ul>\n<li>Hergestellt mit bioadaptiven Pflanzenstoffen, den so genannten Adaptogenen, die der Haut helfen, sich an ihre Umwelt anzupassen.<\/li>\n<li>Eine saubere Formel mit unbedenklichen Inhaltsstoffen, die Sie mit gutem Gewissen auf Ihre Haut auftragen k\u00f6nnen.<\/li>\n<li>Hilft zu verhindern, dass sich Verschmutzungen auf der Haut festsetzen.<\/li>\n<li>Unterst\u00fctzt den n\u00e4chtlichen Reparaturprozess Ihrer Haut und sorgt f\u00fcr sp\u00fcrbar weiche, jugendliche und strahlende Haut.<\/li>\n<li>Reguliert den Feuchtigkeitsgehalt der Haut, indem sie Feuchtigkeit anzieht, wenn sie trocken ist, aber auch Feuchtigkeit ableitet, wenn die Umgebung hei\u00df oder feucht wird, so dass sich die Haut immer weich und angenehm anf\u00fchlt.<\/li>\n<li>Ein leichtes, schnell einziehendes Serum mit unserer intelligenten HydraFlex-Mischung, das erfrischt und Feuchtigkeit spendet, ohne einen schweren Film zu hinterlassen.<\/li>\n<li>Beruhigt die Haut, sch\u00fctzt sie vor den sch\u00e4dlichen Auswirkungen von Stress, Umweltverschmutzung und freien Radikalen und erh\u00f6ht ihre Widerstandsf\u00e4higkeit.<\/li>\n<li>Nicht komedogen &#8211; verstopft die Poren nicht.<\/li>\n<\/ul>\n<\/div><\/div>\n<div class=\"su-spoiler su-spoiler-style-simple su-spoiler-icon-plus su-spoiler-closed\" data-scroll-offset=\"0\" data-anchor-in-url=\"no\"><div class=\"su-spoiler-title\" tabindex=\"0\" role=\"button\"><span class=\"su-spoiler-icon\"><\/span>ANWENDUNG<\/div><div class=\"su-spoiler-content su-u-clearfix su-u-trim\">\nDas Serum nach Reinigung und Gesichtswasser in Aufw\u00e4rtsbewegungen von innen nach au\u00dfen auf Gesicht und Hals auftragen. Anschlie\u00dfend deine Lieblings-Feuchtigkeitspflege verwenden.<br \/>\n<\/div><\/div>\n<div class=\"su-spoiler su-spoiler-style-simple su-spoiler-icon-plus su-spoiler-closed\" data-scroll-offset=\"0\" data-anchor-in-url=\"no\"><div class=\"su-spoiler-title\" tabindex=\"0\" role=\"button\"><span class=\"su-spoiler-icon\"><\/span>SCHON GEWUSST ...?<\/div><div class=\"su-spoiler-content su-u-clearfix su-u-trim\">\nDie HydraFlex Blend bildet eine weiche, ultra-leichte sch\u00fctzende Schicht, die sich automatisch an deine Umgebung anpasst, um deine Haut immer optimal mit Feuchtigkeit zu versorgen. Sie versorgt die Haut bei trockener Luft mit Feuchtigkeit, aber filtert sie heraus bei hei\u00dfem Klima oder hoher Luftfeuchtigkeit, um immer ein geschmeidiges, wohltuendes Gef\u00fchl zu verleihen.<br \/>\n<\/div><\/div>\n<div class=\"su-spoiler su-spoiler-style-simple su-spoiler-icon-plus su-spoiler-closed\" data-scroll-offset=\"0\" data-anchor-in-url=\"no\"><div class=\"su-spoiler-title\" tabindex=\"0\" role=\"button\"><span class=\"su-spoiler-icon\"><\/span>H\u00c4UFIG GESTELLTE FRAGEN<\/div><div class=\"su-spoiler-content su-u-clearfix su-u-trim\">\n<strong>Wie passt Nutricentials Celltrex Always Right Recovery Fluid in meine Hautpflegeroutine?<\/strong><br \/>\nNutricentials Celltrex Always Right Recovery Fluid ist ein Behandlungsserum. Sie sollten es morgens und abends nach dem Tonisieren und vor der Feuchtigkeitspflege auftragen.<\/p>\n<p><strong>Wie hilft Nutricentials Celltrex Always Right Recovery Fluid meiner Haut, sich zu erholen?<\/strong><br \/>\nIhre Haut wird den ganzen Tag \u00fcber stark beansprucht, aber die bioadaptiven Pflanzenextrakte in Nutricentials Celltrex Always Right Recovery Fluid stammen von einzigartigen Pflanzen, die selbst unter den h\u00e4rtesten Bedingungen gedeihen k\u00f6nnen. Diese anpassungsf\u00e4higen Wirkstoffe helfen Ihrer Haut, sich tags\u00fcber zu erholen und erg\u00e4nzen den nat\u00fcrlichen n\u00e4chtlichen Erholungsprozess Ihrer Haut.<\/p>\n<p><strong>Wie funktioniert HydraFlex?<\/strong><br \/>\nDie HydraFlex-Mischung passt sich an die sich ver\u00e4ndernde Umgebung an und versorgt Ihre Haut mit der richtigen Feuchtigkeit, egal wo Sie sich befinden, denn sie ist amphiphil, d. h., sie enth\u00e4lt sowohl wasser- als auch \u00f6lliebende Komponenten. Der wasserliebende Teil h\u00e4lt das Wasser auf der Haut zur\u00fcck, w\u00e4hrend der \u00f6lliebende Teil die Verdunstung verhindert. Dadurch passt sich die Mischung automatisch an die sich ver\u00e4ndernde Umgebung an, indem sie bei Bedarf Feuchtigkeit aufnimmt und Verdunstung verhindert, damit Ihre Haut genau die richtige Menge an Feuchtigkeit erh\u00e4lt.<\/p>\n<p><strong>Can I use Nutricentials Celltrex Always Right Recovery Fluid in the morning and at night?<\/strong><br \/>\nAbsolutely! By adding Nutricentials Celltrex Always Right Recovery Fluid to both your morning and evening routines, you\u2019ll maximize the amazing benefits to your skin.<br \/>\n<\/div><\/div>\n<div class=\"su-spoiler su-spoiler-style-simple su-spoiler-icon-plus su-spoiler-closed\" data-scroll-offset=\"0\" data-anchor-in-url=\"no\"><div class=\"su-spoiler-title\" tabindex=\"0\" role=\"button\"><span class=\"su-spoiler-icon\"><\/span>INHALTSSTOFFE<\/div><div class=\"su-spoiler-content su-u-clearfix su-u-trim\">\n<div class=\"su-row\">\n<div class=\"su-column su-column-size-1-2\"><div class=\"su-column-inner su-u-clearfix su-u-trim\"><center><img decoding=\"async\" width=\"80\" height=\"80\" src=\"https:\/\/i0.wp.com\/urbanbeautyonline.com\/de\/wp-content\/uploads\/2022\/11\/ingredient-bioadaptive_botanical_complex.webp?resize=80%2C80&#038;ssl=1\" alt=\"Celltrex Always Right Recovery Fluid Fluidr\u00fcckgewinnung\" title=\"\" data-recalc-dims=\"1\"><br \/>\n<strong>Bioadaptiver Pflanzenkomplex (Rhodiola, Maralwurzel, sibirischer Ginseng, Chaga-Pilz und Auferstehungspflanze)<\/strong><br \/>\nEine Mischung aus Pflanzenextrakten von Pflanzen, die als Adaptogene bekannt sind, die in extremen Klimazonen gedeihen und Ihrer Haut helfen k\u00f6nnen, sich von Stressfaktoren zu erholen.<\/center><\/div><\/div>\n<div class=\"su-column su-column-size-1-2\"><div class=\"su-column-inner su-u-clearfix su-u-trim\"><center><img decoding=\"async\" width=\"80\" height=\"80\" src=\"https:\/\/i0.wp.com\/urbanbeautyonline.com\/de\/wp-content\/uploads\/2022\/11\/ingredient-hydraflex-blend.webp?resize=80%2C80&#038;ssl=1\" alt=\"Celltrex Always Right Recovery Fluid Fluidr\u00fcckgewinnung\" title=\"\" data-recalc-dims=\"1\"><br \/>\n<strong>HydraFlex-Mischung<\/strong><br \/>\nBildet ein weiches, ultraleichtes Schild, das die Haut vor sch\u00e4dlichen Umwelteinfl\u00fcssen sch\u00fctzt und sich automatisch an die jeweilige Umgebung anpasst, um die Haut immer mit der richtigen Feuchtigkeit zu versorgen.<\/center><\/div><\/div>\n<\/div>\n<div class=\"su-row\">\n<div class=\"su-column su-column-size-1-2\"><div class=\"su-column-inner su-u-clearfix su-u-trim\"><center><img decoding=\"async\" width=\"80\" height=\"80\" src=\"https:\/\/i0.wp.com\/urbanbeautyonline.com\/de\/wp-content\/uploads\/2022\/11\/ingredient-glycerin.webp?resize=80%2C80&#038;ssl=1\" alt=\"Celltrex Always Right Recovery Fluid Fluidr\u00fcckgewinnung\" title=\"\" data-recalc-dims=\"1\"><br \/>\n<strong>Glycerin<\/strong><br \/>\nEin Feuchthaltemittel, das Feuchtigkeit anzieht und an die Haut bindet.<\/center><\/div><\/div>\n<div class=\"su-column su-column-size-1-2\"><div class=\"su-column-inner su-u-clearfix su-u-trim\"><\/div><\/div>\n<\/div>\n<p><strong>ZUTATEN:<\/strong><br \/>\nAqua, Butylene Glycol, Dimethicone, Glycerin, Polyglyceryl-6 Distearate, Jojoba Esters, Rhodiola Rosea Extract, Selaginella Lepidophylla Extract, Ethylhexylglycerin, Inonotus Obliquus Extract, Rhaponticum Carthamoides Root Extract, Biosaccharide Gum-1, Fucose, Acrylates\/C10-30 Alkyl Acrylate Crosspolymer, Cetyl Alcohol, Xanthan Gum, Polyglyceryl-3 Beeswax, Eleutherococcus Senticosus Root Extract, Sodium Chloride, Citrus Aurantium Dulcis Peel Oil, Lavandula Angustifolia Oil, Lavandula Hybrida Oil, Tetrasodium Glutamate Diacetate, Sodium Hydroxide, Anthemis Nobilis Flower Oil, Phenoxyethanol, Chlorphenesin, Sodium Benzoate, Limonene, Linalool.<br \/>\n<\/div><\/div>\n","protected":false},"excerpt":{"rendered":"<p><strong>Celltrex Always Right Recovery Fluid:<\/strong><br \/>\n<select style=\"width: 100%;\" name=\"menu1\" onchange=\"location = this.value;\"><option value=\"\">Klicke hier . . .<\/option><option value=\"\"><\/option><option value=\"https:\/\/www.nuskin.com\/content\/nuskin\/nl_BE\/personal-offer.mysite.html?userId=BE3316065&#038;pitchId=-MR-MH6E411ztnIQHaTw\">\ud83c\udde7\ud83c\uddea Belgi\u00eb<\/option><option value=\"https:\/\/www.nuskin.com\/content\/nuskin\/cs_CZ\/personal-offer.mysite.html?userId=BE3316065&#038;pitchId=-MR-MH6E411ztnIQHaTw\">\ud83c\udde8\ud83c\uddff \u010cesk\u00e1 Republika<\/option><option value=\"https:\/\/www.nuskin.com\/content\/nuskin\/da_DK\/personal-offer.mysite.html?userId=BE3316065&#038;pitchId=-MR-MH6E411ztnIQHaTw\">\ud83c\udde9\ud83c\uddf0 Danmark<\/option><option value=\"https:\/\/www.nuskin.com\/content\/nuskin\/de_DE\/personal-offer.mysite.html?userId=BE3316065&#038;pitchId=-MR-MH6E411ztnIQHaTw\">\ud83c\udde9\ud83c\uddea Deutschland<\/option><option value=\"https:\/\/www.nuskin.com\/content\/nuskin\/es_ES\/personal-offer.mysite.html?userId=BE3316065&#038;pitchId=-MR-MH6E411ztnIQHaTw\">\ud83c\uddea\ud83c\uddf8 Espa\u00f1a<\/option><option value=\"https:\/\/www.nuskin.com\/content\/nuskin\/fr_FR\/personal-offer.mysite.html?userId=BE3316065&#038;pitchId=-MR-MH6E411ztnIQHaTw\">\ud83c\uddeb\ud83c\uddf7 France<\/option><option value=\"https:\/\/www.nuskin.com\/content\/nuskin\/en_IE\/personal-offer.mysite.html?userId=BE3316065&#038;pitchId=-MR-MH6E411ztnIQHaTw\">\ud83c\uddee\ud83c\uddea Ireland<\/option><option value=\"https:\/\/www.nuskin.com\/content\/nuskin\/en_IS\/personal-offer.mysite.html?userId=BE3316065&#038;pitchId=-MR-MH6E411ztnIQHaTw\">\ud83c\uddee\ud83c\uddf8 \u00cdsland<\/option><option value=\"https:\/\/www.nuskin.com\/content\/nuskin\/it_IT\/personal-offer.mysite.html?userId=BE3316065&#038;pitchId=-MR-MH6E411ztnIQHaTw\">\ud83c\uddee\ud83c\uddf9 Italia<\/option><option value=\"https:\/\/www.nuskin.com\/content\/nuskin\/fr_LU\/personal-offer.mysite.html?userId=BE3316065&#038;pitchId=-MR-MH6E411ztnIQHaTw\">\ud83c\uddf1\ud83c\uddfa L\u00ebtzebuerg<\/option><option value=\"https:\/\/www.nuskin.com\/content\/nuskin\/hu_HU\/personal-offer.mysite.html?userId=BE3316065&#038;pitchId=-MR-MH6E411ztnIQHaTw\">\ud83c\udded\ud83c\uddfa Magyarorsz\u00e1g<\/option><option value=\"https:\/\/www.nuskin.com\/content\/nuskin\/nl_NL\/personal-offer.mysite.html?userId=BE3316065&#038;pitchId=-MR-MH6E411ztnIQHaTw\">\ud83c\uddf3\ud83c\uddf1 Netherlands<\/option><option value=\"https:\/\/www.nuskin.com\/content\/nuskin\/no_NO\/personal-offer.mysite.html?userId=BE3316065&#038;pitchId=-MR-MH6E411ztnIQHaTw\">\ud83c\uddf3\ud83c\uddf4 Norge<\/option><option value=\"https:\/\/www.nuskin.com\/content\/nuskin\/de_AT\/personal-offer.mysite.html?userId=BE3316065&#038;pitchId=-MR-MH6E411ztnIQHaTw\">\ud83c\udde6\ud83c\uddf9 \u00d6sterreich<\/option><option value=\"https:\/\/nskn.co\/IvG5ai\">\ud83c\uddf7\ud83c\uddfa \u0420\u043e\u0441\u0441\u0438\u044f<\/option><option value=\"https:\/\/www.nuskin.com\/content\/nuskin\/pl_PL\/personal-offer.mysite.html?userId=BE3316065&#038;pitchId=-MR-MH6E411ztnIQHaTw\">\ud83c\uddf5\ud83c\uddf1 Polska<\/option><option value=\"https:\/\/www.nuskin.com\/content\/nuskin\/pt_PT\/personal-offer.mysite.html?userId=BE3316065&#038;pitchId=-MR-MH6E411ztnIQHaTw\">\ud83c\uddf5\ud83c\uddf9 Portugal<\/option><option value=\"https:\/\/www.nuskin.com\/content\/nuskin\/ro_RO\/personal-offer.mysite.html?userId=BE3316065&#038;pitchId=-MR-MH6E411ztnIQHaTw\">\ud83c\uddf7\ud83c\uddf4 Rom\u00e2nia<\/option><option value=\"https:\/\/www.nuskin.com\/content\/nuskin\/de_CH\/personal-offer.mysite.html?userId=BE3316065&#038;pitchId=-MR-MH6E411ztnIQHaTw\">\ud83c\udde8\ud83c\udded Schweiz<\/option><option value=\"https:\/\/www.nuskin.com\/content\/nuskin\/sk_SK\/personal-offer.mysite.html?userId=BE3316065&#038;pitchId=-MR-MH6E411ztnIQHaTw\">\ud83c\uddf8\ud83c\uddf0 Slovensko<\/option><option value=\"https:\/\/www.nuskin.com\/content\/nuskin\/fi_FI\/personal-offer.mysite.html?userId=BE3316065&#038;pitchId=-MR-MH6E411ztnIQHaTw\">\ud83c\uddeb\ud83c\uddee Suomi<\/option><option value=\"https:\/\/www.nuskin.com\/content\/nuskin\/sv_SE\/personal-offer.mysite.html?userId=BE3316065&#038;pitchId=-MR-MH6E411ztnIQHaTw\">\ud83c\uddf8\ud83c\uddea Sverige<\/option><option value=\"https:\/\/nskn.co\/uj6bC5\">\ud83c\uddfa\ud83c\udde6 \u0423\u043a\u0440\u0430\u0457\u043d\u0430<\/option><option value=\"https:\/\/nskn.co\/cQTjmo\">\ud83c\uddec\ud83c\udde7 United Kingdom<\/option><option value=\"\"><\/option><option value=\"https:\/\/nskn.co\/zcvmup\">\ud83c\uddff\ud83c\udde6 South Africa<\/option><option value=\"\"><\/option><option value=\"https:\/\/nskn.co\/3gAmbh\">\ud83c\uddfa\ud83c\uddf8 United States<\/option><option value=\"https:\/\/nskn.co\/ewjsEQ\">\ud83c\udde8\ud83c\udde6 Canada<\/option><option value=\"https:\/\/nskn.co\/NSoRXp\">\ud83c\uddf2\ud83c\uddfd M\u00e9xico<\/option><option value=\"\"><\/option><option value=\"https:\/\/nskn.co\/hr6DnU\">\ud83c\udde6\ud83c\uddf7 Argentina<\/option><option value=\"https:\/\/nskn.co\/l81IhS\">\ud83c\udde8\ud83c\uddf1 Chile<\/option><option value=\"https:\/\/nskn.co\/UhlvDl\">\ud83c\udde8\ud83c\uddf4 Colombia<\/option><option value=\"https:\/\/nskn.co\/KYwagZ\">\ud83c\uddf5\ud83c\uddea Per\u00fa<\/option><option value=\"\"><\/option><option value=\"https:\/\/nskn.co\/7IoJzr\">\ud83c\udde6\ud83c\uddfa Australia<\/option><option value=\"https:\/\/nskn.co\/TSQrsm\">\ud83c\uddf3\ud83c\uddff New Zealand<\/option><option value=\"https:\/\/nskn.co\/jZpsCD\">\ud83c\uddf3\ud83c\udde8 Nouvelle-Cal\u00e9donie<\/option><option value=\"https:\/\/nskn.co\/XEoyDv\">\ud83c\uddf5\ud83c\uddeb Polyn\u00e9sie Fran\u00e7aise<\/option><option value=\"\"><\/option><option value=\"https:\/\/nskn.co\/e11FUp\">\ud83c\uddf8\ud83c\uddec Singapore<\/option><option value=\"\"><\/option><\/select><\/p>\n[sc name=\"new_info_german\" ][\/sc]\n<p><a href=\"https:\/\/www.ndr.de\/fernsehen\/sendungen\/das\/index.html\" target=\"_blank\" style=\"text-decoration: none; cursor:text; color:#402d25; font-weight: normal;\" rel=\"noopener\">Das<\/a> <a href=\"https:\/\/urbanbeautyonline.com\/de\/nuskin\/celltrex-always-right\/\" target=\"_blank\" style=\"text-decoration: none; cursor:text; color:#402d25; font-weight: normal;\" rel=\"noopener\">Celltrex Always Right Recovery Fluid<\/a> sorgt den ganzen Tag \u00fcber f\u00fcr eine geschmeidige, strahlende und wohltuend gen\u00e4hrte Haut. Und sie kann sich \u00fcber Nacht von den Strapazen des Alltags erholen. Das schnell einziehende Serum punktet mit unserer HydraFlex-Mischung, um die Haut mit Feuchtigkeit zu versorgen. Dar\u00fcber hinaus bietet eine Mischung aus bioadaptiven Pflanzenstoffen Schutz vor belastenden Alltagsfaktoren wie langen N\u00e4chten, stressigen Tagen und Luftverschmutzung.<\/p>\n[sc name=\"below-buy-now-button-german\" ][\/sc]\n","protected":false},"featured_media":383,"comment_status":"open","ping_status":"closed","template":"","meta":[],"product_cat":[31],"product_tag":[],"class_list":["post-376","product","type-product","status-publish","has-post-thumbnail","hentry","product_cat-nutricentials"],"_links":{"self":[{"href":"https:\/\/urbanbeautyonline.com\/de\/wp-json\/wp\/v2\/product\/376","targetHints":{"allow":["GET"]}}],"collection":[{"href":"https:\/\/urbanbeautyonline.com\/de\/wp-json\/wp\/v2\/product"}],"about":[{"href":"https:\/\/urbanbeautyonline.com\/de\/wp-json\/wp\/v2\/types\/product"}],"replies":[{"embeddable":true,"href":"https:\/\/urbanbeautyonline.com\/de\/wp-json\/wp\/v2\/comments?post=376"}],"wp:featuredmedia":[{"embeddable":true,"href":"https:\/\/urbanbeautyonline.com\/de\/wp-json\/wp\/v2\/media\/383"}],"wp:attachment":[{"href":"https:\/\/urbanbeautyonline.com\/de\/wp-json\/wp\/v2\/media?parent=376"}],"wp:term":[{"taxonomy":"product_cat","embeddable":true,"href":"https:\/\/urbanbeautyonline.com\/de\/wp-json\/wp\/v2\/product_cat?post=376"},{"taxonomy":"product_tag","embeddable":true,"href":"https:\/\/urbanbeautyonline.com\/de\/wp-json\/wp\/v2\/product_tag?post=376"}],"curies":[{"name":"wp","href":"https:\/\/api.w.org\/{rel}","templated":true}]}}