{"id":387,"date":"2022-11-23T20:00:25","date_gmt":"2022-11-23T20:00:25","guid":{"rendered":"https:\/\/urbanbeautyonline.com\/de\/?post_type=product&#038;p=387"},"modified":"2023-01-19T22:22:06","modified_gmt":"2023-01-19T22:22:06","slug":"ageloc-boost-activating-serum","status":"publish","type":"product","link":"https:\/\/urbanbeautyonline.com\/de\/nuskin\/ageloc-boost-activating-serum\/","title":{"rendered":"ageLOC Boost Activating Serum"},"content":{"rendered":"<h3>AGELOC BOOST ACTIVATING SERUM | AGELOC BOOST AKTIVIERENDES SERUM<\/h3>\n<div class=\"su-spoiler su-spoiler-style-simple su-spoiler-icon-plus su-spoiler-closed\" data-scroll-offset=\"0\" data-anchor-in-url=\"no\"><div class=\"su-spoiler-title\" tabindex=\"0\" role=\"button\"><span class=\"su-spoiler-icon\"><\/span>ANWENDUNG<\/div><div class=\"su-spoiler-content su-u-clearfix su-u-trim\">\nEinmal t\u00e4glich nach Reinigung und Toner anwenden.<br \/>\n<strong>Schritt 1:<\/strong> Schalte das Ger\u00e4t mit einem Wisch nach oben ein.<br \/>\n<strong>Schritt 2:<\/strong> Drei Pumpst\u00f6\u00dfe des Activating Serum auf die Leitfl\u00e4che des Ger\u00e4ts geben. \u00dcber eine Gesichtsh\u00e4lfte verteilen.<br \/>\n<strong>Schritt 3:<\/strong> Wieder nach oben wischen. Mit der Leitfl\u00e4che \u00fcber das Gesicht gleiten.<br \/>\n<strong>Schritt 4:<\/strong> Schritt 2 und Schritt 3 auf der anderen Gesichtsh\u00e4lfte wiederholen.<br \/>\n<strong>Schritt 5:<\/strong> Ger\u00e4t schaltet sich automatisch ab. \u00dcbersch\u00fcssiges Activating Serum in die Haut einmassieren, anschlie\u00dfend mit der t\u00e4glichen Hautpflege fortfahren.<br \/>\n<\/div><\/div>\n<div class=\"su-spoiler su-spoiler-style-simple su-spoiler-icon-plus su-spoiler-closed\" data-scroll-offset=\"0\" data-anchor-in-url=\"no\"><div class=\"su-spoiler-title\" tabindex=\"0\" role=\"button\"><span class=\"su-spoiler-icon\"><\/span>SCHON GEWUSST ...?<\/div><div class=\"su-spoiler-content su-u-clearfix su-u-trim\">\nageLOC Boost Activating Serum enth\u00e4lt Meeresnarzissen- Extrakt, das f\u00fcr seine aufhellenden Eigenschaften bekannt ist \u2013 f\u00fcr eine erfrischt aussehende Haut mit strahlendem Glow. Als gesch\u00fctzte Art wird sie vom Hersteller in kontrollierter umweltfreundlicher Landwirtschaft (CEA) angebaut. CEA-Inhaltsstoffe werden in einer geschlossenen Umgebung angebaut, um die R\u00fcckverfolgbarkeit und Nachhaltigkeit vom Samen bis zum Produkt zu gew\u00e4hrleisten.<br \/>\n<\/div><\/div>\n<div class=\"su-spoiler su-spoiler-style-simple su-spoiler-icon-plus su-spoiler-closed\" data-scroll-offset=\"0\" data-anchor-in-url=\"no\"><div class=\"su-spoiler-title\" tabindex=\"0\" role=\"button\"><span class=\"su-spoiler-icon\"><\/span>INHALTSSTOFFE<\/div><div class=\"su-spoiler-content su-u-clearfix su-u-trim\">\n<div class=\"su-row\">\n<div class=\"su-column su-column-size-1-2\"><div class=\"su-column-inner su-u-clearfix su-u-trim\"><center><img decoding=\"async\" width=\"80\" height=\"80\" src=\"https:\/\/i0.wp.com\/urbanbeautyonline.com\/de\/wp-content\/uploads\/2022\/11\/nu-skin-ageloc-boost-system-brightening-blend.png.webp?resize=80%2C80&#038;ssl=1\" alt=\"Ageloc Boost Activating Serum | Ageloc Boost Aktivierendes Serum\" title=\"\" data-recalc-dims=\"1\"><br \/>\n<strong>Strahlender Komplex (Meernarzissen-Extrakt (CEA), Vitamin C und Niacinamid)<\/strong> f\u00fcr eine strahlende, lebendige Haut mit Glow.<\/center><\/div><\/div>\n<div class=\"su-column su-column-size-1-2\"><div class=\"su-column-inner su-u-clearfix su-u-trim\"><center><img decoding=\"async\" width=\"80\" height=\"80\" src=\"https:\/\/i0.wp.com\/urbanbeautyonline.com\/de\/wp-content\/uploads\/2022\/11\/nu-skin-ageloc-boost-system-caviar-lime-blend.png.webp?resize=80%2C80&#038;ssl=1\" alt=\"Ageloc Boost Activating Serum | Ageloc Boost Aktivierendes Serum\" title=\"\" data-recalc-dims=\"1\"><br \/>\n<strong>Kaviar-Limetten-Fruchtextrakt<\/strong> verst\u00e4rkt den Peeling-Effekt und die Zellenerneuerung f\u00fcr einen sichtbar glatteren, strahlenderen und jugendlicher aussehenden Teint.<\/center><\/div><\/div>\n<\/div>\n<div class=\"su-row\">\n<div class=\"su-column su-column-size-1-2\"><div class=\"su-column-inner su-u-clearfix su-u-trim\"><center><img decoding=\"async\" width=\"80\" height=\"80\" src=\"https:\/\/i0.wp.com\/urbanbeautyonline.com\/de\/wp-content\/uploads\/2022\/11\/nu-skin-ageloc-boost-system-plumping-blend.png.webp?resize=80%2C80&#038;ssl=1\" alt=\"Ageloc Boost Activating Serum | Ageloc Boost Aktivierendes Serum\" title=\"\" data-recalc-dims=\"1\"><br \/>\n<strong>Straffender Komplex (Apfelfruchtextrakt, Linsenextrakt, Wassermelonenfruchtextrakt und zwei Formen von Hyalurons\u00e4ure)<\/strong>, spendet Feuchtigkeit und pflegt, die Haut erscheint praller.<\/center><\/div><\/div>\n<div class=\"su-column su-column-size-1-2\"><div class=\"su-column-inner su-u-clearfix su-u-trim\"><center><img decoding=\"async\" width=\"80\" height=\"80\" src=\"https:\/\/i0.wp.com\/urbanbeautyonline.com\/de\/wp-content\/uploads\/2022\/11\/nu-skin-ageloc-boost-system-ageloc-blend.png.webp?resize=80%2C80&#038;ssl=1\" alt=\"Ageloc Boost Activating Serum | Ageloc Boost Aktivierendes Serum\" title=\"\" data-recalc-dims=\"1\"><br \/>\n<strong>ageLOC Komplex<\/strong> wirkt den Ursachen sichtbarer Hautalterung gezielt entgegen \u2013 f\u00fcr eine l\u00e4nger strahlende, jugendlich aussehende Haut.<\/center><\/div><\/div>\n<\/div>\n<div class=\"su-row\">\n<div class=\"su-column su-column-size-1-1\"><div class=\"su-column-inner su-u-clearfix su-u-trim\"><center><img decoding=\"async\" width=\"80\" height=\"80\" src=\"https:\/\/i0.wp.com\/urbanbeautyonline.com\/de\/wp-content\/uploads\/2022\/11\/nu-skin-ageloc-boost-sea-daffodil.png.webp?resize=80%2C80&#038;ssl=1\" alt=\"Ageloc Boost Activating Serum | Ageloc Boost Aktivierendes Serum\" title=\"\" data-recalc-dims=\"1\"><br \/>\n<strong>Meernarzissen-Extrakt<\/strong> verbessert das Erscheinungsbild dunkler Flecken.<\/center><\/div><\/div>\n<\/div>\n<p><strong>INHALTSSTOFFE:<\/strong><br \/>\nAqua, Glycerin, Butylene glycol, Dimethicone, Polyglyceryl-6 Distearate, Tetrahexyldecyl Ascorbate, Sodium PCA, Sodium Lactate, Mannitol, Sodium Acetylated Hyaluronate, Sodium Hyaluronate, Niacinamide, Citrullus Lanatus Fruit Extract, Jojoba Esters, Lens Esculenta Fruit Extract, Pyrus Malus Fruit Extract, Tocopheryl Acetate, Lecithin, Phospholipids, Ethylhexylglycerin, Microcitrus Australasica Fruit Extract, Pancratium Maritimum Extract, Ergothioneine, Propanediol, Polyglyceryl-6 Polyricinoleate, Polyglyceryl-3 Beeswax, Sodium Acrylates Copolymer, Cetyl Alcohol, Xanthan Gum, Acrylates\/C10-30 Alkyl Acrylate Crosspolymer, Hydroxypropyl Methylcellulose Stearoxy Ether, Tetrasodium Glutamate Diacetate, Sodium Hydroxide, Aminomethyl Propanol, Phenoxyethanol, Chlorphenesin, Benzoic Acid, Potassium Sorbate, Sodium Benzoate.<br \/>\n<\/div><\/div>\n","protected":false},"excerpt":{"rendered":"<p><strong>ageLOC Boost Activating Serum:<\/strong><br \/>\n<select style=\"width: 100%;\" name=\"menu1\" onchange=\"location = this.value;\"><option>Klicke hier . . .<\/option><option value=\"\"><\/option><option value=\"https:\/\/nskn.co\/xXS2lD\">\ud83c\udde7\ud83c\uddea Belgi\u00eb<\/option><option value=\"https:\/\/nskn.co\/6rBIsw\">\ud83c\udde8\ud83c\uddff \u010cesk\u00e1 Republika<\/option><option value=\"https:\/\/nskn.co\/gFo2FZ\">\ud83c\udde9\ud83c\uddf0 Danmark<\/option><option value=\"https:\/\/nskn.co\/5TyW42\">\ud83c\udde9\ud83c\uddea Deutschland<\/option><option value=\"https:\/\/nskn.co\/B0Fgz2\">\ud83c\uddea\ud83c\uddf8 Espa\u00f1a<\/option><option value=\"https:\/\/nskn.co\/CfeW0X\">\ud83c\uddeb\ud83c\uddf7 France<\/option><option value=\"https:\/\/nskn.co\/HBGZwa\">\ud83c\uddee\ud83c\uddea Ireland<\/option><option value=\"https:\/\/nskn.co\/3KVV9p\">\ud83c\uddee\ud83c\uddf8 \u00cdsland<\/option><option value=\"https:\/\/nskn.co\/kJ4wWf\">\ud83c\uddee\ud83c\uddf9 Italia<\/option><option value=\"https:\/\/nskn.co\/mOtbYY\">\ud83c\uddf1\ud83c\uddfa L\u00ebtzebuerg<\/option><option value=\"https:\/\/nskn.co\/bwyPw8\">\ud83c\udded\ud83c\uddfa Magyarorsz\u00e1g<\/option><option value=\"https:\/\/nskn.co\/BFVyoh\">\ud83c\uddf3\ud83c\uddf1 Netherlands<\/option><option value=\"https:\/\/nskn.co\/WkCPba\">\ud83c\uddf3\ud83c\uddf4 Norge<\/option><option value=\"https:\/\/nskn.co\/tscAh2\">\ud83c\udde6\ud83c\uddf9 \u00d6sterreich<\/option><option value=\"https:\/\/nskn.co\/cVCuxY\">\ud83c\uddf7\ud83c\uddfa \u0420\u043e\u0441\u0441\u0438\u044f<\/option><option value=\"https:\/\/nskn.co\/OgZIbr\">\ud83c\uddf5\ud83c\uddf1 Polska<\/option><option value=\"https:\/\/nskn.co\/5HKkwO\">\ud83c\uddf5\ud83c\uddf9 Portugal<\/option><option value=\"https:\/\/nskn.co\/3v4WrK\">\ud83c\uddf7\ud83c\uddf4 Rom\u00e2nia<\/option><option value=\"https:\/\/nskn.co\/J9g9dZ\">\ud83c\udde8\ud83c\udded Schweiz<\/option><option value=\"https:\/\/nskn.co\/iOMhL6\">\ud83c\uddf8\ud83c\uddf0 Slovensko<\/option><option value=\"https:\/\/nskn.co\/ibIbdb\">\ud83c\uddeb\ud83c\uddee Suomi<\/option><option value=\"https:\/\/nskn.co\/4NYwPo\">\ud83c\uddf8\ud83c\uddea Sverige<\/option><option value=\"https:\/\/nskn.co\/82ibAl\">\ud83c\uddfa\ud83c\udde6 \u0423\u043a\u0440\u0430\u0457\u043d\u0430<\/option><option value=\"https:\/\/nskn.co\/a0e10G\">\ud83c\uddec\ud83c\udde7 United Kingdom<\/option><option value=\"\"><\/option><option value=\"https:\/\/nskn.co\/vsNeMd\">\ud83c\uddff\ud83c\udde6 South Africa<\/option><option value=\"\"><\/option><option value=\"https:\/\/nskn.co\/6CUPEB\">\ud83c\udde8\ud83c\udde6 Canada<\/option><option value=\"https:\/\/nskn.co\/CyuUb5\">\ud83c\uddf2\ud83c\uddfd M\u00e9xico<\/option><option value=\"\"><\/option><option value=\"https:\/\/nskn.co\/UfyZu7\">\ud83c\udde6\ud83c\uddf7 Argentina<\/option><option value=\"https:\/\/nskn.co\/o4bGVW\">\ud83c\udde8\ud83c\uddf1 Chile<\/option><option value=\"https:\/\/nskn.co\/Wf71rw\">\ud83c\udde8\ud83c\uddf4 Colombia<\/option><option value=\"https:\/\/nskn.co\/LCFtwS\">\ud83c\uddf5\ud83c\uddea Per\u00fa<\/option><option value=\"\"><\/option><option value=\"https:\/\/nskn.co\/r8Y4Db\">\ud83c\udde6\ud83c\uddfa Australia<\/option><option value=\"https:\/\/nskn.co\/8rhEtz\">\ud83c\uddf3\ud83c\uddff New Zealand<\/option><option value=\"https:\/\/nskn.co\/FtuJMr\">\ud83c\uddf3\ud83c\udde8 Nouvelle-Cal\u00e9donie<\/option><option value=\"https:\/\/nskn.co\/b8sWmY\">\ud83c\uddf5\ud83c\uddeb Polyn\u00e9sie Fran\u00e7aise<\/option><option value=\"\"><\/option><option value=\"https:\/\/nskn.co\/FtRtIf\">\ud83c\uddf8\ud83c\uddec Singapore<\/option><option value=\"https:\/\/nskn.co\/RUpOnS\">\ud83c\udde7\ud83c\uddf3 Brunei<\/option><option value=\"\"><\/option><option value=\"https:\/\/nskn.co\/M5VWfp\">\ud83c\udded\ud83c\uddf0 Hong Kong (\u9999\u6e2f)<\/option><option value=\"\"><\/option><\/select><\/p>\n[sc name=\"new_info_german\" ][\/sc]\n<p><a href=\"https:\/\/www.ndr.de\/fernsehen\/sendungen\/das\/index.html\" target=\"_blank\" style=\"text-decoration: none; cursor:text; color:#402d25; font-weight: normal;\" rel=\"noopener\">Das<\/a> <a href=\"https:\/\/urbanbeautyonline.com\/de\/nuskin\/ageloc-boost-activating-serum\/\" target=\"_blank\" style=\"text-decoration: none; cursor:text; color:#402d25; font-weight: normal;\" rel=\"noopener\">ageLOC Boost Activating Serum<\/a> ist die perfekte Erg\u00e4nzung zum ageLOC Boost Ger\u00e4t und sorgt daf\u00fcr, dass durch die einzigartige, zum Patent angemeldete Variabel Pulsierende Mikrostrom-Technologie die Wirkstoffe in die Haut gelangen. Wirkstoffe f\u00fcr strahlendere Haut, ein feuchtigkeitsspendender und hautstraffender Komplex, Kaviar-Limetten-Extrakt f\u00fcr sanftes Peeling sowie unser exklusiver ageLOC Komplex wirken den Ursachen sichtbarer Alterserscheinungen gezielt entgegen.<\/p>\n[sc name=\"below-buy-now-button-german\" ][\/sc]\n","protected":false},"featured_media":388,"comment_status":"open","ping_status":"closed","template":"","meta":[],"product_cat":[18,24],"product_tag":[],"class_list":["post-387","product","type-product","status-publish","has-post-thumbnail","hentry","product_cat-ageloc-boost","product_cat-gel-serum"],"_links":{"self":[{"href":"https:\/\/urbanbeautyonline.com\/de\/wp-json\/wp\/v2\/product\/387","targetHints":{"allow":["GET"]}}],"collection":[{"href":"https:\/\/urbanbeautyonline.com\/de\/wp-json\/wp\/v2\/product"}],"about":[{"href":"https:\/\/urbanbeautyonline.com\/de\/wp-json\/wp\/v2\/types\/product"}],"replies":[{"embeddable":true,"href":"https:\/\/urbanbeautyonline.com\/de\/wp-json\/wp\/v2\/comments?post=387"}],"wp:featuredmedia":[{"embeddable":true,"href":"https:\/\/urbanbeautyonline.com\/de\/wp-json\/wp\/v2\/media\/388"}],"wp:attachment":[{"href":"https:\/\/urbanbeautyonline.com\/de\/wp-json\/wp\/v2\/media?parent=387"}],"wp:term":[{"taxonomy":"product_cat","embeddable":true,"href":"https:\/\/urbanbeautyonline.com\/de\/wp-json\/wp\/v2\/product_cat?post=387"},{"taxonomy":"product_tag","embeddable":true,"href":"https:\/\/urbanbeautyonline.com\/de\/wp-json\/wp\/v2\/product_tag?post=387"}],"curies":[{"name":"wp","href":"https:\/\/api.w.org\/{rel}","templated":true}]}}