{"id":400,"date":"2022-11-24T20:26:33","date_gmt":"2022-11-24T20:26:33","guid":{"rendered":"https:\/\/urbanbeautyonline.com\/de\/?post_type=product&#038;p=400"},"modified":"2023-01-19T22:21:11","modified_gmt":"2023-01-19T22:21:11","slug":"galvanic-spa-gesichtsgels","status":"publish","type":"product","link":"https:\/\/urbanbeautyonline.com\/de\/nuskin\/galvanic-spa-gesichtsgels\/","title":{"rendered":"ageLOC Galvanic Spa Gesichtsgels"},"content":{"rendered":"<h3>ageLOC Galvanic Spa Gesichtsgels ageLOC Galvanic Spa Facial Gels Kaufen<\/h3>\n<div class=\"su-spoiler su-spoiler-style-simple su-spoiler-icon-plus su-spoiler-closed\" data-scroll-offset=\"0\" data-anchor-in-url=\"no\"><div class=\"su-spoiler-title\" tabindex=\"0\" role=\"button\"><span class=\"su-spoiler-icon\"><\/span>ANWENDUNG<\/div><div class=\"su-spoiler-content su-u-clearfix su-u-trim\">\nDie Gels zwei- bis dreimal pro Woche mit dem Galvanic Spa Ger\u00e4t und dem Face Conductor anwenden. Das Pre-Treat Gel auf Gesicht und Hals auftragen und Anwendung Nr. 1 auf dem Ger\u00e4t bei der ersten Anwendung ausw\u00e4hlen. Bitte darauf achten, dass das Ger\u00e4t st\u00e4ndig in Kontakt mit deiner Haut bleibt. \u00dcbersch\u00fcssiges Gel entfernen und den Vorgang mit dem Treatment Gel und Anwendung Nr. 2 wiederholen.<br \/>\n<\/div><\/div>\n<div class=\"su-spoiler su-spoiler-style-simple su-spoiler-icon-plus su-spoiler-closed\" data-scroll-offset=\"0\" data-anchor-in-url=\"no\"><div class=\"su-spoiler-title\" tabindex=\"0\" role=\"button\"><span class=\"su-spoiler-icon\"><\/span>SCHON GEWUSST ...?<\/div><div class=\"su-spoiler-content su-u-clearfix su-u-trim\">\nWenn du unsere Gesichtsreinigungsgels mit dem ageLOC Galvanic Spa und Face Conductor verwendest, wird eine optimale Wirkung erzielt.<\/p>\n<p><em>* Ergebnisse einer professionellen Bewertung durch Dritte in 2020, die auf einer 4-w\u00f6chigen, auf einer Gesichtsh\u00e4lfte angewendeten, zuf\u00e4llig ausgew\u00e4hlten In-vivo-Studie mit 30 Probandinnen basiert, die das System dreimal pro Woche anwendeten.<\/em><br \/>\n<\/div><\/div>\n","protected":false},"excerpt":{"rendered":"<p><strong>Galvanic Spa Gesichtsgels:<\/strong><br \/>\n<select style=\"width: 100%;\" name=\"menu1\" onchange=\"location = this.value;\"><option>Klicke hier . . .<\/option><option value=\"\"><\/option><option value=\"https:\/\/nskn.co\/PuN4il\">\ud83c\udde7\ud83c\uddea Belgi\u00eb<\/option><option value=\"https:\/\/www.nuskin.com\/content\/nuskin\/cs_CZ\/personal-offer.mysite.html?userId=BE3316065&#038;pitchId=-MNT7c-nQf94gGGtHSV-\">\ud83c\udde8\ud83c\uddff \u010cesk\u00e1 Republika<\/option><option value=\"https:\/\/www.nuskin.com\/content\/nuskin\/da_DK\/personal-offer.mysite.html?userId=BE3316065&#038;pitchId=-MNT7c-nQf94gGGtHSV-\">\ud83c\udde9\ud83c\uddf0 Danmark<\/option><option value=\"https:\/\/nskn.co\/GB6wz3\">\ud83c\udde9\ud83c\uddea Deutschland<\/option><option value=\"https:\/\/nskn.co\/iapwxq\">\ud83c\uddea\ud83c\uddf8 Espa\u00f1a<\/option><option value=\"https:\/\/nskn.co\/k0tutq\">\ud83c\uddeb\ud83c\uddf7 France<\/option><option value=\"https:\/\/nskn.co\/VkwQef\">\ud83c\uddee\ud83c\uddea Ireland<\/option><option value=\"https:\/\/www.nuskin.com\/content\/nuskin\/en_IS\/personal-offer.mysite.html?userId=BE3316065&#038;pitchId=-MNT7c-nQf94gGGtHSV-\">\ud83c\uddee\ud83c\uddf8 \u00cdsland<\/option><option value=\"https:\/\/nskn.co\/ykrztr\">\ud83c\uddee\ud83c\uddf9 Italia<\/option><option value=\"https:\/\/nskn.co\/uiciCr\">\ud83c\uddf1\ud83c\uddfa L\u00ebtzebuerg<\/option><option value=\"https:\/\/www.nuskin.com\/content\/nuskin\/hu_HU\/personal-offer.mysite.html?userId=BE3316065&#038;pitchId=-MNT7c-nQf94gGGtHSV-\">\ud83c\udded\ud83c\uddfa Magyarorsz\u00e1g<\/option><option value=\"https:\/\/nskn.co\/T0x1Q1\">\ud83c\uddf3\ud83c\uddf1 Netherlands<\/option><option value=\"https:\/\/www.nuskin.com\/content\/nuskin\/no_NO\/personal-offer.mysite.html?userId=BE3316065&#038;pitchId=-MNT7c-nQf94gGGtHSV-\">\ud83c\uddf3\ud83c\uddf4 Norge<\/option><option value=\"https:\/\/nskn.co\/crDpU1\">\ud83c\udde6\ud83c\uddf9 \u00d6sterreich<\/option><option value=\"https:\/\/nskn.co\/M2HJP9\">\ud83c\uddf7\ud83c\uddfa \u0420\u043e\u0441\u0441\u0438\u044f<\/option><option value=\"https:\/\/www.nuskin.com\/content\/nuskin\/pl_PL\/personal-offer.mysite.html?userId=BE3316065&#038;pitchId=-MNT7c-nQf94gGGtHSV-\">\ud83c\uddf5\ud83c\uddf1 Polska<\/option><option value=\"https:\/\/nskn.co\/Uc11GO\">\ud83c\uddf5\ud83c\uddf9 Portugal<\/option><option value=\"https:\/\/www.nuskin.com\/content\/nuskin\/ro_RO\/personal-offer.mysite.html?userId=BE3316065&#038;pitchId=-MNT7c-nQf94gGGtHSV-\">\ud83c\uddf7\ud83c\uddf4 Rom\u00e2nia<\/option><option value=\"https:\/\/nskn.co\/ZDPVhA\">\ud83c\udde8\ud83c\udded Schweiz<\/option><option value=\"https:\/\/www.nuskin.com\/content\/nuskin\/sk_SK\/personal-offer.mysite.html?userId=BE3316065&#038;pitchId=-MNT7c-nQf94gGGtHSV-\">\ud83c\uddf8\ud83c\uddf0 Slovensko<\/option><option value=\"https:\/\/www.nuskin.com\/content\/nuskin\/fi_FI\/personal-offer.mysite.html?userId=BE3316065&#038;pitchId=-MNT7c-nQf94gGGtHSV-\">\ud83c\uddeb\ud83c\uddee Suomi<\/option><option value=\"https:\/\/www.nuskin.com\/content\/nuskin\/sv_SE\/personal-offer.mysite.html?userId=BE3316065&#038;pitchId=-MNT7c-nQf94gGGtHSV-\">\ud83c\uddf8\ud83c\uddea Sverige<\/option><option value=\"https:\/\/nskn.co\/SLG35U\">\ud83c\uddfa\ud83c\udde6 \u0423\u043a\u0440\u0430\u0457\u043d\u0430<\/option><option value=\"https:\/\/nskn.co\/cHESRF\">\ud83c\uddec\ud83c\udde7 United Kingdom<\/option><option value=\"\"><\/option><option value=\"https:\/\/nskn.co\/eWXnro\">\ud83c\uddee\ud83c\uddf1 Israel<\/option><option value=\"https:\/\/nskn.co\/yPJKTY\">\ud83c\uddff\ud83c\udde6 South Africa<\/option><option value=\"\"><\/option><option value=\"https:\/\/nskn.co\/efIWpJ\">\ud83c\uddfa\ud83c\uddf8 United States<\/option><option value=\"https:\/\/nskn.co\/2ZoseE\">\ud83c\udde8\ud83c\udde6 Canada<\/option><option value=\"https:\/\/nskn.co\/CwFiNl\">\ud83c\uddf2\ud83c\uddfd M\u00e9xico<\/option><option value=\"\"><\/option><option value=\"https:\/\/nskn.co\/EUFKN9\">\ud83c\udde6\ud83c\uddf7 Argentina<\/option><option value=\"https:\/\/nskn.co\/0tiO72\">\ud83c\udde8\ud83c\uddf1 Chile<\/option><option value=\"https:\/\/nskn.co\/gGLDsC\">\ud83c\udde8\ud83c\uddf4 Colombia<\/option><option value=\"https:\/\/nskn.co\/u3gyI2\">\ud83c\uddf5\ud83c\uddea Peru<\/option><option value=\"\"><\/option><option value=\"https:\/\/nskn.co\/ncBlox\">\ud83c\udde6\ud83c\uddfa Australia<\/option><option value=\"https:\/\/nskn.co\/oAi5OO\">\ud83c\uddf3\ud83c\uddff New Zealand<\/option><option value=\"https:\/\/nskn.co\/jWoaMp\">\ud83c\uddf3\ud83c\udde8 Nouvelle-Cal\u00e9donie<\/option><option value=\"https:\/\/nskn.co\/CnzXgU\">\ud83c\uddf5\ud83c\uddeb Polyn\u00e9sie Fran\u00e7aise<\/option><option value=\"\"><\/option><option value=\"https:\/\/nskn.co\/bECa52\">\ud83c\udded\ud83c\uddf0 Hong Kong (\u9999\u6e2f)<\/option><option value=\"https:\/\/nskn.co\/1MHwSd\">\ud83c\uddf8\ud83c\uddec Singapore<\/option><option value=\"\"><\/option><\/select><\/p>\n<p><strong>Galvanic Spa Gesichtsgels (3 Kisten):<\/strong><br \/>\n<select style=\"width: 100%;\" name=\"menu1\" onchange=\"location = this.value;\"><option>Klicke hier . . .<\/option><option value=\"\"><\/option><option value=\"https:\/\/nskn.co\/ixAyKa\">\ud83c\udde7\ud83c\uddea Belgi\u00eb<\/option><option value=\"https:\/\/www.nuskin.com\/content\/nuskin\/cs_CZ\/personal-offer.mysite.html?userId=BE3316065&#038;pitchId=-MNT8FIzDQW3lzoc_zJH\">\ud83c\udde8\ud83c\uddff \u010cesk\u00e1 Republika<\/option><option value=\"https:\/\/www.nuskin.com\/content\/nuskin\/da_DK\/personal-offer.mysite.html?userId=BE3316065&#038;pitchId=-MNT8FIzDQW3lzoc_zJH\">\ud83c\udde9\ud83c\uddf0 Danmark<\/option><option value=\"https:\/\/nskn.co\/VGHVvk\">\ud83c\udde9\ud83c\uddea Deutschland<\/option><option value=\"https:\/\/nskn.co\/zvcyPd\">\ud83c\uddea\ud83c\uddf8 Espa\u00f1a<\/option><option value=\"https:\/\/nskn.co\/gVf4q3\">\ud83c\uddeb\ud83c\uddf7 France<\/option><option value=\"https:\/\/nskn.co\/3FCtUr\">\ud83c\uddee\ud83c\uddea Ireland<\/option><option value=\"https:\/\/www.nuskin.com\/content\/nuskin\/en_IS\/personal-offer.mysite.html?userId=BE3316065&#038;pitchId=-MNT8FIzDQW3lzoc_zJH\">\ud83c\uddee\ud83c\uddf8 \u00cdsland<\/option><option value=\"https:\/\/nskn.co\/eVFsjg\">\ud83c\uddee\ud83c\uddf9 Italia<\/option><option value=\"https:\/\/nskn.co\/SDRwnc\">\ud83c\uddf1\ud83c\uddfa L\u00ebtzebuerg<\/option><option value=\"https:\/\/www.nuskin.com\/content\/nuskin\/hu_HU\/personal-offer.mysite.html?userId=BE3316065&#038;pitchId=-MNT8FIzDQW3lzoc_zJH\">\ud83c\udded\ud83c\uddfa Magyarorsz\u00e1g<\/option><option value=\"https:\/\/nskn.co\/Z3rRWX\">\ud83c\uddf3\ud83c\uddf1 Netherlands<\/option><option value=\"https:\/\/www.nuskin.com\/content\/nuskin\/no_NO\/personal-offer.mysite.html?userId=BE3316065&#038;pitchId=-MNT8FIzDQW3lzoc_zJH\">\ud83c\uddf3\ud83c\uddf4 Norge<\/option><option value=\"https:\/\/nskn.co\/OeUA8g\">\ud83c\udde6\ud83c\uddf9 \u00d6sterreich<\/option><option value=\"https:\/\/nskn.co\/sAq0Gg\">\ud83c\uddf7\ud83c\uddfa \u0420\u043e\u0441\u0441\u0438\u044f<\/option><option value=\"https:\/\/www.nuskin.com\/content\/nuskin\/pl_PL\/personal-offer.mysite.html?userId=BE3316065&#038;pitchId=-MNT8FIzDQW3lzoc_zJH\">\ud83c\uddf5\ud83c\uddf1 Polska<\/option><option value=\"https:\/\/nskn.co\/h3g02u\">\ud83c\uddf5\ud83c\uddf9 Portugal<\/option><option value=\"https:\/\/www.nuskin.com\/content\/nuskin\/ro_RO\/personal-offer.mysite.html?userId=BE3316065&#038;pitchId=-MNT8FIzDQW3lzoc_zJH\">\ud83c\uddf7\ud83c\uddf4 Rom\u00e2nia<\/option><option value=\"https:\/\/nskn.co\/cI7o9f\">\ud83c\udde8\ud83c\udded Schweiz<\/option><option value=\"https:\/\/www.nuskin.com\/content\/nuskin\/sk_SK\/personal-offer.mysite.html?userId=BE3316065&#038;pitchId=-MNT8FIzDQW3lzoc_zJH\">\ud83c\uddf8\ud83c\uddf0 Slovensko<\/option><option value=\"https:\/\/www.nuskin.com\/content\/nuskin\/fi_FI\/personal-offer.mysite.html?userId=BE3316065&#038;pitchId=-MNT8FIzDQW3lzoc_zJH\">\ud83c\uddeb\ud83c\uddee Suomi<\/option><option value=\"https:\/\/www.nuskin.com\/content\/nuskin\/sv_SE\/personal-offer.mysite.html?userId=BE3316065&#038;pitchId=-MNT8FIzDQW3lzoc_zJH\">\ud83c\uddf8\ud83c\uddea Sverige<\/option><option value=\"https:\/\/nskn.co\/KRIVNC\">\ud83c\uddfa\ud83c\udde6 \u0423\u043a\u0440\u0430\u0457\u043d\u0430<\/option><option value=\"https:\/\/nskn.co\/C69gxZ\">\ud83c\uddec\ud83c\udde7 United Kingdom<\/option><option value=\"\"><\/option><option value=\"https:\/\/nskn.co\/RuWhkz\">\ud83c\uddff\ud83c\udde6 South Africa<\/option><option value=\"\"><\/option><\/select><\/p>\n[sc name=\"new_info_german\" ][\/sc]\n<p><a href=\"https:\/\/www.die-bonn.de\/\" target=\"_blank\" style=\"text-decoration: none; cursor:text; color:#402d25; font-weight: normal;\" rel=\"noopener\">Die<\/a> <a href=\"https:\/\/urbanbeautyonline.com\/de\/nuskin\/galvanic-spa-gesichtsgels\/\" target=\"_blank\" style=\"text-decoration: none; cursor:text; color:#402d25; font-weight: normal;\" rel=\"noopener\">ageLOC Galvanic Spa Gesichtsgels<\/a> sind eine 2-stufige Anti-Aging-Behandlung f\u00fcr zu Hause, die in Verbindung mit unserem ageLOC Galvanic Spa Ger\u00e4t entwickelt wurde, um Linien und Falten sichtbar zu reduzieren, Ihre Haut zu beleben und ihr ein strafferes, konturiertes und strahlendes Aussehen zu verleihen.<\/p>\n[sc name=\"below-buy-now-button-german\" ][\/sc]\n","protected":false},"featured_media":401,"comment_status":"open","ping_status":"closed","template":"","meta":[],"product_cat":[21,24],"product_tag":[],"class_list":["post-400","product","type-product","status-publish","has-post-thumbnail","hentry","product_cat-ageloc-galvanic-spa","product_cat-gel-serum"],"_links":{"self":[{"href":"https:\/\/urbanbeautyonline.com\/de\/wp-json\/wp\/v2\/product\/400","targetHints":{"allow":["GET"]}}],"collection":[{"href":"https:\/\/urbanbeautyonline.com\/de\/wp-json\/wp\/v2\/product"}],"about":[{"href":"https:\/\/urbanbeautyonline.com\/de\/wp-json\/wp\/v2\/types\/product"}],"replies":[{"embeddable":true,"href":"https:\/\/urbanbeautyonline.com\/de\/wp-json\/wp\/v2\/comments?post=400"}],"wp:featuredmedia":[{"embeddable":true,"href":"https:\/\/urbanbeautyonline.com\/de\/wp-json\/wp\/v2\/media\/401"}],"wp:attachment":[{"href":"https:\/\/urbanbeautyonline.com\/de\/wp-json\/wp\/v2\/media?parent=400"}],"wp:term":[{"taxonomy":"product_cat","embeddable":true,"href":"https:\/\/urbanbeautyonline.com\/de\/wp-json\/wp\/v2\/product_cat?post=400"},{"taxonomy":"product_tag","embeddable":true,"href":"https:\/\/urbanbeautyonline.com\/de\/wp-json\/wp\/v2\/product_tag?post=400"}],"curies":[{"name":"wp","href":"https:\/\/api.w.org\/{rel}","templated":true}]}}