{"id":404,"date":"2022-11-25T20:00:06","date_gmt":"2022-11-25T20:00:06","guid":{"rendered":"https:\/\/urbanbeautyonline.com\/de\/?post_type=product&#038;p=404"},"modified":"2023-01-19T22:20:37","modified_gmt":"2023-01-19T22:20:37","slug":"insta-glow-getontes-selbstbraunungsgel","status":"publish","type":"product","link":"https:\/\/urbanbeautyonline.com\/de\/nuskin\/insta-glow-getontes-selbstbraunungsgel\/","title":{"rendered":"Sunright Insta Glow Get\u00f6ntes Selbstbr\u00e4unungsgel"},"content":{"rendered":"<h3>Sunright Insta Glow Get\u00f6ntes Selbstbr\u00e4unungsgel<\/h3>\n<div class=\"su-spoiler su-spoiler-style-simple su-spoiler-icon-plus su-spoiler-closed\" data-scroll-offset=\"0\" data-anchor-in-url=\"no\"><div class=\"su-spoiler-title\" tabindex=\"0\" role=\"button\"><span class=\"su-spoiler-icon\"><\/span>VORTEILE<\/div><div class=\"su-spoiler-content su-u-clearfix su-u-trim\">\n<img decoding=\"async\" width=\"793\" height=\"264\" src=\"https:\/\/i0.wp.com\/urbanbeautyonline.com\/de\/wp-content\/uploads\/2022\/11\/NU-SKIN-SUNRIGHT-INSTA-GLOW-GETONTES-SELBSTBRAUNUNGSGEL-KAUFEN-PREIS-DEUTSCHLAND.webp?resize=793%2C264&#038;ssl=1\" alt=\"NU SKIN Sunright Insta Glow Get\u00f6ntes Selbstbr\u00e4unungsgel KAUFEN PREIS\" title=\"\" data-recalc-dims=\"1\"><br \/>\n<\/div><\/div>\n<div class=\"su-spoiler su-spoiler-style-simple su-spoiler-icon-plus su-spoiler-closed\" data-scroll-offset=\"0\" data-anchor-in-url=\"no\"><div class=\"su-spoiler-title\" tabindex=\"0\" role=\"button\"><span class=\"su-spoiler-icon\"><\/span>ANWENDUNG<\/div><div class=\"su-spoiler-content su-u-clearfix su-u-trim\">\nEine d\u00fcnne Gelschicht mit kreisenden Bewegungen auf die gepeelte, gereinigte und trockene Haut von Gesicht und K\u00f6rper auftragen. Nicht auf gereizter oder verletzter Haut anwenden. Augenbrauen, Augenbereich, Haaransatz und Lippen aussparen. H\u00e4nde anschlie\u00dfend gut waschen. Gel von Knien, Kn\u00f6cheln und Ellbogen entfernen und einige Minuten warten, bevor du dich wieder anziehst. Nicht t\u00e4glich verwenden.<br \/>\n<\/div><\/div>\n<div class=\"su-spoiler su-spoiler-style-simple su-spoiler-icon-plus su-spoiler-closed\" data-scroll-offset=\"0\" data-anchor-in-url=\"no\"><div class=\"su-spoiler-title\" tabindex=\"0\" role=\"button\"><span class=\"su-spoiler-icon\"><\/span>INHALTSSTOFFE<\/div><div class=\"su-spoiler-content su-u-clearfix su-u-trim\">\nAqua, Butylene Glycol, Isopropyl Palmitate, Undecane, Tridecane, Dihydroxyacetone, Pentylene Glycol, Alcohol, Lauryl PEG-10 Tris(Trimethylsiloxy)Silylethyl Dimethicone, Sodium Chloride, Dimethicone, Persea Gratissima Oil, Sodium PCA, Glycerin, Panthenol, Hydroxyproline, Proline, Sodium Hyaluronate, Polysorbate 20, Tin Oxide, Sodium Ferrocyanide, Mica, Tocopherol, Phenoxyethanol, [Caramel, CI 77891, CI 77491].<br \/>\n<\/div><\/div>\n<div class=\"su-spoiler su-spoiler-style-simple su-spoiler-icon-plus su-spoiler-closed\" data-scroll-offset=\"0\" data-anchor-in-url=\"no\"><div class=\"su-spoiler-title\" tabindex=\"0\" role=\"button\"><span class=\"su-spoiler-icon\"><\/span>SCHON GEWUSST ...?<\/div><div class=\"su-spoiler-content su-u-clearfix su-u-trim\">\nInnerhalb von etwa 15 Minuten* erh\u00e4ltst du einen wie von der Sonne gek\u00fcssten Glow. Die tolle Br\u00e4unung kommt vom Karamell und den sanften Farbstoffen in der Insta Glow Get\u00f6ntes Selbstbr\u00e4unungsgel Formel.<br \/>\n<\/div><\/div>\n","protected":false},"excerpt":{"rendered":"<p><strong>Sunright Insta Glow Get\u00f6ntes Selbstbr\u00e4unungsgel:<\/strong><br \/>\n<select style=\"width: 100%;\" name=\"menu1\" onchange=\"location = this.value;\"><option>Klicke hier . . .<\/option><option value=\"\"><\/option><option value=\"https:\/\/nskn.co\/c4j1XE\">\ud83c\udde7\ud83c\uddea Belgi\u00eb<\/option><option value=\"https:\/\/nskn.co\/rP7lJR\">\ud83c\udde8\ud83c\uddff \u010cesk\u00e1 Republika<\/option>\/*joy*\/<option value=\"https:\/\/nskn.co\/evYEL4\">\ud83c\udde9\ud83c\uddf0 Danmark<\/option><option value=\"https:\/\/nskn.co\/jVQWUB\">\ud83c\udde9\ud83c\uddea Deutschland<\/option><option value=\"https:\/\/nskn.co\/mwcNPK\">\ud83c\uddea\ud83c\uddf8 Espa\u00f1a<\/option><option value=\"http:\/\/nskn.co\/sFAslW\">\ud83c\uddeb\ud83c\uddf7 France<\/option><option value=\"https:\/\/nskn.co\/gScDqz\">\ud83c\uddee\ud83c\uddea Ireland<\/option><option value=\"https:\/\/nskn.co\/pEx57E\">\ud83c\uddee\ud83c\uddf8 \u00cdsland<\/option>\/*joy*\/<option value=\"https:\/\/nskn.co\/eC43AG\">\ud83c\uddee\ud83c\uddf9 Italia<\/option><option value=\"https:\/\/nskn.co\/9CNggE\">\ud83c\uddf1\ud83c\uddfa L\u00ebtzebuerg<\/option><option value=\"https:\/\/nskn.co\/vDPH7c\">\ud83c\udded\ud83c\uddfa Magyarorsz\u00e1g<\/option><option value=\"http:\/\/nskn.co\/NmpWO0\">\ud83c\uddf3\ud83c\uddf1 Netherlands<\/option><option value=\"http:\/\/nskn.co\/c1HRA0\">\ud83c\uddf3\ud83c\uddf4 Norge<\/option><option value=\"https:\/\/nskn.co\/fZZ3qy\">\ud83c\udde6\ud83c\uddf9 \u00d6sterreich<\/option><option value=\"https:\/\/nskn.co\/5ouMBH\">\ud83c\uddf5\ud83c\uddf1 Polska<\/option><option value=\"https:\/\/nskn.co\/nfR6BO\">\ud83c\uddf5\ud83c\uddf9 Portugal<\/option><option value=\"https:\/\/nskn.co\/2e0u0w\">\ud83c\uddf7\ud83c\uddf4 Rom\u00e2nia<\/option><option value=\"https:\/\/nskn.co\/Grjout\">\ud83c\udde8\ud83c\udded Schweiz<\/option><option value=\"https:\/\/nskn.co\/MjbOaA\">\ud83c\uddf8\ud83c\uddf0 Slovensko<\/option><option value=\"https:\/\/nskn.co\/Kc5PYB\">\ud83c\uddeb\ud83c\uddee Suomi<\/option>\/*joy*\/<option value=\"https:\/\/nskn.co\/SJi874\">\ud83c\uddf8\ud83c\uddea Sverige<\/option><option value=\"http:\/\/nskn.co\/0lMlxJ\">\ud83c\uddec\ud83c\udde7 United Kingdom<\/option><option value=\"\"><\/option><option value=\"https:\/\/nskn.co\/45Ojqi\">\ud83c\uddff\ud83c\udde6 South Africa<\/option>\/*joy*\/<option value=\"\"><\/option><option value=\"https:\/\/nskn.co\/MSOl0Z\">\ud83c\uddfa\ud83c\uddf8 United States<\/option><option value=\"https:\/\/nskn.co\/W5H2LN\">\ud83c\udde8\ud83c\udde6 Canada <\/option>\/*joy*\/<option value=\"https:\/\/nskn.co\/Nudx2K\">\ud83c\uddf2\ud83c\uddfd Mexico<\/option><option value=\"\"><\/option><option value=\"https:\/\/nskn.co\/k9evRT\">\ud83c\udde6\ud83c\uddf7 Argentina<\/option><option value=\"https:\/\/nskn.co\/PGaVT3\">\ud83c\udde8\ud83c\uddf1 Chile<\/option><option value=\"https:\/\/nskn.co\/9Yu1UV\">\ud83c\udde8\ud83c\uddf4 Colombia<\/option><option value=\"https:\/\/nskn.co\/ypYn3s\">\ud83c\uddf5\ud83c\uddea Peru<\/option><option value=\"\"><\/option><option value=\"https:\/\/nskn.co\/0nVPIR\">\ud83c\udde6\ud83c\uddfa Australia <\/option>\/*joy*\/<option value=\"https:\/\/nskn.co\/HmDPsj\">\ud83c\uddf3\ud83c\uddff New Zealand <\/option>\/*joy*\/<option value=\"https:\/\/nskn.co\/AnrfVQ\">\ud83c\uddf5\ud83c\uddeb Polyn\u00e9sie Fran\u00e7aise<\/option><option value=\"https:\/\/nskn.co\/3yLYmg\">\ud83c\uddf3\ud83c\udde8 Nouvelle-Cal\u00e9donie<\/option><option value=\"\"><\/option><\/select><\/p>\n[sc name=\"new_info_german\" ][\/sc]\n<p>Mit der <a href=\"https:\/\/de.wikipedia.org\/wiki\/Sonne\" target=\"_blank\" style=\"text-decoration: none; cursor:text; color:#402d25; font-weight: normal;\" rel=\"noopener\">Sonne<\/a> um die Wette strahlen, war noch nie so leicht. Mit <a href=\"https:\/\/urbanbeautyonline.com\/de\/insta-glow-getontes-selbstbraunungsgel\" target=\"_blank\" style=\"text-decoration: none; cursor:text; color:#402d25; font-weight: normal;\" rel=\"noopener\">Sunright Insta Glow Get\u00f6ntes Selbstbr\u00e4unungsgel<\/a> erh\u00e4ltst du eine gebr\u00e4unte, wie von der Sonne gek\u00fcsste Haut in ca. 15 Minuten*, ohne dich der Sonne auszusetzen, und egal zu welcher Jahreszeit. Das Gel mit dezentem Duft l\u00e4sst sich einfach auftragen und sorgt f\u00fcr eine strahlende gleichm\u00e4\u00dfige Br\u00e4une.<\/p>\n[sc name=\"below-buy-now-button-german\" ][\/sc]\n","protected":false},"featured_media":406,"comment_status":"open","ping_status":"closed","template":"","meta":[],"product_cat":[38],"product_tag":[],"class_list":["post-404","product","type-product","status-publish","has-post-thumbnail","hentry","product_cat-korperpflege"],"_links":{"self":[{"href":"https:\/\/urbanbeautyonline.com\/de\/wp-json\/wp\/v2\/product\/404","targetHints":{"allow":["GET"]}}],"collection":[{"href":"https:\/\/urbanbeautyonline.com\/de\/wp-json\/wp\/v2\/product"}],"about":[{"href":"https:\/\/urbanbeautyonline.com\/de\/wp-json\/wp\/v2\/types\/product"}],"replies":[{"embeddable":true,"href":"https:\/\/urbanbeautyonline.com\/de\/wp-json\/wp\/v2\/comments?post=404"}],"wp:featuredmedia":[{"embeddable":true,"href":"https:\/\/urbanbeautyonline.com\/de\/wp-json\/wp\/v2\/media\/406"}],"wp:attachment":[{"href":"https:\/\/urbanbeautyonline.com\/de\/wp-json\/wp\/v2\/media?parent=404"}],"wp:term":[{"taxonomy":"product_cat","embeddable":true,"href":"https:\/\/urbanbeautyonline.com\/de\/wp-json\/wp\/v2\/product_cat?post=404"},{"taxonomy":"product_tag","embeddable":true,"href":"https:\/\/urbanbeautyonline.com\/de\/wp-json\/wp\/v2\/product_tag?post=404"}],"curies":[{"name":"wp","href":"https:\/\/api.w.org\/{rel}","templated":true}]}}