{"id":408,"date":"2022-11-26T20:00:51","date_gmt":"2022-11-26T20:00:51","guid":{"rendered":"https:\/\/urbanbeautyonline.com\/de\/?post_type=product&#038;p=408"},"modified":"2023-02-09T18:06:12","modified_gmt":"2023-02-09T18:06:12","slug":"epoch-glacial-marine-schlammmaske","status":"publish","type":"product","link":"https:\/\/urbanbeautyonline.com\/de\/nuskin\/epoch-glacial-marine-schlammmaske\/","title":{"rendered":"Epoch Glacial Marine Schlammmaske"},"content":{"rendered":"<h3>Epoch Glacial Marine Schlammmaske | Meeresschlamm-Maske | Epoch Gletscherschlamm<\/h3>\n<div class=\"su-youtube su-u-responsive-media-yes\"><iframe loading=\"lazy\" width=\"600\" height=\"400\" src=\"https:\/\/www.youtube.com\/embed\/ROMsA7aTcVg?\" frameborder=\"0\" allowfullscreen allow=\"autoplay; encrypted-media; picture-in-picture\" title=\"NU SKIN EPOCH PRODUCTS COLLECTION\"><\/iframe><\/div>\n<div class=\"su-spoiler su-spoiler-style-simple su-spoiler-icon-plus su-spoiler-closed\" data-scroll-offset=\"0\" data-anchor-in-url=\"no\"><div class=\"su-spoiler-title\" tabindex=\"0\" role=\"button\"><span class=\"su-spoiler-icon\"><\/span>VORTEILE<\/div><div class=\"su-spoiler-content su-u-clearfix su-u-trim\">\n<div class=\"su-row\">\n<div class=\"su-column su-column-size-1-3\"><div class=\"su-column-inner su-u-clearfix su-u-trim\"><center><img decoding=\"async\" width=\"50\" height=\"50\" src=\"https:\/\/i0.wp.com\/urbanbeautyonline.com\/de\/wp-content\/uploads\/2022\/11\/icon-removes-oil-particles-skin.webp?resize=50%2C50&#038;ssl=1\" alt=\"Epoch Glacial Marine Mud Mask\" title=\"\" data-recalc-dims=\"1\"><br \/>\nEmulgiert, damit sich \u00f6lige Partikel leichter entfernen lassen<\/center><\/div><\/div>\n<div class=\"su-column su-column-size-1-3\"><div class=\"su-column-inner su-u-clearfix su-u-trim\"><center><img decoding=\"async\" width=\"50\" height=\"50\" src=\"https:\/\/i0.wp.com\/urbanbeautyonline.com\/de\/wp-content\/uploads\/2022\/11\/icon-50-minerals-trace.webp?resize=50%2C50&#038;ssl=1\" alt=\"Epoch Glacial Marine Mud Mask\" title=\"\" data-recalc-dims=\"1\"><br \/>\n50+ Mineralien und Spurenelemente<\/center><\/div><\/div>\n<div class=\"su-column su-column-size-1-3\"><div class=\"su-column-inner su-u-clearfix su-u-trim\"><center><img decoding=\"async\" width=\"50\" height=\"50\" src=\"https:\/\/i0.wp.com\/urbanbeautyonline.com\/de\/wp-content\/uploads\/2022\/11\/icon-soften-and-hydrate-skin.webp?resize=50%2C50&#038;ssl=1\" alt=\"Epoch Glacial Marine Mud Mask\" title=\"\" data-recalc-dims=\"1\"><br \/>\nMacht die Haut weich, reinigt sie und spendet ihr Feuchtigkeit<\/center><\/div><\/div>\n<\/div>\n<ul>\n<li>Sicherheit &#8211; dermatologisch getestet.<\/li>\n<li>Enth\u00e4lt mehr als 50 hautfreundliche Mineralien und Spurenelemente, die die Haut n\u00e4hren.<\/li>\n<li>Winzige kolloidale Partikel von Glacial Marine Mud wirken als Emulgator, indem sie eine Barriere um \u00f6lige Partikel herum bilden, so dass diese entfernt werden k\u00f6nnen.<\/li>\n<li>Macht die Haut geschmeidig und reinigt sie. Der Schlamm zieht Wasser an und hilft so, die Haut mit Feuchtigkeit zu versorgen.<\/li>\n<li>Hilft, Unreinheiten und Giftstoffe auszuscheiden. Die molekulare Grundstruktur von Glacial Marine Mud ist negativ geladen. Positive Ionen, einschlie\u00dflich Kationen, die nat\u00fcrlich im Schlamm vorkommen, und positiv geladene Verunreinigungen binden sich an die negative Ladung des Schlamms und k\u00f6nnen dann abgesp\u00fclt werden, so dass die Haut gereinigt und entgiftet wird.<\/li>\n<\/ul>\n<\/div><\/div>\n<div class=\"su-spoiler su-spoiler-style-simple su-spoiler-icon-plus su-spoiler-closed\" data-scroll-offset=\"0\" data-anchor-in-url=\"no\"><div class=\"su-spoiler-title\" tabindex=\"0\" role=\"button\"><span class=\"su-spoiler-icon\"><\/span>ANWENDUNG<\/div><div class=\"su-spoiler-content su-u-clearfix su-u-trim\">\n<h3>Epoch Glacial Marine Schlammmaske | Meeresschlamm-Maske | Epoch Gletscherschlamm Anwendung<\/h3>\n<p>Eine gro\u00dfz\u00fcgige Schicht der Schlammmaske auf die Haut auftragen. Mund- und Augenpartie aussparen. 15\u201320 Minuten eintrocknen lassen, bis sich die Farbe in ein helles Aquamarin verwandelt. Danach mit warmem Wasser abwaschen. Wiederhole den Vorgang zwei bis drei Mal pro Woche.<br \/>\n<\/div><\/div>\n<div class=\"su-spoiler su-spoiler-style-simple su-spoiler-icon-plus su-spoiler-closed\" data-scroll-offset=\"0\" data-anchor-in-url=\"no\"><div class=\"su-spoiler-title\" tabindex=\"0\" role=\"button\"><span class=\"su-spoiler-icon\"><\/span>SCHON GEWUSST ...?<\/div><div class=\"su-spoiler-content su-u-clearfix su-u-trim\">\n<img decoding=\"async\" width=\"971\" height=\"578\" src=\"https:\/\/i0.wp.com\/urbanbeautyonline.com\/de\/wp-content\/uploads\/2023\/01\/EPOCH-GLACIAL-MARINE-MUD-MASK-MEERESSCHLAMM-MASKE-EPOCH-GLETSCHERSCHLAMM-ANWENDUNG.webp?resize=971%2C578&#038;ssl=1\" alt=\"Epoch Glacial Marine Schlammmaske | Meeresschlamm-Maske | Epoch Gletscherschlamm\" title=\"\" data-recalc-dims=\"1\"><\/p>\n<p>Einer Legende nach versuchten amerikanische Ureinwohner an der nordwestlichen Pazifikk\u00fcste vergeblich, aus diesem besonderen Schlamm T\u00f6pferwaren herzustellen. Es gelang ihnen nicht, da der Ton nicht halten wollte. Aber bald merkten sie, dass ihre H\u00e4nde weicher und mit Feuchtigkeit versorgt wurden. Heute haben wir den Schlamm zu einer einzigartigen Maske verfeinert, die du kennst und liebst.<br \/>\n<\/div><\/div>\n<div class=\"su-spoiler su-spoiler-style-simple su-spoiler-icon-plus su-spoiler-closed\" data-scroll-offset=\"0\" data-anchor-in-url=\"no\"><div class=\"su-spoiler-title\" tabindex=\"0\" role=\"button\"><span class=\"su-spoiler-icon\"><\/span>INHALTSSTOFFE<\/div><div class=\"su-spoiler-content su-u-clearfix su-u-trim\">\nMit Glacial Marine Mud, einem Meeresschlammextrakt mit \u00fcber 50 wohltuenden Mineralstoffen und Spurenelementen, der von einem abgelegenen Gletscherm\u00fcndungsgebiet an der nordwestlichen Pazifikk\u00fcste gewonnen wird. Die 50 wirksamen Mineralstoffe und Spurenelementen enthalten:<\/p>\n<ol>\n<li><strong>Kupfer<\/strong> \u2013 um die Haut zu st\u00e4rken und widerstandsf\u00e4higer zu machen.<\/li>\n<li><strong>Magnesium<\/strong> \u2013 eine wichtige Komponente im Energiekreislauf der Hautzellen.<\/li>\n<li><strong>Zink<\/strong> \u2013 um die Talgproduktion zu regulieren und die Wundheilung zu f\u00f6rdern.<\/li>\n<li><strong>Silber<\/strong> \u2013 unterst\u00fctzt die nat\u00fcrlichen Abwehrkr\u00e4fte der Haut.<\/li>\n<\/ol>\n<p><strong>ALLE INHALTSSTOFFE:<\/strong><br \/>\nSea Clay Extract, Propanediol, Glycerin, Aqua, Carrageenan, Hydroxyacetophenone.<br \/>\n<\/div><\/div>\n","protected":false},"excerpt":{"rendered":"<p><strong>Epoch Glacial Marine Mud Mask:<\/strong><br \/>\n<select style=\"width: 100%;\" name=\"menu1\" onchange=\"location = this.value;\"><option value=\"\">Klicke hier . . .<\/option><option value=\"\"><\/option><option value=\"https:\/\/nskn.co\/kp1PWj\">\ud83c\udde7\ud83c\uddea Belgi\u00eb<\/option><option value=\"https:\/\/nskn.co\/TM221w\">\ud83c\udde8\ud83c\uddff \u010cesk\u00e1 Republika<\/option><option value=\"https:\/\/nskn.co\/DTfl9I\">\ud83c\udde9\ud83c\uddf0 Danmark<\/option><option value=\"https:\/\/nskn.co\/qmBh4W\">\ud83c\udde9\ud83c\uddea Deutschland<\/option><option value=\"https:\/\/nskn.co\/9vs5Ii\">\ud83c\uddea\ud83c\uddf8 Espa\u00f1a<\/option><option value=\"https:\/\/nskn.co\/PIRc2u\">\ud83c\uddeb\ud83c\uddf7 France<\/option><option value=\"https:\/\/nskn.co\/HrWbUF\">\ud83c\uddee\ud83c\uddea Ireland<\/option><option value=\"https:\/\/nskn.co\/8ILkUw\">\ud83c\uddee\ud83c\uddf8 \u00cdsland<\/option><option value=\"https:\/\/nskn.co\/KzLZpE\">\ud83c\uddee\ud83c\uddf9 Italia<\/option><option value=\"https:\/\/nskn.co\/qlRiLh\">\ud83c\uddf1\ud83c\uddfa L\u00ebtzebuerg<\/option><option value=\"https:\/\/nskn.co\/d5Qrzv\">\ud83c\udded\ud83c\uddfa Magyarorsz\u00e1g<\/option><option value=\"https:\/\/nskn.co\/Qhw6z4\">\ud83c\uddf3\ud83c\uddf1 Netherlands<\/option><option value=\"https:\/\/nskn.co\/ejTRru\">\ud83c\uddf3\ud83c\uddf4 Norge<\/option><option value=\"https:\/\/nskn.co\/PHUKvD\">\ud83c\udde6\ud83c\uddf9 \u00d6sterreich<\/option><option value=\"https:\/\/nskn.co\/0Wgkze\">\ud83c\uddf7\ud83c\uddfa \u0420\u043e\u0441\u0441\u0438\u044f<\/option><option value=\"https:\/\/nskn.co\/LHOpXQ\">\ud83c\uddf5\ud83c\uddf1 Polska<\/option><option value=\"https:\/\/nskn.co\/zP7f3s\">\ud83c\uddf5\ud83c\uddf9 Portugal<\/option><option value=\"https:\/\/nskn.co\/GKEdek\">\ud83c\uddf7\ud83c\uddf4 Rom\u00e2nia<\/option><option value=\"https:\/\/nskn.co\/kxv37W\">\ud83c\udde8\ud83c\udded Schweiz<\/option><option value=\"https:\/\/nskn.co\/QtIrb7\">\ud83c\uddf8\ud83c\uddf0 Slovensko<\/option><option value=\"https:\/\/nskn.co\/8lg8tM\">\ud83c\uddeb\ud83c\uddee Suomi<\/option><option value=\"https:\/\/nskn.co\/iolBj7\">\ud83c\uddf8\ud83c\uddea Sverige<\/option><option value=\"https:\/\/nskn.co\/NDLgpN\">\ud83c\uddfa\ud83c\udde6 \u0423\u043a\u0440\u0430\u0457\u043d\u0430<\/option><option value=\"https:\/\/nskn.co\/ksZzEB\">\ud83c\uddec\ud83c\udde7 United Kingdom<\/option><option value=\"\"><\/option><option value=\"https:\/\/nskn.co\/r1ZPzz\">\ud83c\uddff\ud83c\udde6 South Africa<\/option><option value=\"\"><\/option><option value=\"https:\/\/nskn.co\/KKN0QD\">\ud83c\uddfa\ud83c\uddf8 USA (Sample 5pk)<\/option><option value=\"https:\/\/nskn.co\/VyPXG2\">\ud83c\udde8\ud83c\udde6 CA (Sample 5pk)<\/option><option value=\"\"><\/option><option value=\"https:\/\/nskn.co\/l2AGSN\">\ud83c\uddfa\ud83c\uddf8 USA (x38)<\/option><option value=\"https:\/\/nskn.co\/grltmJ\">\ud83c\udde8\ud83c\udde6 CA (x38)<\/option><option value=\"\"><\/option><option value=\"\">&#8212; Single &#8212;<\/option><option value=\"\"><\/option><option value=\"https:\/\/nskn.co\/K7JA5E\">\ud83c\uddfa\ud83c\uddf8 United States<\/option><option value=\"https:\/\/nskn.co\/iZl4xt\">\ud83c\udde8\ud83c\udde6 Canada<\/option><option value=\"https:\/\/nskn.co\/IKjOxH\">\ud83c\uddf2\ud83c\uddfd M\u00e9xico<\/option><option value=\"\"><\/option><option value=\"https:\/\/nskn.co\/esvMLa\">\ud83c\udde6\ud83c\uddf7 Argentina<\/option><option value=\"https:\/\/nskn.co\/tszNa7\">\ud83c\udde8\ud83c\uddf4 Colombia<\/option><option value=\"https:\/\/nskn.co\/FZ9yCF\">\ud83c\udde8\ud83c\uddf1 Chile <\/option><option value=\"https:\/\/nskn.co\/Popqdh\">\ud83c\uddf5\ud83c\uddea Per\u00fa<\/option><option value=\"\"><\/option><option value=\"https:\/\/nskn.co\/LhYNlQ\">\ud83c\udde6\ud83c\uddfa Australia<\/option><option value=\"https:\/\/nskn.co\/VEk6M7\">\ud83c\uddf3\ud83c\uddff New Zealand<\/option><option value=\"\"><\/option><option value=\"https:\/\/nskn.co\/uJ1tow\">\ud83c\udde6\ud83c\uddfa Australia x10<\/option><option value=\"https:\/\/nskn.co\/8P6DOe\">\ud83c\uddf3\ud83c\uddff New Zealand x10<\/option><option value=\"\"><\/option><option value=\"https:\/\/nskn.co\/1FTlpa\">\ud83c\uddf5\ud83c\uddeb Polyn\u00e9sie Fran\u00e7aise<\/option><option value=\"https:\/\/nskn.co\/lGP2Br\">\ud83c\uddf3\ud83c\udde8 Nouvelle-Cal\u00e9donie<\/option><option value=\"\"><\/option><option value=\"https:\/\/nskn.co\/D0X744\">\ud83c\uddf8\ud83c\uddec Singapore<\/option><option value=\"https:\/\/nskn.co\/nv148C\">\ud83c\uddf9\ud83c\udded Thailand (\u0e1b\u0e23\u0e30\u0e40\u0e17\u0e28\u0e44\u0e17\u0e22)<\/option><option value=\"https:\/\/nskn.co\/x3V7Gw\">\ud83c\udded\ud83c\uddf0 Hong Kong (\u9999\u6e2f)<\/option><\/select><\/p>\n[sc name=\"new_info_german\" ][\/sc]\n<p><a href=\"https:\/\/www.duden.de\/rechtschreibung\/bei\" target=\"_blank\" style=\"text-decoration: none; cursor:text; color:#402d25; font-weight: normal;\" rel=\"noopener\">Bei<\/a> <a href=\"https:\/\/urbanbeautyonline.com\/de\/nuskin\/epoch-glacial-marine-mud-mask\/\" target=\"_blank\" style=\"text-decoration: none; cursor:text; color:#402d25; font-weight: normal;\" rel=\"noopener\">Epoch Glacial Marine Schlammmaske<\/a> verwenden wir einen Meeresschlamm-Extrakt aus einer abgelegenen Gletscher-m\u00fcndung in Kanada, f\u00fcr eine gro\u00dfartige Gesichtsmaske mit pflegenden Mineralien und Spurenelementen. Die Schlammmaske gl\u00e4ttet, peelt und reinigt deine Haut, indem sie ihr Unreinheiten und Giftstoffe entzieht. Das Ergebnis ist frische, gepflegte und weiche Haut.<\/p>\n[sc name=\"below-buy-now-button-german\" ][\/sc]\n","protected":false},"featured_media":409,"comment_status":"open","ping_status":"closed","template":"","meta":[],"product_cat":[38,25],"product_tag":[],"class_list":["post-408","product","type-product","status-publish","has-post-thumbnail","hentry","product_cat-korperpflege","product_cat-epoch-produkte"],"_links":{"self":[{"href":"https:\/\/urbanbeautyonline.com\/de\/wp-json\/wp\/v2\/product\/408","targetHints":{"allow":["GET"]}}],"collection":[{"href":"https:\/\/urbanbeautyonline.com\/de\/wp-json\/wp\/v2\/product"}],"about":[{"href":"https:\/\/urbanbeautyonline.com\/de\/wp-json\/wp\/v2\/types\/product"}],"replies":[{"embeddable":true,"href":"https:\/\/urbanbeautyonline.com\/de\/wp-json\/wp\/v2\/comments?post=408"}],"wp:featuredmedia":[{"embeddable":true,"href":"https:\/\/urbanbeautyonline.com\/de\/wp-json\/wp\/v2\/media\/409"}],"wp:attachment":[{"href":"https:\/\/urbanbeautyonline.com\/de\/wp-json\/wp\/v2\/media?parent=408"}],"wp:term":[{"taxonomy":"product_cat","embeddable":true,"href":"https:\/\/urbanbeautyonline.com\/de\/wp-json\/wp\/v2\/product_cat?post=408"},{"taxonomy":"product_tag","embeddable":true,"href":"https:\/\/urbanbeautyonline.com\/de\/wp-json\/wp\/v2\/product_tag?post=408"}],"curies":[{"name":"wp","href":"https:\/\/api.w.org\/{rel}","templated":true}]}}