{"id":415,"date":"2022-11-27T20:00:45","date_gmt":"2022-11-27T20:00:45","guid":{"rendered":"https:\/\/urbanbeautyonline.com\/de\/?post_type=product&#038;p=415"},"modified":"2023-01-19T22:19:13","modified_gmt":"2023-01-19T22:19:13","slug":"epoch-baobab-korperbutter","status":"publish","type":"product","link":"https:\/\/urbanbeautyonline.com\/de\/nuskin\/epoch-baobab-korperbutter\/","title":{"rendered":"Epoch Baobab k\u00f6rperbutter"},"content":{"rendered":"<h3>Epoch Baobab k\u00f6rperbutter | Epoch Baobab Body Butter| K\u00f6rpercreme Baobab Body Butter<\/h3>\n<div class=\"su-spoiler su-spoiler-style-simple su-spoiler-icon-plus su-spoiler-closed\" data-scroll-offset=\"0\" data-anchor-in-url=\"no\"><div class=\"su-spoiler-title\" tabindex=\"0\" role=\"button\"><span class=\"su-spoiler-icon\"><\/span>VORTEILE<\/div><div class=\"su-spoiler-content su-u-clearfix su-u-trim\">\n<div class=\"su-row\">\n<div class=\"su-column su-column-size-1-3\"><div class=\"su-column-inner su-u-clearfix su-u-trim\"><center><img decoding=\"async\" width=\"50\" height=\"50\" src=\"https:\/\/i0.wp.com\/urbanbeautyonline.com\/de\/wp-content\/uploads\/2022\/11\/icon-moisturizing.webp?resize=50%2C50&#038;ssl=1\" alt=\"Epoch Baobab k\u00f6rperbutter | Epoch Baobab Body Butter| K\u00f6rpercreme Baobab Body Butter\" title=\"\" data-recalc-dims=\"1\"><br \/>\nLiefert wichtige Feuchtigkeit<\/center><\/div><\/div>\n<div class=\"su-column su-column-size-1-3\"><div class=\"su-column-inner su-u-clearfix su-u-trim\"><center><img decoding=\"async\" width=\"50\" height=\"50\" src=\"https:\/\/i0.wp.com\/urbanbeautyonline.com\/de\/wp-content\/uploads\/2022\/11\/icon-enhance-skin-resiliency.webp?resize=50%2C50&#038;ssl=1\" alt=\"Epoch Baobab k\u00f6rperbutter | Epoch Baobab Body Butter| K\u00f6rpercreme Baobab Body Butter\" title=\"\" data-recalc-dims=\"1\"><br \/>\nVerbessert die Widerstandsf\u00e4higkeit der Haut im Laufe der Zeit<\/center><\/div><\/div>\n<div class=\"su-column su-column-size-1-3\"><div class=\"su-column-inner su-u-clearfix su-u-trim\"><center><img decoding=\"async\" width=\"50\" height=\"50\" src=\"https:\/\/i0.wp.com\/urbanbeautyonline.com\/de\/wp-content\/uploads\/2022\/11\/icon-natural-ethnobotanical-ingredients.webp?resize=50%2C50&#038;ssl=1\" alt=\"Epoch Baobab k\u00f6rperbutter | Epoch Baobab Body Butter| K\u00f6rpercreme Baobab Body Butter\" title=\"\" data-recalc-dims=\"1\"><br \/>\nEthnobotanischer Extrakt aus dem Fruchtfleisch der afrikanischen Baobab-Frucht<\/center><\/div><\/div>\n<\/div>\n<ul>\n<li>Enth\u00e4lt einen hohen Anteil an Weichmachern, um die Haut weich zu machen.<\/li>\n<li>Spendet wichtige Feuchtigkeit f\u00fcr geschmeidige, gesund aussehende Haut.<\/li>\n<li>Enth\u00e4lt ethnobotanische Inhaltsstoffe wie die Baobab-Frucht zur nat\u00fcrlichen Pflege der Haut.<\/li>\n<li>Verbessert die Widerstandsf\u00e4higkeit der Haut im Laufe der Zeit.<\/li>\n<li>F\u00f6rdert eine weichere und glattere Haut.<\/li>\n<li>Nu Skin spendet 0,25 Dollar von jedem verkauften Epoch-Produkt an die Nu Skin Force for Good Foundation.<\/li>\n<\/ul>\n<\/div><\/div>\n<div class=\"su-spoiler su-spoiler-style-simple su-spoiler-icon-plus su-spoiler-closed\" data-scroll-offset=\"0\" data-anchor-in-url=\"no\"><div class=\"su-spoiler-title\" tabindex=\"0\" role=\"button\"><span class=\"su-spoiler-icon\"><\/span>ANWENDUNG<\/div><div class=\"su-spoiler-content su-u-clearfix su-u-trim\">\nDie Creme gro\u00dfz\u00fcgig auf den K\u00f6rper auftragen. Wir empfehlen vor allem Knie, Ellbogen und andere Stellen, die besonders viel Feuchtigkeitspflege brauchen.<br \/>\n<\/div><\/div>\n<div class=\"su-spoiler su-spoiler-style-simple su-spoiler-icon-plus su-spoiler-closed\" data-scroll-offset=\"0\" data-anchor-in-url=\"no\"><div class=\"su-spoiler-title\" tabindex=\"0\" role=\"button\"><span class=\"su-spoiler-icon\"><\/span>SCHON GEWUSST ...?<\/div><div class=\"su-spoiler-content su-u-clearfix su-u-trim\">\nVon jeder verkauften Epoch Baobab Body Butter gehen jeweils 0,25 USD an die Nu Skin Force for Good Foundation f\u00fcr das Projekt &#8220;Seeds of Hope&#8221; in Malawi. Dank der Wiederaufforstung-Initiative werden in den malawischen D\u00f6rfern Obst- und Affenbrotb\u00e4ume gepflanzt und erhalten. So wird das Leben der Menschen in Malawi positiv ver\u00e4ndert, da die Obstb\u00e4ume eine Nahrungs- und Einkommensquelle darstellen.<br \/>\n<\/div><\/div>\n<div class=\"su-spoiler su-spoiler-style-simple su-spoiler-icon-plus su-spoiler-closed\" data-scroll-offset=\"0\" data-anchor-in-url=\"no\"><div class=\"su-spoiler-title\" tabindex=\"0\" role=\"button\"><span class=\"su-spoiler-icon\"><\/span>INHALTSSTOFFE<\/div><div class=\"su-spoiler-content su-u-clearfix su-u-trim\">\n<div class=\"su-row\">\n<div class=\"su-column su-column-size-1-2\"><div class=\"su-column-inner su-u-clearfix su-u-trim\"><center><img decoding=\"async\" width=\"80\" height=\"80\" src=\"https:\/\/i0.wp.com\/urbanbeautyonline.com\/de\/wp-content\/uploads\/2022\/11\/ingredient-shea_butter_and_baobab_fruit_pulp_extract.webp?resize=80%2C80&#038;ssl=1\" alt=\"Epoch Baobab k\u00f6rperbutter | Epoch Baobab Body Butter| K\u00f6rpercreme Baobab Body Butter\" title=\"\" data-recalc-dims=\"1\"><br \/>\n<strong>Sheabutter und Baobab-Fruchtfleischextrakt<\/strong><br \/>\nVerbessern die nat\u00fcrlichen Barrierefunktionen der Haut, verbessern das Erscheinungsbild der Haut und erh\u00f6hen den Feuchtigkeitsgehalt.<\/center><\/div><\/div>\n<div class=\"su-column su-column-size-1-2\"><div class=\"su-column-inner su-u-clearfix su-u-trim\"><center><img decoding=\"async\" width=\"80\" height=\"80\" src=\"https:\/\/i0.wp.com\/urbanbeautyonline.com\/de\/wp-content\/uploads\/2022\/11\/ingredient-macadamia.webp?resize=80%2C80&#038;ssl=1\" alt=\"Epoch Baobab k\u00f6rperbutter | Epoch Baobab Body Butter| K\u00f6rpercreme Baobab Body Butter\" title=\"\" data-recalc-dims=\"1\"><br \/>\n<strong>Macadamia-Nuss\u00f6l<\/strong><br \/>\nZieht leicht ein und hilft, die nat\u00fcrliche Wasserbarrierefunktion der Haut zu erhalten.<\/center><\/div><\/div>\n<\/div>\n<p><strong>ALLE INHALTSSTOFFE:<\/strong><br \/>\nAqua, Caprylic\/Capric Triglyceride, Glycerin, Hydrogenated Coconut Oil, Isononyl Isononanoate, Cetearyl Alcohol, C12-15 Alkyl Benzoate, Cyclopentasiloxane, Myristyl Myristate, Macadamia Ternifolia Seed Oil, Neopentyl Glycol Diheptanoate, Ceteareth-20, Glyceryl Stearate, PEG-100 Stearate, Palmitic Acid, Polyacrylamide, Butyrospermum Parkii Butter, Caprylic\/ Capric\/Myristic\/Stearic Triglyceride, Caprylyl Glycol, Dimethicone, Daucus Carota Sativa Seed Oil, Butylene Glycol, Panthenol, Centella Asiatica Extract, Daucus Carota Sativa Root Extract, Adansonia Digitata Pulp Extract, Tocopherol, C13-14 Isoparaffin, Carbomer, Stearic Acid, Laureth-7, Xanthan Gum, Disodium EDTA, Aminomethyl Propanol, Citric Acid, Sodium Hydroxide, Parfum, Chlorphenesin, Phenoxyethanol, Sodium Benzoate, Potassium Sorbate, Linalool.<br \/>\n<\/div><\/div>\n<div class=\"su-spoiler su-spoiler-style-simple su-spoiler-icon-plus su-spoiler-closed\" data-scroll-offset=\"0\" data-anchor-in-url=\"no\"><div class=\"su-spoiler-title\" tabindex=\"0\" role=\"button\"><span class=\"su-spoiler-icon\"><\/span>H\u00c4UFIG GESTELLTE FRAGEN<\/div><div class=\"su-spoiler-content su-u-clearfix su-u-trim\">\n<strong>Kann ich Baobab Body Butter f\u00fcr mein Gesicht verwenden?<\/strong><br \/>\nSie sollten die Baobab Body Butter von Epoch nicht f\u00fcr Ihr Gesicht verwenden &#8211; dieses Produkt wurde speziell f\u00fcr Ihren K\u00f6rper entwickelt. Wenn Sie eine reichhaltige Feuchtigkeitscreme f\u00fcr das Gesicht ben\u00f6tigen, probieren Sie Nutricentials\u00ae Moisturize Me.<\/p>\n<p><strong>Werden Baobab-B\u00e4ume f\u00fcr die Herstellung von Epoch Baobab Body Butter gef\u00e4llt?<\/strong><br \/>\nNein. Die Baobab Body Butter enth\u00e4lt einen Extrakt aus dem Fruchtfleisch des Affenbrotbaums, sodass der Baum nicht gesch\u00e4digt wird.<br \/>\n<\/div><\/div>\n","protected":false},"excerpt":{"rendered":"<p><strong>Epoch Baobab k\u00f6rperbutter:<\/strong><br \/>\n<select style=\"width: 100%;\" name=\"menu1\" onchange=\"location = this.value;\"><option>Klicke hier . . .<\/option><option value=\"\"><\/option><option value=\"https:\/\/nskn.co\/BS3Nuh\">\ud83c\udde7\ud83c\uddea Belgi\u00eb<\/option><option value=\"https:\/\/nskn.co\/yoWmI8\">\ud83c\udde8\ud83c\uddff \u010cesk\u00e1 Republika<\/option><option value=\"https:\/\/nskn.co\/irX5pw\">\ud83c\udde9\ud83c\uddf0 Danmark<\/option><option value=\"https:\/\/nskn.co\/BR9nWm\">\ud83c\udde9\ud83c\uddea Deutschland<\/option><option value=\"https:\/\/nskn.co\/X6l8DL\">\ud83c\uddea\ud83c\uddf8 Espa\u00f1a<\/option><option value=\"https:\/\/nskn.co\/uGhzxG\">\ud83c\uddeb\ud83c\uddf7 France<\/option><option value=\"https:\/\/nskn.co\/Eol7CE\">\ud83c\uddee\ud83c\uddea Ireland<\/option><option value=\"https:\/\/nskn.co\/QQUbiz\">\ud83c\uddee\ud83c\uddf8 \u00cdsland<\/option><option value=\"https:\/\/nskn.co\/wRj82c\">\ud83c\uddee\ud83c\uddf9 Italia<\/option><option value=\"https:\/\/nskn.co\/mAzvS3\">\ud83c\uddf1\ud83c\uddfa L\u00ebtzebuerg<\/option><option value=\"https:\/\/nskn.co\/6MS5Gx\">\ud83c\udded\ud83c\uddfa Magyarorsz\u00e1g<\/option><option value=\"https:\/\/nskn.co\/wz1CGL\">\ud83c\uddf3\ud83c\uddf1 Netherlands<\/option><option value=\"https:\/\/nskn.co\/M19Ff6\">\ud83c\uddf3\ud83c\uddf4 Norge<\/option><option value=\"https:\/\/nskn.co\/9vxfPg\">\ud83c\udde6\ud83c\uddf9 \u00d6sterreich<\/option><option value=\"https:\/\/nskn.co\/63IF4y\">\ud83c\uddf7\ud83c\uddfa \u0420\u043e\u0441\u0441\u0438\u044f<\/option><option value=\"https:\/\/nskn.co\/Ru8PCu\">\ud83c\uddf5\ud83c\uddf1 Polska<\/option><option value=\"https:\/\/nskn.co\/HaEY6h\">\ud83c\uddf5\ud83c\uddf9 Portugal<\/option><option value=\"https:\/\/nskn.co\/ZyeqtD\">\ud83c\uddf7\ud83c\uddf4 Rom\u00e2nia<\/option><option value=\"https:\/\/nskn.co\/WtMzXH\">\ud83c\udde8\ud83c\udded Schweiz<\/option><option value=\"https:\/\/nskn.co\/NdQwGW\">\ud83c\uddf8\ud83c\uddf0 Slovensko<\/option><option value=\"https:\/\/nskn.co\/dFUmdS\">\ud83c\uddeb\ud83c\uddee Suomi<\/option><option value=\"https:\/\/nskn.co\/uACTcc\">\ud83c\uddf8\ud83c\uddea Sverige<\/option><option value=\"https:\/\/nskn.co\/GQ8SSc\">\ud83c\uddfa\ud83c\udde6 \u0423\u043a\u0440\u0430\u0457\u043d\u0430<\/option><option value=\"https:\/\/nskn.co\/TNBwkW\">\ud83c\uddec\ud83c\udde7 United Kingdom<\/option><option value=\"\"><\/option><option value=\"https:\/\/nskn.co\/vun1j7\">\ud83c\uddff\ud83c\udde6 South Africa<\/option>\/*joy*\/<option value=\"\"><\/option><option value=\"https:\/\/nskn.co\/4TatEA\">\ud83c\uddfa\ud83c\uddf8 United States<\/option>\/* JO *\/<option value=\"https:\/\/nskn.co\/wIP1h7\">\ud83c\udde8\ud83c\udde6 Canada<\/option>\/*joy*\/<option value=\"http:\/\/nskn.co\/OPvSzB\">\ud83c\uddf2\ud83c\uddfd M\u00e9xico<\/option><option value=\"https:\/\/nskn.co\/YDahbj\">\ud83c\udde8\ud83c\uddf4 Colombia<\/option><option value=\"\"><\/option><option value=\"https:\/\/nskn.co\/B74nqo\">\ud83c\udde6\ud83c\uddfa Australia<\/option>\/*joy*\/<option value=\"https:\/\/nskn.co\/bqfX6t\">\ud83c\uddf3\ud83c\uddff New Zealand<\/option>\/*joy*\/<option value=\"https:\/\/nskn.co\/tXdj0e\">\ud83c\uddf5\ud83c\uddeb Polyn\u00e9sie Fran\u00e7aise<\/option>\/*joy*\/<option value=\"https:\/\/nskn.co\/Z5lTiy\">\ud83c\uddf3\ud83c\udde8 Nouvelle-Cal\u00e9donie<\/option>\/*joy*\/<option value=\"\"><\/option><option value=\"https:\/\/nskn.co\/49WEi8\">\ud83c\udded\ud83c\uddf0 Hong Kong (\u9999\u6e2f)<\/option>\/*joy*\/<option value=\"https:\/\/nskn.co\/IiV908\">\ud83c\uddf8\ud83c\uddec Singapore<\/option><\/select><\/p>\n[sc name=\"new_info_german\" ][\/sc]\n<p><a href=\"https:\/\/www.die-bonn.de\/\" target=\"_blank\" style=\"text-decoration: none; cursor:text; color:#402d25; font-weight: normal;\" rel=\"noopener\">Die<\/a> <a href=\"https:\/\/urbanbeautyonline.com\/de\/nuskin\/epoch-baobab-korperbutter\/\" target=\"_blank\" style=\"text-decoration: none; cursor:text; color:#402d25; font-weight: normal;\" rel=\"noopener\">Epoch Baobab k\u00f6rperbutter<\/a> enth\u00e4lt mehrere Pflanzenextrakte, wie Sheabutter und das Fruchtfleisch des afrikanischen Baobab-Baums. Diese reichhaltige Creme versorgt deine Haut intensiv mit Feuchtigkeit und l\u00e4sst sie weich und geschmeidig aussehen. Das in der Feuchtigkeitspflege enthaltene Macadamia-Nuss\u00f6l st\u00e4rkt zusammen mit Sheabutter allm\u00e4hlich die Widerstandskraft der Haut, sodass sie noch geschmeidiger und hydriert wird.<\/p>\n[sc name=\"below-buy-now-button-german\" ][\/sc]\n","protected":false},"featured_media":416,"comment_status":"open","ping_status":"closed","template":"","meta":[],"product_cat":[38,25],"product_tag":[],"class_list":["post-415","product","type-product","status-publish","has-post-thumbnail","hentry","product_cat-korperpflege","product_cat-epoch-produkte"],"_links":{"self":[{"href":"https:\/\/urbanbeautyonline.com\/de\/wp-json\/wp\/v2\/product\/415","targetHints":{"allow":["GET"]}}],"collection":[{"href":"https:\/\/urbanbeautyonline.com\/de\/wp-json\/wp\/v2\/product"}],"about":[{"href":"https:\/\/urbanbeautyonline.com\/de\/wp-json\/wp\/v2\/types\/product"}],"replies":[{"embeddable":true,"href":"https:\/\/urbanbeautyonline.com\/de\/wp-json\/wp\/v2\/comments?post=415"}],"wp:featuredmedia":[{"embeddable":true,"href":"https:\/\/urbanbeautyonline.com\/de\/wp-json\/wp\/v2\/media\/416"}],"wp:attachment":[{"href":"https:\/\/urbanbeautyonline.com\/de\/wp-json\/wp\/v2\/media?parent=415"}],"wp:term":[{"taxonomy":"product_cat","embeddable":true,"href":"https:\/\/urbanbeautyonline.com\/de\/wp-json\/wp\/v2\/product_cat?post=415"},{"taxonomy":"product_tag","embeddable":true,"href":"https:\/\/urbanbeautyonline.com\/de\/wp-json\/wp\/v2\/product_tag?post=415"}],"curies":[{"name":"wp","href":"https:\/\/api.w.org\/{rel}","templated":true}]}}