{"id":423,"date":"2022-11-28T20:00:45","date_gmt":"2022-11-28T20:00:45","guid":{"rendered":"https:\/\/urbanbeautyonline.com\/de\/?post_type=product&#038;p=423"},"modified":"2023-01-19T22:18:25","modified_gmt":"2023-01-19T22:18:25","slug":"ageloc-body-shaping-gel","status":"publish","type":"product","link":"https:\/\/urbanbeautyonline.com\/de\/nuskin\/ageloc-body-shaping-gel\/","title":{"rendered":"ageLOC Body Shaping Gel"},"content":{"rendered":"<h3>AGELOC BODY SHAPING GEL | KONTURENSTRAFFENDES GEL | AGELOC K\u00d6RPERFORMUNGSGEL | K\u00d6RPERGEL F\u00dcR GALVANIC BODY SPA<\/h3>\n<div class=\"su-spoiler su-spoiler-style-simple su-spoiler-icon-plus su-spoiler-closed\" data-scroll-offset=\"0\" data-anchor-in-url=\"no\"><div class=\"su-spoiler-title\" tabindex=\"0\" role=\"button\"><span class=\"su-spoiler-icon\"><\/span>VIDEO<\/div><div class=\"su-spoiler-content su-u-clearfix su-u-trim\">\n<div class=\"su-youtube su-u-responsive-media-yes\"><iframe loading=\"lazy\" width=\"600\" height=\"400\" src=\"https:\/\/www.youtube.com\/embed\/4dWrf9Msico?\" frameborder=\"0\" allowfullscreen allow=\"autoplay; encrypted-media; picture-in-picture\" title=\"AGELOC BODY SHAPING GEL | KONTURENSTRAFFENDES GEL | AGELOC K\u00d6RPERFORMUNGSGEL | K\u00d6RPERGEL F\u00dcR GALVANIC BODY SPA\"><\/iframe><\/div>\n<\/div><\/div>\n<div class=\"su-spoiler su-spoiler-style-simple su-spoiler-icon-plus su-spoiler-closed\" data-scroll-offset=\"0\" data-anchor-in-url=\"no\"><div class=\"su-spoiler-title\" tabindex=\"0\" role=\"button\"><span class=\"su-spoiler-icon\"><\/span>VORTEILE<\/div><div class=\"su-spoiler-content su-u-clearfix su-u-trim\">\n<div class=\"su-row\">\n<div class=\"su-column su-column-size-1-3\"><div class=\"su-column-inner su-u-clearfix su-u-trim\"><center><img decoding=\"async\" width=\"50\" height=\"50\" src=\"https:\/\/i0.wp.com\/urbanbeautyonline.com\/wp-content\/uploads\/2022\/09\/icon-anti-aging-defense.png?resize=50%2C50&#038;ssl=1\" alt=\"AGELOC BODY SHAPING GEL | KONTURENSTRAFFENDES GEL | AGELOC K\u00d6RPERFORMUNGSGEL | K\u00d6RPERGEL F\u00dcR GALVANIC BODY SPA\" title=\"\" data-recalc-dims=\"1\"><br \/>\nVerbesserung des Feuchtigkeitsgehalts der Haut<\/center><\/div><\/div>\n<div class=\"su-column su-column-size-1-3\"><div class=\"su-column-inner su-u-clearfix su-u-trim\"><center><img decoding=\"async\" width=\"50\" height=\"50\" src=\"https:\/\/i0.wp.com\/urbanbeautyonline.com\/wp-content\/uploads\/2022\/09\/icon-gentle-skin-polish-body.png?resize=50%2C50&#038;ssl=1\" alt=\"AGELOC BODY SHAPING GEL | KONTURENSTRAFFENDES GEL | AGELOC K\u00d6RPERFORMUNGSGEL | K\u00d6RPERGEL F\u00dcR GALVANIC BODY SPA\" title=\"\" data-recalc-dims=\"1\"><br \/>\nNachhaltigere Verpackungen<\/center><\/div><\/div>\n<div class=\"su-column su-column-size-1-3\"><div class=\"su-column-inner su-u-clearfix su-u-trim\"><center><img decoding=\"async\" width=\"50\" height=\"50\" src=\"https:\/\/i0.wp.com\/urbanbeautyonline.com\/wp-content\/uploads\/2022\/09\/icon-lift-and-firm-skin-body.png?resize=50%2C50&#038;ssl=1\" alt=\"AGELOC BODY SHAPING GEL | KONTURENSTRAFFENDES GEL | AGELOC K\u00d6RPERFORMUNGSGEL | K\u00d6RPERGEL F\u00dcR GALVANIC BODY SPA\" title=\"\" data-recalc-dims=\"1\"><br \/>\n\u00dcppige Creme<\/center><\/div><\/div>\n<\/div>\n<ul>\n<li>Reduziert Gr\u00fcbchenbildung.<\/li>\n<li>F\u00f6rdert ein strafferes und jugendlicheres Aussehen der Haut.<\/li>\n<li>ageLOC\u00ae bek\u00e4mpft die Hauptursachen der Hautalterung, um ein jugendliches Aussehen zu erhalten und die sichtbaren Zeichen der Hautalterung zu reduzieren.<\/li>\n<li>Verbessert das Erscheinungsbild von Cellulite f\u00fcr definiertere und glatter aussehende K\u00f6rperkonturen.<\/li>\n<li>Hilft, die Haut zu erfrischen und zu entschlacken, w\u00e4hrend die sichtbaren Zeichen der Hautalterung reduziert werden.<\/li>\n<\/ul>\n<\/div><\/div>\n<div class=\"su-spoiler su-spoiler-style-simple su-spoiler-icon-plus su-spoiler-closed\" data-scroll-offset=\"0\" data-anchor-in-url=\"no\"><div class=\"su-spoiler-title\" tabindex=\"0\" role=\"button\"><span class=\"su-spoiler-icon\"><\/span>ANWENDUNG<\/div><div class=\"su-spoiler-content su-u-clearfix su-u-trim\">\nF\u00fcr optimale Ergebnisse dreimal pro Woche zusammen mit dem Galvanic Body Spa auf Armen, Bauch, Po und\/ oder Schenkeln anwenden. Das Gel auf den gew\u00fcnschten Bereich auftragen, die H\u00e4nde anfeuchten und mit dem Ger\u00e4t einen Zyklus lang den Bereich einmassieren. \u00dcbersch\u00fcssiges Gel mit einem feuchten Tuch abwischen. Anschlie\u00dfend ageLOC Dermatic Effects auftragen.<br \/>\n<\/div><\/div>\n<div class=\"su-spoiler su-spoiler-style-simple su-spoiler-icon-plus su-spoiler-closed\" data-scroll-offset=\"0\" data-anchor-in-url=\"no\"><div class=\"su-spoiler-title\" tabindex=\"0\" role=\"button\"><span class=\"su-spoiler-icon\"><\/span>SCHON GEWUSST ...?<\/div><div class=\"su-spoiler-content su-u-clearfix su-u-trim\">\nDas ageLOC K\u00f6rperformungsgel Wurde speziell f\u00fcr das Galvanic Body Spa Ger\u00e4t entwickelt und erfrischt deine Haut sichtbar, w\u00e4hrend es Zeichen der Hautalterung reduziert. Studien* zeigen, dass die Wirkung der Kombination aus Galvanic Body Spa\/ageLOC Body Shaping Gel\/ageLOC Dermatic Effects in rund zw\u00f6lf Wochen sichtbar ist, wenn diese nach Anleitung verwendet werden. Die ersten Ergebnisse waren tats\u00e4chlich bereits nach acht Wochen sichtbar und verbesserten sich bis zur zw\u00f6lften Woche weiter.<br \/>\n<\/div><\/div>\n<div class=\"su-spoiler su-spoiler-style-simple su-spoiler-icon-plus su-spoiler-closed\" data-scroll-offset=\"0\" data-anchor-in-url=\"no\"><div class=\"su-spoiler-title\" tabindex=\"0\" role=\"button\"><span class=\"su-spoiler-icon\"><\/span>H\u00c4UFIG GESTELLTE FRAGEN<\/div><div class=\"su-spoiler-content su-u-clearfix su-u-trim\">\n<strong>Was ist der Unterschied zwischen ageLOC Body Shaping Gel und ageLOC Dermatic Effects?<\/strong><br \/>\nSowohl ageLOC Body Shaping Gel als auch ageLOC Dermatic Effects wurden entwickelt, um das Erscheinungsbild von Fett und Cellulite zu gl\u00e4tten und die Festigkeit der Haut zu verbessern. Diese Produkte tragen zu einem schlankeren, glatteren und strafferen Aussehen bei. Es gibt jedoch wichtige Unterschiede.<\/p>\n<ul>\n<li><strong>ageLOC Body Shaping Gel<\/strong> wurde entwickelt, um mit dem ageLOC Galvanic Body Spa Ger\u00e4t kompatibel zu sein, das die Zufuhr der wichtigsten Inhaltsstoffe in die Haut unterst\u00fctzt. It strengthens the extracellular matrix (ECM) of the skin to help build and maintain healthy looking skin. Es wurde speziell entwickelt, um die Haut zu erfrischen, zu reinigen und mit neuer Energie zu versorgen und gleichzeitig die sichtbaren Zeichen der Hautalterung zu reduzieren.<\/li>\n<li><strong>ageLOC Dermatic Effects<\/strong> steigert den Zellumsatz, der f\u00fcr die Erneuerung der Haut notwendig ist, und gibt ihr ihre nat\u00fcrliche, strahlende Textur zur\u00fcck. It also contains technology to diffuse light instantly to help skin look smoother and improve the appearance of the skin\u2019s surface. It provides daily hydration benefits and instantly smooths the skin, while helping extend the benefits of ageLOC Body Shaping Gel (ageLOC Dermatic Effects is not suitable for use with galvanic currents). <\/li>\n<\/ul>\n<p><strong>Was ist Cellulite?<\/strong><br \/>\nCellulite ist die Ausst\u00fclpung von Fettzellen aus der tiefsten Hautschicht, die Dellen bildet, die an der Hautoberfl\u00e4che sichtbar sind. Es handelt sich um die &#8220;Orangenhaut&#8221; oder &#8220;Matratze&#8221;, die man an den Oberschenkeln und am Ges\u00e4\u00df, manchmal auch an Armen und Bauch sieht. <\/p>\n<p><strong>Wie schnell sollte ich einen Unterschied in meiner Haut sehen, wenn ich ageLOC Body Shaping Gel und das ageLOC Galvanic Body Spa verwende?<\/strong><br \/>\nDie Ergebnisse sind individuell verschieden. Die bisherige Forschung zeigt, dass der Verbraucher bereits nach acht Wochen Verbesserungen sehen sollte.<br \/>\n<\/div><\/div>\n<div class=\"su-spoiler su-spoiler-style-simple su-spoiler-icon-plus su-spoiler-closed\" data-scroll-offset=\"0\" data-anchor-in-url=\"no\"><div class=\"su-spoiler-title\" tabindex=\"0\" role=\"button\"><span class=\"su-spoiler-icon\"><\/span>ZUTATEN<\/div><div class=\"su-spoiler-content su-u-clearfix su-u-trim\">\nAqua, Butylene Glycol, Caprylyl Glycol, Theobroma Cacao Extract, Chrysanthellum Indicum Extract, Laminaria Digitata Extract, Hydroxypropylcellulose, Acrylates\/C10-30 Alkyl Acrylate Crosspolymer, 1,2-Hexanediol, Sodium Chloride, Sodium Hydroxide, Sodium Carbonate, Parfum, Chlorphenesin, Phenoxyethanol, Linalool.<br \/>\n<\/div><\/div>\n","protected":false},"excerpt":{"rendered":"<p><strong>ageLOC Body Shaping Gel | ageloc K\u00f6rperformungsgel:<\/strong><br \/>\n<select style=\"width: 100%;\" name=\"menu1\" onchange=\"location = this.value;\"><option>Klicke hier . . .<\/option><option value=\"\"><\/option><option value=\"https:\/\/nskn.co\/0cpKHP\">\ud83c\udde7\ud83c\uddea Belgi\u00eb<\/option><option value=\"https:\/\/www.nuskin.com\/content\/nuskin\/cs_CZ\/personal-offer.html?userId=BE3316065&#038;pitchId=-LkGfGr6HuTlvQq11F45\">\ud83c\udde8\ud83c\uddff \u010cesk\u00e1 Republika<\/option><option value=\"https:\/\/www.nuskin.com\/content\/nuskin\/da_DK\/personal-offer.html?userId=BE3316065&#038;pitchId=-LkGfGr6HuTlvQq11F45\">\ud83c\udde9\ud83c\uddf0 Danmark<\/option><option value=\"https:\/\/nskn.co\/ZuLycR\">\ud83c\udde9\ud83c\uddea Deutschland<\/option><option value=\"https:\/\/nskn.co\/oYeCvJ\">\ud83c\uddea\ud83c\uddf8 Espa\u00f1a<\/option><option value=\"https:\/\/nskn.co\/9TXVf0\">\ud83c\uddeb\ud83c\uddf7 France<\/option><option value=\"https:\/\/nskn.co\/cuI7DQ\">\ud83c\uddee\ud83c\uddea Ireland<\/option><option value=\"https:\/\/www.nuskin.com\/content\/nuskin\/en_IS\/personal-offer.html?userId=BE3316065&#038;pitchId=-LkGfGr6HuTlvQq11F45\">\ud83c\uddee\ud83c\uddf8 \u00cdsland<\/option><option value=\"https:\/\/nskn.co\/bDOMmf\">\ud83c\uddee\ud83c\uddf9 Italia<\/option><option value=\"https:\/\/nskn.co\/oU5Ext\">\ud83c\uddf1\ud83c\uddfa L\u00ebtzebuerg<\/option><option value=\"https:\/\/www.nuskin.com\/content\/nuskin\/hu_HU\/personal-offer.html?userId=BE3316065&#038;pitchId=-LkGfGr6HuTlvQq11F45\">\ud83c\udded\ud83c\uddfa Magyarorsz\u00e1g<\/option><option value=\"https:\/\/nskn.co\/Hle6KN\">\ud83c\uddf3\ud83c\uddf1 Netherlands<\/option><option value=\"https:\/\/www.nuskin.com\/content\/nuskin\/no_NO\/personal-offer.html?userId=BE3316065&#038;pitchId=-LkGfGr6HuTlvQq11F45\">\ud83c\uddf3\ud83c\uddf4 Norge<\/option><option value=\"https:\/\/nskn.co\/uPByTA\">\ud83c\udde6\ud83c\uddf9 \u00d6sterreich<\/option><option value=\"https:\/\/nskn.co\/SPPrgb\">\ud83c\uddf7\ud83c\uddfa \u0420\u043e\u0441\u0441\u0438\u044f<\/option><option value=\"https:\/\/www.nuskin.com\/content\/nuskin\/pl_PL\/personal-offer.html?userId=BE3316065&#038;pitchId=-LkGfGr6HuTlvQq11F45\">\ud83c\uddf5\ud83c\uddf1 Polska<\/option><option value=\"https:\/\/nskn.co\/Bufvfu\">\ud83c\uddf5\ud83c\uddf9 Portugal<\/option><option value=\"https:\/\/www.nuskin.com\/content\/nuskin\/ro_RO\/personal-offer.html?userId=BE3316065&#038;pitchId=-LkGfGr6HuTlvQq11F45\">\ud83c\uddf7\ud83c\uddf4 Rom\u00e2nia<\/option><option value=\"https:\/\/nskn.co\/dRCN10\">\ud83c\udde8\ud83c\udded Schweiz<\/option><option value=\"https:\/\/www.nuskin.com\/content\/nuskin\/sk_SK\/personal-offer.html?userId=BE3316065&#038;pitchId=-LkGfGr6HuTlvQq11F45\">\ud83c\uddf8\ud83c\uddf0 Slovensko<\/option><option value=\"https:\/\/www.nuskin.com\/content\/nuskin\/fi_FI\/personal-offer.html?userId=BE3316065&#038;pitchId=-LkGfGr6HuTlvQq11F45\">\ud83c\uddeb\ud83c\uddee Suomi<\/option><option value=\"https:\/\/www.nuskin.com\/content\/nuskin\/sv_SE\/personal-offer.html?userId=BE3316065&#038;pitchId=-LkGfGr6HuTlvQq11F45\">\ud83c\uddf8\ud83c\uddea Sverige<\/option><option value=\"https:\/\/nskn.co\/B1mZpp\">\ud83c\uddfa\ud83c\udde6 \u0423\u043a\u0440\u0430\u0457\u043d\u0430<\/option><option value=\"https:\/\/nskn.co\/Cpz8U5\">\ud83c\uddec\ud83c\udde7 United Kingdom<\/option><option value=\"\"><\/option><option value=\"https:\/\/nskn.co\/eMypND\">\ud83c\uddee\ud83c\uddf1 Israel<\/option><option value=\"https:\/\/nskn.co\/gJrWVg\">\ud83c\uddff\ud83c\udde6 South Africa<\/option><option value=\"\"><\/option><option value=\"https:\/\/nskn.co\/d41Vvu\">\ud83c\uddfa\ud83c\uddf8 United States (6pk)<\/option><option value=\"https:\/\/nskn.co\/VRXsqI\">\ud83c\udde8\ud83c\udde6 Canada (6pk)<\/option><option value=\"\"><\/option><option value=\"\">Single Tube:<\/option><option value=\"\"><\/option><option value=\"https:\/\/nskn.co\/xYsXWk\">\ud83c\uddfa\ud83c\uddf8 United States<\/option><option value=\"https:\/\/nskn.co\/9FwCB2\">\ud83c\udde8\ud83c\udde6 Canada<\/option><option value=\"https:\/\/nskn.co\/SxCw71\">\ud83c\uddf2\ud83c\uddfd M\u00e9xico<\/option><option value=\"\"><\/option><option value=\"https:\/\/nskn.co\/kZiPjW\">\ud83c\udde6\ud83c\uddf7 Argentina<\/option><option value=\"https:\/\/nskn.co\/KpOmve\">\ud83c\udde8\ud83c\uddf1 Chile<\/option><option value=\"https:\/\/nskn.co\/okk0N0\">\ud83c\udde8\ud83c\uddf4 Colombia<\/option><option value=\"https:\/\/nskn.co\/uIUpMe\">\ud83c\uddf5\ud83c\uddea Peru<\/option><option value=\"\"><\/option><option value=\"http:\/\/nskn.co\/dg9AMH\">\ud83c\udde6\ud83c\uddfa Australia<\/option><option value=\"http:\/\/nskn.co\/WKF569\">\ud83c\uddf3\ud83c\uddff New Zealand<\/option><option value=\"https:\/\/nskn.co\/rYVUQD\">\ud83c\uddf3\ud83c\udde8 Nouvelle-Cal\u00e9donie<\/option><option value=\"https:\/\/nskn.co\/pZvN2O\">\ud83c\uddf5\ud83c\uddeb Polyn\u00e9sie Fran\u00e7aise<\/option><option value=\"\"><\/option><option value=\"https:\/\/nskn.co\/MyWXTp\">\ud83c\uddf8\ud83c\uddec Singapore<\/option><option value=\"https:\/\/nskn.co\/o19MVe\">\ud83c\udded\ud83c\uddf0 Hong Kong (\u9999\u6e2f)<\/option><option value=\"\"><\/option><\/select><\/p>\n[sc name=\"new_info_german\" ][\/sc]\n<p>In <a href=\"https:\/\/de.wikipedia.org\/wiki\/Kombination\" target=\"_blank\" style=\"text-decoration: none; cursor:text; color:#402d25; font-weight: normal;\" rel=\"noopener\">Kombination<\/a> mit dem Galvanic Body Spa wirkt das <a href=\"https:\/\/urbanbeautyonline.com\/de\/nuskin\/ageloc-body-shaping-gel\/\" target=\"_blank\" style=\"text-decoration: none; cursor:text; color:#402d25; font-weight: normal;\" rel=\"noopener\">ageLOC Body Shaping Gel<\/a> den ersten Zeichen der Hautalterung entgegen und wirkt gl\u00e4ttend bei Cellulite. Zudem verleiht es definierter aussehende Haut. Die ersten Zeichen der Hautalterung werden reduziert, die Haut wird erfrischt und die mit Vertiefungen versehenen Bereiche erscheinen ausgeglichener. So sieht deine Haut insgesamt sch\u00f6ner aus und f\u00fchlt sich auch so an.<\/p>\n[sc name=\"below-buy-now-button-german\" ][\/sc]\n","protected":false},"featured_media":424,"comment_status":"open","ping_status":"closed","template":"","meta":[],"product_cat":[20,24],"product_tag":[],"class_list":["post-423","product","type-product","status-publish","has-post-thumbnail","hentry","product_cat-ageloc-galvanic-body-trio","product_cat-gel-serum"],"_links":{"self":[{"href":"https:\/\/urbanbeautyonline.com\/de\/wp-json\/wp\/v2\/product\/423","targetHints":{"allow":["GET"]}}],"collection":[{"href":"https:\/\/urbanbeautyonline.com\/de\/wp-json\/wp\/v2\/product"}],"about":[{"href":"https:\/\/urbanbeautyonline.com\/de\/wp-json\/wp\/v2\/types\/product"}],"replies":[{"embeddable":true,"href":"https:\/\/urbanbeautyonline.com\/de\/wp-json\/wp\/v2\/comments?post=423"}],"wp:featuredmedia":[{"embeddable":true,"href":"https:\/\/urbanbeautyonline.com\/de\/wp-json\/wp\/v2\/media\/424"}],"wp:attachment":[{"href":"https:\/\/urbanbeautyonline.com\/de\/wp-json\/wp\/v2\/media?parent=423"}],"wp:term":[{"taxonomy":"product_cat","embeddable":true,"href":"https:\/\/urbanbeautyonline.com\/de\/wp-json\/wp\/v2\/product_cat?post=423"},{"taxonomy":"product_tag","embeddable":true,"href":"https:\/\/urbanbeautyonline.com\/de\/wp-json\/wp\/v2\/product_tag?post=423"}],"curies":[{"name":"wp","href":"https:\/\/api.w.org\/{rel}","templated":true}]}}