{"id":425,"date":"2022-11-29T20:35:30","date_gmt":"2022-11-29T20:35:30","guid":{"rendered":"https:\/\/urbanbeautyonline.com\/de\/?post_type=product&#038;p=425"},"modified":"2024-09-03T10:09:19","modified_gmt":"2024-09-03T10:09:19","slug":"ageloc-dermatic-effects","status":"publish","type":"product","link":"https:\/\/urbanbeautyonline.com\/de\/nuskin\/ageloc-dermatic-effects\/","title":{"rendered":"ageLOC Dermatic Effects"},"content":{"rendered":"<h3>AGELOC DERMATIC EFFECTS LOTION ZUR VERBESSERUNG DER KONTUREN<\/h3>\n<div class=\"su-youtube su-u-responsive-media-yes\"><iframe loading=\"lazy\" width=\"600\" height=\"400\" src=\"https:\/\/www.youtube.com\/embed\/4dWrf9Msico?\" frameborder=\"0\" allowfullscreen allow=\"autoplay; encrypted-media; picture-in-picture\" title=\"AGELOC DERMATIC EFFECTS LOTION ZUR VERBESSERUNG DER KONTUREN\"><\/iframe><\/div>\n<div class=\"su-spoiler su-spoiler-style-simple su-spoiler-icon-plus su-spoiler-closed\" data-scroll-offset=\"0\" data-anchor-in-url=\"no\"><div class=\"su-spoiler-title\" tabindex=\"0\" role=\"button\"><span class=\"su-spoiler-icon\"><\/span>VORTEILE<\/div><div class=\"su-spoiler-content su-u-clearfix su-u-trim\">\nageLOC Dermatic Effects ist die ideale hautgl\u00e4ttende Lotion. Diese Feuchtigkeitslotion wurde wissenschaftlich entwickelt, um die ageLOC Anti-Aging-Wirkung auf Ihren K\u00f6rper zu \u00fcbertragen. Sie hilft, die sichtbare Festigkeit der Haut zu verbessern, w\u00e4hrend sie Feuchtigkeit spendet und die Haut glatter aussehen l\u00e4sst. Mit jeder Anwendung erhalten Sie einen Feuchtigkeitsschub und Anti-Aging-Vorteile f\u00fcr ein konturierteres, glatteres Aussehen.<\/p>\n<div class=\"su-row\">\n<div class=\"su-column su-column-size-1-3\"><div class=\"su-column-inner su-u-clearfix su-u-trim\">\n<p><center><img decoding=\"async\" src=\"https:\/\/i0.wp.com\/urbanbeautyonline.com\/de\/wp-content\/uploads\/2022\/11\/icon-anti-aging-defense.webp?resize=50%2C50&#038;ssl=1\" alt=\"\" width=\"50\" height=\"50\" title=\"\" data-recalc-dims=\"1\"><br \/>\nZielt auf die Ursachen der Alterung<\/center><\/div><\/div>\n<div class=\"su-column su-column-size-1-3\"><div class=\"su-column-inner su-u-clearfix su-u-trim\">\n<p><center><img decoding=\"async\" src=\"https:\/\/i0.wp.com\/urbanbeautyonline.com\/de\/wp-content\/uploads\/2022\/11\/icon-lift-and-firm-skin.webp?resize=50%2C50&#038;ssl=1\" alt=\"\" width=\"50\" height=\"50\" title=\"\" data-recalc-dims=\"1\"><br \/>\nVerbessert das Erscheinungsbild der Hautstraffheit<\/center><\/div><\/div>\n<div class=\"su-column su-column-size-1-3\"><div class=\"su-column-inner su-u-clearfix su-u-trim\">\n<p><center><img decoding=\"async\" src=\"https:\/\/i0.wp.com\/urbanbeautyonline.com\/de\/wp-content\/uploads\/2022\/11\/icon-smooth-skin-body.webp?resize=50%2C50&#038;ssl=1\" alt=\"\" width=\"50\" height=\"50\" title=\"\" data-recalc-dims=\"1\"><br \/>\nHilft, die Haut sichtbar glatter zu machen<\/center><\/div><\/div>\n<\/div>\n<ul>\n<li>Hilft, die Haut sichtbar zu gl\u00e4tten.<\/li>\n<li>ageLOC zielt auf die Ursachen der Hautalterung ab und hilft, das jugendliche Aussehen zu bewahren und das Erscheinungsbild der Hautalterung zu reduzieren.<\/li>\n<li>Die optische Technologie streut das Licht sofort, um die Haut glatter aussehen zu lassen und das Erscheinungsbild der Hautoberfl\u00e4che zu verbessern.<\/li>\n<li>Verbessert die Festigkeit der Haut f\u00fcr ein jugendlicheres Aussehen.<\/li>\n<li>F\u00f6rdert die Zellerneuerung der Haut, um die nat\u00fcrliche, strahlende Struktur der Haut zum Vorschein zu bringen.<\/li>\n<li>Spendet Feuchtigkeit und gl\u00e4ttet die Haut.<\/li>\n<\/ul>\n<\/div><\/div>\n<div class=\"su-spoiler su-spoiler-style-simple su-spoiler-icon-plus su-spoiler-closed\" data-scroll-offset=\"0\" data-anchor-in-url=\"no\"><div class=\"su-spoiler-title\" tabindex=\"0\" role=\"button\"><span class=\"su-spoiler-icon\"><\/span>ANWENDUNG<\/div><div class=\"su-spoiler-content su-u-clearfix su-u-trim\">\nF\u00fcr optimale Ergebnisse gemeinsam mit deinem ageLOC Body Shaping Gel verwenden. Dermatic Effects zweimal t\u00e4glich \u2013 morgens und abends \u2013 auf Arme, Schenkel, Po und\/oder Bauch auftragen.<br \/>\n<\/div><\/div>\n<div class=\"su-spoiler su-spoiler-style-simple su-spoiler-icon-plus su-spoiler-closed\" data-scroll-offset=\"0\" data-anchor-in-url=\"no\"><div class=\"su-spoiler-title\" tabindex=\"0\" role=\"button\"><span class=\"su-spoiler-icon\"><\/span>SCHON GEWUSST ...?<\/div><div class=\"su-spoiler-content su-u-clearfix su-u-trim\">\nDie Dermatic Effects Lotion ist ein Multitalent. Die Creme regt die Zellenerneuerung an und verleiht deiner Haut ein nat\u00fcrliches Strahlen. Tagt\u00e4glich versorgt sie die Haut mit Feuchtigkeit und l\u00e4sst sie wunderbar glatt aussehen.<br \/>\n<\/div><\/div>\n<div class=\"su-spoiler su-spoiler-style-simple su-spoiler-icon-plus su-spoiler-closed\" data-scroll-offset=\"0\" data-anchor-in-url=\"no\"><div class=\"su-spoiler-title\" tabindex=\"0\" role=\"button\"><span class=\"su-spoiler-icon\"><\/span>WICHTIGE INHALTSSTOFFE<\/div><div class=\"su-spoiler-content su-u-clearfix su-u-trim\">\n<div class=\"su-row\">\n<div class=\"su-column su-column-size-1-2\"><div class=\"su-column-inner su-u-clearfix su-u-trim\">\n<p><center><img decoding=\"async\" src=\"https:\/\/i0.wp.com\/urbanbeautyonline.com\/de\/wp-content\/uploads\/2022\/11\/ingredient-ageLOC_blend.webp?resize=80%2C80&#038;ssl=1\" alt=\"\" width=\"80\" height=\"80\" title=\"\" data-recalc-dims=\"1\"><br \/>\n<strong>ageLOC Blend<\/strong><br \/>\nBek\u00e4mpft die Ursachen der Hautalterung, um das jugendliche Aussehen zu bewahren.<\/center><\/div><\/div>\n<div class=\"su-column su-column-size-1-2\"><div class=\"su-column-inner su-u-clearfix su-u-trim\">\n<p><center><img decoding=\"async\" src=\"https:\/\/i0.wp.com\/urbanbeautyonline.com\/de\/wp-content\/uploads\/2022\/11\/ingredient-hibiscus_abelmoschus_extract.webp?resize=80%2C80&#038;ssl=1\" alt=\"\" width=\"80\" height=\"80\" title=\"\" data-recalc-dims=\"1\"><br \/>\n<strong>Hibiskus Abelmoschus-Extrakt<\/strong><br \/>\nReich an pflanzlichen Lipidextrakten, die dazu beitragen, freie Radikale zu bek\u00e4mpfen und das Erscheinungsbild von Cellulite zu reduzieren.<\/center><\/div><\/div>\n<\/div>\n<div class=\"su-row\">\n<div class=\"su-column su-column-size-1-2\"><div class=\"su-column-inner su-u-clearfix su-u-trim\">\n<p><center><img decoding=\"async\" src=\"https:\/\/i0.wp.com\/urbanbeautyonline.com\/de\/wp-content\/uploads\/2022\/11\/ingredient-Honey_Extract.webp?resize=80%2C80&#038;ssl=1\" alt=\"\" width=\"80\" height=\"80\" title=\"\" data-recalc-dims=\"1\"><br \/>\n<strong>Honig-Extrakt<\/strong><br \/>\nEine nat\u00fcrliche Alpha-Hydroxys\u00e4ure, die die Haut gl\u00e4ttet.<\/center><\/div><\/div>\n<div class=\"su-column su-column-size-1-2\"><div class=\"su-column-inner su-u-clearfix su-u-trim\">\n<p><center><img decoding=\"async\" src=\"https:\/\/i0.wp.com\/urbanbeautyonline.com\/de\/wp-content\/uploads\/2022\/11\/ingredient-hylaronic_acid.webp?resize=80%2C80&#038;ssl=1\" alt=\"\" width=\"80\" height=\"80\" title=\"\" data-recalc-dims=\"1\"><br \/>\n<strong>Hyalurons\u00e4ure<\/strong><br \/>\nHilft, ein optimales Feuchtigkeitsniveau aufrechtzuerhalten.<\/center><\/div><\/div>\n<\/div>\n<p><strong>BESTANDTEILE:<\/strong><br \/>\nAqua, C12-15 Alkyl Benzoate, Dimethicone, Mel Extract, Hydroxyethyl Acrylate\/Sodium Acryloyldimethyl Taurate Copolymer, Lactic Acid, Cyclopentasiloxane, Ethoxydiglycol, Isohexadecane, Butylene Glycol, Hibiscus Abelmoschus Extract, Cyclohexasiloxane, Ethylhexyl Palmitate, Polymethyl Methacrylate, Squalane, Helianthus Annuus Seed Oil, Caprylyl Glycol, Palmitoyl Hexapeptide-12, PEG-8, Sodium Lactate, Sodium Hyaluronate, Tocopheryl Acetate, Algae Extract, Aloe Barbadensis Leaf Juice, Echinacea Purpurea Extract, Ilex Paraguariensis Leaf Extract, Ceramide NG, Trihydroxystearin, Chenopodium Quinoa Seed Extract, Laminaria Digitata Extract, Glyceryl Stearate, Polysorbate 60, Ceteareth-20, PEG-75 Stearate, Sorbitan Isostearate, PEG-7 Trimethylolpropane Coconut Ether, Laureth-7, Sorbitan Isostearate, Cetyl Alcohol, Polyisobutene, Glyceryl Polymethacrylate, Stearyl Alcohol, Chlorphenesin, Phenoxyethanol, Disodium EDTA, Parfum, Aminomethyl Propanol, Linalool.<br \/>\n<\/div><\/div>\n<div class=\"su-spoiler su-spoiler-style-simple su-spoiler-icon-plus su-spoiler-closed\" data-scroll-offset=\"0\" data-anchor-in-url=\"no\"><div class=\"su-spoiler-title\" tabindex=\"0\" role=\"button\"><span class=\"su-spoiler-icon\"><\/span>H\u00c4UFIG GESTELLTE FRAGEN<\/div><div class=\"su-spoiler-content su-u-clearfix su-u-trim\">\n<strong>Was ist der Vorteil der t\u00e4glichen Anwendung von ageLOC Dermatic Effects?<\/strong><br \/>\nageLOC Dermatic Effects ist eine feuchtigkeitsspendende Tageslotion, die das Erscheinungsbild der Haut gl\u00e4ttet. ageLOC Dermatic Effects f\u00f6rdert den Zellumsatz f\u00fcr eine nat\u00fcrliche, strahlende Hautstruktur. Sie enth\u00e4lt au\u00dferdem eine Technologie zur sofortigen Lichtstreuung, die der Haut zu einem glatteren Aussehen verhilft und das Erscheinungsbild der Hautoberfl\u00e4che verbessert. Dieses Produkt enth\u00e4lt ageLOC Inhaltsstoffe und liefert eine t\u00e4gliche, kontinuierliche Dosis ageLOC f\u00fcr eine konturiertere, glattere und straffere Haut.<br \/>\n<\/div><\/div>\n","protected":false},"excerpt":{"rendered":"<p><strong>ageLOC Dermatic Effects:<\/strong><br \/>\n<select style=\"width: 100%;\" name=\"menu1\" onchange=\"location = this.value;\"><option>W\u00e4hle dein Land . . .<\/option><option value=\"\"><\/option><option value=\"https:\/\/www.nuskin.com\/content\/nuskin\/nl_BE\/personal-offer.html?userId=BE3316065&amp;pitchId=-M1X0biLl25z8Sskva6R\">\ud83c\udde7\ud83c\uddea Belgi\u00eb<\/option><option value=\"https:\/\/www.nuskin.com\/content\/nuskin\/cs_CZ\/personal-offer.html?userId=BE3316065&amp;pitchId=-M1X0biLl25z8Sskva6R\">\ud83c\udde8\ud83c\uddff \u010cesk\u00e1 Republika<\/option><option value=\"https:\/\/www.nuskin.com\/content\/nuskin\/da_DK\/personal-offer.html?userId=BE3316065&amp;pitchId=-M1X0biLl25z8Sskva6R\">\ud83c\udde9\ud83c\uddf0 Danmark<\/option><option value=\"http:\/\/nskn.co\/Z94haA\">\ud83c\udde9\ud83c\uddea Deutschland<\/option><option value=\"https:\/\/www.nuskin.com\/content\/nuskin\/es_ES\/personal-offer.html?userId=BE3316065&amp;pitchId=-M1X0biLl25z8Sskva6R\">\ud83c\uddea\ud83c\uddf8 Espa\u00f1a<\/option><option value=\"http:\/\/nskn.co\/LdcWFW\">\ud83c\uddeb\ud83c\uddf7 France<\/option><option value=\"https:\/\/www.nuskin.com\/content\/nuskin\/en_IE\/personal-offer.html?userId=BE3316065&amp;pitchId=-M1X0biLl25z8Sskva6R\">\ud83c\uddee\ud83c\uddea Ireland<\/option><option value=\"https:\/\/www.nuskin.com\/content\/nuskin\/en_IS\/personal-offer.html?userId=BE3316065&amp;pitchId=-M1X0biLl25z8Sskva6R\">\ud83c\uddee\ud83c\uddf8 \u00cdsland<\/option><option value=\"https:\/\/www.nuskin.com\/content\/nuskin\/it_IT\/personal-offer.html?userId=BE3316065&amp;pitchId=-M1X0biLl25z8Sskva6R\">\ud83c\uddee\ud83c\uddf9 Italia<\/option><option value=\"https:\/\/www.nuskin.com\/content\/nuskin\/fr_LU\/personal-offer.html?userId=BE3316065&amp;pitchId=-M1X0biLl25z8Sskva6R\">\ud83c\uddf1\ud83c\uddfa L\u00ebtzebuerg<\/option><option value=\"https:\/\/www.nuskin.com\/content\/nuskin\/hu_HU\/personal-offer.html?userId=BE3316065&amp;pitchId=-M1X0biLl25z8Sskva6R\">\ud83c\udded\ud83c\uddfa Magyarorsz\u00e1g<\/option><option value=\"https:\/\/www.nuskin.com\/content\/nuskin\/nl_NL\/personal-offer.html?userId=BE3316065&amp;pitchId=-M1X0biLl25z8Sskva6R\">\ud83c\uddf3\ud83c\uddf1 Netherlands<\/option><option value=\"https:\/\/www.nuskin.com\/content\/nuskin\/no_NO\/personal-offer.html?userId=BE3316065&amp;pitchId=-M1X0biLl25z8Sskva6R\">\ud83c\uddf3\ud83c\uddf4 Norge<\/option><option value=\"https:\/\/www.nuskin.com\/content\/nuskin\/de_AT\/personal-offer.html?userId=BE3316065&amp;pitchId=-M1X0biLl25z8Sskva6R\">\ud83c\udde6\ud83c\uddf9 \u00d6sterreich<\/option><option value=\"https:\/\/nskn.co\/p6PJSa\">\ud83c\uddf7\ud83c\uddfa \u0420\u043e\u0441\u0441\u0438\u044f<\/option><option value=\"https:\/\/www.nuskin.com\/content\/nuskin\/pl_PL\/personal-offer.html?userId=BE3316065&amp;pitchId=-M1X0biLl25z8Sskva6R\">\ud83c\uddf5\ud83c\uddf1 Polska<\/option><option value=\"https:\/\/www.nuskin.com\/content\/nuskin\/pt_PT\/personal-offer.html?userId=BE3316065&amp;pitchId=-M1X0biLl25z8Sskva6R\">\ud83c\uddf5\ud83c\uddf9 Portugal<\/option><option value=\"https:\/\/www.nuskin.com\/content\/nuskin\/ro_RO\/personal-offer.html?userId=BE3316065&amp;pitchId=-M1X0biLl25z8Sskva6R\">\ud83c\uddf7\ud83c\uddf4 Rom\u00e2nia<\/option><option value=\"https:\/\/www.nuskin.com\/content\/nuskin\/de_CH\/personal-offer.html?userId=BE3316065&amp;pitchId=-M1X0biLl25z8Sskva6R\">\ud83c\udde8\ud83c\udded Schweiz<\/option><option value=\"https:\/\/www.nuskin.com\/content\/nuskin\/sk_SK\/personal-offer.html?userId=BE3316065&amp;pitchId=-M1X0biLl25z8Sskva6R\">\ud83c\uddf8\ud83c\uddf0 Slovensko<\/option><option value=\"https:\/\/www.nuskin.com\/content\/nuskin\/en_FI\/personal-offer.html?userId=BE3316065&amp;pitchId=-M1X0biLl25z8Sskva6R\">\ud83c\uddeb\ud83c\uddee Suomi<\/option><option value=\"https:\/\/www.nuskin.com\/content\/nuskin\/sv_SE\/personal-offer.html?userId=BE3316065&amp;pitchId=-M1X0biLl25z8Sskva6R\">\ud83c\uddf8\ud83c\uddea Sverige<\/option><option value=\"https:\/\/nskn.co\/gphSGp\">\ud83c\uddfa\ud83c\udde6 \u0423\u043a\u0440\u0430\u0457\u043d\u0430<\/option><option value=\"https:\/\/nskn.co\/Z2E626\">\ud83c\uddec\ud83c\udde7 United Kingdom<\/option>\/*joy*\/<option value=\"\"><\/option><option value=\"http:\/\/nskn.co\/Dxnqlw\">\ud83c\uddff\ud83c\udde6 South Africa<\/option><option value=\"\"><\/option><option value=\"https:\/\/nskn.co\/LMAh9N\">\ud83c\uddfa\ud83c\uddf8 United States<\/option>\/*joy*\/<option value=\"https:\/\/nskn.co\/CWO2OG\">\ud83c\udde8\ud83c\udde6 Canada<\/option>\/*joy*\/<option value=\"https:\/\/nskn.co\/nBgd9C\">\ud83c\uddf2\ud83c\uddfd M\u00e9xico<\/option><option value=\"\"><\/option><option value=\"https:\/\/www.nuskin.com\/content\/nuskin\/es_AR\/personal-offer.html?userId=BE3316065&amp;pitchId=-M2_V5acuVSsqv2DB_XM\">\ud83c\udde6\ud83c\uddf7 Argentina<\/option><option value=\"https:\/\/nskn.co\/rf0WdC\">\ud83c\udde8\ud83c\uddf1 Chile<\/option><option value=\"https:\/\/www.nuskin.com\/content\/nuskin\/es_CO\/personal-offer.html?userId=BE3316065&amp;pitchId=-M2_V5acuVSsqv2DB_XM\">\ud83c\udde8\ud83c\uddf4 Colombia<\/option><option value=\"https:\/\/nskn.co\/cqDqTN\">\ud83c\uddf5\ud83c\uddea Peru<\/option><option value=\"\"><\/option><option value=\"https:\/\/nskn.co\/4BdEIE\">\ud83c\udde6\ud83c\uddfa Australia<\/option>\/*joy*\/<option value=\"https:\/\/nskn.co\/xF85lP\">\ud83c\uddf3\ud83c\uddff New Zealand<\/option>\/*joy*\/<option value=\"https:\/\/nskn.co\/Dr501W\">\ud83c\uddf3\ud83c\udde8 Nouvelle-Cal\u00e9donie<\/option>\/*joanne*\/<option value=\"https:\/\/nskn.co\/ec2WfX\">\ud83c\uddf5\ud83c\uddeb Polyn\u00e9sie Fran\u00e7aise<\/option>\/*joanne*\/<option value=\"\"><\/option><option value=\"https:\/\/nskn.co\/mNsfvf\">\ud83c\udded\ud83c\uddf0 Hong Kong (\u9999\u6e2f)<\/option><\/select><\/p>\n<p><strong>ageLOC Dermatic Effects Pro Pack (x 17):<\/strong><br \/>\n<select style=\"width: 100%;\" name=\"menu1\" onchange=\"location = this.value;\"><option value=\"\">W\u00e4hle dein Land . . .<\/option><option value=\"\"><\/option><option value=\"https:\/\/nskn.co\/5QWP8N\">\ud83c\udde7\ud83c\uddea Belgi\u00eb<\/option><option value=\"https:\/\/nskn.co\/LNSpEf\">\ud83c\udde8\ud83c\uddff \u010cesk\u00e1 Republika<\/option><option value=\"https:\/\/nskn.co\/nXQQKI\">\ud83c\udde9\ud83c\uddf0 Danmark<\/option><option value=\"https:\/\/nskn.co\/qrbYwI\">\ud83c\udde9\ud83c\uddea Deutschland<\/option><option value=\"https:\/\/nskn.co\/2Y7AuN\">\ud83c\uddea\ud83c\uddf8 Espa\u00f1a<\/option><option value=\"https:\/\/nskn.co\/8ssRsS\">\ud83c\uddeb\ud83c\uddf7 France<\/option><option value=\"https:\/\/nskn.co\/2hYTQ3\">\ud83c\uddee\ud83c\uddea Ireland<\/option><option value=\"https:\/\/nskn.co\/4djMA2\">\ud83c\uddee\ud83c\uddf8 \u00cdsland<\/option><option value=\"https:\/\/nskn.co\/gCzFn1\">\ud83c\uddee\ud83c\uddf9 Italia<\/option><option value=\"https:\/\/nskn.co\/RDvfqN\">\ud83c\uddf1\ud83c\uddfa L\u00ebtzebuerg<\/option><option value=\"https:\/\/nskn.co\/TjbA3Y\">\ud83c\udded\ud83c\uddfa Magyarorsz\u00e1g (X14)<\/option><option value=\"https:\/\/nskn.co\/JkEYvm\">\ud83c\udded\ud83c\uddfa Magyarorsz\u00e1g (X17)<\/option><option value=\"https:\/\/nskn.co\/jpDuXx\">\ud83c\uddf3\ud83c\uddf1 Netherlands<\/option><option value=\"https:\/\/nskn.co\/8rSi0n\">\ud83c\uddf3\ud83c\uddf4 Norge<\/option><option value=\"https:\/\/nskn.co\/bSPYt6\">\ud83c\udde6\ud83c\uddf9 \u00d6sterreich<\/option><option value=\"https:\/\/nskn.co\/HCYqa9\">\ud83c\uddf5\ud83c\uddf1 Polska<\/option><option value=\"https:\/\/nskn.co\/xHmDs6\">\ud83c\uddf5\ud83c\uddf9 Portugal<\/option><option value=\"https:\/\/nskn.co\/LcsGRP\">\ud83c\uddf7\ud83c\uddf4 Rom\u00e2nia<\/option><option value=\"https:\/\/nskn.co\/UqzcOx\">\ud83c\udde8\ud83c\udded Schweiz<\/option><option value=\"https:\/\/nskn.co\/7jPCi1\">\ud83c\uddf8\ud83c\uddf0 Slovensko<\/option><option value=\"https:\/\/nskn.co\/JbWXvW\">\ud83c\uddff\ud83c\udde6 South Africa (x20)<\/option><option value=\"https:\/\/nskn.co\/2Xc9mL\">\ud83c\uddeb\ud83c\uddee Suomi<\/option><option value=\"https:\/\/nskn.co\/JSdWsr\">\ud83c\uddf8\ud83c\uddea Sverige<\/option><option value=\"https:\/\/nskn.co\/u1JQsv\">\ud83c\uddec\ud83c\udde7 United Kingdom<\/option><\/select><\/p>\n[sc name=\"new_info_german\" ][\/sc]\n<p><a style=\"text-decoration: none; cursor: text; color: #402d25; font-weight: normal;\" href=\"https:\/\/en.wiktionary.org\/wiki\/die\" target=\"_blank\" rel=\"noopener\">Die<\/a> ageLOC Wirkstoffe in <a style=\"text-decoration: none; cursor: text; color: #402d25; font-weight: normal;\" href=\"https:\/\/urbanbeautyonline.com\/de\/nuskin\/ageloc-dermatic-effects\/\" target=\"_blank\" rel=\"noopener\">Dermatic Effects<\/a> wirken den ersten Zeichen der Hautalterung an der Quelle entgegen, w\u00e4hrend die Formel gl\u00e4ttend wirkt bei Cellulite sowie die Haut straffer und jugendlicher aussehen l\u00e4sst. Die Spitzentechnologie streut Licht, um die Hautoberfl\u00e4che glatter aussehen zu lassen.<\/p>\n","protected":false},"featured_media":427,"comment_status":"open","ping_status":"closed","template":"","meta":[],"product_cat":[20,24],"product_tag":[],"class_list":["post-425","product","type-product","status-publish","has-post-thumbnail","hentry","product_cat-ageloc-galvanic-body-trio","product_cat-gel-serum"],"_links":{"self":[{"href":"https:\/\/urbanbeautyonline.com\/de\/wp-json\/wp\/v2\/product\/425","targetHints":{"allow":["GET"]}}],"collection":[{"href":"https:\/\/urbanbeautyonline.com\/de\/wp-json\/wp\/v2\/product"}],"about":[{"href":"https:\/\/urbanbeautyonline.com\/de\/wp-json\/wp\/v2\/types\/product"}],"replies":[{"embeddable":true,"href":"https:\/\/urbanbeautyonline.com\/de\/wp-json\/wp\/v2\/comments?post=425"}],"wp:featuredmedia":[{"embeddable":true,"href":"https:\/\/urbanbeautyonline.com\/de\/wp-json\/wp\/v2\/media\/427"}],"wp:attachment":[{"href":"https:\/\/urbanbeautyonline.com\/de\/wp-json\/wp\/v2\/media?parent=425"}],"wp:term":[{"taxonomy":"product_cat","embeddable":true,"href":"https:\/\/urbanbeautyonline.com\/de\/wp-json\/wp\/v2\/product_cat?post=425"},{"taxonomy":"product_tag","embeddable":true,"href":"https:\/\/urbanbeautyonline.com\/de\/wp-json\/wp\/v2\/product_tag?post=425"}],"curies":[{"name":"wp","href":"https:\/\/api.w.org\/{rel}","templated":true}]}}