{"id":432,"date":"2022-11-30T20:25:57","date_gmt":"2022-11-30T20:25:57","guid":{"rendered":"https:\/\/urbanbeautyonline.com\/de\/?post_type=product&#038;p=432"},"modified":"2023-01-19T22:16:50","modified_gmt":"2023-01-19T22:16:50","slug":"tru-face-line-corrector","status":"publish","type":"product","link":"https:\/\/urbanbeautyonline.com\/de\/nuskin\/tru-face-line-corrector\/","title":{"rendered":"Tru Face Line Corrector"},"content":{"rendered":"<h3>TRU FACE LINE CORRECTOR | TRU FACE LINIENKORREKTUR<\/h3>\n<div class=\"su-spoiler su-spoiler-style-simple su-spoiler-icon-plus su-spoiler-closed\" data-scroll-offset=\"0\" data-anchor-in-url=\"no\"><div class=\"su-spoiler-title\" tabindex=\"0\" role=\"button\"><span class=\"su-spoiler-icon\"><\/span>VORTEILE<\/div><div class=\"su-spoiler-content su-u-clearfix su-u-trim\">\n<div class=\"su-row\">\n<div class=\"su-column su-column-size-1-4\"><div class=\"su-column-inner su-u-clearfix su-u-trim\"><center><img decoding=\"async\" width=\"50\" height=\"50\" src=\"https:\/\/i0.wp.com\/urbanbeautyonline.com\/de\/wp-content\/uploads\/2022\/11\/smile-lines-icon.png?resize=50%2C50&#038;ssl=1\" alt=\"TRU FACE LINE CORRECTOR | TRU FACE LINIENKORREKTUR\" title=\"\" data-recalc-dims=\"1\"><br \/>\nDie Teilnehmer stellten eine Reduzierung ihrer Lachf\u00e4ltchen um 25 % fest*<\/center><\/div><\/div>\n<div class=\"su-column su-column-size-1-4\"><div class=\"su-column-inner su-u-clearfix su-u-trim\"><center><img decoding=\"async\" width=\"50\" height=\"50\" src=\"https:\/\/i0.wp.com\/urbanbeautyonline.com\/de\/wp-content\/uploads\/2022\/11\/crows-feet-icon.png.webp?resize=50%2C50&#038;ssl=1\" alt=\"TRU FACE LINE CORRECTOR | TRU FACE LINIENKORREKTUR\" title=\"\" data-recalc-dims=\"1\"><br \/>\nDie Teilnehmer stellten eine Reduzierung ihrer Kr\u00e4henf\u00fc\u00dfe um 27 % fest*<\/center><\/div><\/div>\n<div class=\"su-column su-column-size-1-4\"><div class=\"su-column-inner su-u-clearfix su-u-trim\"><center><img decoding=\"async\" width=\"50\" height=\"50\" src=\"https:\/\/i0.wp.com\/urbanbeautyonline.com\/de\/wp-content\/uploads\/2022\/11\/face-icon.png.webp?resize=50%2C50&#038;ssl=1\" alt=\"TRU FACE LINE CORRECTOR | TRU FACE LINIENKORREKTUR\" title=\"\" data-recalc-dims=\"1\"><br \/>\n90 % hatten eine j\u00fcnger aussehende Haut*<\/center><\/div><\/div>\n<div class=\"su-column su-column-size-1-4\"><div class=\"su-column-inner su-u-clearfix su-u-trim\"><center><img decoding=\"async\" width=\"50\" height=\"50\" src=\"https:\/\/i0.wp.com\/urbanbeautyonline.com\/de\/wp-content\/uploads\/2022\/11\/galvanic-spa-icon.png.webp?resize=50%2C50&#038;ssl=1\" alt=\"TRU FACE LINE CORRECTOR | TRU FACE LINIENKORREKTUR\" title=\"\" data-recalc-dims=\"1\"><br \/>\nDie Auspr\u00e4gung feiner Linien verbesserte sich doppelt so schnell bei der Verwendung von Galvanic Spa**<\/center><\/div><\/div>\n<\/div>\n<ul>\n<li>Minimiert das Erscheinungsbild von Hautfalten um den Mund und auf der Stirn.<\/li>\n<li>Reduziert das Erscheinungsbild von mittleren bis tiefen Linien und Falten.<\/li>\n<li>Gl\u00e4ttet das Erscheinungsbild von Kr\u00e4henf\u00fc\u00dfen.<\/li>\n<\/ul>\n<\/div><\/div>\n<div class=\"su-spoiler su-spoiler-style-simple su-spoiler-icon-plus su-spoiler-closed\" data-scroll-offset=\"0\" data-anchor-in-url=\"no\"><div class=\"su-spoiler-title\" tabindex=\"0\" role=\"button\"><span class=\"su-spoiler-icon\"><\/span>ANWENDUNG<\/div><div class=\"su-spoiler-content su-u-clearfix su-u-trim\">\nMorgens und abends auf die F\u00e4ltchen in der Augen-, Mund- und Stirnpartie auftragen. Verwende anschlie\u00dfend eine Nu Skin Feuchtigkeitspflege deiner Wahl. Optimale Ergebnisse erzielst du mit dem ageLOC Galvanic Spa und Focus Area Conductor in der Anwendung Nr. 3 f\u00fcr zwei bis f\u00fcnf Minuten. Verwende anschlie\u00dfend eine Nu Skin Feuchtigkeitspflege deiner Wahl.<br \/>\n<\/div><\/div>\n<div class=\"su-spoiler su-spoiler-style-simple su-spoiler-icon-plus su-spoiler-closed\" data-scroll-offset=\"0\" data-anchor-in-url=\"no\"><div class=\"su-spoiler-title\" tabindex=\"0\" role=\"button\"><span class=\"su-spoiler-icon\"><\/span>SCHON GEWUSST ...?<\/div><div class=\"su-spoiler-content su-u-clearfix su-u-trim\">\nNach nur vier Wochen zeigt eine Kombination aus Tru Face Line Corrector und ageLOC Galvanic Spa bessere Ergebnisse bei feinen Linien als die alleinige Verwendung von Tru Face Line Corrector acht Wochen lang.*<\/p>\n<p><em>* Ergebnisse, die auf einer professionellen Bewertung durch Dritte basieren, in der in einer achtw\u00f6chigen In-Vivo-Studie das Produkt auf einer Gesichtsh\u00e4lfte angewendet wurde.<\/em><br \/>\n<\/div><\/div>\n<div class=\"su-spoiler su-spoiler-style-simple su-spoiler-icon-plus su-spoiler-closed\" data-scroll-offset=\"0\" data-anchor-in-url=\"no\"><div class=\"su-spoiler-title\" tabindex=\"0\" role=\"button\"><span class=\"su-spoiler-icon\"><\/span>H\u00c4UFIG GESTELLTE FRAGEN<\/div><div class=\"su-spoiler-content su-u-clearfix su-u-trim\">\n<strong>Wie lange wird es dauern, bis ich Ergebnisse mit Tru Face Line Corrector sehe?<\/strong><br \/>\nManche Menschen k\u00f6nnen bereits nach vier Wochen Ergebnisse sehen. Unsere klinische Studie zeigte jedoch eine 91-prozentige Verbesserung in 12 Wochen.<\/p>\n<p><strong>Festigt Tru Face Line Corrector die Haut?<\/strong><br \/>\nNein. TFLC ist f\u00fcr mittlere bis tiefe Linien und Falten gedacht, die durch mechanische Alterung verursacht werden. Tru Face Essence hilft, die Haut zu straffen und zu konturieren.<\/p>\n<p><strong>Wie oft muss ich Tru Face Line Corrector anwenden?<\/strong><br \/>\nF\u00fcr beste Ergebnisse tragen Sie TFLC morgens und abends direkt auf Ihre Linien und Falten auf.<\/p>\n<p><strong>Wann trage ich Tru Face Line Corrector in meinem Hautpflegeprogramm auf?<\/strong><br \/>\nTFLC sollte aufgetragen werden, nachdem Sie Ihre Haut gereinigt und get\u00f6nt haben, aber bevor Sie Ihr Gesicht mit Feuchtigkeit versorgen.<\/p>\n<p><strong>Kann ich Tru Face Line Corrector und die anderen Tru Targeted Treatments gleichzeitig verwenden?<\/strong><br \/>\nJa. TFLC kann mit allen anderen Produkten der Tru Targeted Treatments Serie verwendet werden. Wenn Sie sie zusammen verwenden, tragen Sie Tru Face Essence, dann Tru Face Line Corrector, dann Tru Face Revealing Gel und dann Tru Face Skin Perfecting Gel auf.<br \/>\n<\/div><\/div>\n","protected":false},"excerpt":{"rendered":"<p><strong>Tru Face Line Corrector:<\/strong><br \/>\n<select style=\"width: 100%;\" name=\"menu1\" onchange=\"location = this.value;\"><option>Klicke hier . . .<\/option><option value=\"\"><\/option><option value=\"https:\/\/www.nuskin.com\/content\/nuskin\/nl_BE\/personal-offer.html?userId=BE3316065&#038;pitchId=-LabJfQi8K5s4kridinL\">\ud83c\udde7\ud83c\uddea Belgi\u00eb<\/option><option value=\"https:\/\/www.nuskin.com\/content\/nuskin\/cs_CZ\/personal-offer.html?userId=BE3316065&#038;pitchId=-LabJfQi8K5s4kridinL\">\ud83c\udde8\ud83c\uddff \u010cesk\u00e1 Republika<\/option><option value=\"https:\/\/www.nuskin.com\/content\/nuskin\/da_DK\/personal-offer.html?userId=BE3316065&#038;pitchId=-LabJfQi8K5s4kridinL\">\ud83c\udde9\ud83c\uddf0 Danmark<\/option><option value=\"https:\/\/www.nuskin.com\/content\/nuskin\/de_DE\/personal-offer.html?userId=BE3316065&#038;pitchId=-LabJfQi8K5s4kridinL\">\ud83c\udde9\ud83c\uddea Deutschland<\/option><option value=\"https:\/\/www.nuskin.com\/content\/nuskin\/es_ES\/personal-offer.html?userId=BE3316065&#038;pitchId=-LabJfQi8K5s4kridinL\">\ud83c\uddea\ud83c\uddf8 Espa\u00f1a<\/option><option value=\"https:\/\/www.nuskin.com\/content\/nuskin\/fr_FR\/personal-offer.html?userId=BE3316065&#038;pitchId=-LabJfQi8K5s4kridinL\">\ud83c\uddeb\ud83c\uddf7 France<\/option><option value=\"https:\/\/www.nuskin.com\/content\/nuskin\/en_IE\/personal-offer.html?userId=BE3316065&#038;pitchId=-LabJfQi8K5s4kridinL\">\ud83c\uddee\ud83c\uddea Ireland<\/option><option value=\"https:\/\/www.nuskin.com\/content\/nuskin\/en_IS\/personal-offer.html?userId=BE3316065&#038;pitchId=-LabJfQi8K5s4kridinL\">\ud83c\uddee\ud83c\uddf8 \u00cdsland<\/option><option value=\"https:\/\/www.nuskin.com\/content\/nuskin\/it_IT\/personal-offer.html?userId=BE3316065&#038;pitchId=-LabJfQi8K5s4kridinL\">\ud83c\uddee\ud83c\uddf9 Italia<\/option><option value=\"https:\/\/www.nuskin.com\/content\/nuskin\/fr_LU\/personal-offer.html?userId=BE3316065&#038;pitchId=-LabJfQi8K5s4kridinL\">\ud83c\uddf1\ud83c\uddfa L\u00ebtzebuerg<\/option><option value=\"https:\/\/www.nuskin.com\/content\/nuskin\/hu_HU\/personal-offer.html?userId=BE3316065&#038;pitchId=-LabJfQi8K5s4kridinL\">\ud83c\udded\ud83c\uddfa Magyarorsz\u00e1g<\/option><option value=\"https:\/\/www.nuskin.com\/content\/nuskin\/nl_NL\/personal-offer.html?userId=BE3316065&#038;pitchId=-LabJfQi8K5s4kridinL\">\ud83c\uddf3\ud83c\uddf1 Netherlands<\/option><option value=\"https:\/\/www.nuskin.com\/content\/nuskin\/no_NO\/personal-offer.html?userId=BE3316065&#038;pitchId=-LabJfQi8K5s4kridinL\">\ud83c\uddf3\ud83c\uddf4 Norge<\/option><option value=\"https:\/\/www.nuskin.com\/content\/nuskin\/de_AT\/personal-offer.html?userId=BE3316065&#038;pitchId=-LabJfQi8K5s4kridinL\">\ud83c\udde6\ud83c\uddf9 \u00d6sterreich<\/option><option value=\"https:\/\/nskn.co\/lbzWwh\">\ud83c\uddf7\ud83c\uddfa \u0420\u043e\u0441\u0441\u0438\u044f<\/option><option value=\"https:\/\/www.nuskin.com\/content\/nuskin\/pl_PL\/personal-offer.html?userId=BE3316065&#038;pitchId=-LabJfQi8K5s4kridinL\">\ud83c\uddf5\ud83c\uddf1 Polska<\/option><option value=\"https:\/\/www.nuskin.com\/content\/nuskin\/pt_PT\/personal-offer.html?userId=BE3316065&#038;pitchId=-LabJfQi8K5s4kridinL\">\ud83c\uddf5\ud83c\uddf9 Portugal<\/option><option value=\"https:\/\/www.nuskin.com\/content\/nuskin\/ro_RO\/personal-offer.html?userId=BE3316065&#038;pitchId=-LabJfQi8K5s4kridinL\">\ud83c\uddf7\ud83c\uddf4 Rom\u00e2nia<\/option><option value=\"https:\/\/www.nuskin.com\/content\/nuskin\/de_CH\/personal-offer.html?userId=BE3316065&#038;pitchId=-LabJfQi8K5s4kridinL\">\ud83c\udde8\ud83c\udded Schweiz<\/option><option value=\"https:\/\/www.nuskin.com\/content\/nuskin\/sk_SK\/personal-offer.html?userId=BE3316065&#038;pitchId=-LabJfQi8K5s4kridinL\">\ud83c\uddf8\ud83c\uddf0 Slovensko<\/option><option value=\"https:\/\/www.nuskin.com\/content\/nuskin\/fi_FI\/personal-offer.html?userId=BE3316065&#038;pitchId=-LabJfQi8K5s4kridinL\">\ud83c\uddeb\ud83c\uddee Suomi<\/option><option value=\"https:\/\/www.nuskin.com\/content\/nuskin\/sv_SE\/personal-offer.html?userId=BE3316065&#038;pitchId=-LabJfQi8K5s4kridinL\">\ud83c\uddf8\ud83c\uddea Sverige<\/option><option value=\"https:\/\/nskn.co\/0VYGz1\">\ud83c\uddfa\ud83c\udde6 \u0423\u043a\u0440\u0430\u0457\u043d\u0430<\/option><option value=\"http:\/\/nskn.co\/e63cIP\">\ud83c\uddec\ud83c\udde7 United Kingdom<\/option><option value=\"\"><\/option><option value=\"http:\/\/nskn.co\/WkL6Xo\">\ud83c\uddff\ud83c\udde6 South Africa<\/option><option value=\"\"><\/option><option value=\"https:\/\/nskn.co\/4azlKs\">\ud83c\uddfa\ud83c\uddf8 United States<\/option><option value=\"https:\/\/nskn.co\/MEAWza\">\ud83c\udde8\ud83c\udde6 Canada<\/option><option value=\"https:\/\/nskn.co\/v5uZhe\">\ud83c\uddf2\ud83c\uddfd M\u00e9xico<\/option><option value=\"\"><\/option><option value=\"https:\/\/nskn.co\/TmGyzP\">\ud83c\udde6\ud83c\uddfa Australia<\/option><option value=\"https:\/\/nskn.co\/arfwCO\">\ud83c\uddf3\ud83c\uddff New Zealand<\/option><option value=\"https:\/\/nskn.co\/Yfwhal\">\ud83c\uddf5\ud83c\uddeb Polyn\u00e9sie Fran\u00e7aise<\/option><option value=\"https:\/\/nskn.co\/j3VF80\">\ud83c\uddf3\ud83c\udde8 Nouvelle-Cal\u00e9donie<\/option><option value=\"\"><\/option><option value=\"https:\/\/nskn.co\/AYYqfr\">\ud83c\udde6\ud83c\uddf7 Argentina<\/option><option value=\"https:\/\/nskn.co\/zW0HFj\">\ud83c\udde8\ud83c\uddf1 Chile<\/option><option value=\"https:\/\/nskn.co\/AJXxUR\">\ud83c\udde8\ud83c\uddf4 Colombia<\/option><option value=\"https:\/\/nskn.co\/LLrE9x\">\ud83c\uddf5\ud83c\uddea Per\u00fa<\/option><option value=\"\"><\/option><option value=\"https:\/\/nskn.co\/RWiVf3\">\ud83c\udded\ud83c\uddf0 Hong Kong<\/option><\/select><\/p>\n[sc name=\"new_info_german\" ][\/sc]\n<p><a href=\"https:\/\/de.wiktionary.org\/wiki\/jedes\" target=\"_blank\" style=\"text-decoration: none; cursor:text; color:#402d25; font-weight: normal;\" rel=\"noopener\">Jedes<\/a> F\u00e4ltchen erz\u00e4hlt eine Geschichte \u2013 von jedem Stirnrunzeln, jedem L\u00e4cheln, jedem herzhaften Lachen. <a href=\"https:\/\/urbanbeautyonline.com\/de\/nuskin\/tru-face-line-corrector\/\" target=\"_blank\" style=\"text-decoration: none; cursor:text; color:#402d25; font-weight: normal;\" rel=\"noopener\">Tru Face Line Corrector<\/a> wirkt diesen ersten Zeichen der Hautalterung entgegen und mildert das Erscheinungsbild feiner Linien in der Mund-, Augen- und Stirnpartie.<\/p>\n[sc name=\"below-buy-now-button-german\" ][\/sc]\n","protected":false},"featured_media":433,"comment_status":"open","ping_status":"closed","template":"","meta":[],"product_cat":[21,24,32],"product_tag":[],"class_list":["post-432","product","type-product","status-publish","has-post-thumbnail","hentry","product_cat-ageloc-galvanic-spa","product_cat-gel-serum","product_cat-tru-face"],"_links":{"self":[{"href":"https:\/\/urbanbeautyonline.com\/de\/wp-json\/wp\/v2\/product\/432","targetHints":{"allow":["GET"]}}],"collection":[{"href":"https:\/\/urbanbeautyonline.com\/de\/wp-json\/wp\/v2\/product"}],"about":[{"href":"https:\/\/urbanbeautyonline.com\/de\/wp-json\/wp\/v2\/types\/product"}],"replies":[{"embeddable":true,"href":"https:\/\/urbanbeautyonline.com\/de\/wp-json\/wp\/v2\/comments?post=432"}],"wp:featuredmedia":[{"embeddable":true,"href":"https:\/\/urbanbeautyonline.com\/de\/wp-json\/wp\/v2\/media\/433"}],"wp:attachment":[{"href":"https:\/\/urbanbeautyonline.com\/de\/wp-json\/wp\/v2\/media?parent=432"}],"wp:term":[{"taxonomy":"product_cat","embeddable":true,"href":"https:\/\/urbanbeautyonline.com\/de\/wp-json\/wp\/v2\/product_cat?post=432"},{"taxonomy":"product_tag","embeddable":true,"href":"https:\/\/urbanbeautyonline.com\/de\/wp-json\/wp\/v2\/product_tag?post=432"}],"curies":[{"name":"wp","href":"https:\/\/api.w.org\/{rel}","templated":true}]}}