{"id":440,"date":"2022-12-01T20:00:13","date_gmt":"2022-12-01T20:00:13","guid":{"rendered":"https:\/\/urbanbeautyonline.com\/de\/?post_type=product&#038;p=440"},"modified":"2023-01-19T22:16:02","modified_gmt":"2023-01-19T22:16:02","slug":"tru-face-priming-solution","status":"publish","type":"product","link":"https:\/\/urbanbeautyonline.com\/de\/nuskin\/tru-face-priming-solution\/","title":{"rendered":"Tru Face Priming Solution Gesichtswasser"},"content":{"rendered":"<h3>ageLOC Tru Face Priming Solution Gesichtswasser<\/h3>\n<div class=\"su-spoiler su-spoiler-style-simple su-spoiler-icon-plus su-spoiler-closed\" data-scroll-offset=\"0\" data-anchor-in-url=\"no\"><div class=\"su-spoiler-title\" tabindex=\"0\" role=\"button\"><span class=\"su-spoiler-icon\"><\/span>ANWENDUNG<\/div><div class=\"su-spoiler-content su-u-clearfix su-u-trim\">\nMorgens und abends nach der Reinigung als Toner anwenden. Die Tru Face Priming Solution mit einem Wattepad auf Gesicht und Hals auftragen. Anschlie\u00dfend Tru Face Produkte und die Nu Skin Feuchtigkeitspflege deiner Wahl verwenden.<br \/>\n<\/div><\/div>\n<div class=\"su-spoiler su-spoiler-style-simple su-spoiler-icon-plus su-spoiler-closed\" data-scroll-offset=\"0\" data-anchor-in-url=\"no\"><div class=\"su-spoiler-title\" tabindex=\"0\" role=\"button\"><span class=\"su-spoiler-icon\"><\/span>SCHON GEWUSST ...?<\/div><div class=\"su-spoiler-content su-u-clearfix su-u-trim\">\nDie Tru Face Priming Solution enth\u00e4lt Gr\u00fcntee-Extrakt, bekannt f\u00fcr seine antioxidativen Eigenschaften.<br \/>\n<\/div><\/div>\n<div class=\"su-spoiler su-spoiler-style-simple su-spoiler-icon-plus su-spoiler-closed\" data-scroll-offset=\"0\" data-anchor-in-url=\"no\"><div class=\"su-spoiler-title\" tabindex=\"0\" role=\"button\"><span class=\"su-spoiler-icon\"><\/span>BESTANDTEILE<\/div><div class=\"su-spoiler-content su-u-clearfix su-u-trim\">\nAqua, Hamamelis Virginiana Water, Pentylene Glycol, Dimethyl MEA, Butylene glycol, Ethoxydiglycol, Citric Acid, PEG-40 Hydrogenated Castor Oil, Glycerin, Sodium PCA, Sodium Lactate, PCA, Arginine, Aspartic Acid, Leucine, Lysine Hydrochloride, Glycine, Alanine, Serine, Valine, Isoleucine, Proline, Threonine, Tetrahydropiperine, Histidine, Phenylalanine, Camellia Sinensis Leaf Extract, Polysorbate 20, Parfum, Chlorphenesin, Benzoic Acid, Phenoxyethanol, Sorbic Acid, Linalool, Citronellol, Alpha-Isomethyl Ionone.<br \/>\n<\/div><\/div>\n","protected":false},"excerpt":{"rendered":"<p><strong>ageLOC Tru Face Priming Solution:<\/strong><br \/>\n<select style=\"width: 100%;\" name=\"menu1\" onchange=\"location = this.value;\"><option>Klicke hier . . .<\/option><option value=\"\"><\/option><option value=\"https:\/\/www.nuskin.com\/content\/nuskin\/nl_BE\/personal-offer.mysite.html?userId=BE3316065&#038;pitchId=-MAmomWznF1ER_F9vbkR\">\ud83c\udde7\ud83c\uddea Belgi\u00eb<\/option><option value=\"https:\/\/www.nuskin.com\/content\/nuskin\/cs_CZ\/personal-offer.mysite.html?userId=BE3316065&#038;pitchId=-MAmomWznF1ER_F9vbkR\">\ud83c\udde8\ud83c\uddff \u010cesk\u00e1 republika<\/option><option value=\"https:\/\/www.nuskin.com\/content\/nuskin\/da_DK\/personal-offer.mysite.html?userId=BE3316065&#038;pitchId=-MAmomWznF1ER_F9vbkR\">\ud83c\udde9\ud83c\uddf0 Danmark<\/option><option value=\"https:\/\/www.nuskin.com\/content\/nuskin\/de_DE\/personal-offer.mysite.html?userId=BE3316065&#038;pitchId=-MAmomWznF1ER_F9vbkR\">\ud83c\udde9\ud83c\uddea Deutschland<\/option><option value=\"https:\/\/www.nuskin.com\/content\/nuskin\/es_ES\/personal-offer.mysite.html?userId=BE3316065&#038;pitchId=-MAmomWznF1ER_F9vbkR\">\ud83c\uddea\ud83c\uddf8 Espa\u00f1a<\/option><option value=\"https:\/\/www.nuskin.com\/content\/nuskin\/fr_FR\/personal-offer.mysite.html?userId=BE3316065&#038;pitchId=-MAmomWznF1ER_F9vbkR\">\ud83c\uddeb\ud83c\uddf7 France<\/option><option value=\"https:\/\/www.nuskin.com\/content\/nuskin\/en_IE\/personal-offer.mysite.html?userId=BE3316065&#038;pitchId=-MAmomWznF1ER_F9vbkR\">\ud83c\uddee\ud83c\uddea Ireland<\/option><option value=\"https:\/\/www.nuskin.com\/content\/nuskin\/en_IS\/personal-offer.mysite.html?userId=BE3316065&#038;pitchId=-MAmomWznF1ER_F9vbkR\">\ud83c\uddee\ud83c\uddf8 \u00cdsland<\/option><option value=\"https:\/\/www.nuskin.com\/content\/nuskin\/it_IT\/personal-offer.mysite.html?userId=BE3316065&#038;pitchId=-MAmomWznF1ER_F9vbkR\">\ud83c\uddee\ud83c\uddf9 Italia<\/option><option value=\"https:\/\/www.nuskin.com\/content\/nuskin\/fr_LU\/personal-offer.mysite.html?userId=BE3316065&#038;pitchId=-MAmomWznF1ER_F9vbkR\">\ud83c\uddf1\ud83c\uddfa Luxembourg<\/option><option value=\"https:\/\/www.nuskin.com\/content\/nuskin\/hu_HU\/personal-offer.mysite.html?userId=BE3316065&#038;pitchId=-MAmomWznF1ER_F9vbkR\">\ud83c\udded\ud83c\uddfa Magyarorsz\u00e1g<\/option><option value=\"https:\/\/www.nuskin.com\/content\/nuskin\/nl_NL\/personal-offer.mysite.html?userId=BE3316065&#038;pitchId=-MAmomWznF1ER_F9vbkR\">\ud83c\uddf3\ud83c\uddf1 Netherlands<\/option><option value=\"https:\/\/www.nuskin.com\/content\/nuskin\/no_NO\/personal-offer.mysite.html?userId=BE3316065&#038;pitchId=-MAmomWznF1ER_F9vbkR\">\ud83c\uddf3\ud83c\uddf4 Norge<\/option><option value=\"https:\/\/www.nuskin.com\/content\/nuskin\/de_AT\/personal-offer.mysite.html?userId=BE3316065&#038;pitchId=-MAmomWznF1ER_F9vbkR\">\ud83c\udde6\ud83c\uddf9 \u00d6sterreich<\/option><option value=\"https:\/\/nskn.co\/MyfZTo\">\ud83c\uddf7\ud83c\uddfa \u0420\u043e\u0441\u0441\u0438\u044f<\/option><option value=\"https:\/\/www.nuskin.com\/content\/nuskin\/pl_PL\/personal-offer.mysite.html?userId=BE3316065&#038;pitchId=-MAmomWznF1ER_F9vbkR\">\ud83c\uddf5\ud83c\uddf1 Polska<\/option><option value=\"https:\/\/www.nuskin.com\/content\/nuskin\/pt_PT\/personal-offer.mysite.html?userId=BE3316065&#038;pitchId=-MAmomWznF1ER_F9vbkR\">\ud83c\uddf5\ud83c\uddf9 Portugal<\/option><option value=\"https:\/\/www.nuskin.com\/content\/nuskin\/ro_RO\/personal-offer.mysite.html?userId=BE3316065&#038;pitchId=-MAmomWznF1ER_F9vbkR\">\ud83c\uddf7\ud83c\uddf4 Rom\u00e2nia<\/option><option value=\"https:\/\/www.nuskin.com\/content\/nuskin\/de_CH\/personal-offer.mysite.html?userId=BE3316065&#038;pitchId=-MAmomWznF1ER_F9vbkR\">\ud83c\udde8\ud83c\udded Schweiz<\/option><option value=\"https:\/\/www.nuskin.com\/content\/nuskin\/sk_SK\/personal-offer.mysite.html?userId=BE3316065&#038;pitchId=-MAmomWznF1ER_F9vbkR\">\ud83c\uddf8\ud83c\uddf0 Slovensko<\/option><option value=\"https:\/\/www.nuskin.com\/content\/nuskin\/fi_FI\/personal-offer.mysite.html?userId=BE3316065&#038;pitchId=-MAmomWznF1ER_F9vbkR\">\ud83c\uddeb\ud83c\uddee Suomi<\/option><option value=\"https:\/\/www.nuskin.com\/content\/nuskin\/sv_SE\/personal-offer.mysite.html?userId=BE3316065&#038;pitchId=-MAmomWznF1ER_F9vbkR\">\ud83c\uddf8\ud83c\uddea Sverige<\/option><option value=\"https:\/\/nskn.co\/lVTDAO\">\ud83c\uddfa\ud83c\udde6 \u0423\u043a\u0440\u0430\u0457\u043d\u0430<\/option><option value=\"https:\/\/nskn.co\/zXIxKn\">\ud83c\uddec\ud83c\udde7 United Kingdom<\/option><option value=\"\"><\/option><option value=\"https:\/\/nskn.co\/NaBwRT\">\ud83c\uddff\ud83c\udde6 South Africa<\/option><option value=\"\"><\/option><option value=\"https:\/\/nskn.co\/6zUUZT\">\ud83c\uddfa\ud83c\uddf8 United States<\/option><option value=\"https:\/\/nskn.co\/lm7p0E\">\ud83c\udde8\ud83c\udde6 Canada<\/option><option value=\"\"><\/option><option value=\"https:\/\/nskn.co\/F0FKTE\">\ud83c\udde6\ud83c\uddfa Australia<\/option><option value=\"https:\/\/nskn.co\/XcpTvw\">\ud83c\uddf3\ud83c\uddff New Zealand<\/option><option value=\"https:\/\/nskn.co\/3Z5MeV\">\ud83c\uddf5\ud83c\uddeb French Polynesia<\/option><option value=\"https:\/\/nskn.co\/brLP4X\">\ud83c\uddf3\ud83c\udde8 New Caledonia<\/option><\/select><\/p>\n[sc name=\"new_info_german\" ][\/sc]\n<p><a href=\"https:\/\/www.dwds.de\/wb\/wenn\" target=\"_blank\" style=\"text-decoration: none; cursor:text; color:#402d25; font-weight: normal;\" rel=\"noopener\">Wenn<\/a> du die Ergebnisse deiner Hautpflege optimieren m\u00f6chtest, ist dieses Produkt ein Must-have. Aminos\u00e4uren sind die Bausteine f\u00fcr eine j\u00fcnger aussehende Haut. Die <a href=\"https:\/\/urbanbeautyonline.com\/de\/nuskin\/tru-face-priming-solution\/\" target=\"_blank\" style=\"text-decoration: none; cursor:text; color:#402d25; font-weight: normal;\" rel=\"noopener\">Tru Face Priming Solution<\/a> bereitet deine Haut nach der Reinigung auf die anschlie\u00dfende Pflege vor, damit du das Beste aus dem Tru Face Sortiment herausholen kannst.<\/p>\n[sc name=\"below-buy-now-button-german\" ][\/sc]\n","protected":false},"featured_media":441,"comment_status":"open","ping_status":"closed","template":"","meta":[],"product_cat":[32],"product_tag":[],"class_list":["post-440","product","type-product","status-publish","has-post-thumbnail","hentry","product_cat-tru-face"],"_links":{"self":[{"href":"https:\/\/urbanbeautyonline.com\/de\/wp-json\/wp\/v2\/product\/440","targetHints":{"allow":["GET"]}}],"collection":[{"href":"https:\/\/urbanbeautyonline.com\/de\/wp-json\/wp\/v2\/product"}],"about":[{"href":"https:\/\/urbanbeautyonline.com\/de\/wp-json\/wp\/v2\/types\/product"}],"replies":[{"embeddable":true,"href":"https:\/\/urbanbeautyonline.com\/de\/wp-json\/wp\/v2\/comments?post=440"}],"wp:featuredmedia":[{"embeddable":true,"href":"https:\/\/urbanbeautyonline.com\/de\/wp-json\/wp\/v2\/media\/441"}],"wp:attachment":[{"href":"https:\/\/urbanbeautyonline.com\/de\/wp-json\/wp\/v2\/media?parent=440"}],"wp:term":[{"taxonomy":"product_cat","embeddable":true,"href":"https:\/\/urbanbeautyonline.com\/de\/wp-json\/wp\/v2\/product_cat?post=440"},{"taxonomy":"product_tag","embeddable":true,"href":"https:\/\/urbanbeautyonline.com\/de\/wp-json\/wp\/v2\/product_tag?post=440"}],"curies":[{"name":"wp","href":"https:\/\/api.w.org\/{rel}","templated":true}]}}