{"id":442,"date":"2022-12-03T21:37:34","date_gmt":"2022-12-03T21:37:34","guid":{"rendered":"https:\/\/urbanbeautyonline.com\/de\/?post_type=product&#038;p=442"},"modified":"2023-01-19T22:15:27","modified_gmt":"2023-01-19T22:15:27","slug":"ageloc-tru-face-essence-duet","status":"publish","type":"product","link":"https:\/\/urbanbeautyonline.com\/de\/nuskin\/ageloc-tru-face-essence-duet\/","title":{"rendered":"ageLOC Tru Face Essence Duet"},"content":{"rendered":"<h3>ageLOC Tru Face Essence Duet Creme Und Serum F\u00fcr Hals Und Dekollet\u00e9<\/h3>\n<div class=\"su-youtube su-u-responsive-media-yes\"><iframe loading=\"lazy\" width=\"600\" height=\"400\" src=\"https:\/\/www.youtube.com\/embed\/xM_XDPVC78I?\" frameborder=\"0\" allowfullscreen allow=\"autoplay; encrypted-media; picture-in-picture\" title=\"AGELOC TRU FACE ESSENCE DUET\"><\/iframe><\/div>\n<div class=\"su-spoiler su-spoiler-style-simple su-spoiler-icon-plus su-spoiler-closed\" data-scroll-offset=\"0\" data-anchor-in-url=\"no\"><div class=\"su-spoiler-title\" tabindex=\"0\" role=\"button\"><span class=\"su-spoiler-icon\"><\/span>ANWENDUNG<\/div><div class=\"su-spoiler-content su-u-clearfix su-u-trim\">\nF\u00fcr optimale Ergebnisse morgens und abends auf die trockene, gereinigte Haut auftragen. Anschlie\u00dfend eine Tages- oder Nachtcreme verwenden. Mit zwei Fingern gleichm\u00e4\u00dfig auf die Pumpe dr\u00fccken und ein bis zwei Pumpst\u00f6\u00dfe sanft zwischen den H\u00e4nden verreiben. Danach auf Hals und Dekollet\u00e9 auftragen.<br \/>\n<\/div><\/div>\n<div class=\"su-spoiler su-spoiler-style-simple su-spoiler-icon-plus su-spoiler-closed\" data-scroll-offset=\"0\" data-anchor-in-url=\"no\"><div class=\"su-spoiler-title\" tabindex=\"0\" role=\"button\"><span class=\"su-spoiler-icon\"><\/span>SCHON GEWUSST ...?<\/div><div class=\"su-spoiler-content su-u-clearfix su-u-trim\">\nageLOC Tru Face Essence Duet ist Nu Skins Kraftpaket zur Hautstraffung. Die hochwirksame Formel ist eine Kombination aus unserer exklusiven, wissenschaftlich getesteten Tru Face FirmPlex-Technologie, die die Haut sichtbar strafft, und der beliebten ageLOC Wissenschaft, die die Zeichen von Hautalterung an der Wurzel packt. Du brauchst ein Produkt, das f\u00fcr diesen Bereich formuliert wurde: unser Essence Duet!<br \/>\n<\/div><\/div>\n<div class=\"su-spoiler su-spoiler-style-simple su-spoiler-icon-plus su-spoiler-closed\" data-scroll-offset=\"0\" data-anchor-in-url=\"no\"><div class=\"su-spoiler-title\" tabindex=\"0\" role=\"button\"><span class=\"su-spoiler-icon\"><\/span>H\u00c4UFIG GESTELLTE FRAGEN<\/div><div class=\"su-spoiler-content su-u-clearfix su-u-trim\">\n<strong>Wie hat sich ageLOC Tru Face Essence Duet ver\u00e4ndert?<\/strong><br \/>\nageLOC Tru Face Essence Duet enth\u00e4lt jetzt unsere firmeneigene Tru Face FirmPlex-Mischung &#8211; eine wissenschaftlich best\u00e4tigte Straffungstechnologie, die eine Schl\u00fcsselkomponente straffer aussehender Haut verbessert. Diese neue, verbesserte Wirkstoffmischung wurde entwickelt, um Ihnen zu helfen, eine sichtbar festere, konturiertere Haut als je zuvor zu erhalten.<\/p>\n<p><strong>Wie unterscheidet sich ageLOC Tru Face Essence-Duet von ageLOC Tru Face Essence Ultra?<\/strong><br \/>\nageLOC Tru Face Essence Duet erweitert die Vorteile von ageLOC Tru Face Essence Ultra \u00fcber das Gesicht hinaus. Es bietet gezielten Anti-Aging-Effekt und intensive Feuchtigkeitspflege f\u00fcr Hals und Dekollet\u00e9. Um den Bed\u00fcrfnissen Ihrer Haut gerecht zu werden, haben wir ageLOC Tru Face Essence Duet speziell f\u00fcr diese empfindlichen Bereiche entwickelt.<\/p>\n<p><strong>Warum hat das ageLOC Tru Face Essence Duet zwei Kammern?<\/strong><br \/>\nageLOC Tru Face Essence-Duet kombiniert ein Gel und eine Lotion, um ein noch nie dagewesenes polsterndes Gef\u00fchl zu bieten, das die Anwenderinnen lieben werden. Die luftlose Pumpe hilft, dieses exklusive Produkt gleichm\u00e4\u00dfig zu dosieren.<\/p>\n<p><strong>Wie passt ageLOC Tru Face Essence Duet in mein Hautpflegeprogramm?<\/strong><br \/>\nTragen Sie morgens nach der Reinigung ageLOC Tru Face Essence Duet auf Hals und Dekollet\u00e9 auf. Anschlie\u00dfend tragen Sie einen Sonnenschutz oder ein anderes Produkt mit Lichtschutzfaktor auf. Abends tragen Sie ageLOC Tru Face Essence Duet nach der Reinigung auf, bevor Sie zu Bett gehen.<br \/>\n<\/div><\/div>\n","protected":false},"excerpt":{"rendered":"<p><select style=\"width: 100%;\" name=\"menu1\" onchange=\"location = this.value;\"><option>Select Your Country . . .<\/option><option value=\"\"><\/option><option value=\"https:\/\/www.nuskin.com\/content\/nuskin\/nl_BE\/personal-offer.html?userId=BE3316065&#038;pitchId=-M07DRwYXpHLTyA3NEd6\">\ud83c\udde7\ud83c\uddea Belgi\u00eb<\/option><option value=\"https:\/\/www.nuskin.com\/content\/nuskin\/cs_CZ\/personal-offer.html?userId=BE3316065&#038;pitchId=-M07DRwYXpHLTyA3NEd6\">\ud83c\udde8\ud83c\uddff \u010cesk\u00e1 Republika<\/option><option value=\"https:\/\/www.nuskin.com\/content\/nuskin\/da_DK\/personal-offer.html?userId=BE3316065&#038;pitchId=-M07DRwYXpHLTyA3NEd6\">\ud83c\udde9\ud83c\uddf0 Danmark<\/option><option value=\"https:\/\/www.nuskin.com\/content\/nuskin\/de_DE\/personal-offer.html?userId=BE3316065&#038;pitchId=-M07DRwYXpHLTyA3NEd6\">\ud83c\udde9\ud83c\uddea Deutschland<\/option><option value=\"https:\/\/www.nuskin.com\/content\/nuskin\/es_ES\/personal-offer.html?userId=BE3316065&#038;pitchId=-M07DRwYXpHLTyA3NEd6\">\ud83c\uddea\ud83c\uddf8 Espa\u00f1a<\/option><option value=\"https:\/\/www.nuskin.com\/content\/nuskin\/fr_FR\/personal-offer.html?userId=BE3316065&#038;pitchId=-M07DRwYXpHLTyA3NEd6\">\ud83c\uddeb\ud83c\uddf7 France<\/option><option value=\"https:\/\/www.nuskin.com\/content\/nuskin\/en_IE\/personal-offer.html?userId=BE3316065&#038;pitchId=-M07DRwYXpHLTyA3NEd6\">\ud83c\uddee\ud83c\uddea Ireland<\/option><option value=\"https:\/\/www.nuskin.com\/content\/nuskin\/en_IS\/personal-offer.html?userId=BE3316065&#038;pitchId=-M07DRwYXpHLTyA3NEd6\">\ud83c\uddee\ud83c\uddf8 \u00cdsland<\/option><option value=\"https:\/\/www.nuskin.com\/content\/nuskin\/it_IT\/personal-offer.html?userId=BE3316065&#038;pitchId=-M07DRwYXpHLTyA3NEd6\">\ud83c\uddee\ud83c\uddf9 Italia<\/option><option value=\"https:\/\/www.nuskin.com\/content\/nuskin\/fr_LU\/personal-offer.html?userId=BE3316065&#038;pitchId=-M07DRwYXpHLTyA3NEd6\">\ud83c\uddf1\ud83c\uddfa L\u00ebtzebuerg<\/option><option value=\"https:\/\/www.nuskin.com\/content\/nuskin\/hu_HU\/personal-offer.html?userId=BE3316065&#038;pitchId=-M07DRwYXpHLTyA3NEd6\">\ud83c\udded\ud83c\uddfa Magyarorsz\u00e1g<\/option><option value=\"https:\/\/www.nuskin.com\/content\/nuskin\/nl_NL\/personal-offer.html?userId=BE3316065&#038;pitchId=-M07DRwYXpHLTyA3NEd6\">\ud83c\uddf3\ud83c\uddf1 Netherlands<\/option><option value=\"https:\/\/www.nuskin.com\/content\/nuskin\/no_NO\/personal-offer.html?userId=BE3316065&#038;pitchId=-M07DRwYXpHLTyA3NEd6\">\ud83c\uddf3\ud83c\uddf4 Norge<\/option><option value=\"https:\/\/www.nuskin.com\/content\/nuskin\/de_AT\/personal-offer.html?userId=BE3316065&#038;pitchId=-M07DRwYXpHLTyA3NEd6\">\ud83c\udde6\ud83c\uddf9 \u00d6sterreich<\/option><option value=\"https:\/\/nskn.co\/ScKB2r\">\ud83c\uddf7\ud83c\uddfa \u0420\u043e\u0441\u0441\u0438\u044f<\/option><option value=\"https:\/\/www.nuskin.com\/content\/nuskin\/pl_PL\/personal-offer.html?userId=BE3316065&#038;pitchId=-M07DRwYXpHLTyA3NEd6\">\ud83c\uddf5\ud83c\uddf1 Polska<\/option><option value=\"https:\/\/www.nuskin.com\/content\/nuskin\/pt_PT\/personal-offer.html?userId=BE3316065&#038;pitchId=-M07DRwYXpHLTyA3NEd6\">\ud83c\uddf5\ud83c\uddf9 Portugal<\/option><option value=\"https:\/\/www.nuskin.com\/content\/nuskin\/ro_RO\/personal-offer.html?userId=BE3316065&#038;pitchId=-M07DRwYXpHLTyA3NEd6\">\ud83c\uddf7\ud83c\uddf4 Rom\u00e2nia<\/option><option value=\"https:\/\/www.nuskin.com\/content\/nuskin\/de_CH\/personal-offer.html?userId=BE3316065&#038;pitchId=-M07DRwYXpHLTyA3NEd6\">\ud83c\udde8\ud83c\udded Schweiz<\/option><option value=\"https:\/\/www.nuskin.com\/content\/nuskin\/sk_SK\/personal-offer.html?userId=BE3316065&#038;pitchId=-M07DRwYXpHLTyA3NEd6\">\ud83c\uddf8\ud83c\uddf0 Slovensko<\/option><option value=\"https:\/\/www.nuskin.com\/content\/nuskin\/fi_FI\/personal-offer.html?userId=BE3316065&#038;pitchId=-M07DRwYXpHLTyA3NEd6\">\ud83c\uddeb\ud83c\uddee Suomi<\/option><option value=\"https:\/\/www.nuskin.com\/content\/nuskin\/sv_SE\/personal-offer.html?userId=BE3316065&#038;pitchId=-M07DRwYXpHLTyA3NEd6\">\ud83c\uddf8\ud83c\uddea Sverige<\/option><option value=\"https:\/\/nskn.co\/6KPhZy\">\ud83c\uddfa\ud83c\udde6 \u0423\u043a\u0440\u0430\u0457\u043d\u0430<\/option><option value=\"https:\/\/www.nuskin.com\/content\/nuskin\/en_GB\/personal-offer.html?userId=BE3316065&#038;pitchId=-M07DRwYXpHLTyA3NEd6\">\ud83c\uddec\ud83c\udde7 United Kingdom<\/option><option value=\"\"><\/option><option value=\"http:\/\/nskn.co\/XWnddp\">\ud83c\uddff\ud83c\udde6 South Africa<\/option><option value=\"\"><\/option><option value=\"https:\/\/nskn.co\/bXTWdi\">\ud83c\uddfa\ud83c\uddf8 United States<\/option><option value=\"https:\/\/nskn.co\/GDsuai\">\ud83c\udde8\ud83c\udde6 Canada<\/option><option><\/option><option value=\"https:\/\/nskn.co\/xFtmRo\">\ud83c\udde6\ud83c\uddfa Australia<\/option><option value=\"https:\/\/nskn.co\/buAKXE\">\ud83c\uddf3\ud83c\uddff New Zealand<\/option><option value=\"https:\/\/nskn.co\/GRcQz9\">\ud83c\uddf5\ud83c\uddeb Polyn\u00e9sie Fran\u00e7aise<\/option><option value=\"https:\/\/nskn.co\/QV6pYP\">\ud83c\uddf3\ud83c\udde8 Nouvelle-Cal\u00e9donie<\/option><option value=\"\"><\/option><\/select><\/p>\n[sc name=\"new_info_german\" ][\/sc]\n<p>Das Duo <a href=\"https:\/\/de.wiktionary.org\/wiki\/hilft\" target=\"_blank\" style=\"text-decoration: none; cursor:text; color:#402d25; font-weight: normal;\" rel=\"noopener\">hilft<\/a> dabei, die Haut an Hals und Dekollet\u00e9 zu straffen und das Auftreten von feinen Linien und F\u00e4ltchen zu reduzieren. <a href=\"https:\/\/urbanbeautyonline.com\/de\/nuskin\/ageloc-tru-face-essence-duet\/\" target=\"_blank\" style=\"text-decoration: none; cursor:text; color:#402d25; font-weight: normal;\" rel=\"noopener\">Tru Face Essence Duet<\/a> spendet deiner Haut Feuchtigkeit und hilft dabei, sie glatt, geschmeidig und strahlend aussehen zu lassen. Au\u00dferdem reduziert es dank der ageLOC Technologie die ersten Zeichen der Hautalterung an der Quelle.<\/p>\n[sc name=\"below-buy-now-button-german\" ][\/sc]\n","protected":false},"featured_media":443,"comment_status":"open","ping_status":"closed","template":"","meta":[],"product_cat":[32],"product_tag":[],"class_list":["post-442","product","type-product","status-publish","has-post-thumbnail","hentry","product_cat-tru-face"],"_links":{"self":[{"href":"https:\/\/urbanbeautyonline.com\/de\/wp-json\/wp\/v2\/product\/442","targetHints":{"allow":["GET"]}}],"collection":[{"href":"https:\/\/urbanbeautyonline.com\/de\/wp-json\/wp\/v2\/product"}],"about":[{"href":"https:\/\/urbanbeautyonline.com\/de\/wp-json\/wp\/v2\/types\/product"}],"replies":[{"embeddable":true,"href":"https:\/\/urbanbeautyonline.com\/de\/wp-json\/wp\/v2\/comments?post=442"}],"wp:featuredmedia":[{"embeddable":true,"href":"https:\/\/urbanbeautyonline.com\/de\/wp-json\/wp\/v2\/media\/443"}],"wp:attachment":[{"href":"https:\/\/urbanbeautyonline.com\/de\/wp-json\/wp\/v2\/media?parent=442"}],"wp:term":[{"taxonomy":"product_cat","embeddable":true,"href":"https:\/\/urbanbeautyonline.com\/de\/wp-json\/wp\/v2\/product_cat?post=442"},{"taxonomy":"product_tag","embeddable":true,"href":"https:\/\/urbanbeautyonline.com\/de\/wp-json\/wp\/v2\/product_tag?post=442"}],"curies":[{"name":"wp","href":"https:\/\/api.w.org\/{rel}","templated":true}]}}