{"id":446,"date":"2022-12-14T10:44:49","date_gmt":"2022-12-14T10:44:49","guid":{"rendered":"https:\/\/urbanbeautyonline.com\/de\/?post_type=product&#038;p=446"},"modified":"2023-02-06T21:46:00","modified_gmt":"2023-02-06T21:46:00","slug":"trthriv-focus-tea","status":"publish","type":"product","link":"https:\/\/urbanbeautyonline.com\/de\/nuskin\/trthriv-focus-tea\/","title":{"rendered":"TRthriv Focus Tea"},"content":{"rendered":"<h3>PHARMANEX TRTHRIV FOCUS TEA PULVER DEUTSCHLAND<\/h3>\n<div class=\"su-spoiler su-spoiler-style-simple su-spoiler-icon-plus su-spoiler-closed\" data-scroll-offset=\"0\" data-anchor-in-url=\"no\"><div class=\"su-spoiler-title\" tabindex=\"0\" role=\"button\"><span class=\"su-spoiler-icon\"><\/span>VORTEILE<\/div><div class=\"su-spoiler-content su-u-clearfix su-u-trim\">\nTRthriv Focus Tea ist ein Instant-Kr\u00e4uterteeaufguss, der sich perfekt als Kaffee-Ersatz eignet \u2013 perfekt f\u00fcr Kaffee-Liebhaber, aber auch f\u00fcr alle, die den Geschmack von Kaffee nicht m\u00f6gen.<\/p>\n<ul>\n<li>Reich an Ballaststoffen.<\/li>\n<li>Geeignet bei vegetarischer und veganer Ern\u00e4hrung.<\/li>\n<li>Dar\u00fcber hinaus tr\u00e4gt das Koffein zur Steigerung der Ausdauer-und Leistungsf\u00e4higkeit bei.<\/li>\n<li>Der Tee enth\u00e4lt Koffein aus Guaranasamenextrakt (Paulliana cupana), welches die Konzentration verbessern und die kognitive und geistige Leistungsf\u00e4higkeit steigern kann, indem es die Aufmerksamkeit erh\u00f6ht.<\/li>\n<li>Dank des Vorhandenseins von Camellia Sinensis, welche in verschiedenen Tee-Extrakten wie Matcha-Gr\u00fcntee, Orange-Pekoe-Tee und Gr\u00fcntee enthalten ist und Antioxidantien nat\u00fcrlichen Ursprungs enth\u00e4lt, hilft der Tee dabei, K\u00f6rpergewebe und Zellen vor oxidativem Stress zu sch\u00fctzen.<\/li>\n<li>Ideal f\u00fcr Personen, die auf ihre Kalorienaufnahme achten, da jede Portion kalorienarm und zuckerfrei ist. Der Tee enth\u00e4lt ausschlie\u00dflich Steviolglykoside, ein nat\u00fcrliches S\u00fc\u00dfungsmittel, welches aus der Stevia-Pflanze gewonnen wird.<\/li>\n<li>Der Beutel ist aus industriell biologisch abbaubarem Material, ein Schritt in Richtung der Nachhaltigkeitsziele von Nu Skin.<\/li>\n<\/ul>\n<\/div><\/div>\n<div class=\"su-spoiler su-spoiler-style-simple su-spoiler-icon-plus su-spoiler-closed\" data-scroll-offset=\"0\" data-anchor-in-url=\"no\"><div class=\"su-spoiler-title\" tabindex=\"0\" role=\"button\"><span class=\"su-spoiler-icon\"><\/span>VERZEHREMPFEHLUNG<\/div><div class=\"su-spoiler-content su-u-clearfix su-u-trim\">\n1,8 g (oder 1 Teel\u00f6ffel) mit 350 ml Wasser (hei\u00df oder kalt genie\u00dfen) mischen. Nicht mehr als 4 Portionen pro Tag.<br \/>\n<\/div><\/div><div class=\"su-spoiler su-spoiler-style-simple su-spoiler-icon-plus su-spoiler-closed\" data-scroll-offset=\"0\" data-anchor-in-url=\"no\"><div class=\"su-spoiler-title\" tabindex=\"0\" role=\"button\"><span class=\"su-spoiler-icon\"><\/span>WICHTIGE BESTANDTEILE<\/div><div class=\"su-spoiler-content su-u-clearfix su-u-trim\">\n<div class=\"su-row\">\n<div class=\"su-column su-column-size-1-2\"><div class=\"su-column-inner su-u-clearfix su-u-trim\"><center><img decoding=\"async\" src=\"https:\/\/i0.wp.com\/urbanbeautyonline.com\/de\/wp-content\/uploads\/2022\/12\/TRTHRIV-FOCUS-TEA-CAMELLIA-SINESIS-INGREDIENT.webp?resize=80%2C80&#038;ssl=1\" alt=\"PHARMANEX TRTHRIV FOCUS TEA PULVER DEUTSCHLAND&lt;\" width=\"80\" height=\"80\" title=\"\" data-recalc-dims=\"1\"><br \/>\n<strong>Camellia Sinensis <\/strong><br \/>\nEs ist in verschiedenen Teeextrakten wie Matcha-Gr\u00fcntee, Orange-Pekoe-Tee und Gr\u00fcntee enthalten und enth\u00e4lt Antioxidantien nat\u00fcrlichen Ursprungs.** Dank seiner Anwesenheit tr\u00e4gt Focus Tea dazu bei, Gewebe und Zellen des K\u00f6rpers vor oxidativem Stress zu sch\u00fctzen.<\/center><br \/>\n<\/div><\/div>\n<div class=\"su-column su-column-size-1-2\"><div class=\"su-column-inner su-u-clearfix su-u-trim\">\n<center><img decoding=\"async\" src=\"https:\/\/i0.wp.com\/urbanbeautyonline.com\/de\/wp-content\/uploads\/2022\/12\/TRTHRIV-FOCUS-TEA-GUARANA-SEED-EXTRACT-INGREDIENT.webp?resize=80%2C80&#038;ssl=1\" alt=\"PHARMANEX TRTHRIV FOCUS TEA PULVER DEUTSCHLAND&lt;\" width=\"80\" height=\"80\" title=\"\" data-recalc-dims=\"1\"><br \/>\n<strong>Guarana-Samen-Extrakt<\/strong><br \/>\nGuarana ist eine Koffeinquelle, die die Konzentration verbessert und zur kognitiven und geistigen Leistungsf\u00e4higkeit beitr\u00e4gt, indem sie hilft, die Wachsamkeit zu steigern.**<\/center><\/div><\/div>\n<\/div>\n<\/div><\/div>\n<div class=\"su-spoiler su-spoiler-style-simple su-spoiler-icon-plus su-spoiler-closed\" data-scroll-offset=\"0\" data-anchor-in-url=\"no\"><div class=\"su-spoiler-title\" tabindex=\"0\" role=\"button\"><span class=\"su-spoiler-icon\"><\/span>INHALTSSTOFFE<\/div><div class=\"su-spoiler-content su-u-clearfix su-u-trim\">\n<img decoding=\"async\" src=\"https:\/\/i0.wp.com\/urbanbeautyonline.com\/de\/wp-content\/uploads\/2022\/12\/PHARMANEX-TRTHRIV-FOCUS-TEA-EMEA-EUROPA-EU-UK-INHALTSSTOFFE-DEUTSCHLAND.webp?resize=655%2C465&#038;ssl=1\" alt=\"PHARMANEX TRTHRIV FOCUS TEA PULVER DEUTSCHLAND&lt;\" width=\"655\" height=\"465\" title=\"\" data-recalc-dims=\"1\"><br \/>\nMaltodextrin, Guaranasamen-Extrakt (Paullinia cupana, 20 %), Hibiskusbl\u00fctenpulver (Hibiscus sabdariffa L., 11 %), Zitronenaroma (11 %), Matcha-Gr\u00fcntee-Bl\u00e4ttern-Pulver (Camellia sinensis (L.) Kuntze, 8,3 %), Extraktaus Bl\u00e4ttern des Orange Pekoe (Camellia sinensis (L.) Kuntze, 5,6 %), Extrakt aus Bl\u00e4ttern des Gr\u00fcnen Tees (Camellia sinensis (L.) Kuntze, 5,6 %), Kardamomsamen-Extrakt (Elettaria cardamomum (L.) Maton, 5,6 %), Geschmacksverst\u00e4rker: Citronens\u00e4ure, S\u00fc\u00dfungsmittel: Steviolglycoside aus Stevia.<br \/>\n<\/div><\/div>\n<div class=\"su-spoiler su-spoiler-style-simple su-spoiler-icon-plus su-spoiler-closed\" data-scroll-offset=\"0\" data-anchor-in-url=\"no\"><div class=\"su-spoiler-title\" tabindex=\"0\" role=\"button\"><span class=\"su-spoiler-icon\"><\/span>WARNHINWEISE<\/div><div class=\"su-spoiler-content su-u-clearfix su-u-trim\">\n<ol>\n<li>Koffein pro Portion: 88,75 mg.<\/li>\n<li>Nicht mehr als 4 Portionen pro Tag.<\/li>\n<li>Hoher Koffeingehalt.<\/li>\n<li>Die maximale Tagesdosis von 800 mg (-)-Epigallocatechin-3-Gallat (EGCG) nicht \u00fcberschreiten. Der Verzehr sollte nicht w\u00e4hrend des Fastens erfolgen oder wenn bereits andere Produkte konsumiert werden, die gr\u00fcnen Tee enthalten. Nicht geeignet f\u00fcr schwangere oder stillende Frauen und Kinder unter 18 Jahren.<\/li>\n<\/ol>\n<\/div><\/div>\n<div class=\"su-spoiler su-spoiler-style-simple su-spoiler-icon-plus su-spoiler-closed\" data-scroll-offset=\"0\" data-anchor-in-url=\"no\"><div class=\"su-spoiler-title\" tabindex=\"0\" role=\"button\"><span class=\"su-spoiler-icon\"><\/span>MEHR ERFAHREN<\/div><div class=\"su-spoiler-content su-u-clearfix su-u-trim\">\n<strong>Warum ist das TRthriv Focus Tea Pulver nicht vollst\u00e4ndig wasserl\u00f6slich?<\/strong><br \/>\nTRthriv Focus Tea ist reich an nat\u00fcrlichen Inhaltsstoffen. Da einige Pflanzenextrakte sich m\u00f6glicherweise nicht vollst\u00e4ndig aufl\u00f6sen, kann es sein, dass man kleine Partikel im Getr\u00e4nk bemerkt.<\/p>\n<p><strong>Kann TRthriv Focus tea meine Ausdauerleistung steigern?<\/strong><br \/>\nTRthriv Focus Tea enth\u00e4lt Koffein, welches die Ausdauerleistung verbessern kann, wenn es eine Stunde vor dem Training und in der empfohlenen Menge eingenommen wird.<\/p>\n<p><strong>Ich reagiere empfindlich auf Koffein. Kann ich TRthriv Focus Tea anstelle von Kaffee trinken?<\/strong><br \/>\nTRthriv Focus Tee ist nicht f\u00fcr Menschen geeignet, die empfindlich auf Koffein reagieren, da er eine Mischung aus Guarana, einer pflanzlichen Koffeinquelle, und verschiedenen Tee-Extrakten (aus Camellia sinensis) enth\u00e4lt, die ebenfalls Koffein enthalten. Sowohl Kaffee als auch Tee sind koffeinhaltig und werden daher nicht f\u00fcr Menschen empfohlen, die empfindlich darauf reagieren. Es ist wichtig die insgesamte Koffeinzufuhr von allen Quellen zu beachten und dementsprechend die Menge anzupassen.<\/p>\n<p><strong>Wie hoch ist der Koffeingehalt von TRthriv Focus Tea im Vergleich zu einer normalen Tasse Kaffee?<\/strong><br \/>\nDie Menge an Koffein in einer Portion TRthriv Focus Tee ist im Vergleich zu einer Tasse Kaffee nahezu gleich. Unser Tee enth\u00e4lt etwa 89 mg Koffein pro Portion. Im Vergleich dazu enth\u00e4lt eine Tasse Filterkaffee (200 ml) etwa 90 mg Koffein und eine Tasse Espresso (60 ml) enth\u00e4lt 80 mg Koffein.<\/p>\n<p><strong>Kann ich TRthriv Focus Tea zusammen mit anderen koffeinhaltigen Produkten (wie Kaffee oder Tee)<br \/>\neinnehmen?<\/strong><br \/>\nTRthriv Focus Tee sollte nicht zusammen mit anderen Produkten verzehrt werden, die gr\u00fcnen Tee enthalten. Es ist in Ordnung TRthriv Focus Tee und Kaffee w\u00e4hrend des Tages zu trinken, aber wir empfehlen die maximale t\u00e4gliche Dosis von Koffein (400mg) nicht zu \u00fcberschreiten. Es ist wichtig die Gesamtmenge an Koffein, die man aus allen Quellen zu sich nimmt, im Auge zu behalten und dementsprechend die Verzehrmenge anzupassen.<br \/>\n<\/div><\/div>\n","protected":false},"excerpt":{"rendered":"<p><strong>TRthriv Focus Tea:<\/strong><br \/>\n<select style=\"width: 100%;\" name=\"menu1\" onchange=\"location = this.value;\"><option value=\"\">Klicke hier . . .<\/option><option value=\"\"><\/option><option value=\"https:\/\/www.nuskin.com\/content\/nuskin\/nl_BE\/personal-offer.mysite.html?userId=US01575065&#038;pitchId=-NLywI8FQvR6sAfsoHnp\">\ud83c\udde7\ud83c\uddea Belgi\u00eb<\/option><option value=\"https:\/\/nskn.co\/EUwbxh\">\ud83c\udde8\ud83c\uddff \u010cesk\u00e1 Republika<\/option><option value=\"https:\/\/www.nuskin.com\/content\/nuskin\/da_DK\/personal-offer.mysite.html?userId=US01575065&#038;pitchId=-NLywI8FQvR6sAfsoHnp\">\ud83c\udde9\ud83c\uddf0 Danmark<\/option><option value=\"https:\/\/www.nuskin.com\/content\/nuskin\/de_DE\/personal-offer.mysite.html?userId=US01575065&#038;pitchId=-NLywI8FQvR6sAfsoHnp\">\ud83c\udde9\ud83c\uddea Deutschland<\/option><option value=\"https:\/\/www.nuskin.com\/content\/nuskin\/es_ES\/personal-offer.mysite.html?userId=US01575065&#038;pitchId=-NLywI8FQvR6sAfsoHnp\">\ud83c\uddea\ud83c\uddf8 Espa\u00f1a<\/option><option value=\"https:\/\/www.nuskin.com\/content\/nuskin\/fr_FR\/personal-offer.mysite.html?userId=US01575065&#038;pitchId=-NLywI8FQvR6sAfsoHnp\">\ud83c\uddeb\ud83c\uddf7 France<\/option><option value=\"https:\/\/www.nuskin.com\/content\/nuskin\/en_IE\/personal-offer.mysite.html?userId=US01575065&#038;pitchId=-NLywI8FQvR6sAfsoHnp\">\ud83c\uddee\ud83c\uddea Ireland<\/option><option value=\"https:\/\/www.nuskin.com\/content\/nuskin\/en_IS\/personal-offer.mysite.html?userId=US01575065&#038;pitchId=-NLywI8FQvR6sAfsoHnp\">\ud83c\uddee\ud83c\uddf8 \u00cdsland<\/option><option value=\"https:\/\/www.nuskin.com\/content\/nuskin\/it_IT\/personal-offer.mysite.html?userId=US01575065&#038;pitchId=-NLywI8FQvR6sAfsoHnp\">\ud83c\uddee\ud83c\uddf9 Italia<\/option><option value=\"https:\/\/www.nuskin.com\/content\/nuskin\/fr_LU\/personal-offer.mysite.html?userId=US01575065&#038;pitchId=-NLywI8FQvR6sAfsoHnp\">\ud83c\uddf1\ud83c\uddfa L\u00ebtzebuerg<\/option><option value=\"https:\/\/nskn.co\/XDBmJU\">\ud83c\udded\ud83c\uddfa Magyarorsz\u00e1g<\/option><option value=\"https:\/\/www.nuskin.com\/content\/nuskin\/nl_NL\/personal-offer.mysite.html?userId=US01575065&#038;pitchId=-NLywI8FQvR6sAfsoHnp\">\ud83c\uddf3\ud83c\uddf1 Netherlands<\/option><option value=\"https:\/\/www.nuskin.com\/content\/nuskin\/no_NO\/personal-offer.mysite.html?userId=US01575065&#038;pitchId=-NLywI8FQvR6sAfsoHnp\">\ud83c\uddf3\ud83c\uddf4 Norge<\/option><option value=\"https:\/\/www.nuskin.com\/content\/nuskin\/de_AT\/personal-offer.mysite.html?userId=US01575065&#038;pitchId=-NLywI8FQvR6sAfsoHnp\">\ud83c\udde6\ud83c\uddf9 \u00d6sterreich<\/option><option value=\"https:\/\/nskn.co\/t9WTXL\">\ud83c\uddf5\ud83c\uddf1 Polska<\/option><option value=\"https:\/\/www.nuskin.com\/content\/nuskin\/pt_PT\/personal-offer.mysite.html?userId=US01575065&#038;pitchId=-NLywI8FQvR6sAfsoHnp\">\ud83c\uddf5\ud83c\uddf9 Portugal<\/option><option value=\"https:\/\/nskn.co\/xE1Ka6\">\ud83c\uddf7\ud83c\uddf4 Rom\u00e2nia<\/option><option value=\"https:\/\/www.nuskin.com\/content\/nuskin\/de_CH\/personal-offer.mysite.html?userId=US01575065&#038;pitchId=-NLywI8FQvR6sAfsoHnp\">\ud83c\udde8\ud83c\udded Schweiz<\/option><option value=\"https:\/\/nskn.co\/NoUize\">\ud83c\uddf8\ud83c\uddf0 Slovensko<\/option><option value=\"\">\ud83c\uddff\ud83c\udde6 South Africa<\/option><option value=\"https:\/\/nskn.co\/sbjYuA\">\ud83c\uddeb\ud83c\uddee Suomi<\/option><option value=\"https:\/\/nskn.co\/9rMKbs\">\ud83c\uddf8\ud83c\uddea Sverige<\/option><option value=\"https:\/\/nskn.co\/LQ9cRf\">\ud83c\uddec\ud83c\udde7 United Kingdom<\/option><\/select><\/p>\n[sc name=\"new_info_german\" ][\/sc]\n<p><a style=\"text-decoration: none;\" href=\"https:\/\/de.wiktionary.org\/wiki\/der\" target=\"_blank\" rel=\"noopener\">Der<\/a> Pharmanex <a style=\"text-decoration: none;\" href=\"https:\/\/urbanbeautyonline.com\/de\/nuskin\/trthriv-focus-tea\/\" target=\"_blank\" rel=\"noopener\">TRthriv Focus Tea<\/a> ist das erste Produkt aus unserer neuen Produktlinie gesunder Lebensmittel, die entwickelt wurde, um dir zu helfen, die beste Version deiner selbst zu werden. Unser Focus Tea enth\u00e4lt Koffein, um die geistige und k\u00f6rperliche Leistungsf\u00e4higkeit zu unterst\u00fctzen. Dieser Instant-Kr\u00e4utertee mit Guarana, Matcha-Gr\u00fcntee, Zitronenaroma und S\u00fc\u00dfungsmittel kann sowohl hei\u00df als auch kalt genossen werden.<\/p>\n<p><strong>TRthriv Focus Tea Informationen:<\/strong><br \/>\nInstant-Kr\u00e4utertee-Aufguss<br \/>\nIndustriell kompostierbarer Beutel<\/p>\n","protected":false},"featured_media":448,"comment_status":"open","ping_status":"closed","template":"","meta":[],"product_cat":[36],"product_tag":[],"class_list":["post-446","product","type-product","status-publish","has-post-thumbnail","hentry","product_cat-pharmanex"],"_links":{"self":[{"href":"https:\/\/urbanbeautyonline.com\/de\/wp-json\/wp\/v2\/product\/446","targetHints":{"allow":["GET"]}}],"collection":[{"href":"https:\/\/urbanbeautyonline.com\/de\/wp-json\/wp\/v2\/product"}],"about":[{"href":"https:\/\/urbanbeautyonline.com\/de\/wp-json\/wp\/v2\/types\/product"}],"replies":[{"embeddable":true,"href":"https:\/\/urbanbeautyonline.com\/de\/wp-json\/wp\/v2\/comments?post=446"}],"wp:featuredmedia":[{"embeddable":true,"href":"https:\/\/urbanbeautyonline.com\/de\/wp-json\/wp\/v2\/media\/448"}],"wp:attachment":[{"href":"https:\/\/urbanbeautyonline.com\/de\/wp-json\/wp\/v2\/media?parent=446"}],"wp:term":[{"taxonomy":"product_cat","embeddable":true,"href":"https:\/\/urbanbeautyonline.com\/de\/wp-json\/wp\/v2\/product_cat?post=446"},{"taxonomy":"product_tag","embeddable":true,"href":"https:\/\/urbanbeautyonline.com\/de\/wp-json\/wp\/v2\/product_tag?post=446"}],"curies":[{"name":"wp","href":"https:\/\/api.w.org\/{rel}","templated":true}]}}