{"id":505,"date":"2023-02-01T22:39:09","date_gmt":"2023-02-01T22:39:09","guid":{"rendered":"https:\/\/urbanbeautyonline.com\/de\/?post_type=product&#038;p=505"},"modified":"2023-02-09T22:09:11","modified_gmt":"2023-02-09T22:09:11","slug":"epoch-sole-solution","status":"publish","type":"product","link":"https:\/\/urbanbeautyonline.com\/de\/nuskin\/epoch-sole-solution\/","title":{"rendered":"Epoch Sole Solution Fu\u00dfbehandlung Creme"},"content":{"rendered":"<h3>Epoch Sole Solution Fu\u00dfbehandlung Creme | Epoch Fu\u00dfcreme<\/h3>\n<div class=\"su-spoiler su-spoiler-style-simple su-spoiler-icon-plus su-spoiler-closed\" data-scroll-offset=\"0\" data-anchor-in-url=\"no\"><div class=\"su-spoiler-title\" tabindex=\"0\" role=\"button\"><span class=\"su-spoiler-icon\"><\/span>PRODUKTDETAIL<\/div><div class=\"su-spoiler-content su-u-clearfix su-u-trim\">\n<strong>VORTEILE UND EIGENSCHAFTEN:<\/strong><\/p>\n<ul>\n<li>Verbessert das Hautbild bereits innerhalb von 4 Wochen sp\u00fcrbar.<\/li>\n<li>Durch Dermatologen getestet.<\/li>\n<li>Die Epoch Sole Solution wurde von den Ureinwohnern in den Regenw\u00e4ldern Mittelamerikas inspiriert. Sie nutzen Nelkenpfeffer, um anhaltende Trockenheit und Verh\u00e4rtung an den Fersen, Zehen und Seiten der F\u00fc\u00dfe zu bek\u00e4mpfen.<\/li>\n<\/ul>\n<div class=\"su-row\">\n<div class=\"su-column su-column-size-1-3\"><div class=\"su-column-inner su-u-clearfix su-u-trim\"><center><img decoding=\"async\" width=\"50\" height=\"50\" src=\"https:\/\/i0.wp.com\/urbanbeautyonline.com\/de\/wp-content\/uploads\/2023\/02\/softens_and_exfoliates_calluses.webp?resize=50%2C50&#038;ssl=1\" alt=\"Epoch Sole Solution Fu\u00dfbehandlung Creme | Epoch Fu\u00dfcreme\" title=\"\" data-recalc-dims=\"1\"><br \/>\nF\u00fcr rissige und trockene F\u00fc\u00dfe<\/center><\/div><\/div>\n<div class=\"su-column su-column-size-1-3\"><div class=\"su-column-inner su-u-clearfix su-u-trim\"><center><img decoding=\"async\" width=\"50\" height=\"50\" src=\"https:\/\/i0.wp.com\/urbanbeautyonline.com\/de\/wp-content\/uploads\/2023\/02\/ffg-improved-sustainable-packaging.webp?resize=50%2C50&#038;ssl=1\" alt=\"Epoch Sole Solution Fu\u00dfbehandlung Creme | Epoch Fu\u00dfcreme\" title=\"\" data-recalc-dims=\"1\"><br \/>\nNachhaltigere Verpackung<\/center><\/div><\/div>\n<div class=\"su-column su-column-size-1-3\"><div class=\"su-column-inner su-u-clearfix su-u-trim\"><center><img decoding=\"async\" width=\"50\" height=\"50\" src=\"https:\/\/i0.wp.com\/urbanbeautyonline.com\/de\/wp-content\/uploads\/2023\/02\/clean_formula.webp?resize=50%2C50&#038;ssl=1\" alt=\"Epoch Sole Solution Fu\u00dfbehandlung Creme | Epoch Fu\u00dfcreme\" title=\"\" data-recalc-dims=\"1\"><br \/>\nDickfl\u00fcssige Creme<\/center><\/div><\/div>\n<\/div>\n<\/div><\/div>\n<div class=\"su-spoiler su-spoiler-style-simple su-spoiler-icon-plus su-spoiler-closed\" data-scroll-offset=\"0\" data-anchor-in-url=\"no\"><div class=\"su-spoiler-title\" tabindex=\"0\" role=\"button\"><span class=\"su-spoiler-icon\"><\/span>ANWENDUNGS-TIPP<\/div><div class=\"su-spoiler-content su-u-clearfix su-u-trim\">\nGro\u00dfz\u00fcgig zweimal t\u00e4glich oder nach Bedarf auf die betroffenen Stellen auftragen.<br \/>\nAufbewahren an einem k\u00fchlen und trockenen Ort (nicht w\u00e4rmer als 30 \u00b0C).<br \/>\n<\/div><\/div>\n<div class=\"su-spoiler su-spoiler-style-simple su-spoiler-icon-plus su-spoiler-closed\" data-scroll-offset=\"0\" data-anchor-in-url=\"no\"><div class=\"su-spoiler-title\" tabindex=\"0\" role=\"button\"><span class=\"su-spoiler-icon\"><\/span>WICHTIGE INHALTSSTOFFE<\/div><div class=\"su-spoiler-content su-u-clearfix su-u-trim\">\n<div class=\"su-row\">\n<div class=\"su-column su-column-size-1-3\"><div class=\"su-column-inner su-u-clearfix su-u-trim\"><center><img decoding=\"async\" width=\"50\" height=\"50\" src=\"https:\/\/i0.wp.com\/urbanbeautyonline.com\/de\/wp-content\/uploads\/2023\/02\/ingredient-crushed_allspice_berry.webp?resize=50%2C50&#038;ssl=1\" alt=\"Epoch Sole Solution Fu\u00dfbehandlung Creme | Epoch Fu\u00dfcreme\" title=\"\" data-recalc-dims=\"1\"><br \/>\n<strong>Nat\u00fcrlicher Duft von gemahlenem Nelkenpfeffer<\/strong><br \/>\nTraditionell in Zentralamerika verwendet, um anhaltend trockene, verh\u00e4rtete Haut an den Fersen, Zehen und Seiten der F\u00fc\u00dfe zu regenerieren.<\/center><\/div><\/div>\n<div class=\"su-column su-column-size-1-3\"><div class=\"su-column-inner su-u-clearfix su-u-trim\"><center><img decoding=\"async\" width=\"50\" height=\"50\" src=\"https:\/\/i0.wp.com\/urbanbeautyonline.com\/de\/wp-content\/uploads\/2023\/02\/ingredient-Urea.webp?resize=50%2C50&#038;ssl=1\" alt=\"Epoch Sole Solution Fu\u00dfbehandlung Creme | Epoch Fu\u00dfcreme\" title=\"\" data-recalc-dims=\"1\"><br \/>\n<strong>Urea<\/strong><br \/>\nEntfernt Hornhaut und abgestorbene Hautzellen und spendet gleichzeitig viel Feuchtigkeit f\u00fcr gesund aussehende Haut.<\/center><\/div><\/div>\n<div class=\"su-column su-column-size-1-3\"><div class=\"su-column-inner su-u-clearfix su-u-trim\"><center><img decoding=\"async\" width=\"50\" height=\"50\" src=\"https:\/\/i0.wp.com\/urbanbeautyonline.com\/de\/wp-content\/uploads\/2023\/02\/ingredient-papain.webp?resize=50%2C50&#038;ssl=1\" alt=\"Epoch Sole Solution Fu\u00dfbehandlung Creme | Epoch Fu\u00dfcreme\" title=\"\" data-recalc-dims=\"1\"><br \/>\n<strong>Papain<\/strong><br \/>\nEntfernt Hornhaut und abgestorbene Hautzellen und spendet gleichzeitig viel Feuchtigkeit f\u00fcr gesund aussehende Haut.<\/center><\/div><\/div>\n<\/div>\n<\/div><\/div>\n<div class=\"su-spoiler su-spoiler-style-simple su-spoiler-icon-plus su-spoiler-closed\" data-scroll-offset=\"0\" data-anchor-in-url=\"no\"><div class=\"su-spoiler-title\" tabindex=\"0\" role=\"button\"><span class=\"su-spoiler-icon\"><\/span>INHALTSSTOFFE<\/div><div class=\"su-spoiler-content su-u-clearfix su-u-trim\">\n<strong>ALLE INHALTSSTOFFE:<\/strong><br \/>\nAqua, Urea, Glycerin, Stearyl Alcohol, Cetyl Alcohol, Octyldodecyl Neopentanoate, Trioctyldodecyl Citrate, Undecylenic Glycerides, Glyceryl Stearate, PEG-100 Stearate, Cetyl Phosphate, PPG-3 Benzyl Ether Myristate, Argilla, Dimethicone, Lauryl Laurate, Butylene Glycol, Caprylyl Glycol, Myristyl Alcohol, Octyldodecanol, Papain, Pimenta Officinalis Fruit Extract, Quartz, Polysorbate 20, Arachidyl Alcohol, Sodium Carbomer, Carbomer, Xanthan Gum, Sodium Chloride, Tetrasodium EDTA, Sodium Hydroxide, Citric Acid, Phenoxyethanol, Chlorphenesin, Sorbic Acid, Methylparaben, Benzoic Acid, Eugenol.<br \/>\n<\/div><\/div>\n<div class=\"su-spoiler su-spoiler-style-simple su-spoiler-icon-plus su-spoiler-closed\" data-scroll-offset=\"0\" data-anchor-in-url=\"no\"><div class=\"su-spoiler-title\" tabindex=\"0\" role=\"button\"><span class=\"su-spoiler-icon\"><\/span>VORHER NACHHER<\/div><div class=\"su-spoiler-content su-u-clearfix su-u-trim\">\n<div class=\"su-youtube su-u-responsive-media-yes\"><iframe loading=\"lazy\" width=\"600\" height=\"400\" src=\"https:\/\/www.youtube.com\/embed\/FYYwQoK_mFc?\" frameborder=\"0\" allowfullscreen allow=\"autoplay; encrypted-media; picture-in-picture\" title=\"Epoch Sole Solution Fu\u00dfbehandlung Creme | Epoch Fu\u00dfcreme VORHER NACHHER\"><\/iframe><\/div>\n<\/div><\/div>\n","protected":false},"excerpt":{"rendered":"<p><strong>Epoch Sole Solution Fu\u00dfbehandlung Creme | Fu\u00dfcreme:<\/strong><br \/>\n<select style=\"width: 100%;\" name=\"menu1\" onchange=\"location = this.value;\"><option>Klicke hier . . .<\/option><option value=\"\"><\/option><option value=\"https:\/\/nskn.co\/rqdfic\">\ud83c\udde7\ud83c\uddea Belgi\u00eb<\/option><option value=\"https:\/\/nskn.co\/TNc0r9\">\ud83c\udde8\ud83c\uddff \u010cesk\u00e1 Republika<\/option><option value=\"https:\/\/nskn.co\/RZ49iN\">\ud83c\udde9\ud83c\uddf0 Danmark<\/option><option value=\"https:\/\/nskn.co\/sjGrew\">\ud83c\udde9\ud83c\uddea Deutschland<\/option><option value=\"https:\/\/nskn.co\/L9B3Yh\">\ud83c\uddea\ud83c\uddf8 Espa\u00f1a<\/option><option value=\"https:\/\/nskn.co\/wylTnh\">\ud83c\uddeb\ud83c\uddf7 France<\/option><option value=\"https:\/\/nskn.co\/mlPoL0\">\ud83c\uddee\ud83c\uddea Ireland<\/option><option value=\"https:\/\/nskn.co\/t7fFIb\">\ud83c\uddee\ud83c\uddf8 \u00cdsland<\/option><option value=\"https:\/\/nskn.co\/NCqdAC\">\ud83c\uddee\ud83c\uddf9 Italia<\/option><option value=\"https:\/\/nskn.co\/4tc6jA\">\ud83c\uddf1\ud83c\uddfa L\u00ebtzebuerg<\/option><option value=\"https:\/\/nskn.co\/Xxq2OX\">\ud83c\udded\ud83c\uddfa Magyarorsz\u00e1g<\/option><option value=\"https:\/\/nskn.co\/u50NGa\">\ud83c\uddf3\ud83c\uddf1 Netherlands<\/option><option value=\"https:\/\/nskn.co\/M6lK7I\">\ud83c\uddf3\ud83c\uddf4 Norge<\/option><option value=\"https:\/\/nskn.co\/psHvG2\">\ud83c\udde6\ud83c\uddf9 \u00d6sterreich<\/option><option value=\"https:\/\/nskn.co\/IH1D4Z\">\ud83c\uddf7\ud83c\uddfa \u0420\u043e\u0441\u0441\u0438\u044f<\/option><option value=\"https:\/\/nskn.co\/ILEgUO\">\ud83c\uddf5\ud83c\uddf1 Polska<\/option><option value=\"https:\/\/nskn.co\/Z9wnwf\">\ud83c\uddf5\ud83c\uddf9 Portugal<\/option><option value=\"https:\/\/nskn.co\/pZbhWx\">\ud83c\uddf7\ud83c\uddf4 Rom\u00e2nia<\/option><option value=\"https:\/\/nskn.co\/0E695N\">\ud83c\udde8\ud83c\udded Schweiz<\/option><option value=\"https:\/\/nskn.co\/jCXBUa\">\ud83c\uddf8\ud83c\uddf0 Slovensko<\/option><option value=\"https:\/\/nskn.co\/xNnNJQ\">\ud83c\uddeb\ud83c\uddee Suomi<\/option><option value=\"https:\/\/nskn.co\/CVKcmW\">\ud83c\uddf8\ud83c\uddea Sverige<\/option><option value=\"https:\/\/nskn.co\/y6L7XZ\">\ud83c\uddfa\ud83c\udde6 \u0423\u043a\u0440\u0430\u0457\u043d\u0430<\/option><option value=\"https:\/\/nskn.co\/3eUtDB\">\ud83c\uddec\ud83c\udde7 United Kingdom<\/option><option value=\"\"><\/option><option value=\"https:\/\/nskn.co\/dDdNtA\">\ud83c\uddee\ud83c\uddf1 Israel<\/option><option value=\"https:\/\/nskn.co\/vGzzJp\">\ud83c\uddff\ud83c\udde6 South Africa<\/option>\/*joy*\/<option value=\"\"><\/option><option value=\"https:\/\/nskn.co\/LcJDVO\">\ud83c\uddfa\ud83c\uddf8 United States<\/option><option value=\"https:\/\/nskn.co\/xmUTSR\">\ud83c\udde8\ud83c\udde6 Canada<\/option><option value=\"https:\/\/nskn.co\/98iYNN\">\ud83c\uddf2\ud83c\uddfd M\u00e9xico<\/option><option value=\"\"><\/option><option value=\"https:\/\/nskn.co\/bP3bBZ\">\ud83c\udde6\ud83c\uddf7 Argentina<\/option><option value=\"https:\/\/nskn.co\/JFmCAR\">\ud83c\udde8\ud83c\uddf1 Chile<\/option><option value=\"https:\/\/nskn.co\/No7g2f\">\ud83c\udde8\ud83c\uddf4 Colombia<\/option><option value=\"https:\/\/nskn.co\/AkDAul\">\ud83c\uddf5\ud83c\uddea Per\u00fa<\/option><option value=\"\"><\/option><option value=\"https:\/\/nskn.co\/21tit0\">\ud83c\udde6\ud83c\uddfa Australia<\/option>\/*joy*\/<option value=\"https:\/\/nskn.co\/YWDJs5\">\ud83c\uddf3\ud83c\uddff New Zealand<\/option>\/*joy*\/<option value=\"https:\/\/nskn.co\/9udpSa\">\ud83c\uddf5\ud83c\uddeb Polyn\u00e9sie Fran\u00e7aise<\/option>\/*joy*\/<option value=\"https:\/\/nskn.co\/llhVts\">\ud83c\uddf3\ud83c\udde8 Nouvelle-Cal\u00e9donie<\/option>\/*joy*\/<option value=\"\"><\/option><option value=\"https:\/\/nskn.co\/tXpg33\">\ud83c\uddf8\ud83c\uddec Singapore<\/option>\/*joy*\/<option value=\"https:\/\/nskn.co\/jupnXS\">\ud83c\udded\ud83c\uddf0 Hong Kong (\u9999\u6e2f)<\/option>\/*joy*\/<br \/>\n<\/select><\/p>\n[sc name=\"new_info_german\" ][\/sc]\n<p><a href=\"https:\/\/www.apotheken-umschau.de\/krankheiten-symptome\/symptome\/trockene-haut-ursachen-und-tipps-741765.html\" target=\"_blank\" rel=\"sponsored noreferrer noopener\" style=\"text-decoration: none;\">Trockene<\/a> und rissige F\u00fc\u00dfe sind Vergangenheit! Mit der <a href=\"https:\/\/urbanbeautyonline.com\/de\/nuskin\/epoch-sole-solution\/\" target=\"_blank\" style=\"text-decoration: none;\" rel=\"noopener\">Epoch Sole Solution<\/a> Fu\u00dfcreme und ihrem nat\u00fcrlichen Duft von gemahlenem Nelkenpfeffer wird das Problem doppelt angegangen. Sie spendet Feuchtigkeit und f\u00fchrt gleichzeitig zu einer sanften Hautpeelung, was zu babyweichen F\u00fc\u00dfen f\u00fchrt.<\/p>\n","protected":false},"featured_media":506,"comment_status":"open","ping_status":"closed","template":"","meta":[],"product_cat":[25,38],"product_tag":[],"class_list":["post-505","product","type-product","status-publish","has-post-thumbnail","hentry","product_cat-epoch-produkte","product_cat-korperpflege"],"_links":{"self":[{"href":"https:\/\/urbanbeautyonline.com\/de\/wp-json\/wp\/v2\/product\/505","targetHints":{"allow":["GET"]}}],"collection":[{"href":"https:\/\/urbanbeautyonline.com\/de\/wp-json\/wp\/v2\/product"}],"about":[{"href":"https:\/\/urbanbeautyonline.com\/de\/wp-json\/wp\/v2\/types\/product"}],"replies":[{"embeddable":true,"href":"https:\/\/urbanbeautyonline.com\/de\/wp-json\/wp\/v2\/comments?post=505"}],"wp:featuredmedia":[{"embeddable":true,"href":"https:\/\/urbanbeautyonline.com\/de\/wp-json\/wp\/v2\/media\/506"}],"wp:attachment":[{"href":"https:\/\/urbanbeautyonline.com\/de\/wp-json\/wp\/v2\/media?parent=505"}],"wp:term":[{"taxonomy":"product_cat","embeddable":true,"href":"https:\/\/urbanbeautyonline.com\/de\/wp-json\/wp\/v2\/product_cat?post=505"},{"taxonomy":"product_tag","embeddable":true,"href":"https:\/\/urbanbeautyonline.com\/de\/wp-json\/wp\/v2\/product_tag?post=505"}],"curies":[{"name":"wp","href":"https:\/\/api.w.org\/{rel}","templated":true}]}}