{"id":514,"date":"2023-02-02T14:37:58","date_gmt":"2023-02-02T14:37:58","guid":{"rendered":"https:\/\/urbanbeautyonline.com\/de\/?post_type=product&#038;p=514"},"modified":"2023-02-02T15:35:57","modified_gmt":"2023-02-02T15:35:57","slug":"ageloc-lumispa-io-rose-gold","status":"publish","type":"product","link":"https:\/\/urbanbeautyonline.com\/de\/nuskin\/ageloc-lumispa-io-rose-gold\/","title":{"rendered":"ageLOC Lumispa iO Rose Gold"},"content":{"rendered":"<h3>ageLOC Lumispa iO Rose Gold | Ros\u00e9gold<\/h3>\n<div class=\"su-spoiler su-spoiler-style-simple su-spoiler-icon-plus su-spoiler-closed\" data-scroll-offset=\"0\" data-anchor-in-url=\"no\"><div class=\"su-spoiler-title\" tabindex=\"0\" role=\"button\"><span class=\"su-spoiler-icon\"><\/span>PRODUKTDETAILS<\/div><div class=\"su-spoiler-content su-u-clearfix su-u-trim\">\n<div class=\"su-row\">\n<div class=\"su-column su-column-size-1-3\"><div class=\"su-column-inner su-u-clearfix su-u-trim\"><center><img decoding=\"async\" width=\"70\" height=\"70\" src=\"https:\/\/i0.wp.com\/urbanbeautyonline.com\/de\/wp-content\/uploads\/2023\/02\/warranty2yr.webp?resize=70%2C70&#038;ssl=1\" alt=\"ageLOC Lumispa iO Rose Gold | Ros\u00e9gold\" title=\"\" data-recalc-dims=\"1\"><br \/>\nMind. 2 Jahre Garantie <\/center><\/div><\/div>\n<div class=\"su-column su-column-size-1-3\"><div class=\"su-column-inner su-u-clearfix su-u-trim\"><center><img decoding=\"async\" width=\"70\" height=\"70\" src=\"https:\/\/i0.wp.com\/urbanbeautyonline.com\/de\/wp-content\/uploads\/2022\/11\/icon-healthy-looking-skin.png?resize=70%2C70&#038;ssl=1\" alt=\"ageLOC Lumispa iO Rose Gold | Ros\u00e9gold\" title=\"\" data-recalc-dims=\"1\"><br \/>\nStrahlende, jugendlich aussehende Haut <\/center><\/div><\/div>\n<div class=\"su-column su-column-size-1-3\"><div class=\"su-column-inner su-u-clearfix su-u-trim\"><center><img decoding=\"async\" width=\"70\" height=\"70\" src=\"https:\/\/i0.wp.com\/urbanbeautyonline.com\/de\/wp-content\/uploads\/2023\/02\/lumi.webp?resize=70%2C70&#038;ssl=1\" alt=\"ageLOC Lumispa iO Rose Gold | Ros\u00e9gold\" title=\"\" data-recalc-dims=\"1\"><br \/>\nloT-Technologie<\/center><\/div><\/div>\n<\/div>\n<p><strong>Lieferumfang:<\/strong><\/p>\n<ul>\n<li>1 ageLOC LumiSpa iO Ger\u00e4t<\/li>\n<li>1 ageLOC LumiSpa iO Silikonaufsatz &#8211; normal (kompatibel NUR mit Lumi i0)<\/li>\n<li>1 ageLOC LumiSpa Activating Cleanser &#8211; Normale bis Mischhaut<\/li>\n<li>1 ageLOC LumiSpa Magnetic Charger <\/li>\n<\/ul>\n<\/div><\/div>\n<div class=\"su-spoiler su-spoiler-style-simple su-spoiler-icon-plus su-spoiler-closed\" data-scroll-offset=\"0\" data-anchor-in-url=\"no\"><div class=\"su-spoiler-title\" tabindex=\"0\" role=\"button\"><span class=\"su-spoiler-icon\"><\/span>ANWENDUNG<\/div><div class=\"su-spoiler-content su-u-clearfix su-u-trim\">\nVerwenden Sie das ageLOC LumiSpa iO System zur Reinigung am Morgen und Abend. Befeuchten Sie Ihr Gesicht mit lauwarmem Wasser und tragen Sie eine gro\u00dfz\u00fcgige Menge (mehr als eine Mandelgr\u00f6\u00dfe) des LumiSpa Activating Cleansers auf. Verteilen Sie es gleichm\u00e4\u00dfig auf Ihrem Gesicht und reinigen Sie es dann mit dem LumiSpa iO f\u00fcr zwei Minuten. Am Ende tragen Sie einen Toner, ein Serum oder ein anderes gezieltes Hautpflegeprodukt und eine Feuchtigkeitscreme auf. Es ist sanft genug, um es zweimal t\u00e4glich auf Gesicht, Hals und Dekollet\u00e9 anzuwenden.<br \/>\n<\/div><\/div>\n<div class=\"su-spoiler su-spoiler-style-simple su-spoiler-icon-plus su-spoiler-closed\" data-scroll-offset=\"0\" data-anchor-in-url=\"no\"><div class=\"su-spoiler-title\" tabindex=\"0\" role=\"button\"><span class=\"su-spoiler-icon\"><\/span>VIDEO<\/div><div class=\"su-spoiler-content su-u-clearfix su-u-trim\">\n<iframe loading=\"lazy\" width=\"442\" height=\"786\" src=\"https:\/\/www.youtube.com\/embed\/_eM1YFDxrxs\" title=\"ageLOC Lumisoa iO Rose Gold Ros\u00e9gold Kaufen\" frameborder=\"0\" allow=\"accelerometer; autoplay; clipboard-write; encrypted-media; gyroscope; picture-in-picture; web-share\" allowfullscreen><\/iframe><br \/>\n<\/div><\/div>\n","protected":false},"excerpt":{"rendered":"<p><strong>ageLOC LumiSpa iO Ros\u00e9gold:<\/strong><br \/>\n<select id=\"level1\" style=\"width: 100%;\" name=\"level1\" onchange=\"showDropdown()\"><option value=\"\">Klicke hier . . .<\/option><option value=\"\"><\/option><option value=\"LUMISPA IO ROSE NORMAL\">Normale bis Mischhaut<\/option><option value=\"LUMISPA IO ROSE SENSITIVE\">Empfindliche Haut<\/option><option value=\"LUMISPA IO ROSE OILY\">Fettige Haut<\/option><option value=\"LUMISPA IO ROSE DRY\">Trockene Haut<\/option><option value=\"LUMISPA IO ROSE BLEMISH\">zu Unreinheiten neigende Haut<\/option><\/select><\/p>\n<p><select id=\"level2\" style=\"width: 100%; display: none;\" name=\"level2\" onchange=\"showDropdown()\"><\/select><\/p>\n[sc name=\"new_info_german\" ][\/sc]\n<p><a href=\"https:\/\/www.ndr.de\/fernsehen\/sendungen\/das\/index.html\" target=\"_blank\" style=\"text-decoration: none;\" rel=\"sponsored noreferrer noopener\">Das<\/a> <a href=\"https:\/\/urbanbeautyonline.com\/de\/nuskin\/ageloc-lumispa-io-rose-gold\/\" target=\"_blank\" style=\"text-decoration: none;\" rel=\"noopener\">ageLOC LumiSpa iO Ros\u00e9gold System<\/a> bietet smarte Hautpflege und strahlend, jugendliche Haut als Ergebnis. Es verwendet ein innovatives System f\u00fcr Reinigung, Peeling und Hauterneuerung, gesteuert durch eine intelligente Benutzerf\u00fchrung und personalisierte Hautpflegeroutinen \u00fcber die Nu Skin VERA App. <\/p>\n","protected":false},"featured_media":515,"comment_status":"open","ping_status":"closed","template":"","meta":[],"product_cat":[17],"product_tag":[],"class_list":["post-514","product","type-product","status-publish","has-post-thumbnail","hentry","product_cat-ageloc-lumispa-io"],"_links":{"self":[{"href":"https:\/\/urbanbeautyonline.com\/de\/wp-json\/wp\/v2\/product\/514","targetHints":{"allow":["GET"]}}],"collection":[{"href":"https:\/\/urbanbeautyonline.com\/de\/wp-json\/wp\/v2\/product"}],"about":[{"href":"https:\/\/urbanbeautyonline.com\/de\/wp-json\/wp\/v2\/types\/product"}],"replies":[{"embeddable":true,"href":"https:\/\/urbanbeautyonline.com\/de\/wp-json\/wp\/v2\/comments?post=514"}],"wp:featuredmedia":[{"embeddable":true,"href":"https:\/\/urbanbeautyonline.com\/de\/wp-json\/wp\/v2\/media\/515"}],"wp:attachment":[{"href":"https:\/\/urbanbeautyonline.com\/de\/wp-json\/wp\/v2\/media?parent=514"}],"wp:term":[{"taxonomy":"product_cat","embeddable":true,"href":"https:\/\/urbanbeautyonline.com\/de\/wp-json\/wp\/v2\/product_cat?post=514"},{"taxonomy":"product_tag","embeddable":true,"href":"https:\/\/urbanbeautyonline.com\/de\/wp-json\/wp\/v2\/product_tag?post=514"}],"curies":[{"name":"wp","href":"https:\/\/api.w.org\/{rel}","templated":true}]}}