{"id":530,"date":"2023-02-10T00:32:43","date_gmt":"2023-02-10T00:32:43","guid":{"rendered":"https:\/\/urbanbeautyonline.com\/de\/?post_type=product&#038;p=530"},"modified":"2023-02-10T00:44:26","modified_gmt":"2023-02-10T00:44:26","slug":"nu-skin-180-anti-aging-pflegesystem","status":"publish","type":"product","link":"https:\/\/urbanbeautyonline.com\/de\/nuskin\/nu-skin-180-anti-aging-pflegesystem\/","title":{"rendered":"Nu Skin 180 Anti-Aging-Pflegesystem"},"content":{"rendered":"<h3>Nu Skin 180 Anti-Aging-Pflegesystem 180 Grad Serie Von Nu Skin<\/h3>\n<div class=\"su-youtube su-u-responsive-media-yes\"><iframe loading=\"lazy\" width=\"600\" height=\"400\" src=\"https:\/\/www.youtube.com\/embed\/kO6hI0jvFeE?\" frameborder=\"0\" allowfullscreen allow=\"autoplay; encrypted-media; picture-in-picture\" title=\"Nu Skin 180 Anti-Aging-Pflegesystem\"><\/iframe><\/div>\n<div class=\"su-spoiler su-spoiler-style-simple su-spoiler-icon-plus su-spoiler-closed\" data-scroll-offset=\"0\" data-anchor-in-url=\"no\"><div class=\"su-spoiler-title\" tabindex=\"0\" role=\"button\"><span class=\"su-spoiler-icon\"><\/span>VORHER NACHHER<\/div><div class=\"su-spoiler-content su-u-clearfix su-u-trim\">\n<img decoding=\"async\" width=\"765\" height=\"990\" src=\"https:\/\/i0.wp.com\/i.ibb.co\/wcm2pD1\/Bn-A-110620-180-therapy-system-01.png?resize=765%2C990&#038;ssl=1\" alt=\"Nu Skin 180 Anti-Aging-Pflegesystem 180 Grad Serie Von Nu Skin Vorher Nachher\" title=\"\" data-recalc-dims=\"1\"><\/p>\n<p><img decoding=\"async\" width=\"765\" height=\"990\" src=\"https:\/\/i0.wp.com\/i.ibb.co\/dcffpHn\/Bn-A-110620-180-therapy-system-02.png?resize=765%2C990&#038;ssl=1\" alt=\"Nu Skin 180 Anti-Aging-Pflegesystem 180 Grad Serie Von Nu Skin Vorher Nachher\" title=\"\" data-recalc-dims=\"1\"><br \/>\n<\/div><\/div>\n","protected":false},"excerpt":{"rendered":"<p><strong>Nu Skin 180 Anti-Aging-Pflegesystem:<\/strong><br \/>\n<select style=\"width: 100%;\" name=\"menu1\" onchange=\"location = this.value;\"><option>Klicke hier . . .<\/option><option value=\"\"><\/option><option value=\"https:\/\/www.nuskin.com\/content\/nuskin\/nl_BE\/personal-offer.html?userId=BE3316065&#038;pitchId=-LldfKw_Fy3g_3TTHcV8\">\ud83c\udde7\ud83c\uddea Belgi\u00eb<\/option><option value=\"https:\/\/www.nuskin.com\/content\/nuskin\/cs_CZ\/personal-offer.html?userId=BE3316065&#038;pitchId=-LldfKw_Fy3g_3TTHcV8\">\ud83c\udde8\ud83c\uddff \u010cesk\u00e1 Republika<\/option><option value=\"https:\/\/www.nuskin.com\/content\/nuskin\/da_DK\/personal-offer.html?userId=BE3316065&#038;pitchId=-LldfKw_Fy3g_3TTHcV8\">\ud83c\udde9\ud83c\uddf0 Danmark<\/option><option value=\"https:\/\/www.nuskin.com\/content\/nuskin\/de_DE\/personal-offer.html?userId=BE3316065&#038;pitchId=-LldfKw_Fy3g_3TTHcV8\">\ud83c\udde9\ud83c\uddea Deutschland<\/option><option value=\"https:\/\/www.nuskin.com\/content\/nuskin\/es_ES\/personal-offer.html?userId=BE3316065&#038;pitchId=-LldfKw_Fy3g_3TTHcV8\">\ud83c\uddea\ud83c\uddf8 Espa\u00f1a<\/option><option value=\"https:\/\/www.nuskin.com\/content\/nuskin\/fr_FR\/personal-offer.html?userId=BE3316065&#038;pitchId=-LldfKw_Fy3g_3TTHcV8\">\ud83c\uddeb\ud83c\uddf7 France<\/option><option value=\"https:\/\/www.nuskin.com\/content\/nuskin\/en_IE\/personal-offer.html?userId=BE3316065&#038;pitchId=-LldfKw_Fy3g_3TTHcV8\">\ud83c\uddee\ud83c\uddea Ireland<\/option><option value=\"https:\/\/www.nuskin.com\/content\/nuskin\/en_IS\/personal-offer.html?userId=BE3316065&#038;pitchId=-LldfKw_Fy3g_3TTHcV8\">\ud83c\uddee\ud83c\uddf8 \u00cdsland<\/option><option value=\"https:\/\/www.nuskin.com\/content\/nuskin\/it_IT\/personal-offer.html?userId=BE3316065&#038;pitchId=-LldfKw_Fy3g_3TTHcV8\">\ud83c\uddee\ud83c\uddf9 Italia<\/option><option value=\"https:\/\/www.nuskin.com\/content\/nuskin\/fr_LU\/personal-offer.html?userId=BE3316065&#038;pitchId=-LldfKw_Fy3g_3TTHcV8\">\ud83c\uddf1\ud83c\uddfa L\u00ebtzebuerg<\/option><option value=\"https:\/\/www.nuskin.com\/content\/nuskin\/hu_HU\/personal-offer.html?userId=BE3316065&#038;pitchId=-LldfKw_Fy3g_3TTHcV8\">\ud83c\udded\ud83c\uddfa Magyarorsz\u00e1g<\/option><option value=\"https:\/\/www.nuskin.com\/content\/nuskin\/nl_NL\/personal-offer.html?userId=BE3316065&#038;pitchId=-LldfKw_Fy3g_3TTHcV8\">\ud83c\uddf3\ud83c\uddf1 Netherlands<\/option><option value=\"https:\/\/www.nuskin.com\/content\/nuskin\/no_NO\/personal-offer.html?userId=BE3316065&#038;pitchId=-LldfKw_Fy3g_3TTHcV8\">\ud83c\uddf3\ud83c\uddf4 Norge<\/option><option value=\"https:\/\/www.nuskin.com\/content\/nuskin\/de_AT\/personal-offer.html?userId=BE3316065&#038;pitchId=-LldfKw_Fy3g_3TTHcV8\">\ud83c\udde6\ud83c\uddf9 \u00d6sterreich<\/option><option value=\"https:\/\/www.nuskin.com\/content\/nuskin\/pl_PL\/personal-offer.html?userId=BE3316065&#038;pitchId=-LldfKw_Fy3g_3TTHcV8\">\ud83c\uddf5\ud83c\uddf1 Polska<\/option><option value=\"https:\/\/www.nuskin.com\/content\/nuskin\/pt_PT\/personal-offer.html?userId=BE3316065&#038;pitchId=-LldfKw_Fy3g_3TTHcV8\">\ud83c\uddf5\ud83c\uddf9 Portugal<\/option><option value=\"https:\/\/www.nuskin.com\/content\/nuskin\/ro_RO\/personal-offer.html?userId=BE3316065&#038;pitchId=-LldfKw_Fy3g_3TTHcV8\">\ud83c\uddf7\ud83c\uddf4 Rom\u00e2nia<\/option><option value=\"https:\/\/www.nuskin.com\/content\/nuskin\/de_CH\/personal-offer.html?userId=BE3316065&#038;pitchId=-LldfKw_Fy3g_3TTHcV8\">\ud83c\udde8\ud83c\udded Schweiz<\/option><option value=\"https:\/\/www.nuskin.com\/content\/nuskin\/sk_SK\/personal-offer.html?userId=BE3316065&#038;pitchId=-LldfKw_Fy3g_3TTHcV8\">\ud83c\uddf8\ud83c\uddf0 Slovensko<\/option><option value=\"https:\/\/www.nuskin.com\/content\/nuskin\/fi_FI\/personal-offer.html?userId=BE3316065&#038;pitchId=-LldfKw_Fy3g_3TTHcV8\">\ud83c\uddeb\ud83c\uddee Suomi<\/option><option value=\"https:\/\/www.nuskin.com\/content\/nuskin\/sv_SE\/personal-offer.html?userId=BE3316065&#038;pitchId=-LldfKw_Fy3g_3TTHcV8\">\ud83c\uddf8\ud83c\uddea Sverige<\/option><option value=\"http:\/\/nskn.co\/GAHBEE\">\ud83c\uddec\ud83c\udde7 United Kingdom<\/option><option value=\"\"><\/option><option value=\"http:\/\/nskn.co\/RzMHIa\">\ud83c\uddff\ud83c\udde6 South Africa<\/option><option value=\"\"><\/option><option value=\"https:\/\/nskn.co\/0JStNH\">\ud83c\uddfa\ud83c\uddf8 United States<\/option><option value=\"https:\/\/nskn.co\/aGxFwx\">\ud83c\udde8\ud83c\udde6 Canada (NEW)<\/option><option value=\"https:\/\/nskn.co\/5OwYUZ\">\ud83c\uddf2\ud83c\uddfd Mexico<\/option>\/*Joy*\/<option value=\"\"><\/option><option value=\"https:\/\/nskn.co\/ekqqAm\">\ud83c\udde8\ud83c\uddf4 Colombia<\/option>\/*Joy*\/<option value=\"\"><\/option><option value=\"https:\/\/nskn.co\/17Mp2W\">\ud83c\udde6\ud83c\uddfa Australia<\/option><option value=\"https:\/\/nskn.co\/2QRglc\">\ud83c\uddf3\ud83c\uddff New Zealand<\/option><option value=\"https:\/\/nskn.co\/hoxoBI\">\ud83c\uddf3\ud83c\udde8 Nouvelle-Cal\u00e9donie<\/option><option value=\"\"><\/option><option value=\"https:\/\/nskn.co\/zpMpQK\">\ud83c\udded\ud83c\uddf0 Hong Kong<\/option><option value=\"https:\/\/nskn.co\/y3ATHc\">\ud83c\uddf8\ud83c\uddec Singapore<\/option><option value=\"\"><\/option><\/select><\/p>\n<p><strong>Einzelprodukt:<\/strong><br \/>\n<select style=\"width: 100%;\" name=\"menu1\" onchange=\"location = this.value;\"><option>Klicke hier . . .<\/option><option><\/option><option value=\"https:\/\/urbanbeautyonline.com\/product\/nu-skin-180-face-wash-discount-price\/\">180\u00b0 Face Wash<\/option><option value=\"https:\/\/urbanbeautyonline.com\/product\/nu-skin-180-skin-mist-uk-europe\/\">180\u00b0 Skin Mist<\/option><option value=\"https:\/\/urbanbeautyonline.com\/product\/nu-skin-180-uv-block-hydrator-spf-18\/\">180\u00b0 UV Block Hydrator SPF18<\/option><option value=\"https:\/\/urbanbeautyonline.com\/product\/nu-skin-180-cell-renewal-fluid-price\/\">180\u00b0 Cell Renewal Fluid<\/option><option value=\"https:\/\/urbanbeautyonline.com\/product\/nu-skin-180-night-complex-price\/\">180\u00b0 Night Complex<\/option><option value=\"https:\/\/urbanbeautyonline.com\/product\/180-aha-facial-peel-and-neutralizer-wholesale-price\/\">180\u00b0 AHA Facial Peel<\/option><option><\/option><option value=\"https:\/\/urbanbeautyonline.com\/product\/nu-skin-180-kit-aha-facial-peel\/\">180\u00b0 System + AHA<\/option><option><\/option><\/select><\/p>\n[sc name=\"new_info_german\" ][\/sc]\n<p>Das Nu <a href=\"https:\/\/en.wikipedia.org\/wiki\/Skin\" target=\"_blank\" style=\"text-decoration: none;\" rel=\"noopener\">Skin<\/a> <a href=\"https:\/\/urbanbeautyonline.com\/de\/nuskin\/nu-skin-180-anti-aging-pflegesystem\" target=\"_blank\" style=\"text-decoration: none;\" rel=\"noopener\">180 Anti-Aging-Pflegesystem<\/a> ist ein komplettes Hautpflegeregime, das speziell f\u00fcr Haut ab 35 Jahren entwickelt wurde. Es beinhaltet f\u00fcnf Schl\u00fcsselprodukte, die darauf abzielen, die sichtbaren Anzeichen des Alterns zu bek\u00e4mpfen, indem sie die nat\u00fcrliche Zellerneuerungsrate der Haut verbessern und das Auftreten von feinen Linien und Falten vermindern.<\/p>\n<p>Das System vereint die Vorteile des 180 Gesichtswaschgels, des Skin Mists, des Cell Renewal Fluids, des UV Block Hydrators und des Night Complex und bietet somit alles, was deine Haut ben\u00f6tigt, um ein jugendlicheres Aussehen zu f\u00f6rdern \u2013 sowohl nachts als auch tags\u00fcber. Erlebe, wie sich deine Haut durch die Anwendung dieses fortschrittlichen Systems zum Besseren wandelt.<\/p>\n","protected":false},"featured_media":531,"comment_status":"open","ping_status":"closed","template":"","meta":[],"product_cat":[29],"product_tag":[],"class_list":["post-530","product","type-product","status-publish","has-post-thumbnail","hentry","product_cat-180-system"],"_links":{"self":[{"href":"https:\/\/urbanbeautyonline.com\/de\/wp-json\/wp\/v2\/product\/530","targetHints":{"allow":["GET"]}}],"collection":[{"href":"https:\/\/urbanbeautyonline.com\/de\/wp-json\/wp\/v2\/product"}],"about":[{"href":"https:\/\/urbanbeautyonline.com\/de\/wp-json\/wp\/v2\/types\/product"}],"replies":[{"embeddable":true,"href":"https:\/\/urbanbeautyonline.com\/de\/wp-json\/wp\/v2\/comments?post=530"}],"wp:featuredmedia":[{"embeddable":true,"href":"https:\/\/urbanbeautyonline.com\/de\/wp-json\/wp\/v2\/media\/531"}],"wp:attachment":[{"href":"https:\/\/urbanbeautyonline.com\/de\/wp-json\/wp\/v2\/media?parent=530"}],"wp:term":[{"taxonomy":"product_cat","embeddable":true,"href":"https:\/\/urbanbeautyonline.com\/de\/wp-json\/wp\/v2\/product_cat?post=530"},{"taxonomy":"product_tag","embeddable":true,"href":"https:\/\/urbanbeautyonline.com\/de\/wp-json\/wp\/v2\/product_tag?post=530"}],"curies":[{"name":"wp","href":"https:\/\/api.w.org\/{rel}","templated":true}]}}